{"id":8918,"date":"2026-04-24T15:45:06","date_gmt":"2026-04-24T08:45:06","guid":{"rendered":"https:\/\/noithathuuthinh.vn\/?post_type=product&#038;p=8918"},"modified":"2026-04-24T15:45:06","modified_gmt":"2026-04-24T08:45:06","slug":"ban-an-cong-nghiep-ba02","status":"publish","type":"product","link":"https:\/\/noithathuuthinhvn214.mbws.vn\/zh-hans\/san-pham\/ban-an-cong-nghiep-ba02\/","title":{"rendered":"B\u00e0n \u0102n C\u00f4ng Nghi\u1ec7p BA02"},"content":{"rendered":"<p data-start=\"892\" data-end=\"1256\"><a href=\"https:\/\/noithathuuthinh.vn\/danh-muc-san-pham\/noi-that-cong-trinh\/ban-ghe-an-khu-cong-nghiep\/\" target=\"_blank\" rel=\"noopener\">B\u00e0n \u0102n C\u00f4ng Nghi\u1ec7p BA02<\/a> l\u00e0 m\u1eabu b\u00e0n gh\u1ebf \u0103n 4 ch\u1ed7 ng\u1ed3i \u0111\u01b0\u1ee3c thi\u1ebft k\u1ebf chuy\u00ean d\u1ee5ng cho nh\u00e0 \u0103n t\u1eadp th\u1ec3 v\u00e0 khu c\u00f4ng c\u1ed9ng, mang \u0111\u1ebfn gi\u1ea3i ph\u00e1p s\u1eed d\u1ee5ng ti\u1ec7n l\u1ee3i, b\u1ec1n ch\u1eafc v\u00e0 t\u1ed1i \u01b0u di\u1ec7n t\u00edch. V\u1edbi ki\u1ec3u d\u00e1ng g\u1ecdn g\u00e0ng c\u00f9ng k\u1ebft c\u1ea5u \u0111\u1ed3ng b\u1ed9, B\u00e0n \u0102n C\u00f4ng Nghi\u1ec7p BA02 ph\u00f9 h\u1ee3p cho khu c\u00f4ng nghi\u1ec7p, c\u0103ng tin, tr\u01b0\u1eddng h\u1ecdc, b\u1ec7nh vi\u1ec7n ho\u1eb7c khu v\u1ef1c sinh ho\u1ea1t chung c\u00f3 m\u1eadt \u0111\u1ed9 s\u1eed d\u1ee5ng cao.<\/p>\n<p data-start=\"1258\" data-end=\"1546\">\u0110i\u1ec3m n\u1ed5i b\u1eadt c\u1ee7a B\u00e0n \u0102n C\u00f4ng Nghi\u1ec7p BA02 n\u1eb1m \u1edf thi\u1ebft k\u1ebf t\u00edch h\u1ee3p b\u00e0n v\u00e0 gh\u1ebf trong c\u00f9ng m\u1ed9t b\u1ed9 s\u1ea3n ph\u1ea9m, gi\u00fap b\u1ed1 tr\u00ed kh\u00f4ng gian ng\u0103n n\u1eafp v\u00e0 thu\u1eadn ti\u1ec7n trong qu\u00e1 tr\u00ecnh s\u1eed d\u1ee5ng. C\u1ea5u h\u00ecnh 4 ch\u1ed7 ng\u1ed3i ph\u00f9 h\u1ee3p cho nh\u00f3m ng\u01b0\u1eddi d\u00f9ng nh\u1ecf, h\u1ed7 tr\u1ee3 s\u1eafp x\u1ebfp khoa h\u1ecdc trong c\u00e1c khu v\u1ef1c \u0103n u\u1ed1ng t\u1eadp trung.<\/p>\n<p data-start=\"1548\" data-end=\"1849\">Khung b\u00e0n gh\u1ebf c\u1ee7a B\u00e0n \u0102n C\u00f4ng Nghi\u1ec7p BA02 \u0111\u01b0\u1ee3c l\u00e0m t\u1eeb th\u00e9p ch\u1eafc ch\u1eafn v\u00e0 ph\u1ee7 s\u01a1n t\u0129nh \u0111i\u1ec7n ch\u1ea5t l\u01b0\u1ee3ng cao. Ch\u1ea5t li\u1ec7u n\u00e0y gi\u00fap s\u1ea3n ph\u1ea9m ch\u1ecbu l\u1ef1c t\u1ed1t, h\u1ea1n ch\u1ebf han g\u1ec9 v\u00e0 duy tr\u00ec \u0111\u1ed9 b\u1ec1n \u1ed5n \u0111\u1ecbnh trong m\u00f4i tr\u01b0\u1eddng s\u1eed d\u1ee5ng th\u01b0\u1eddng xuy\u00ean. K\u1ebft c\u1ea5u khung v\u1eefng ch\u1eafc gi\u00fap b\u00e0n gh\u1ebf \u0111\u1ee9ng \u1ed5n \u0111\u1ecbnh v\u00e0 an to\u00e0n khi s\u1eed d\u1ee5ng.<\/p>\n<p data-start=\"1851\" data-end=\"2133\">M\u1eb7t b\u00e0n c\u1ee7a B\u00e0n \u0102n C\u00f4ng Nghi\u1ec7p BA02 s\u1eed d\u1ee5ng Laminate c\u00f3 kh\u1ea3 n\u0103ng ch\u1ed1ng tr\u1ea7y x\u01b0\u1edbc t\u1ed1t, ch\u1ed1ng b\u00e1m b\u1ea9n v\u00e0 d\u1ec5 lau ch\u00f9i sau m\u1ed7i b\u1eefa \u0103n. \u0110\u00e2y l\u00e0 v\u1eadt li\u1ec7u ph\u00f9 h\u1ee3p v\u1edbi m\u00f4i tr\u01b0\u1eddng t\u1eadp th\u1ec3 c\u1ea7n v\u1ec7 sinh nhanh ch\u00f3ng v\u00e0 li\u00ean t\u1ee5c. B\u1ec1 m\u1eb7t b\u00e0n lu\u00f4n gi\u1eef \u0111\u01b0\u1ee3c s\u1ef1 s\u1ea1ch s\u1ebd v\u00e0 th\u1ea9m m\u1ef9 trong th\u1eddi gian d\u00e0i.<\/p>\n<p data-start=\"2135\" data-end=\"2401\">Ph\u1ea7n gh\u1ebf ng\u1ed3i s\u1eed d\u1ee5ng \u0111\u1ec7m nh\u1ef1a b\u1ec1n ch\u1eafc, d\u1ec5 v\u1ec7 sinh v\u00e0 c\u00f3 kh\u1ea3 n\u0103ng ch\u1ed1ng \u1ea9m hi\u1ec7u qu\u1ea3. Thi\u1ebft k\u1ebf gh\u1ebf li\u1ec1n b\u00e0n gi\u00fap t\u1ed1i \u01b0u di\u1ec7n t\u00edch s\u1eed d\u1ee5ng, \u0111\u1ed3ng th\u1eddi t\u1ea1o s\u1ef1 g\u1ecdn g\u00e0ng cho khu v\u1ef1c nh\u00e0 \u0103n. \u0110\u1ec7m gh\u1ebf c\u00f3 \u0111\u1ed9 cao ph\u00f9 h\u1ee3p gi\u00fap ng\u01b0\u1eddi d\u00f9ng ng\u1ed3i tho\u1ea3i m\u00e1i trong qu\u00e1 tr\u00ecnh s\u1eed d\u1ee5ng.<\/p>\n<figure id=\"attachment_8920\" aria-describedby=\"caption-attachment-8920\" style=\"width: 1024px\" class=\"wp-caption aligncenter\"><img loading=\"lazy\" decoding=\"async\" class=\"wp-image-8920 size-full\" src=\"https:\/\/noithathuuthinh.vn\/wp-content\/uploads\/2026\/04\/BA02.jpg\" alt=\"B\u00e0n \u0102n C\u00f4ng Nghi\u1ec7p BA02\" width=\"1024\" height=\"768\" srcset=\"https:\/\/noithathuuthinhvn214.mbws.vn\/wp-content\/uploads\/2026\/04\/BA02.jpg 1024w, https:\/\/noithathuuthinhvn214.mbws.vn\/wp-content\/uploads\/2026\/04\/BA02-500x375.jpg 500w, https:\/\/noithathuuthinhvn214.mbws.vn\/wp-content\/uploads\/2026\/04\/BA02-300x225.jpg 300w, https:\/\/noithathuuthinhvn214.mbws.vn\/wp-content\/uploads\/2026\/04\/BA02-768x576.jpg 768w, https:\/\/noithathuuthinhvn214.mbws.vn\/wp-content\/uploads\/2026\/04\/BA02-720x540.jpg 720w, https:\/\/noithathuuthinhvn214.mbws.vn\/wp-content\/uploads\/2026\/04\/BA02-1000x750.jpg 1000w\" sizes=\"auto, (max-width: 1024px) 100vw, 1024px\" \/><figcaption id=\"caption-attachment-8920\" class=\"wp-caption-text\">B\u00e0n \u0102n C\u00f4ng Nghi\u1ec7p BA02<\/figcaption><\/figure>\n<p data-start=\"2403\" data-end=\"2648\">V\u1edbi k\u00edch th\u01b0\u1edbc W1680 x D1200 x H750 mm, B\u00e0n \u0102n C\u00f4ng Nghi\u1ec7p BA02 ph\u00f9 h\u1ee3p v\u1edbi nhi\u1ec1u m\u1eb7t b\u1eb1ng nh\u00e0 \u0103n kh\u00e1c nhau. K\u00edch th\u01b0\u1edbc c\u00e2n \u0111\u1ed1i gi\u00fap \u0111\u1ea3m b\u1ea3o kh\u00f4ng gian s\u1eed d\u1ee5ng tho\u1ea3i m\u00e1i cho 4 ng\u01b0\u1eddi ng\u1ed3i m\u00e0 v\u1eabn thu\u1eadn ti\u1ec7n khi s\u1eafp x\u1ebfp nhi\u1ec1u b\u1ed9 trong c\u00f9ng khu v\u1ef1c.<\/p>\n<p data-start=\"2650\" data-end=\"2879\">Thi\u1ebft k\u1ebf t\u1ed5ng th\u1ec3 c\u1ee7a B\u00e0n \u0102n C\u00f4ng Nghi\u1ec7p BA02 mang phong c\u00e1ch th\u1ef1c d\u1ee5ng, hi\u1ec7n \u0111\u1ea1i v\u00e0 t\u1ed1i \u01b0u c\u00f4ng n\u0103ng. S\u1ea3n ph\u1ea9m d\u1ec5 d\u00e0ng k\u1ebft h\u1ee3p v\u1edbi nhi\u1ec1u m\u00f4 h\u00ecnh nh\u00e0 \u0103n t\u1eadp th\u1ec3 kh\u00e1c nhau, t\u1eeb khu c\u00f4ng nghi\u1ec7p \u0111\u1ebfn tr\u01b0\u1eddng h\u1ecdc ho\u1eb7c \u0111\u01a1n v\u1ecb h\u00e0nh ch\u00ednh.<\/p>\n<p data-start=\"2881\" data-end=\"3076\">Ngo\u00e0i ra, B\u00e0n \u0102n C\u00f4ng Nghi\u1ec7p BA02 c\u00f2n c\u00f3 \u01b0u \u0111i\u1ec3m d\u1ec5 b\u1ea3o qu\u1ea3n v\u00e0 ti\u1ebft ki\u1ec7m chi ph\u00ed v\u1eadn h\u00e0nh. Ch\u1ea5t li\u1ec7u b\u1ec1n b\u1ec9, \u00edt h\u01b0 h\u1ecfng v\u00e0 d\u1ec5 v\u1ec7 sinh gi\u00fap gi\u1ea3m th\u1eddi gian b\u1ea3o tr\u00ec trong qu\u00e1 tr\u00ecnh s\u1eed d\u1ee5ng l\u00e2u d\u00e0i.<\/p>\n<h4 data-start=\"3078\" data-end=\"3288\"><a href=\"https:\/\/noithattheone-ht.com\/danh-muc\/noi-that-cong-cong\/ban-an-cong-nghiep\/\" target=\"_blank\" rel=\"noopener\">B\u00e0n \u0102n C\u00f4ng Nghi\u1ec7p BA02<\/a> l\u00e0 s\u1ef1 k\u1ebft h\u1ee3p gi\u1eefa k\u1ebft c\u1ea5u ch\u1eafc ch\u1eafn, ch\u1ea5t li\u1ec7u b\u1ec1n \u0111\u1eb9p v\u00e0 c\u00f4ng n\u0103ng s\u1eed d\u1ee5ng hi\u1ec7u qu\u1ea3, ph\u00f9 h\u1ee3p v\u1edbi nhi\u1ec1u khu v\u1ef1c c\u00f4ng c\u1ed9ng hi\u1ec7n \u0111\u1ea1i, mang l\u1ea1i gi\u1ea3i ph\u00e1p b\u00e0n \u0103n ti\u1ec7n nghi v\u00e0 chuy\u00ean nghi\u1ec7p.<\/h4>\n","protected":false},"excerpt":{"rendered":"<p data-start=\"58\" data-end=\"510\">B\u00e0n \u0102n C\u00f4ng Nghi\u1ec7p BA02 l\u00e0 m\u1eabu b\u00e0n gh\u1ebf \u0103n 4 ch\u1ed7 ng\u1ed3i \u0111\u01b0\u1ee3c thi\u1ebft k\u1ebf chuy\u00ean d\u1ee5ng cho khu c\u00f4ng c\u1ed9ng, nh\u00e0 \u0103n t\u1eadp th\u1ec3, c\u0103ng tin, khu c\u00f4ng nghi\u1ec7p ho\u1eb7c khu v\u1ef1c sinh ho\u1ea1t chung. S\u1ea3n ph\u1ea9m s\u1edf h\u1eefu k\u1ebft c\u1ea5u ch\u1eafc ch\u1eafn v\u1edbi khung th\u00e9p s\u01a1n t\u0129nh \u0111i\u1ec7n b\u1ec1n b\u1ec9, mang l\u1ea1i kh\u1ea3 n\u0103ng ch\u1ecbu l\u1ef1c t\u1ed1t v\u00e0 ph\u00f9 h\u1ee3p v\u1edbi t\u1ea7n su\u1ea5t s\u1eed d\u1ee5ng cao. M\u1eb7t b\u00e0n s\u1eed d\u1ee5ng v\u1eadt li\u1ec7u Laminate ch\u1ed1ng tr\u1ea7y x\u01b0\u1edbc, d\u1ec5 v\u1ec7 sinh, k\u1ebft h\u1ee3p \u0111\u1ec7m gh\u1ebf nh\u1ef1a ti\u1ec7n d\u1ee5ng v\u00e0 b\u1ec1n \u0111\u1eb9p trong m\u00f4i tr\u01b0\u1eddng s\u1eed d\u1ee5ng th\u01b0\u1eddng xuy\u00ean.<\/p>\n<p data-start=\"512\" data-end=\"549\">K\u00edch th\u01b0\u1edbc: W1680 x D1200 x H750 mm<\/p>\n<p data-start=\"551\" data-end=\"845\">Xu\u1ea5t x\u1ee9: S\u1ea3n ph\u1ea9m c\u1ee7a <strong>C\u00f4ng ty N\u1ed9i th\u1ea5t The One \u2013 Ph\u00e2n ph\u1ed1i b\u1edfi C\u00f4ng ty TNHH SXTM TTNT H\u1eefu Th\u1ecbnh.<\/strong><br data-start=\"647\" data-end=\"650\" \/>B\u1ea3o h\u00e0nh: 12 th\u00e1ng theo ti\u00eau chu\u1ea9n nh\u00e0 s\u1ea3n xu\u1ea5t.<br data-start=\"698\" data-end=\"701\" \/><span style=\"color: #ed1c24;\"><em>L\u01b0u \u00fd: Gi\u00e1 tr\u00ean ch\u01b0a bao g\u1ed3m VAT v\u00e0 ph\u00ed v\u1eadn chuy\u1ec3n. Gi\u00e1 s\u1ea3n ph\u1ea9m c\u00f3 th\u1ec3 thay \u0111\u1ed5i theo t\u1eebng th\u1eddi \u0111i\u1ec3m, vui l\u00f2ng li\u00ean h\u1ec7 \u0111\u1ec3 nh\u1eadn b\u00e1o gi\u00e1 t\u1ed1t nh\u1ea5t.<\/em><\/span><\/p>\n","protected":false},"featured_media":8920,"comment_status":"open","ping_status":"closed","template":"","meta":[],"product_brand":[],"product_cat":[19,131],"product_tag":[],"class_list":{"0":"post-8918","1":"product","2":"type-product","3":"status-publish","4":"has-post-thumbnail","6":"product_cat-noi-that-cong-trinh","7":"product_cat-ban-ghe-an-khu-cong-nghiep","9":"first","10":"instock","11":"taxable","12":"shipping-taxable","13":"purchasable","14":"product-type-simple"},"_links":{"self":[{"href":"https:\/\/noithathuuthinhvn214.mbws.vn\/zh-hans\/wp-json\/wp\/v2\/product\/8918","targetHints":{"allow":["GET"]}}],"collection":[{"href":"https:\/\/noithathuuthinhvn214.mbws.vn\/zh-hans\/wp-json\/wp\/v2\/product"}],"about":[{"href":"https:\/\/noithathuuthinhvn214.mbws.vn\/zh-hans\/wp-json\/wp\/v2\/types\/product"}],"replies":[{"embeddable":true,"href":"https:\/\/noithathuuthinhvn214.mbws.vn\/zh-hans\/wp-json\/wp\/v2\/comments?post=8918"}],"wp:featuredmedia":[{"embeddable":true,"href":"https:\/\/noithathuuthinhvn214.mbws.vn\/zh-hans\/wp-json\/wp\/v2\/media\/8920"}],"wp:attachment":[{"href":"https:\/\/noithathuuthinhvn214.mbws.vn\/zh-hans\/wp-json\/wp\/v2\/media?parent=8918"}],"wp:term":[{"taxonomy":"product_brand","embeddable":true,"href":"https:\/\/noithathuuthinhvn214.mbws.vn\/zh-hans\/wp-json\/wp\/v2\/product_brand?post=8918"},{"taxonomy":"product_cat","embeddable":true,"href":"https:\/\/noithathuuthinhvn214.mbws.vn\/zh-hans\/wp-json\/wp\/v2\/product_cat?post=8918"},{"taxonomy":"product_tag","embeddable":true,"href":"https:\/\/noithathuuthinhvn214.mbws.vn\/zh-hans\/wp-json\/wp\/v2\/product_tag?post=8918"}],"curies":[{"name":"wp","href":"https:\/\/api.w.org\/{rel}","templated":true}]}}