{"id":8843,"date":"2026-04-21T16:34:01","date_gmt":"2026-04-21T09:34:01","guid":{"rendered":"https:\/\/noithathuuthinh.vn\/?post_type=product&#038;p=8843"},"modified":"2026-04-22T12:02:44","modified_gmt":"2026-04-22T05:02:44","slug":"tu-bep-nhua-picomat-melamine","status":"publish","type":"product","link":"https:\/\/noithathuuthinhvn214.mbws.vn\/zh-hans\/san-pham\/tu-bep-nhua-picomat-melamine\/","title":{"rendered":"T\u1ee7 b\u1ebfp nh\u1ef1a Picomat Melamine"},"content":{"rendered":"<figure id=\"attachment_8838\" aria-describedby=\"caption-attachment-8838\" style=\"width: 956px\" class=\"wp-caption aligncenter\"><img loading=\"lazy\" decoding=\"async\" class=\"wp-image-8838 size-full\" title=\"tu-bep-nhua-picomat-canh-melamine\" src=\"https:\/\/noithathuuthinh.vn\/wp-content\/uploads\/2026\/04\/z3511814834701_0f1c36b029dbcd7ed0193ef085f2df87.jpg\" alt=\"T\u1ee7 b\u1ebfp nh\u1ef1a Picomat Melamine\" width=\"956\" height=\"1276\" srcset=\"https:\/\/noithathuuthinhvn214.mbws.vn\/wp-content\/uploads\/2026\/04\/z3511814834701_0f1c36b029dbcd7ed0193ef085f2df87.jpg 956w, https:\/\/noithathuuthinhvn214.mbws.vn\/wp-content\/uploads\/2026\/04\/z3511814834701_0f1c36b029dbcd7ed0193ef085f2df87-375x500.jpg 375w, https:\/\/noithathuuthinhvn214.mbws.vn\/wp-content\/uploads\/2026\/04\/z3511814834701_0f1c36b029dbcd7ed0193ef085f2df87-899x1200.jpg 899w, https:\/\/noithathuuthinhvn214.mbws.vn\/wp-content\/uploads\/2026\/04\/z3511814834701_0f1c36b029dbcd7ed0193ef085f2df87-225x300.jpg 225w, https:\/\/noithathuuthinhvn214.mbws.vn\/wp-content\/uploads\/2026\/04\/z3511814834701_0f1c36b029dbcd7ed0193ef085f2df87-768x1025.jpg 768w\" sizes=\"auto, (max-width: 956px) 100vw, 956px\" \/><figcaption id=\"caption-attachment-8838\" class=\"wp-caption-text\">T\u1ee7 b\u1ebfp nh\u1ef1a Picomat Melamine<\/figcaption><\/figure>\n<p data-start=\"1071\" data-end=\"1378\"><a href=\"https:\/\/noithathuuthinh.vn\/danh-muc-san-pham\/noi-that-gia-dinh\/tu-bep\/\" target=\"_blank\" rel=\"noopener\">T\u1ee7 b\u1ebfp nh\u1ef1a Picomat Melamine<\/a> &#8211; T\u1ee7 b\u1ebfp nh\u1ef1a Picomat c\u00e1nh MDF ch\u1ed1ng \u1ea9m ph\u1ee7 Melamine l\u00e0 l\u1ef1a ch\u1ecdn ph\u1ed5 bi\u1ebfn cho c\u00e1c gia \u0111\u00ecnh \u0111ang t\u00ecm ki\u1ebfm m\u1ed9t m\u1eabu t\u1ee7 b\u1ebfp b\u1ec1n, \u0111\u1eb9p v\u00e0 c\u00f3 m\u1ee9c chi ph\u00ed h\u1ee3p l\u00fd. S\u1ef1 k\u1ebft h\u1ee3p gi\u1eefa th\u00f9ng nh\u1ef1a Picomat v\u00e0 c\u00e1nh MDF ph\u1ee7 Melamine mang l\u1ea1i nhi\u1ec1u \u01b0u \u0111i\u1ec3m v\u01b0\u1ee3t tr\u1ed9i, \u0111\u1eb7c bi\u1ec7t ph\u00f9 h\u1ee3p v\u1edbi \u0111i\u1ec1u ki\u1ec7n kh\u00ed h\u1eadu n\u00f3ng \u1ea9m t\u1ea1i Vi\u1ec7t Nam.<\/p>\n<h4 data-start=\"1380\" data-end=\"1716\"><a href=\"https:\/\/noithattheone-ht.com\/danh-muc\/gia-dinh\/\" target=\"_blank\" rel=\"noopener\">T\u1ee7 b\u1ebfp nh\u1ef1a Picomat Melamine<\/a> ch\u1ed1ng n\u01b0\u1edbc c\u00f3 \u0111i\u1ec3m n\u1ed5i b\u1eadt c\u1ee7a s\u1ea3n ph\u1ea9m n\u1eb1m \u1edf ph\u1ea7n th\u00f9ng t\u1ee7 \u0111\u01b0\u1ee3c l\u00e0m t\u1eeb nh\u1ef1a Picomat PVC cao c\u1ea5p, c\u00f3 kh\u1ea3 n\u0103ng ch\u1ed1ng n\u01b0\u1edbc 100%, kh\u00f4ng b\u1ecb \u1ea3nh h\u01b0\u1edfng b\u1edfi \u0111\u1ed9 \u1ea9m, kh\u00f4ng cong v\u00eanh hay m\u1ed1i m\u1ecdt trong qu\u00e1 tr\u00ecnh s\u1eed d\u1ee5ng. \u0110\u00e2y l\u00e0 y\u1ebfu t\u1ed1 r\u1ea5t quan tr\u1ecdng gi\u00fap t\u1ee7 b\u1ebfp lu\u00f4n b\u1ec1n \u0111\u1eb9p theo th\u1eddi gian, \u0111\u1eb7c bi\u1ec7t \u1edf khu v\u1ef1c th\u01b0\u1eddng xuy\u00ean ti\u1ebfp x\u00fac v\u1edbi n\u01b0\u1edbc nh\u01b0 b\u1ebfp v\u00e0 ch\u1eadu r\u1eeda c\u1ee7a T\u1ee7 b\u1ebfp nh\u1ef1a Picomat Melamine<\/h4>\n<p data-start=\"1380\" data-end=\"1716\"><img loading=\"lazy\" decoding=\"async\" class=\"aligncenter wp-image-8823 size-full\" title=\"tu-bep-nhua-picomat-canh-melamine\" src=\"https:\/\/noithathuuthinh.vn\/wp-content\/uploads\/2026\/04\/BEP-CHI-DUONG-4-scaled.jpg\" alt=\"tu-bep-nhua-picomat-canh-melamine\" width=\"2560\" height=\"1920\" srcset=\"https:\/\/noithathuuthinhvn214.mbws.vn\/wp-content\/uploads\/2026\/04\/BEP-CHI-DUONG-4-scaled.jpg 2560w, https:\/\/noithathuuthinhvn214.mbws.vn\/wp-content\/uploads\/2026\/04\/BEP-CHI-DUONG-4-500x375.jpg 500w, https:\/\/noithathuuthinhvn214.mbws.vn\/wp-content\/uploads\/2026\/04\/BEP-CHI-DUONG-4-1200x900.jpg 1200w, https:\/\/noithathuuthinhvn214.mbws.vn\/wp-content\/uploads\/2026\/04\/BEP-CHI-DUONG-4-300x225.jpg 300w, https:\/\/noithathuuthinhvn214.mbws.vn\/wp-content\/uploads\/2026\/04\/BEP-CHI-DUONG-4-768x576.jpg 768w, https:\/\/noithathuuthinhvn214.mbws.vn\/wp-content\/uploads\/2026\/04\/BEP-CHI-DUONG-4-1536x1152.jpg 1536w, https:\/\/noithathuuthinhvn214.mbws.vn\/wp-content\/uploads\/2026\/04\/BEP-CHI-DUONG-4-2048x1536.jpg 2048w, https:\/\/noithathuuthinhvn214.mbws.vn\/wp-content\/uploads\/2026\/04\/BEP-CHI-DUONG-4-720x540.jpg 720w, https:\/\/noithathuuthinhvn214.mbws.vn\/wp-content\/uploads\/2026\/04\/BEP-CHI-DUONG-4-1000x750.jpg 1000w\" sizes=\"auto, (max-width: 2560px) 100vw, 2560px\" \/><\/p>\n<p data-start=\"1718\" data-end=\"1979\">Ph\u1ea7n c\u00e1nh t\u1ee7 s\u1eed d\u1ee5ng MDF l\u00f5i xanh ch\u1ed1ng \u1ea9m ph\u1ee7 Melamine mang l\u1ea1i b\u1ec1 m\u1eb7t ho\u00e0n thi\u1ec7n \u0111\u1eb9p, \u0111a d\u1ea1ng m\u00e0u s\u1eafc t\u1eeb v\u00e2n g\u1ed7 \u0111\u1ebfn m\u00e0u tr\u01a1n hi\u1ec7n \u0111\u1ea1i. L\u1edbp ph\u1ee7 Melamine gi\u00fap t\u0103ng kh\u1ea3 n\u0103ng ch\u1ed1ng tr\u1ea7y x\u01b0\u1edbc nh\u1eb9, d\u1ec5 lau ch\u00f9i v\u00e0 gi\u1eef \u0111\u01b0\u1ee3c v\u1ebb th\u1ea9m m\u1ef9 l\u00e2u d\u00e0i trong qu\u00e1 tr\u00ecnh s\u1eed d\u1ee5ng c\u1ee7a T\u1ee7 b\u1ebfp nh\u1ef1a Picomat Melamine<\/p>\n<p data-start=\"1718\" data-end=\"1979\"><img loading=\"lazy\" decoding=\"async\" class=\"aligncenter wp-image-8827 size-large\" title=\"tu-bep-nhua-picomat-canh-melamine\" src=\"https:\/\/noithathuuthinh.vn\/wp-content\/uploads\/2026\/04\/bep-2-1200x900.jpg\" alt=\"tu-bep-nhua-picomat-canh-melamine\" width=\"1200\" height=\"900\" srcset=\"https:\/\/noithathuuthinhvn214.mbws.vn\/wp-content\/uploads\/2026\/04\/bep-2-1200x900.jpg 1200w, https:\/\/noithathuuthinhvn214.mbws.vn\/wp-content\/uploads\/2026\/04\/bep-2-500x375.jpg 500w, https:\/\/noithathuuthinhvn214.mbws.vn\/wp-content\/uploads\/2026\/04\/bep-2-300x225.jpg 300w, https:\/\/noithathuuthinhvn214.mbws.vn\/wp-content\/uploads\/2026\/04\/bep-2-768x576.jpg 768w, https:\/\/noithathuuthinhvn214.mbws.vn\/wp-content\/uploads\/2026\/04\/bep-2-1536x1152.jpg 1536w, https:\/\/noithathuuthinhvn214.mbws.vn\/wp-content\/uploads\/2026\/04\/bep-2-2048x1536.jpg 2048w, https:\/\/noithathuuthinhvn214.mbws.vn\/wp-content\/uploads\/2026\/04\/bep-2-720x540.jpg 720w, https:\/\/noithathuuthinhvn214.mbws.vn\/wp-content\/uploads\/2026\/04\/bep-2-1000x750.jpg 1000w\" sizes=\"auto, (max-width: 1200px) 100vw, 1200px\" \/><\/p>\n<p data-start=\"1981\" data-end=\"2031\"><strong data-start=\"1984\" data-end=\"2029\">B\u00c1O GI\u00c1 T\u1ee6 B\u1ebeP NH\u1ef0A PICOMAT C\u00c1NH MELAMINE<\/strong><\/p>\n<p data-start=\"2033\" data-end=\"2169\">G\u00f3i ti\u00eau chu\u1ea9n: 6.000.000 VN\u0110 \/ m\u00e9t d\u00e0i<br data-start=\"2075\" data-end=\"2078\" \/>G\u00f3i n\u00e2ng cao: 6.500.000 VN\u0110 \/ m\u00e9t d\u00e0i<br data-start=\"2118\" data-end=\"2121\" \/>G\u00f3i ho\u00e0n thi\u1ec7n \u0111\u1eb9p: 7.500.000 VN\u0110 \/ m\u00e9t d\u00e0i<\/p>\n<p data-start=\"2171\" data-end=\"2240\">(\u0110\u00e3 bao g\u1ed3m t\u1ee7 tr\u00ean + t\u1ee7 d\u01b0\u1edbi, ch\u01b0a bao g\u1ed3m \u0111\u00e1, k\u00ednh v\u00e0 thi\u1ebft b\u1ecb b\u1ebfp)<\/p>\n<p data-start=\"2242\" data-end=\"2316\"><strong data-start=\"2245\" data-end=\"2316\">Gi\u00e1 t\u1ea1i x\u01b0\u1edfng \u2013 kh\u00f4ng qua trung gian, t\u1ed1i \u01b0u chi ph\u00ed cho kh\u00e1ch h\u00e0ng<\/strong><\/p>\n<p data-start=\"2318\" data-end=\"2558\">Thi\u1ebft k\u1ebf t\u1ee7 b\u1ebfp linh ho\u1ea1t, c\u00f3 th\u1ec3 b\u1ed1 tr\u00ed theo d\u1ea1ng ch\u1eef L, ch\u1eef I ho\u1eb7c ch\u1eef U t\u00f9y theo di\u1ec7n t\u00edch v\u00e0 nhu c\u1ea7u s\u1eed d\u1ee5ng. Nh\u1edd c\u00e1ch b\u1ed1 tr\u00ed khoa h\u1ecdc, s\u1ea3n ph\u1ea9m gi\u00fap t\u1ed1i \u01b0u kh\u00f4ng gian, t\u1ea1o s\u1ef1 thu\u1eadn ti\u1ec7n trong qu\u00e1 tr\u00ecnh n\u1ea5u n\u01b0\u1edbng v\u00e0 sinh ho\u1ea1t h\u00e0ng ng\u00e0y.<\/p>\n<p data-start=\"2560\" data-end=\"2744\">Ngo\u00e0i ra, t\u1ee7 b\u1ebfp c\u00f3 th\u1ec3 t\u00edch h\u1ee3p nhi\u1ec1u ph\u1ee5 ki\u1ec7n th\u00f4ng minh nh\u01b0 ray tr\u01b0\u1ee3t gi\u1ea3m ch\u1ea5n, b\u1ea3n l\u1ec1 gi\u1ea3m ch\u1ea5n, k\u1ec7 g\u00f3c, gi\u00e1 ch\u00e9n n\u00e2ng h\u1ea1\u2026 gi\u00fap t\u0103ng t\u00ednh ti\u1ec7n nghi v\u00e0 hi\u1ec7n \u0111\u1ea1i cho kh\u00f4ng gian b\u1ebfp.<\/p>\n<h4 data-start=\"2746\" data-end=\"2805\">T\u1ee7 b\u1ebfp nh\u1ef1a Picomat Melamine ch\u1ed1ng n\u01b0\u1edbc \u0111\u1eb7c bi\u1ec7t ph\u00f9 h\u1ee3p v\u1edbi:<\/h4>\n<ul data-start=\"2806\" data-end=\"2915\">\n<li data-section-id=\"mwusqy\" data-start=\"2806\" data-end=\"2836\">Nh\u00e0 ph\u1ed1 v\u00e0 c\u0103n h\u1ed9 chung c\u01b0<\/li>\n<li data-section-id=\"1ocqrgr\" data-start=\"2837\" data-end=\"2868\">Kh\u00f4ng gian b\u1ebfp c\u00f3 \u0111\u1ed9 \u1ea9m cao<\/li>\n<li data-section-id=\"8iwuq6\" data-start=\"2869\" data-end=\"2915\">Kh\u00e1ch h\u00e0ng c\u1ea7n gi\u1ea3i ph\u00e1p ti\u1ebft ki\u1ec7m chi ph\u00ed<\/li>\n<li data-section-id=\"8iwuq6\" data-start=\"2869\" data-end=\"2915\"><img loading=\"lazy\" decoding=\"async\" class=\"aligncenter wp-image-8836 size-large\" title=\"tu-bep-nhua-picomat-canh-melamine\" src=\"https:\/\/noithathuuthinh.vn\/wp-content\/uploads\/2026\/04\/z3511814813407_607e67b658e76ba437084e4f460bfc97-1200x900.jpg\" alt=\"tu-bep-nhua-picomat-canh-melamine\" width=\"1200\" height=\"900\" srcset=\"https:\/\/noithathuuthinhvn214.mbws.vn\/wp-content\/uploads\/2026\/04\/z3511814813407_607e67b658e76ba437084e4f460bfc97-1200x900.jpg 1200w, https:\/\/noithathuuthinhvn214.mbws.vn\/wp-content\/uploads\/2026\/04\/z3511814813407_607e67b658e76ba437084e4f460bfc97-500x375.jpg 500w, https:\/\/noithathuuthinhvn214.mbws.vn\/wp-content\/uploads\/2026\/04\/z3511814813407_607e67b658e76ba437084e4f460bfc97-300x225.jpg 300w, https:\/\/noithathuuthinhvn214.mbws.vn\/wp-content\/uploads\/2026\/04\/z3511814813407_607e67b658e76ba437084e4f460bfc97-768x576.jpg 768w, https:\/\/noithathuuthinhvn214.mbws.vn\/wp-content\/uploads\/2026\/04\/z3511814813407_607e67b658e76ba437084e4f460bfc97-720x540.jpg 720w, https:\/\/noithathuuthinhvn214.mbws.vn\/wp-content\/uploads\/2026\/04\/z3511814813407_607e67b658e76ba437084e4f460bfc97-1000x750.jpg 1000w, https:\/\/noithathuuthinhvn214.mbws.vn\/wp-content\/uploads\/2026\/04\/z3511814813407_607e67b658e76ba437084e4f460bfc97.jpg 1280w\" sizes=\"auto, (max-width: 1200px) 100vw, 1200px\" \/><\/li>\n<\/ul>\n<p data-start=\"2917\" data-end=\"3175\">N\u1ed9i Th\u1ea5t H\u1eefu Th\u1ecbnh nh\u1eadn thi\u1ebft k\u1ebf v\u00e0 thi c\u00f4ng t\u1ee7 b\u1ebfp theo y\u00eau c\u1ea7u, \u0111\u1ea3m b\u1ea3o ph\u00f9 h\u1ee3p v\u1edbi t\u1eebng kh\u00f4ng gian v\u00e0 nhu c\u1ea7u s\u1eed d\u1ee5ng th\u1ef1c t\u1ebf c\u1ee7a kh\u00e1ch h\u00e0ng. V\u1edbi \u0111\u1ed9i ng\u0169 thi c\u00f4ng gi\u00e0u kinh nghi\u1ec7m, s\u1ea3n ph\u1ea9m lu\u00f4n \u0111\u01b0\u1ee3c ho\u00e0n thi\u1ec7n t\u1ec9 m\u1ec9, \u0111\u1ea3m b\u1ea3o ch\u1ea5t l\u01b0\u1ee3ng v\u00e0 \u0111\u1ed9 b\u1ec1n l\u00e2u d\u00e0i.<\/p>\n<p data-start=\"3177\" data-end=\"3253\">Nh\u1eadn kh\u1ea3o s\u00e1t \u2013 thi\u1ebft k\u1ebf mi\u1ec5n ph\u00ed t\u1eadn n\u01a1i<br data-start=\"3221\" data-end=\"3224\" \/>B\u00e1o gi\u00e1 nhanh trong ng\u00e0y<\/p>\n<p data-start=\"3255\" data-end=\"3364\">Li\u00ean h\u1ec7 ngay N\u1ed9i Th\u1ea5t H\u1eefu Th\u1ecbnh \u0111\u1ec3 \u0111\u01b0\u1ee3c t\u01b0 v\u1ea5n chi ti\u1ebft v\u00e0 l\u1ef1a ch\u1ecdn m\u1eabu t\u1ee7 b\u1ebfp ph\u00f9 h\u1ee3p nh\u1ea5t cho gia \u0111\u00ecnh b\u1ea1n.<\/p>\n","protected":false},"excerpt":{"rendered":"<p>T\u1ee7 b\u1ebfp nh\u1ef1a Picomat Melamine ch\u1ed1ng n\u01b0\u1edbc l\u00e0 d\u00f2ng t\u1ee7 b\u1ebfp t\u1ed1i \u01b0u chi ph\u00ed, s\u1eed d\u1ee5ng th\u00f9ng nh\u1ef1a Picomat ch\u1ed1ng n\u01b0\u1edbc tuy\u1ec7t \u0111\u1ed1i k\u1ebft h\u1ee3p c\u00e1nh ph\u1ee7 Melamine b\u1ec1n \u0111\u1eb9p, ph\u00f9 h\u1ee3p cho m\u1ecdi kh\u00f4ng gian b\u1ebfp gia \u0111\u00ecnh.<\/p>\n<p>Gi\u00e1 t\u1ea1i x\u01b0\u1edfng: 6.000.000 \u2013 7.500.000 VN\u0110 \/ m\u00e9t d\u00e0i (t\u1ee7 tr\u00ean + t\u1ee7 d\u01b0\u1edbi)<\/p>\n<p><img decoding=\"async\" class=\"emoji\" role=\"img\" draggable=\"false\" src=\"https:\/\/s.w.org\/images\/core\/emoji\/15.0.3\/svg\/2714.svg\" alt=\"\u2714\ufe0f\" \/>\u00a0Thi\u1ebft k\u1ebf theo y\u00eau c\u1ea7u \u2013 \u0111o \u0111\u1ea1c t\u1eadn n\u01a1i<br \/>\n<img decoding=\"async\" class=\"emoji\" role=\"img\" draggable=\"false\" src=\"https:\/\/s.w.org\/images\/core\/emoji\/15.0.3\/svg\/2714.svg\" alt=\"\u2714\ufe0f\" \/>\u00a0Thi c\u00f4ng tr\u1ecdn g\u00f3i \u2013 ho\u00e0n thi\u1ec7n nhanh<br \/>\n<img decoding=\"async\" class=\"emoji\" role=\"img\" draggable=\"false\" src=\"https:\/\/s.w.org\/images\/core\/emoji\/15.0.3\/svg\/2714.svg\" alt=\"\u2714\ufe0f\" \/>\u00a0B\u1ea3o h\u00e0nh 12 th\u00e1ng \u2013 h\u1ed7 tr\u1ee3 l\u00e2u d\u00e0i<\/p>\n<p>Li\u00ean h\u1ec7 ngay N\u1ed9i Th\u1ea5t H\u1eefu Th\u1ecbnh \u0111\u1ec3 \u0111\u01b0\u1ee3c t\u01b0 v\u1ea5n v\u00e0 b\u00e1o gi\u00e1 mi\u1ec5n ph\u00ed.<\/p>\n<p><span style=\"color: #ed1c24;\"><em>M\u00e0u g\u1ed7 tu\u1ef3 ch\u1ecdn theo y\u00eau c\u1ea7u c\u1ee7a kh\u00e1ch h\u00e0ng.<\/em><\/span><\/p>\n<p data-start=\"484\" data-end=\"783\">K\u00edch th\u01b0\u1edbc: Thi\u1ebft k\u1ebf theo y\u00eau c\u1ea7u kh\u00f4ng gian th\u1ef1c t\u1ebf<br data-start=\"526\" data-end=\"529\" \/>Xu\u1ea5t x\u1ee9: S\u1ea3n ph\u1ea9m c\u1ee7a <strong>C\u00d4NG TY TNHH SXTM TTNT H\u1eeeU TH\u1ecaNH.<\/strong><br data-start=\"584\" data-end=\"587\" \/>B\u1ea3o h\u00e0nh: 12 th\u00e1ng theo ti\u00eau chu\u1ea9n nh\u00e0 m\u00e1y.<br data-start=\"630\" data-end=\"633\" \/><em><span style=\"color: #ed1c24;\">L\u01b0u \u00fd: Gi\u00e1 tr\u00ean ch\u01b0a bao g\u1ed3m VAT v\u00e0 ph\u00ed v\u1eadn chuy\u1ec3n. Gi\u00e1 s\u1ea3n ph\u1ea9m c\u00f3 th\u1ec3 thay \u0111\u1ed5i theo t\u1eebng th\u1eddi \u0111i\u1ec3m, vui l\u00f2ng li\u00ean h\u1ec7 \u0111\u1ec3 nh\u1eadn t\u01b0 v\u1ea5n \u01b0u \u0111\u00e3i t\u1ed1t nh\u1ea5t.<\/span><\/em><\/p>\n","protected":false},"featured_media":8844,"comment_status":"open","ping_status":"closed","template":"","meta":[],"product_brand":[],"product_cat":[18,777],"product_tag":[],"class_list":{"0":"post-8843","1":"product","2":"type-product","3":"status-publish","4":"has-post-thumbnail","6":"product_cat-noi-that-gia-dinh","7":"product_cat-tu-bep","9":"first","10":"instock","11":"taxable","12":"shipping-taxable","13":"purchasable","14":"product-type-simple"},"_links":{"self":[{"href":"https:\/\/noithathuuthinhvn214.mbws.vn\/zh-hans\/wp-json\/wp\/v2\/product\/8843","targetHints":{"allow":["GET"]}}],"collection":[{"href":"https:\/\/noithathuuthinhvn214.mbws.vn\/zh-hans\/wp-json\/wp\/v2\/product"}],"about":[{"href":"https:\/\/noithathuuthinhvn214.mbws.vn\/zh-hans\/wp-json\/wp\/v2\/types\/product"}],"replies":[{"embeddable":true,"href":"https:\/\/noithathuuthinhvn214.mbws.vn\/zh-hans\/wp-json\/wp\/v2\/comments?post=8843"}],"wp:featuredmedia":[{"embeddable":true,"href":"https:\/\/noithathuuthinhvn214.mbws.vn\/zh-hans\/wp-json\/wp\/v2\/media\/8844"}],"wp:attachment":[{"href":"https:\/\/noithathuuthinhvn214.mbws.vn\/zh-hans\/wp-json\/wp\/v2\/media?parent=8843"}],"wp:term":[{"taxonomy":"product_brand","embeddable":true,"href":"https:\/\/noithathuuthinhvn214.mbws.vn\/zh-hans\/wp-json\/wp\/v2\/product_brand?post=8843"},{"taxonomy":"product_cat","embeddable":true,"href":"https:\/\/noithathuuthinhvn214.mbws.vn\/zh-hans\/wp-json\/wp\/v2\/product_cat?post=8843"},{"taxonomy":"product_tag","embeddable":true,"href":"https:\/\/noithathuuthinhvn214.mbws.vn\/zh-hans\/wp-json\/wp\/v2\/product_tag?post=8843"}],"curies":[{"name":"wp","href":"https:\/\/api.w.org\/{rel}","templated":true}]}}