{"id":8212,"date":"2026-04-02T15:23:26","date_gmt":"2026-04-02T08:23:26","guid":{"rendered":"https:\/\/noithathuuthinh.vn\/?post_type=product&#038;p=8212"},"modified":"2026-04-02T15:23:27","modified_gmt":"2026-04-02T08:23:27","slug":"tu-ao-canh-mo-mht11","status":"publish","type":"product","link":"https:\/\/noithathuuthinhvn214.mbws.vn\/zh-hans\/san-pham\/tu-ao-canh-mo-mht11\/","title":{"rendered":"T\u1ee7 \u00e1o c\u00e1nh m\u1edf MHT11"},"content":{"rendered":"<p data-start=\"905\" data-end=\"1148\"><a href=\"https:\/\/noithathuuthinh.vn\/danh-muc-san-pham\/noi-that-gia-dinh\/tu-ao\/\" target=\"_blank\" rel=\"noopener\">T\u1ee7 \u00e1o c\u00e1nh m\u1edf MHT11<\/a> l\u00e0 l\u1ef1a ch\u1ecdn l\u00fd t\u01b0\u1edfng cho nh\u1eefng kh\u00f4ng gian ph\u00f2ng ng\u1ee7 c\u1ea7n s\u1ef1 g\u1ecdn g\u00e0ng, ti\u1ec7n nghi nh\u01b0ng v\u1eabn \u0111\u1ea3m b\u1ea3o t\u00ednh th\u1ea9m m\u1ef9. V\u1edbi thi\u1ebft k\u1ebf nh\u1ecf g\u1ecdn v\u00e0 chi\u1ec1u cao t\u1ed1i \u01b0u, T\u1ee7 \u00e1o c\u00e1nh m\u1edf MHT11 gi\u00fap t\u1eadn d\u1ee5ng hi\u1ec7u qu\u1ea3 kh\u00f4ng gian theo chi\u1ec1u \u0111\u1ee9ng.<\/p>\n<p data-start=\"1150\" data-end=\"1413\">\u0110i\u1ec3m n\u1ed5i b\u1eadt c\u1ee7a T\u1ee7 \u00e1o c\u00e1nh m\u1edf MHT11 n\u1eb1m \u1edf phong c\u00e1ch thi\u1ebft k\u1ebf \u0111\u01a1n gi\u1ea3n nh\u01b0ng hi\u1ec7n \u0111\u1ea1i. C\u00e1c \u0111\u01b0\u1eddng n\u00e9t \u0111\u01b0\u1ee3c tinh gi\u1ea3n gi\u00fap s\u1ea3n ph\u1ea9m d\u1ec5 d\u00e0ng k\u1ebft h\u1ee3p v\u1edbi nhi\u1ec1u phong c\u00e1ch n\u1ed9i th\u1ea5t kh\u00e1c nhau nh\u01b0 hi\u1ec7n \u0111\u1ea1i, c\u1ed5 \u0111i\u1ec3n ho\u1eb7c vintage, mang l\u1ea1i s\u1ef1 h\u00e0i h\u00f2a cho kh\u00f4ng gian s\u1ed1ng.<\/p>\n<p data-start=\"1415\" data-end=\"1751\">T\u1ee7 \u00e1o c\u00e1nh m\u1edf MHT11 \u0111\u01b0\u1ee3c s\u1ea3n xu\u1ea5t t\u1eeb g\u1ed7 c\u00f4ng nghi\u1ec7p MDF ch\u1ed1ng \u1ea9m ph\u1ee7 Melamine cao c\u1ea5p. \u0110\u00e2y l\u00e0 ch\u1ea5t li\u1ec7u c\u00f3 \u0111\u1ed9 b\u1ec1n cao, kh\u1ea3 n\u0103ng ch\u1ed1ng tr\u1ea7y x\u01b0\u1edbc t\u1ed1t v\u00e0 h\u1ea1n ch\u1ebf t\u00e1c \u0111\u1ed9ng c\u1ee7a \u0111\u1ed9 \u1ea9m, gi\u00fap s\u1ea3n ph\u1ea9m lu\u00f4n duy tr\u00ec \u0111\u01b0\u1ee3c ch\u1ea5t l\u01b0\u1ee3ng \u1ed5n \u0111\u1ecbnh trong qu\u00e1 tr\u00ecnh s\u1eed d\u1ee5ng l\u00e2u d\u00e0i. B\u1ec1 m\u1eb7t Melamine c\u0169ng gi\u00fap vi\u1ec7c v\u1ec7 sinh tr\u1edf n\u00ean nhanh ch\u00f3ng v\u00e0 thu\u1eadn ti\u1ec7n.<\/p>\n<p data-start=\"1753\" data-end=\"1995\">K\u1ebft c\u1ea5u c\u1ee7a T\u1ee7 \u00e1o c\u00e1nh m\u1edf MHT11 \u0111\u01b0\u1ee3c thi\u1ebft k\u1ebf ch\u1eafc ch\u1eafn, \u0111\u1ea3m b\u1ea3o kh\u1ea3 n\u0103ng ch\u1ecbu l\u1ef1c t\u1ed1t khi l\u01b0u tr\u1eef qu\u1ea7n \u00e1o v\u00e0 c\u00e1c v\u1eadt d\u1ee5ng c\u00e1 nh\u00e2n. Kh\u00f4ng gian b\u00ean trong \u0111\u01b0\u1ee3c b\u1ed1 tr\u00ed h\u1ee3p l\u00fd, gi\u00fap ng\u01b0\u1eddi d\u00f9ng d\u1ec5 d\u00e0ng s\u1eafp x\u1ebfp \u0111\u1ed3 \u0111\u1ea1c m\u1ed9t c\u00e1ch khoa h\u1ecdc v\u00e0 ti\u1ec7n l\u1ee3i.<\/p>\n<h4 data-start=\"1753\" data-end=\"1995\"><a href=\"https:\/\/noithattheone-ht.com\/danh-muc\/gia-dinh\/tu-quan-ao\/\" target=\"_blank\" rel=\"noopener\">T\u1ee7 \u00e1o c\u00e1nh m\u1edf MHT11<\/a><\/h4>\n<figure id=\"attachment_8213\" aria-describedby=\"caption-attachment-8213\" style=\"width: 1024px\" class=\"wp-caption aligncenter\"><img loading=\"lazy\" decoding=\"async\" class=\"wp-image-8213 size-full\" src=\"https:\/\/noithathuuthinh.vn\/wp-content\/uploads\/2026\/04\/MHT11.jpg\" alt=\"T\u1ee7 \u00e1o c\u00e1nh m\u1edf MHT11\" width=\"1024\" height=\"768\" srcset=\"https:\/\/noithathuuthinhvn214.mbws.vn\/wp-content\/uploads\/2026\/04\/MHT11.jpg 1024w, https:\/\/noithathuuthinhvn214.mbws.vn\/wp-content\/uploads\/2026\/04\/MHT11-500x375.jpg 500w, https:\/\/noithathuuthinhvn214.mbws.vn\/wp-content\/uploads\/2026\/04\/MHT11-300x225.jpg 300w, https:\/\/noithathuuthinhvn214.mbws.vn\/wp-content\/uploads\/2026\/04\/MHT11-768x576.jpg 768w, https:\/\/noithathuuthinhvn214.mbws.vn\/wp-content\/uploads\/2026\/04\/MHT11-720x540.jpg 720w, https:\/\/noithathuuthinhvn214.mbws.vn\/wp-content\/uploads\/2026\/04\/MHT11-1000x750.jpg 1000w\" sizes=\"auto, (max-width: 1024px) 100vw, 1024px\" \/><figcaption id=\"caption-attachment-8213\" class=\"wp-caption-text\">T\u1ee7 \u00e1o c\u00e1nh m\u1edf MHT11<\/figcaption><\/figure>\n<p data-start=\"1997\" data-end=\"2205\">V\u1edbi k\u00edch th\u01b0\u1edbc W800 x D600 x H2200 mm, T\u1ee7 \u00e1o c\u00e1nh m\u1edf MHT11 ph\u00f9 h\u1ee3p v\u1edbi nh\u1eefng kh\u00f4ng gian ph\u00f2ng ng\u1ee7 c\u00f3 di\u1ec7n t\u00edch v\u1eeba v\u00e0 nh\u1ecf. Thi\u1ebft k\u1ebf chi\u1ec1u cao l\u1edbn gi\u00fap t\u0103ng kh\u1ea3 n\u0103ng l\u01b0u tr\u1eef m\u00e0 kh\u00f4ng chi\u1ebfm nhi\u1ec1u di\u1ec7n t\u00edch s\u00e0n.<\/p>\n<p data-start=\"2207\" data-end=\"2414\">Thi\u1ebft k\u1ebf c\u1ee7a T\u1ee7 \u00e1o c\u00e1nh m\u1edf MHT11 mang l\u1ea1i c\u1ea3m gi\u00e1c \u1ea5m \u00e1p v\u00e0 g\u1ea7n g\u0169i cho kh\u00f4ng gian ph\u00f2ng ng\u1ee7. S\u1ef1 k\u1ebft h\u1ee3p gi\u1eefa ch\u1ea5t li\u1ec7u v\u00e0 m\u00e0u s\u1eafc gi\u00fap t\u1ed5ng th\u1ec3 tr\u1edf n\u00ean h\u00e0i h\u00f2a, g\u00f3p ph\u1ea7n t\u1ea1o n\u00ean m\u1ed9t kh\u00f4ng gian s\u1ed1ng d\u1ec5 ch\u1ecbu.<\/p>\n<p data-start=\"2416\" data-end=\"2579\">Ngo\u00e0i ra, T\u1ee7 \u00e1o c\u00e1nh m\u1edf MHT11 c\u00f2n c\u00f3 \u01b0u \u0111i\u1ec3m d\u1ec5 v\u1ec7 sinh v\u00e0 b\u1ea3o qu\u1ea3n. Ng\u01b0\u1eddi d\u00f9ng ch\u1ec9 c\u1ea7n lau ch\u00f9i nh\u1eb9 l\u00e0 c\u00f3 th\u1ec3 gi\u1eef s\u1ea3n ph\u1ea9m lu\u00f4n s\u1ea1ch s\u1ebd v\u00e0 b\u1ec1n \u0111\u1eb9p theo th\u1eddi gian.<\/p>\n<p data-start=\"2581\" data-end=\"2815\">T\u1ed5ng k\u1ebft l\u1ea1i, T\u1ee7 \u00e1o c\u00e1nh m\u1edf MHT11 l\u00e0 s\u1ef1 k\u1ebft h\u1ee3p gi\u1eefa thi\u1ebft k\u1ebf t\u1ed1i gi\u1ea3n, ch\u1ea5t li\u1ec7u b\u1ec1n b\u1ec9 v\u00e0 c\u00f4ng n\u0103ng s\u1eed d\u1ee5ng hi\u1ec7u qu\u1ea3. N\u1ebfu anh \u0111ang t\u00ecm m\u1ed9t m\u1eabu t\u1ee7 nh\u1ecf g\u1ecdn, \u0111\u1eb9p v\u00e0 ti\u1ec7n d\u1ee5ng th\u00ec T\u1ee7 \u00e1o c\u00e1nh m\u1edf MHT11 ch\u1eafc ch\u1eafn l\u00e0 l\u1ef1a ch\u1ecdn \u0111\u00e1ng c\u00e2n nh\u1eafc.<\/p>\n","protected":false},"excerpt":{"rendered":"<p data-start=\"157\" data-end=\"565\">T\u1ee7 \u00e1o c\u00e1nh m\u1edf MHT11 l\u00e0 m\u1eabu t\u1ee7 qu\u1ea7n \u00e1o thi\u1ebft k\u1ebf theo phong c\u00e1ch \u0111\u01a1n gi\u1ea3n nh\u01b0ng tinh t\u1ebf, ph\u00f9 h\u1ee3p v\u1edbi nhi\u1ec1u kh\u00f4ng gian n\u1ed9i th\u1ea5t t\u1eeb hi\u1ec7n \u0111\u1ea1i \u0111\u1ebfn c\u1ed5 \u0111i\u1ec3n ho\u1eb7c vintage. S\u1ea3n ph\u1ea9m \u0111\u01b0\u1ee3c s\u1ea3n xu\u1ea5t t\u1eeb g\u1ed7 c\u00f4ng nghi\u1ec7p MDF ch\u1ed1ng \u1ea9m ph\u1ee7 Melamine cao c\u1ea5p, mang l\u1ea1i \u0111\u1ed9 b\u1ec1n cao, kh\u1ea3 n\u0103ng ch\u1ed1ng tr\u1ea7y x\u01b0\u1edbc v\u00e0 ch\u1ed1ng \u1ea9m t\u1ed1t. T\u1ee7 c\u00f3 k\u1ebft c\u1ea5u ch\u1eafc ch\u1eafn, gi\u00fap t\u1ed1i \u01b0u kh\u00f4ng gian l\u01b0u tr\u1eef qu\u1ea7n \u00e1o v\u00e0 c\u00e1c v\u1eadt d\u1ee5ng c\u00e1 nh\u00e2n m\u1ed9t c\u00e1ch hi\u1ec7u qu\u1ea3.<\/p>\n<p><span style=\"color: #ed1c24;\"><em>M\u00e0u g\u1ed7 tu\u1ef3 ch\u1ecdn theo y\u00eau c\u1ea7u c\u1ee7a kh\u00e1ch h\u00e0ng.<\/em><\/span><\/p>\n<p data-start=\"567\" data-end=\"858\">K\u00edch th\u01b0\u1edbc: W800 x D600 x H2200 mm<br data-start=\"601\" data-end=\"604\" \/>Xu\u1ea5t x\u1ee9: S\u1ea3n ph\u1ea9m c\u1ee7a <strong>C\u00d4NG TY TNHH SXTM TTNT H\u1eeeU TH\u1ecaNH.<\/strong><br data-start=\"659\" data-end=\"662\" \/>B\u1ea3o h\u00e0nh: 12 th\u00e1ng theo ti\u00eau chu\u1ea9n nh\u00e0 m\u00e1y.<br data-start=\"705\" data-end=\"708\" \/><span style=\"color: #ed1c24;\"><em>L\u01b0u \u00fd: Gi\u00e1 tr\u00ean ch\u01b0a bao g\u1ed3m VAT v\u00e0 ph\u00ed v\u1eadn chuy\u1ec3n. Gi\u00e1 s\u1ea3n ph\u1ea9m c\u00f3 th\u1ec3 thay \u0111\u1ed5i theo t\u1eebng th\u1eddi \u0111i\u1ec3m, vui l\u00f2ng li\u00ean h\u1ec7 \u0111\u1ec3 nh\u1eadn t\u01b0 v\u1ea5n \u01b0u \u0111\u00e3i t\u1ed1t nh\u1ea5t.<\/em><\/span><\/p>\n","protected":false},"featured_media":8213,"comment_status":"open","ping_status":"closed","template":"","meta":[],"product_brand":[],"product_cat":[18,411],"product_tag":[],"class_list":{"0":"post-8212","1":"product","2":"type-product","3":"status-publish","4":"has-post-thumbnail","6":"product_cat-noi-that-gia-dinh","7":"product_cat-tu-ao","9":"first","10":"instock","11":"taxable","12":"shipping-taxable","13":"purchasable","14":"product-type-simple"},"_links":{"self":[{"href":"https:\/\/noithathuuthinhvn214.mbws.vn\/zh-hans\/wp-json\/wp\/v2\/product\/8212","targetHints":{"allow":["GET"]}}],"collection":[{"href":"https:\/\/noithathuuthinhvn214.mbws.vn\/zh-hans\/wp-json\/wp\/v2\/product"}],"about":[{"href":"https:\/\/noithathuuthinhvn214.mbws.vn\/zh-hans\/wp-json\/wp\/v2\/types\/product"}],"replies":[{"embeddable":true,"href":"https:\/\/noithathuuthinhvn214.mbws.vn\/zh-hans\/wp-json\/wp\/v2\/comments?post=8212"}],"wp:featuredmedia":[{"embeddable":true,"href":"https:\/\/noithathuuthinhvn214.mbws.vn\/zh-hans\/wp-json\/wp\/v2\/media\/8213"}],"wp:attachment":[{"href":"https:\/\/noithathuuthinhvn214.mbws.vn\/zh-hans\/wp-json\/wp\/v2\/media?parent=8212"}],"wp:term":[{"taxonomy":"product_brand","embeddable":true,"href":"https:\/\/noithathuuthinhvn214.mbws.vn\/zh-hans\/wp-json\/wp\/v2\/product_brand?post=8212"},{"taxonomy":"product_cat","embeddable":true,"href":"https:\/\/noithathuuthinhvn214.mbws.vn\/zh-hans\/wp-json\/wp\/v2\/product_cat?post=8212"},{"taxonomy":"product_tag","embeddable":true,"href":"https:\/\/noithathuuthinhvn214.mbws.vn\/zh-hans\/wp-json\/wp\/v2\/product_tag?post=8212"}],"curies":[{"name":"wp","href":"https:\/\/api.w.org\/{rel}","templated":true}]}}