{"id":8129,"date":"2026-03-31T14:54:36","date_gmt":"2026-03-31T07:54:36","guid":{"rendered":"https:\/\/noithathuuthinh.vn\/?post_type=product&#038;p=8129"},"modified":"2026-04-02T11:37:11","modified_gmt":"2026-04-02T04:37:11","slug":"tu-ao-canh-mo-mht05","status":"publish","type":"product","link":"https:\/\/noithathuuthinhvn214.mbws.vn\/zh-hans\/san-pham\/tu-ao-canh-mo-mht05\/","title":{"rendered":"T\u1ee7 \u00e1o c\u00e1nh m\u1edf MHT05"},"content":{"rendered":"<p data-start=\"908\" data-end=\"1177\"><a href=\"https:\/\/noithathuuthinh.vn\/danh-muc-san-pham\/noi-that-gia-dinh\/tu-ao\/\" target=\"_blank\" rel=\"noopener\">T\u1ee7 \u00e1o c\u00e1nh m\u1edf MHT05<\/a> l\u00e0 gi\u1ea3i ph\u00e1p l\u01b0u tr\u1eef ho\u00e0n h\u1ea3o cho nh\u1eefng kh\u00f4ng gian ph\u00f2ng ng\u1ee7 c\u1ea7n dung t\u00edch l\u1edbn nh\u01b0ng v\u1eabn \u0111\u1ea3m b\u1ea3o t\u00ednh th\u1ea9m m\u1ef9 v\u00e0 s\u1ef1 g\u1ecdn g\u00e0ng. V\u1edbi thi\u1ebft k\u1ebf \u0111\u1ee5ng tr\u1ea7n c\u00f9ng k\u00edch th\u01b0\u1edbc r\u1ed9ng r\u00e3i, s\u1ea3n ph\u1ea9m gi\u00fap t\u1eadn d\u1ee5ng t\u1ed1i \u0111a di\u1ec7n t\u00edch s\u1eed d\u1ee5ng theo c\u1ea3 chi\u1ec1u ngang v\u00e0 chi\u1ec1u cao.<\/p>\n<p data-start=\"1179\" data-end=\"1422\">\u0110i\u1ec3m n\u1ed5i b\u1eadt c\u1ee7a t\u1ee7 \u00e1o c\u00e1nh m\u1edf MHT05 n\u1eb1m \u1edf thi\u1ebft k\u1ebf hi\u1ec7n \u0111\u1ea1i, \u0111\u01b0\u1eddng n\u00e9t \u0111\u01a1n gi\u1ea3n nh\u01b0ng tinh t\u1ebf. Ki\u1ec3u d\u00e1ng n\u00e0y gi\u00fap t\u1ee7 d\u1ec5 d\u00e0ng k\u1ebft h\u1ee3p v\u1edbi nhi\u1ec1u phong c\u00e1ch n\u1ed9i th\u1ea5t kh\u00e1c nhau, t\u1eeb hi\u1ec7n \u0111\u1ea1i \u0111\u1ebfn c\u1ed5 \u0111i\u1ec3n ho\u1eb7c vintage, t\u1ea1o n\u00ean s\u1ef1 h\u00e0i h\u00f2a cho t\u1ed5ng th\u1ec3 kh\u00f4ng gian.<\/p>\n<p data-start=\"1424\" data-end=\"1736\">S\u1ea3n ph\u1ea9m t\u1ee7 \u00e1o c\u00e1nh m\u1edf MHT05 \u0111\u01b0\u1ee3c s\u1ea3n xu\u1ea5t t\u1eeb g\u1ed7 c\u00f4ng nghi\u1ec7p MDF ch\u1ed1ng \u1ea9m ph\u1ee7 Melamine cao c\u1ea5p. \u0110\u00e2y l\u00e0 ch\u1ea5t li\u1ec7u c\u00f3 \u0111\u1ed9 b\u1ec1n cao, kh\u1ea3 n\u0103ng ch\u1ed1ng tr\u1ea7y x\u01b0\u1edbc t\u1ed1t v\u00e0 h\u1ea1n ch\u1ebf \u1ea3nh h\u01b0\u1edfng c\u1ee7a \u0111\u1ed9 \u1ea9m, gi\u00fap t\u1ee7 lu\u00f4n gi\u1eef \u0111\u01b0\u1ee3c ch\u1ea5t l\u01b0\u1ee3ng \u1ed5n \u0111\u1ecbnh trong th\u1eddi gian d\u00e0i s\u1eed d\u1ee5ng. B\u1ec1 m\u1eb7t Melamine c\u0169ng gi\u00fap vi\u1ec7c v\u1ec7 sinh tr\u1edf n\u00ean nhanh ch\u00f3ng v\u00e0 thu\u1eadn ti\u1ec7n.<\/p>\n<p data-start=\"1738\" data-end=\"1990\">K\u1ebft c\u1ea5u t\u1ee7 \u0111\u01b0\u1ee3c thi\u1ebft k\u1ebf ch\u1eafc ch\u1eafn, \u0111\u1ea3m b\u1ea3o kh\u1ea3 n\u0103ng ch\u1ecbu l\u1ef1c t\u1ed1t khi l\u01b0u tr\u1eef s\u1ed1 l\u01b0\u1ee3ng l\u1edbn qu\u1ea7n \u00e1o v\u00e0 v\u1eadt d\u1ee5ng c\u00e1 nh\u00e2n. Kh\u00f4ng gian b\u00ean trong \u0111\u01b0\u1ee3c b\u1ed1 tr\u00ed khoa h\u1ecdc v\u1edbi c\u00e1c ng\u0103n treo v\u00e0 ng\u0103n x\u1ebfp h\u1ee3p l\u00fd, gi\u00fap ng\u01b0\u1eddi d\u00f9ng d\u1ec5 d\u00e0ng s\u1eafp x\u1ebfp v\u00e0 ph\u00e2n lo\u1ea1i \u0111\u1ed3 \u0111\u1ea1c.<\/p>\n<figure id=\"attachment_8183\" aria-describedby=\"caption-attachment-8183\" style=\"width: 1024px\" class=\"wp-caption aligncenter\"><img loading=\"lazy\" decoding=\"async\" class=\"wp-image-8183 size-full\" src=\"https:\/\/noithathuuthinh.vn\/wp-content\/uploads\/2026\/03\/TAHT05-3.jpg\" alt=\"T\u1ee7 \u00e1o c\u00e1nh m\u1edf MHT05\" width=\"1024\" height=\"768\" srcset=\"https:\/\/noithathuuthinhvn214.mbws.vn\/wp-content\/uploads\/2026\/03\/TAHT05-3.jpg 1024w, https:\/\/noithathuuthinhvn214.mbws.vn\/wp-content\/uploads\/2026\/03\/TAHT05-3-500x375.jpg 500w, https:\/\/noithathuuthinhvn214.mbws.vn\/wp-content\/uploads\/2026\/03\/TAHT05-3-300x225.jpg 300w, https:\/\/noithathuuthinhvn214.mbws.vn\/wp-content\/uploads\/2026\/03\/TAHT05-3-768x576.jpg 768w, https:\/\/noithathuuthinhvn214.mbws.vn\/wp-content\/uploads\/2026\/03\/TAHT05-3-720x540.jpg 720w, https:\/\/noithathuuthinhvn214.mbws.vn\/wp-content\/uploads\/2026\/03\/TAHT05-3-1000x750.jpg 1000w\" sizes=\"auto, (max-width: 1024px) 100vw, 1024px\" \/><figcaption id=\"caption-attachment-8183\" class=\"wp-caption-text\">T\u1ee7 \u00e1o c\u00e1nh m\u1edf MHT05<\/figcaption><\/figure>\n<h4 data-start=\"1738\" data-end=\"1990\"><a href=\"https:\/\/noithattheone-ht.com\/danh-muc\/gia-dinh\/tu-quan-ao\/\" target=\"_blank\" rel=\"noopener\">T\u1ee7 \u00e1o c\u00e1nh m\u1edf MHT05<\/a><\/h4>\n<p data-start=\"1992\" data-end=\"2260\">V\u1edbi k\u00edch th\u01b0\u1edbc W2000 x D600 x H2400 mm, TAHT05 mang l\u1ea1i kh\u00f4ng gian l\u01b0u tr\u1eef r\u1ed9ng r\u00e3i, ph\u00f9 h\u1ee3p v\u1edbi gia \u0111\u00ecnh ho\u1eb7c nh\u1eefng ng\u01b0\u1eddi c\u00f3 nhu c\u1ea7u s\u1eed d\u1ee5ng l\u1edbn. Thi\u1ebft k\u1ebf chi\u1ec1u ngang l\u1edbn gi\u00fap t\u0103ng di\u1ec7n t\u00edch treo qu\u1ea7n \u00e1o, trong khi chi\u1ec1u cao \u0111\u1ee5ng tr\u1ea7n gi\u00fap t\u1eadn d\u1ee5ng t\u1ed1i \u0111a kh\u00f4ng gian.<\/p>\n<p data-start=\"2262\" data-end=\"2465\">Phong c\u00e1ch thi\u1ebft k\u1ebf \u0111\u01a1n gi\u1ea3n nh\u01b0ng hi\u1ec7n \u0111\u1ea1i gi\u00fap s\u1ea3n ph\u1ea9m kh\u00f4ng b\u1ecb l\u1ed7i th\u1eddi theo th\u1eddi gian. D\u00f9 k\u1ebft h\u1ee3p v\u1edbi b\u1ea5t k\u1ef3 kh\u00f4ng gian n\u1ed9i th\u1ea5t n\u00e0o, t\u1ee7 v\u1eabn gi\u1eef \u0111\u01b0\u1ee3c s\u1ef1 h\u00e0i h\u00f2a v\u00e0 n\u00e2ng cao gi\u00e1 tr\u1ecb th\u1ea9m m\u1ef9 t\u1ed5ng th\u1ec3.<\/p>\n<p data-start=\"2467\" data-end=\"2653\">Thi\u1ebft k\u1ebf tinh t\u1ebf v\u00e0 m\u1edbi l\u1ea1 mang l\u1ea1i c\u1ea3m gi\u00e1c \u1ea5m \u00e1p, g\u1ea7n g\u0169i cho ph\u00f2ng ng\u1ee7. S\u1ef1 k\u1ebft h\u1ee3p gi\u1eefa m\u00e0u s\u1eafc v\u00e0 ch\u1ea5t li\u1ec7u t\u1ea1o n\u00ean t\u1ed5ng th\u1ec3 c\u00e2n \u0111\u1ed1i, gi\u00fap kh\u00f4ng gian tr\u1edf n\u00ean g\u1ecdn g\u00e0ng v\u00e0 d\u1ec5 ch\u1ecbu h\u01a1n.<\/p>\n<p data-start=\"2655\" data-end=\"2819\">Ngo\u00e0i ra, b\u1ec1 m\u1eb7t Melamine ch\u1ed1ng b\u00e1m b\u1ea9n gi\u00fap vi\u1ec7c v\u1ec7 sinh tr\u1edf n\u00ean \u0111\u01a1n gi\u1ea3n. Ng\u01b0\u1eddi d\u00f9ng ch\u1ec9 c\u1ea7n lau ch\u00f9i nh\u1eb9 l\u00e0 c\u00f3 th\u1ec3 gi\u1eef t\u1ee7 lu\u00f4n s\u1ea1ch s\u1ebd v\u00e0 b\u1ec1n \u0111\u1eb9p theo th\u1eddi gian.<\/p>\n<p data-start=\"2821\" data-end=\"3077\">T\u1ed5ng k\u1ebft l\u1ea1i, t\u1ee7 \u00e1o c\u00e1nh m\u1edf MHT05 l\u00e0 s\u1ef1 k\u1ebft h\u1ee3p gi\u1eefa thi\u1ebft k\u1ebf hi\u1ec7n \u0111\u1ea1i, ch\u1ea5t li\u1ec7u b\u1ec1n b\u1ec9 v\u00e0 c\u00f4ng n\u0103ng l\u01b0u tr\u1eef v\u01b0\u1ee3t tr\u1ed9i. V\u1edbi ki\u1ec3u d\u00e1ng \u0111\u1ee5ng tr\u1ea7n c\u00f9ng k\u00edch th\u01b0\u1edbc l\u1edbn, s\u1ea3n ph\u1ea9m l\u00e0 l\u1ef1a ch\u1ecdn l\u00fd t\u01b0\u1edfng cho kh\u00f4ng gian ph\u00f2ng ng\u1ee7 c\u1ea7n s\u1ef1 ti\u1ec7n nghi, g\u1ecdn g\u00e0ng v\u00e0 th\u1ea9m m\u1ef9 cao.<\/p>\n","protected":false},"excerpt":{"rendered":"<p data-start=\"126\" data-end=\"518\">T\u1ee7 \u00e1o c\u00e1nh m\u1edf MHT05 l\u00e0 m\u1eabu t\u1ee7 qu\u1ea7n \u00e1o \u0111\u1ee5ng tr\u1ea7n v\u1edbi thi\u1ebft k\u1ebf tinh t\u1ebf theo phong c\u00e1ch \u0111\u01a1n gi\u1ea3n, ph\u00f9 h\u1ee3p v\u1edbi nhi\u1ec1u kh\u00f4ng gian n\u1ed9i th\u1ea5t t\u1eeb hi\u1ec7n \u0111\u1ea1i \u0111\u1ebfn c\u1ed5 \u0111i\u1ec3n ho\u1eb7c vintage. S\u1ea3n ph\u1ea9m s\u1eed d\u1ee5ng ch\u1ea5t li\u1ec7u g\u1ed7 c\u00f4ng nghi\u1ec7p MDF ch\u1ed1ng \u1ea9m ph\u1ee7 Melamine cao c\u1ea5p, mang l\u1ea1i \u0111\u1ed9 b\u1ec1n cao, kh\u1ea3 n\u0103ng ch\u1ed1ng tr\u1ea7y x\u01b0\u1edbc v\u00e0 ch\u1ed1ng \u1ea9m t\u1ed1t, \u0111\u1ed3ng th\u1eddi thi\u1ebft k\u1ebf ch\u1eafc ch\u1eafn gi\u00fap t\u1ed1i \u01b0u kh\u00f4ng gian l\u01b0u tr\u1eef qu\u1ea7n \u00e1o v\u00e0 v\u1eadt d\u1ee5ng c\u00e1 nh\u00e2n.<br \/>\n<em><span style=\"color: #ed1c24;\">M\u00e0u g\u1ed7 thay \u0111\u1ed5i theo y\u00eau c\u1ea7u c\u1ee7a kh\u00e1ch h\u00e0ng.<\/span><\/em><\/p>\n<p data-start=\"520\" data-end=\"861\">K\u00edch th\u01b0\u1edbc: W2000 x D600 x H2400 mm<br data-start=\"555\" data-end=\"558\" \/>Xu\u1ea5t x\u1ee9: S\u1ea3n ph\u1ea9m c\u1ee7a <strong data-start=\"625\" data-end=\"661\">C\u00d4NG TY TNHH SXTM TTNT H\u1eeeU TH\u1ecaNH<\/strong>.<br data-start=\"662\" data-end=\"665\" \/>B\u1ea3o h\u00e0nh: 12 th\u00e1ng theo ti\u00eau chu\u1ea9n nh\u00e0 m\u00e1y.<br data-start=\"708\" data-end=\"711\" \/><em><span style=\"color: #ed1c24;\">L\u01b0u \u00fd: Gi\u00e1 tr\u00ean ch\u01b0a bao g\u1ed3m VAT v\u00e0 ph\u00ed v\u1eadn chuy\u1ec3n. Gi\u00e1 s\u1ea3n ph\u1ea9m c\u00f3 th\u1ec3 thay \u0111\u1ed5i theo t\u1eebng th\u1eddi \u0111i\u1ec3m, vui l\u00f2ng li\u00ean h\u1ec7 \u0111\u1ec3 nh\u1eadn t\u01b0 v\u1ea5n \u01b0u \u0111\u00e3i t\u1ed1t nh\u1ea5t.<\/span><\/em><\/p>\n","protected":false},"featured_media":8169,"comment_status":"open","ping_status":"closed","template":"","meta":[],"product_brand":[],"product_cat":[18,411],"product_tag":[],"class_list":{"0":"post-8129","1":"product","2":"type-product","3":"status-publish","4":"has-post-thumbnail","6":"product_cat-noi-that-gia-dinh","7":"product_cat-tu-ao","9":"first","10":"instock","11":"taxable","12":"shipping-taxable","13":"purchasable","14":"product-type-simple"},"_links":{"self":[{"href":"https:\/\/noithathuuthinhvn214.mbws.vn\/zh-hans\/wp-json\/wp\/v2\/product\/8129","targetHints":{"allow":["GET"]}}],"collection":[{"href":"https:\/\/noithathuuthinhvn214.mbws.vn\/zh-hans\/wp-json\/wp\/v2\/product"}],"about":[{"href":"https:\/\/noithathuuthinhvn214.mbws.vn\/zh-hans\/wp-json\/wp\/v2\/types\/product"}],"replies":[{"embeddable":true,"href":"https:\/\/noithathuuthinhvn214.mbws.vn\/zh-hans\/wp-json\/wp\/v2\/comments?post=8129"}],"wp:featuredmedia":[{"embeddable":true,"href":"https:\/\/noithathuuthinhvn214.mbws.vn\/zh-hans\/wp-json\/wp\/v2\/media\/8169"}],"wp:attachment":[{"href":"https:\/\/noithathuuthinhvn214.mbws.vn\/zh-hans\/wp-json\/wp\/v2\/media?parent=8129"}],"wp:term":[{"taxonomy":"product_brand","embeddable":true,"href":"https:\/\/noithathuuthinhvn214.mbws.vn\/zh-hans\/wp-json\/wp\/v2\/product_brand?post=8129"},{"taxonomy":"product_cat","embeddable":true,"href":"https:\/\/noithathuuthinhvn214.mbws.vn\/zh-hans\/wp-json\/wp\/v2\/product_cat?post=8129"},{"taxonomy":"product_tag","embeddable":true,"href":"https:\/\/noithathuuthinhvn214.mbws.vn\/zh-hans\/wp-json\/wp\/v2\/product_tag?post=8129"}],"curies":[{"name":"wp","href":"https:\/\/api.w.org\/{rel}","templated":true}]}}