{"id":8115,"date":"2026-03-31T13:35:49","date_gmt":"2026-03-31T06:35:49","guid":{"rendered":"https:\/\/noithathuuthinh.vn\/?post_type=product&#038;p=8115"},"modified":"2026-04-02T14:18:37","modified_gmt":"2026-04-02T07:18:37","slug":"tu-ao-canh-mo-mht01","status":"publish","type":"product","link":"https:\/\/noithathuuthinhvn214.mbws.vn\/zh-hans\/san-pham\/tu-ao-canh-mo-mht01\/","title":{"rendered":"T\u1ee7 \u00e1o c\u00e1nh m\u1edf MHT01"},"content":{"rendered":"<p data-start=\"916\" data-end=\"1189\"><a href=\"https:\/\/noithathuuthinh.vn\/danh-muc-san-pham\/noi-that-gia-dinh\/tu-ao\/\" target=\"_blank\" rel=\"noopener\">T\u1ee7 \u00e1o c\u00e1nh m\u1edf MHT01<\/a> l\u00e0 gi\u1ea3i ph\u00e1p l\u01b0u tr\u1eef hi\u1ec7u qu\u1ea3 cho kh\u00f4ng gian ph\u00f2ng ng\u1ee7 hi\u1ec7n \u0111\u1ea1i, \u0111\u1eb7c bi\u1ec7t ph\u00f9 h\u1ee3p v\u1edbi nh\u1eefng khu v\u1ef1c c\u1ea7n t\u1ed1i \u01b0u chi\u1ec1u cao v\u00e0 di\u1ec7n t\u00edch s\u1eed d\u1ee5ng. V\u1edbi thi\u1ebft k\u1ebf \u0111\u1ee5ng tr\u1ea7n c\u00f9ng ki\u1ec3u d\u00e1ng g\u1ecdn g\u00e0ng, s\u1ea3n ph\u1ea9m gi\u00fap t\u1eadn d\u1ee5ng t\u1ed1i \u0111a kh\u00f4ng gian m\u00e0 v\u1eabn \u0111\u1ea3m b\u1ea3o t\u00ednh th\u1ea9m m\u1ef9.<\/p>\n<p data-start=\"1191\" data-end=\"1417\">\u0110i\u1ec3m n\u1ed5i b\u1eadt c\u1ee7a TAHT01 n\u1eb1m \u1edf thi\u1ebft k\u1ebf c\u00e1nh m\u1edf truy\u1ec1n th\u1ed1ng k\u1ebft h\u1ee3p ki\u1ec3u d\u00e1ng cao s\u00e1t tr\u1ea7n. Thi\u1ebft k\u1ebf n\u00e0y kh\u00f4ng ch\u1ec9 gi\u00fap t\u0103ng di\u1ec7n t\u00edch l\u01b0u tr\u1eef m\u00e0 c\u00f2n h\u1ea1n ch\u1ebf b\u00e1m b\u1ee5i \u1edf ph\u1ea7n n\u00f3c t\u1ee7, gi\u00fap kh\u00f4ng gian lu\u00f4n s\u1ea1ch s\u1ebd v\u00e0 g\u1ecdn g\u00e0ng h\u01a1n.<\/p>\n<p data-start=\"1419\" data-end=\"1726\">S\u1ea3n ph\u1ea9m \u0111\u01b0\u1ee3c s\u1ea3n xu\u1ea5t t\u1eeb g\u1ed7 c\u00f4ng nghi\u1ec7p MDF ch\u1ed1ng \u1ea9m ph\u1ee7 Melamine cao c\u1ea5p. \u0110\u00e2y l\u00e0 v\u1eadt li\u1ec7u c\u00f3 \u0111\u1ed9 b\u1ec1n cao, kh\u1ea3 n\u0103ng ch\u1ed1ng tr\u1ea7y x\u01b0\u1edbc t\u1ed1t v\u00e0 h\u1ea1n ch\u1ebf \u1ea3nh h\u01b0\u1edfng c\u1ee7a \u0111\u1ed9 \u1ea9m, gi\u00fap t\u1ee7 lu\u00f4n gi\u1eef \u0111\u01b0\u1ee3c ch\u1ea5t l\u01b0\u1ee3ng \u1ed5n \u0111\u1ecbnh trong th\u1eddi gian d\u00e0i s\u1eed d\u1ee5ng. B\u1ec1 m\u1eb7t Melamine c\u00f2n gi\u00fap vi\u1ec7c v\u1ec7 sinh tr\u1edf n\u00ean nhanh ch\u00f3ng v\u00e0 d\u1ec5 d\u00e0ng.<\/p>\n<figure id=\"attachment_8174\" aria-describedby=\"caption-attachment-8174\" style=\"width: 1024px\" class=\"wp-caption aligncenter\"><img loading=\"lazy\" decoding=\"async\" class=\"wp-image-8174 size-full\" src=\"https:\/\/noithathuuthinh.vn\/wp-content\/uploads\/2026\/03\/TAHT01-1.jpg\" alt=\"T\u1ee7 \u00e1o c\u00e1nh m\u1edf MHT01\" width=\"1024\" height=\"768\" srcset=\"https:\/\/noithathuuthinhvn214.mbws.vn\/wp-content\/uploads\/2026\/03\/TAHT01-1.jpg 1024w, https:\/\/noithathuuthinhvn214.mbws.vn\/wp-content\/uploads\/2026\/03\/TAHT01-1-500x375.jpg 500w, https:\/\/noithathuuthinhvn214.mbws.vn\/wp-content\/uploads\/2026\/03\/TAHT01-1-300x225.jpg 300w, https:\/\/noithathuuthinhvn214.mbws.vn\/wp-content\/uploads\/2026\/03\/TAHT01-1-768x576.jpg 768w, https:\/\/noithathuuthinhvn214.mbws.vn\/wp-content\/uploads\/2026\/03\/TAHT01-1-720x540.jpg 720w, https:\/\/noithathuuthinhvn214.mbws.vn\/wp-content\/uploads\/2026\/03\/TAHT01-1-1000x750.jpg 1000w\" sizes=\"auto, (max-width: 1024px) 100vw, 1024px\" \/><figcaption id=\"caption-attachment-8174\" class=\"wp-caption-text\">T\u1ee7 \u00e1o c\u00e1nh m\u1edf MHT01<\/figcaption><\/figure>\n<h2><a href=\"https:\/\/noithattheone-ht.com\/danh-muc\/gia-dinh\/tu-quan-ao\/\" target=\"_blank\" rel=\"noopener\"><span style=\"font-size: 75%;\">T\u1ee7 \u00e1o c\u00e1nh m\u1edf MHT01<\/span><\/a><\/h2>\n<p data-start=\"1728\" data-end=\"1957\">K\u1ebft c\u1ea5u t\u1ee7 \u0111\u01b0\u1ee3c thi\u1ebft k\u1ebf ch\u1eafc ch\u1eafn v\u00e0 c\u00e2n \u0111\u1ed1i, \u0111\u1ea3m b\u1ea3o kh\u1ea3 n\u0103ng ch\u1ecbu l\u1ef1c t\u1ed1t khi l\u01b0u tr\u1eef nhi\u1ec1u qu\u1ea7n \u00e1o v\u00e0 v\u1eadt d\u1ee5ng. Kh\u00f4ng gian b\u00ean trong t\u1ee7 \u0111\u01b0\u1ee3c b\u1ed1 tr\u00ed h\u1ee3p l\u00fd, gi\u00fap ng\u01b0\u1eddi d\u00f9ng d\u1ec5 d\u00e0ng s\u1eafp x\u1ebfp \u0111\u1ed3 \u0111\u1ea1c m\u1ed9t c\u00e1ch khoa h\u1ecdc v\u00e0 ti\u1ec7n l\u1ee3i.<\/p>\n<p data-start=\"1959\" data-end=\"2173\">V\u1edbi k\u00edch th\u01b0\u1edbc W800 x D600 x H2400 mm, TAHT01 ph\u00f9 h\u1ee3p v\u1edbi nh\u1eefng kh\u00f4ng gian ph\u00f2ng ng\u1ee7 c\u00f3 di\u1ec7n t\u00edch v\u1eeba ph\u1ea3i nh\u01b0ng c\u1ea7n t\u1ed1i \u01b0u chi\u1ec1u cao. Thi\u1ebft k\u1ebf n\u00e0y gi\u00fap t\u0103ng kh\u1ea3 n\u0103ng l\u01b0u tr\u1eef m\u00e0 kh\u00f4ng chi\u1ebfm qu\u00e1 nhi\u1ec1u di\u1ec7n t\u00edch s\u00e0n.<\/p>\n<p data-start=\"2175\" data-end=\"2405\"><span style=\"font-size: 100%;\">Phong c\u00e1ch thi\u1ebft k\u1ebf \u0111\u01a1n gi\u1ea3n nh\u01b0ng hi\u1ec7n \u0111\u1ea1i gi\u00fap s\u1ea3n ph\u1ea9m d\u1ec5 d\u00e0ng k\u1ebft h\u1ee3p v\u1edbi nhi\u1ec1u lo\u1ea1i n\u1ed9i th\u1ea5t kh\u00e1c nhau. D\u00f9 l\u00e0 kh\u00f4ng gian hi\u1ec7n \u0111\u1ea1i, c\u1ed5 \u0111i\u1ec3n hay vintage, t\u1ee7 v\u1eabn gi\u1eef \u0111\u01b0\u1ee3c s\u1ef1 h\u00e0i h\u00f2a v\u00e0 g\u00f3p ph\u1ea7n n\u00e2ng cao gi\u00e1 tr\u1ecb th\u1ea9m m\u1ef9 t\u1ed5ng th\u1ec3.<\/span><\/p>\n<p data-start=\"2407\" data-end=\"2618\">Ngo\u00e0i ra, thi\u1ebft k\u1ebf m\u1edbi l\u1ea1 v\u00e0 tinh t\u1ebf c\u1ee7a s\u1ea3n ph\u1ea9m mang l\u1ea1i c\u1ea3m gi\u00e1c \u1ea5m \u00e1p cho kh\u00f4ng gian ph\u00f2ng ng\u1ee7. S\u1ef1 k\u1ebft h\u1ee3p gi\u1eefa m\u00e0u s\u1eafc v\u00e0 ch\u1ea5t li\u1ec7u t\u1ea1o n\u00ean t\u1ed5ng th\u1ec3 h\u00e0i h\u00f2a, gi\u00fap kh\u00f4ng gian tr\u1edf n\u00ean g\u1ecdn g\u00e0ng v\u00e0 d\u1ec5 ch\u1ecbu h\u01a1n.<\/p>\n<p data-start=\"2620\" data-end=\"2789\">Vi\u1ec7c v\u1ec7 sinh v\u00e0 b\u1ea3o qu\u1ea3n t\u1ee7 c\u0169ng r\u1ea5t \u0111\u01a1n gi\u1ea3n nh\u1edd b\u1ec1 m\u1eb7t Melamine ch\u1ed1ng b\u00e1m b\u1ea9n. Ng\u01b0\u1eddi d\u00f9ng ch\u1ec9 c\u1ea7n lau ch\u00f9i nh\u1eb9 l\u00e0 c\u00f3 th\u1ec3 gi\u1eef t\u1ee7 lu\u00f4n s\u1ea1ch s\u1ebd v\u00e0 b\u1ec1n \u0111\u1eb9p theo th\u1eddi gian.<\/p>\n<p data-start=\"2791\" data-end=\"3055\">T\u1ed5ng k\u1ebft l\u1ea1i, t\u1ee7 \u00e1o TAHT01 l\u00e0 s\u1ef1 k\u1ebft h\u1ee3p gi\u1eefa thi\u1ebft k\u1ebf hi\u1ec7n \u0111\u1ea1i, ch\u1ea5t li\u1ec7u b\u1ec1n b\u1ec9 v\u00e0 c\u00f4ng n\u0103ng l\u01b0u tr\u1eef t\u1ed1i \u01b0u. V\u1edbi ki\u1ec3u d\u00e1ng \u0111\u1ee5ng tr\u1ea7n c\u00f9ng kh\u1ea3 n\u0103ng t\u1eadn d\u1ee5ng kh\u00f4ng gian hi\u1ec7u qu\u1ea3, s\u1ea3n ph\u1ea9m l\u00e0 l\u1ef1a ch\u1ecdn ph\u00f9 h\u1ee3p cho ph\u00f2ng ng\u1ee7 c\u1ea7n s\u1ef1 g\u1ecdn g\u00e0ng, ti\u1ec7n nghi v\u00e0 th\u1ea9m m\u1ef9 cao.<\/p>\n<p data-start=\"2791\" data-end=\"3055\">T\u1ee7 \u00e1o c\u00e1nh m\u1edf MHT01<\/p>\n","protected":false},"excerpt":{"rendered":"<p data-start=\"126\" data-end=\"527\">T\u1ee7 \u00e1o c\u00e1nh m\u1edf MHT01 l\u00e0 m\u1eabu t\u1ee7 qu\u1ea7n \u00e1o c\u00e1nh m\u1edf \u0111\u1ee5ng tr\u1ea7n v\u1edbi phong c\u00e1ch thi\u1ebft k\u1ebf \u0111\u01a1n gi\u1ea3n nh\u01b0ng tinh t\u1ebf, ph\u00f9 h\u1ee3p v\u1edbi nhi\u1ec1u kh\u00f4ng gian n\u1ed9i th\u1ea5t t\u1eeb hi\u1ec7n \u0111\u1ea1i \u0111\u1ebfn c\u1ed5 \u0111i\u1ec3n ho\u1eb7c vintage. S\u1ea3n ph\u1ea9m s\u1eed d\u1ee5ng ch\u1ea5t li\u1ec7u g\u1ed7 c\u00f4ng nghi\u1ec7p MDF ch\u1ed1ng \u1ea9m ph\u1ee7 Melamine cao c\u1ea5p, mang l\u1ea1i \u0111\u1ed9 b\u1ec1n cao, kh\u1ea3 n\u0103ng ch\u1ed1ng tr\u1ea7y x\u01b0\u1edbc v\u00e0 ch\u1ed1ng \u1ea9m t\u1ed1t, \u0111\u1ed3ng th\u1eddi thi\u1ebft k\u1ebf ch\u1eafc ch\u1eafn gi\u00fap t\u1ed1i \u01b0u kh\u00f4ng gian l\u01b0u tr\u1eef qu\u1ea7n \u00e1o v\u00e0 v\u1eadt d\u1ee5ng c\u00e1 nh\u00e2n.<br \/>\n<em><span style=\"color: #ed1c24;\">M\u00e0u g\u1ed7 thay \u0111\u1ed5i theo y\u00eau c\u1ea7u c\u1ee7a kh\u00e1ch h\u00e0ng.<\/span><\/em><\/p>\n<p data-start=\"529\" data-end=\"869\">K\u00edch th\u01b0\u1edbc: W800 x D600 x H2400 mm<br data-start=\"563\" data-end=\"566\" \/>Xu\u1ea5t x\u1ee9: S\u1ea3n ph\u1ea9m c\u1ee7a <strong data-start=\"633\" data-end=\"669\">C\u00d4NG TY TNHH SXTM TTNT H\u1eeeU TH\u1ecaNH<\/strong>.<br data-start=\"670\" data-end=\"673\" \/>B\u1ea3o h\u00e0nh: 12 th\u00e1ng theo ti\u00eau chu\u1ea9n nh\u00e0 m\u00e1y.<br data-start=\"716\" data-end=\"719\" \/><em><span style=\"color: #ed1c24;\">L\u01b0u \u00fd: Gi\u00e1 tr\u00ean ch\u01b0a bao g\u1ed3m VAT v\u00e0 ph\u00ed v\u1eadn chuy\u1ec3n. Gi\u00e1 s\u1ea3n ph\u1ea9m c\u00f3 th\u1ec3 thay \u0111\u1ed5i theo t\u1eebng th\u1eddi \u0111i\u1ec3m, vui l\u00f2ng li\u00ean h\u1ec7 \u0111\u1ec3 nh\u1eadn t\u01b0 v\u1ea5n \u01b0u \u0111\u00e3i t\u1ed1t nh\u1ea5t.<\/span><\/em><\/p>\n","protected":false},"featured_media":8116,"comment_status":"open","ping_status":"closed","template":"","meta":[],"product_brand":[],"product_cat":[18,411],"product_tag":[],"class_list":{"0":"post-8115","1":"product","2":"type-product","3":"status-publish","4":"has-post-thumbnail","6":"product_cat-noi-that-gia-dinh","7":"product_cat-tu-ao","9":"first","10":"instock","11":"taxable","12":"shipping-taxable","13":"purchasable","14":"product-type-simple"},"_links":{"self":[{"href":"https:\/\/noithathuuthinhvn214.mbws.vn\/zh-hans\/wp-json\/wp\/v2\/product\/8115","targetHints":{"allow":["GET"]}}],"collection":[{"href":"https:\/\/noithathuuthinhvn214.mbws.vn\/zh-hans\/wp-json\/wp\/v2\/product"}],"about":[{"href":"https:\/\/noithathuuthinhvn214.mbws.vn\/zh-hans\/wp-json\/wp\/v2\/types\/product"}],"replies":[{"embeddable":true,"href":"https:\/\/noithathuuthinhvn214.mbws.vn\/zh-hans\/wp-json\/wp\/v2\/comments?post=8115"}],"wp:featuredmedia":[{"embeddable":true,"href":"https:\/\/noithathuuthinhvn214.mbws.vn\/zh-hans\/wp-json\/wp\/v2\/media\/8116"}],"wp:attachment":[{"href":"https:\/\/noithathuuthinhvn214.mbws.vn\/zh-hans\/wp-json\/wp\/v2\/media?parent=8115"}],"wp:term":[{"taxonomy":"product_brand","embeddable":true,"href":"https:\/\/noithathuuthinhvn214.mbws.vn\/zh-hans\/wp-json\/wp\/v2\/product_brand?post=8115"},{"taxonomy":"product_cat","embeddable":true,"href":"https:\/\/noithathuuthinhvn214.mbws.vn\/zh-hans\/wp-json\/wp\/v2\/product_cat?post=8115"},{"taxonomy":"product_tag","embeddable":true,"href":"https:\/\/noithathuuthinhvn214.mbws.vn\/zh-hans\/wp-json\/wp\/v2\/product_tag?post=8115"}],"curies":[{"name":"wp","href":"https:\/\/api.w.org\/{rel}","templated":true}]}}