{"id":5056,"date":"2025-12-01T15:35:01","date_gmt":"2025-12-01T08:35:01","guid":{"rendered":"https:\/\/noithathuuthinh.vn\/?post_type=product&#038;p=5056"},"modified":"2025-12-01T15:35:01","modified_gmt":"2025-12-01T08:35:01","slug":"ghe-phong-hop-gl402x","status":"publish","type":"product","link":"https:\/\/noithathuuthinhvn214.mbws.vn\/zh-hans\/san-pham\/ghe-phong-hop-gl402x\/","title":{"rendered":"Gh\u1ebf ph\u00f2ng h\u1ecdp GL402X"},"content":{"rendered":"<p data-start=\"789\" data-end=\"1188\">Gh\u1ebf ph\u00f2ng h\u1ecdp GL402X thu\u1ed9c d\u00f2ng gh\u1ebf h\u1ed9i th\u1ea3o cao c\u1ea5p c\u1ee7a N\u1ed9i th\u1ea5t The One, \u0111\u01b0\u1ee3c thi\u1ebft k\u1ebf nh\u1eb1m mang \u0111\u1ebfn s\u1ef1 linh ho\u1ea1t, ti\u1ec7n d\u1ee5ng v\u00e0 tho\u1ea3i m\u00e1i t\u1ed1i \u0111a trong qu\u00e1 tr\u00ecnh s\u1eed d\u1ee5ng. V\u1edbi thi\u1ebft k\u1ebf th\u00f4ng minh, kh\u1ea3 n\u0103ng g\u1ea5p g\u1ecdn v\u00e0 x\u1ebfp l\u1ed3ng v\u00e0o nhau, c\u00f9ng h\u1ec7 th\u1ed1ng b\u00e1nh xe ti\u1ec7n l\u1ee3i, GL402X tr\u1edf th\u00e0nh gi\u1ea3i ph\u00e1p ho\u00e0n h\u1ea3o cho c\u00e1c kh\u00f4ng gian c\u1ea7n s\u1ef1 linh ho\u1ea1t cao nh\u01b0 ph\u00f2ng h\u1ecdp, h\u1ed9i th\u1ea3o, l\u1edbp h\u1ecdc hay trung t\u00e2m \u0111\u00e0o t\u1ea1o.<\/p>\n<p data-start=\"1190\" data-end=\"1618\">\u0110i\u1ec3m \u1ea5n t\u01b0\u1ee3ng \u0111\u1ea7u ti\u00ean c\u1ee7a GL402X l\u00e0 ph\u1ea7n t\u1ef1a l\u01b0ng b\u1eb1ng khung nh\u1ef1a b\u1ecdc v\u1ea3i l\u01b0\u1edbi, gi\u00fap t\u1ea1o s\u1ef1 th\u00f4ng tho\u00e1ng, h\u1ea1n ch\u1ebf t\u00edch nhi\u1ec7t v\u00e0 mang l\u1ea1i c\u1ea3m gi\u00e1c d\u1ec5 ch\u1ecbu khi ng\u1ed3i l\u00e2u. Ch\u1ea5t li\u1ec7u l\u01b0\u1edbi c\u00f2n c\u00f3 \u0111\u1ed9 \u0111\u00e0n h\u1ed3i t\u1ed1t, h\u1ed7 tr\u1ee3 l\u01b0ng ng\u01b0\u1eddi d\u00f9ng m\u1ed9t c\u00e1ch t\u1ef1 nhi\u00ean, gi\u1ea3m \u00e1p l\u1ef1c l\u00ean c\u1ed9t s\u1ed1ng v\u00e0 \u0111em l\u1ea1i t\u01b0 th\u1ebf ng\u1ed3i \u0111\u00fang chu\u1ea9n. Thi\u1ebft k\u1ebf t\u1ef1a l\u01b0ng \u00f4m nh\u1eb9 c\u01a1 th\u1ec3 gi\u00fap ng\u01b0\u1eddi ng\u1ed3i lu\u00f4n tho\u1ea3i m\u00e1i trong su\u1ed1t bu\u1ed5i h\u1ecdp ho\u1eb7c bu\u1ed5i \u0111\u00e0o t\u1ea1o k\u00e9o d\u00e0i nhi\u1ec1u gi\u1edd.<\/p>\n<p data-start=\"1620\" data-end=\"1962\">M\u1ed9t \u01b0u \u0111i\u1ec3m n\u1ed5i b\u1eadt c\u1ee7a gh\u1ebf ph\u00f2ng h\u1ecdp GL402X ch\u00ednh l\u00e0 kh\u1ea3 n\u0103ng g\u1ea5p g\u1ecdn linh ho\u1ea1t. Khi kh\u00f4ng s\u1eed d\u1ee5ng, ng\u01b0\u1eddi d\u00f9ng c\u00f3 th\u1ec3 g\u1ea5p gh\u1ebf d\u1ec5 d\u00e0ng v\u00e0 x\u1ebfp l\u1ed3ng v\u00e0o nhau theo h\u00e0ng, gi\u00fap t\u1ed1i \u01b0u kh\u00f4ng gian l\u01b0u tr\u1eef. T\u00ednh n\u0103ng n\u00e0y khi\u1ebfn s\u1ea3n ph\u1ea9m \u0111\u1eb7c bi\u1ec7t ph\u00f9 h\u1ee3p v\u1edbi nh\u1eefng n\u01a1i c\u00f3 di\u1ec7n t\u00edch h\u1ea1n ch\u1ebf ho\u1eb7c nh\u1eefng khu v\u1ef1c c\u1ea7n th\u01b0\u1eddng xuy\u00ean thay \u0111\u1ed5i b\u1ed1 c\u1ee5c ph\u00f2ng h\u1ecdp.<\/p>\n<p data-start=\"1964\" data-end=\"2313\">\u0110i k\u00e8m v\u1edbi \u0111\u00f3 l\u00e0 h\u1ec7 th\u1ed1ng ch\u00e2n th\u00e9p m\u1ea1 ho\u1eb7c s\u01a1n hi\u1ec7n \u0111\u1ea1i, \u0111\u01b0\u1ee3c trang b\u1ecb b\u00e1nh xe di chuy\u1ec3n \u00eam \u00e1i. Nh\u1edd b\u00e1nh xe, vi\u1ec7c s\u1eafp x\u1ebfp l\u1ea1i ph\u00f2ng, thay \u0111\u1ed5i v\u1ecb tr\u00ed ch\u1ed7 ng\u1ed3i ho\u1eb7c di chuy\u1ec3n gh\u1ebf tr\u1edf n\u00ean nh\u1eb9 nh\u00e0ng v\u00e0 nhanh ch\u00f3ng h\u01a1n bao gi\u1edd h\u1ebft. \u0110\u00e2y l\u00e0 l\u1ee3i th\u1ebf l\u1edbn so v\u1edbi nh\u1eefng m\u1eabu gh\u1ebf h\u1ed9i th\u1ea3o truy\u1ec1n th\u1ed1ng kh\u00f4ng c\u00f3 b\u00e1nh xe, v\u1ed1n g\u00e2y kh\u00f3 kh\u0103n khi c\u1ea7n thay \u0111\u1ed5i b\u1ed1 tr\u00ed.<\/p>\n<p data-start=\"2315\" data-end=\"2616\">V\u1ec1 \u0111\u1ed9 b\u1ec1n, khung gh\u1ebf b\u1eb1ng th\u00e9p m\u1ea1 ho\u1eb7c th\u00e9p s\u01a1n t\u0129nh \u0111i\u1ec7n gi\u00fap s\u1ea3n ph\u1ea9m lu\u00f4n ch\u1eafc ch\u1eafn, ch\u1ecbu l\u1ef1c t\u1ed1t v\u00e0 h\u1ea1n ch\u1ebf g\u1ec9 s\u00e9t theo th\u1eddi gian. M\u00e0u s\u1eafc ch\u00e2n gh\u1ebf hi\u1ec7n \u0111\u1ea1i, d\u1ec5 ph\u1ed1i h\u1ee3p v\u1edbi nhi\u1ec1u phong c\u00e1ch n\u1ed9i th\u1ea5t kh\u00e1c nhau, t\u1ea1o n\u00ean t\u1ed5ng th\u1ec3 h\u00e0i h\u00f2a v\u00e0 chuy\u00ean nghi\u1ec7p cho kh\u00f4ng gian ph\u00f2ng h\u1ecdp ho\u1eb7c ph\u00f2ng \u0111\u00e0o t\u1ea1o.<\/p>\n<p data-start=\"2618\" data-end=\"2885\">K\u00edch th\u01b0\u1edbc W585 x D590 x H850 mm \u0111\u01b0\u1ee3c thi\u1ebft k\u1ebf theo chu\u1ea9n ergonomic, ph\u00f9 h\u1ee3p v\u1edbi \u0111a s\u1ed1 ng\u01b0\u1eddi d\u00f9ng. M\u1eb7t gh\u1ebf c\u00f3 \u0111\u1ed9 cong nh\u1eb9, t\u1ea1o c\u1ea3m gi\u00e1c d\u1ec5 ch\u1ecbu khi ng\u1ed3i l\u00e2u. Thi\u1ebft k\u1ebf thanh tho\u00e1t, g\u1ecdn g\u00e0ng kh\u00f4ng ch\u1ec9 ti\u1ebft ki\u1ec7m kh\u00f4ng gian m\u00e0 c\u00f2n gi\u00fap ph\u00f2ng h\u1ecdp lu\u00f4n ng\u0103n n\u1eafp v\u00e0 th\u1ea9m m\u1ef9.<\/p>\n<p data-start=\"2887\" data-end=\"3271\">Gh\u1ebf ph\u00f2ng h\u1ecdp GL402X s\u1edf h\u1eefu thi\u1ebft k\u1ebf t\u1ed1i \u01b0u cho s\u1ef1 linh ho\u1ea1t, t\u1eeb kh\u1ea3 n\u0103ng g\u1ea5p g\u1ecdn, x\u1ebfp l\u1ed3ng, b\u00e1nh xe di chuy\u1ec3n cho \u0111\u1ebfn ch\u1ea5t li\u1ec7u l\u01b0\u1edbi tho\u00e1ng m\u00e1t v\u00e0 khung th\u00e9p ch\u1eafc ch\u1eafn. S\u1ea3n ph\u1ea9m l\u00e0 l\u1ef1a ch\u1ecdn l\u00fd t\u01b0\u1edfng cho doanh nghi\u1ec7p, c\u01a1 quan nh\u00e0 n\u01b0\u1edbc, tr\u01b0\u1eddng h\u1ecdc, trung t\u00e2m \u0111\u00e0o t\u1ea1o hay \u0111\u01a1n v\u1ecb t\u1ed5 ch\u1ee9c s\u1ef1 ki\u1ec7n \u2013 n\u01a1i c\u1ea7n m\u1ed9t m\u1eabu gh\u1ebf v\u1eeba tho\u1ea3i m\u00e1i, v\u1eeba b\u1ec1n b\u1ec9 l\u1ea1i linh \u0111\u1ed9ng trong m\u1ecdi t\u00ecnh hu\u1ed1ng s\u1eed d\u1ee5ng.<\/p>\n<p data-start=\"3273\" data-end=\"3443\" data-is-last-node=\"\" data-is-only-node=\"\">V\u1edbi GL402X, kh\u00f4ng gian h\u1ed9i th\u1ea3o c\u1ee7a b\u1ea1n kh\u00f4ng ch\u1ec9 tr\u1edf n\u00ean hi\u1ec7n \u0111\u1ea1i v\u00e0 chuy\u00ean nghi\u1ec7p h\u01a1n, m\u00e0 c\u00f2n n\u00e2ng cao hi\u1ec7u qu\u1ea3 s\u1eed d\u1ee5ng nh\u1edd t\u00ednh ti\u1ec7n l\u1ee3i v\u01b0\u1ee3t tr\u1ed9i m\u00e0 m\u1eabu gh\u1ebf mang l\u1ea1i.<\/p>\n","protected":false},"excerpt":{"rendered":"<p data-start=\"57\" data-end=\"406\">Gh\u1ebf ph\u00f2ng h\u1ecdp GL402X l\u00e0 m\u1eabu gh\u1ebf h\u1ed9i th\u1ea3o ti\u1ec7n d\u1ee5ng v\u1edbi khung t\u1ef1a nh\u1ef1a b\u1ecdc v\u1ea3i l\u01b0\u1edbi tho\u00e1ng m\u00e1t, mang l\u1ea1i c\u1ea3m gi\u00e1c tho\u1ea3i m\u00e1i khi ng\u1ed3i trong th\u1eddi gian d\u00e0i. Gh\u1ebf c\u00f3 th\u1ec3 g\u1ea5p g\u1ecdn v\u00e0 x\u1ebfp l\u1ed3ng v\u00e0o nhau theo h\u00e0ng gi\u00fap ti\u1ebft ki\u1ec7m di\u1ec7n t\u00edch, \u0111\u1ed3ng th\u1eddi \u0111\u01b0\u1ee3c trang b\u1ecb ch\u00e2n th\u00e9p m\u1ea1 ho\u1eb7c s\u01a1n k\u00e8m b\u00e1nh xe, t\u1ea1o s\u1ef1 linh ho\u1ea1t t\u1ed1i \u0111a trong di chuy\u1ec3n v\u00e0 b\u1ed1 tr\u00ed kh\u00f4ng gian.<\/p>\n<p data-start=\"408\" data-end=\"444\">Ch\u00e2n s\u01a1n &#8211;\u00a0 <span style=\"color: #ed1c24; font-size: 120%;\"><strong>875.000 \u0111<\/strong><\/span><br \/>\nCh\u00e2n m\u1ea1 &#8211; <span style=\"color: #ed1c24; font-size: 120%;\"><strong>950.000 \u0111<\/strong><\/span><br \/>\nK\u00edch th\u01b0\u1edbc: W585 x D590 x H850 (mm)<\/p>\n<p data-start=\"446\" data-end=\"741\">Xu\u1ea5t x\u1ee9: S\u1ea3n ph\u1ea9m c\u1ee7a c\u00f4ng ty N\u1ed8I TH\u1ea4T THE ONE \u2013 Ph\u00e2n ph\u1ed1i b\u1edfi C\u00d4NG TY TNHH SXTM TTNT H\u1eeeU TH\u1ecaNH<br data-start=\"541\" data-end=\"544\" \/>B\u1ea3o h\u00e0nh: 12 th\u00e1ng theo ti\u00eau chu\u1ea9n nh\u00e0 m\u00e1y<br data-start=\"586\" data-end=\"589\" \/><span style=\"color: #ed1c24;\"><em data-start=\"589\" data-end=\"741\">L\u01b0u \u00fd: Gi\u00e1 tr\u00ean ch\u01b0a bao g\u1ed3m VAT v\u00e0 ph\u00ed v\u1eadn chuy\u1ec3n. Gi\u00e1 s\u1ea3n ph\u1ea9m c\u00f3 th\u1ec3 thay \u0111\u1ed5i theo t\u1eebng th\u1eddi \u0111i\u1ec3m, vui l\u00f2ng li\u00ean h\u1ec7 \u0111\u1ec3 nh\u1eadn t\u01b0 v\u1ea5n \u01b0u \u0111\u00e3i t\u1ed1t nh\u1ea5t.<\/em><\/span><\/p>\n","protected":false},"featured_media":5057,"comment_status":"open","ping_status":"closed","template":"","meta":[],"product_brand":[],"product_cat":[17,313],"product_tag":[],"class_list":{"0":"post-5056","1":"product","2":"type-product","3":"status-publish","4":"has-post-thumbnail","6":"product_cat-noi-that-van-phong","7":"product_cat-ghe-phong-hop","9":"first","10":"instock","11":"taxable","12":"shipping-taxable","13":"purchasable","14":"product-type-simple"},"_links":{"self":[{"href":"https:\/\/noithathuuthinhvn214.mbws.vn\/zh-hans\/wp-json\/wp\/v2\/product\/5056","targetHints":{"allow":["GET"]}}],"collection":[{"href":"https:\/\/noithathuuthinhvn214.mbws.vn\/zh-hans\/wp-json\/wp\/v2\/product"}],"about":[{"href":"https:\/\/noithathuuthinhvn214.mbws.vn\/zh-hans\/wp-json\/wp\/v2\/types\/product"}],"replies":[{"embeddable":true,"href":"https:\/\/noithathuuthinhvn214.mbws.vn\/zh-hans\/wp-json\/wp\/v2\/comments?post=5056"}],"wp:featuredmedia":[{"embeddable":true,"href":"https:\/\/noithathuuthinhvn214.mbws.vn\/zh-hans\/wp-json\/wp\/v2\/media\/5057"}],"wp:attachment":[{"href":"https:\/\/noithathuuthinhvn214.mbws.vn\/zh-hans\/wp-json\/wp\/v2\/media?parent=5056"}],"wp:term":[{"taxonomy":"product_brand","embeddable":true,"href":"https:\/\/noithathuuthinhvn214.mbws.vn\/zh-hans\/wp-json\/wp\/v2\/product_brand?post=5056"},{"taxonomy":"product_cat","embeddable":true,"href":"https:\/\/noithathuuthinhvn214.mbws.vn\/zh-hans\/wp-json\/wp\/v2\/product_cat?post=5056"},{"taxonomy":"product_tag","embeddable":true,"href":"https:\/\/noithathuuthinhvn214.mbws.vn\/zh-hans\/wp-json\/wp\/v2\/product_tag?post=5056"}],"curies":[{"name":"wp","href":"https:\/\/api.w.org\/{rel}","templated":true}]}}