{"id":5043,"date":"2025-12-01T14:58:20","date_gmt":"2025-12-01T07:58:20","guid":{"rendered":"https:\/\/noithathuuthinh.vn\/?post_type=product&#038;p=5043"},"modified":"2025-12-01T15:17:42","modified_gmt":"2025-12-01T08:17:42","slug":"ghe-phong-hop-gl402xb","status":"publish","type":"product","link":"https:\/\/noithathuuthinhvn214.mbws.vn\/zh-hans\/san-pham\/ghe-phong-hop-gl402xb\/","title":{"rendered":"Gh\u1ebf ph\u00f2ng h\u1ecdp GL402XB"},"content":{"rendered":"<p data-start=\"801\" data-end=\"1183\">Gh\u1ebf ph\u00f2ng h\u1ecdp GL402XB thu\u1ed9c d\u00f2ng gh\u1ebf h\u1ecdp hi\u1ec7n \u0111\u1ea1i c\u1ee7a N\u1ed9i th\u1ea5t The One, \u0111\u01b0\u1ee3c thi\u1ebft k\u1ebf d\u00e0nh ri\u00eang cho kh\u00f4ng gian ph\u00f2ng h\u1ecdp, l\u1edbp h\u1ecdc ho\u1eb7c h\u1ed9i th\u1ea3o, n\u01a1i c\u1ea7n s\u1ef1 ti\u1ec7n nghi v\u00e0 kh\u1ea3 n\u0103ng s\u1eafp x\u1ebfp linh ho\u1ea1t. S\u1ea3n ph\u1ea9m g\u00e2y \u1ea5n t\u01b0\u1ee3ng v\u1edbi khung gh\u1ebf b\u1ecdc v\u1ea3i l\u01b0\u1edbi th\u00f4ng tho\u00e1ng, gi\u00fap ng\u01b0\u1eddi ng\u1ed3i lu\u00f4n c\u1ea3m th\u1ea5y d\u1ec5 ch\u1ecbu trong th\u1eddi gian d\u00e0i, \u0111\u1ed3ng th\u1eddi t\u1ea1o s\u1ef1 hi\u1ec7n \u0111\u1ea1i, tr\u1ebb trung cho kh\u00f4ng gian ph\u00f2ng h\u1ecdp.<\/p>\n<p data-start=\"1185\" data-end=\"1654\">M\u1ed9t \u0111i\u1ec3m n\u1ed5i b\u1eadt c\u1ee7a gh\u1ebf GL402XB l\u00e0 trang b\u1ecb b\u00e0n vi\u1ebft ti\u1ec7n d\u1ee5ng, gi\u00fap ng\u01b0\u1eddi d\u00f9ng d\u1ec5 d\u00e0ng ghi ch\u00e9p, s\u1eed d\u1ee5ng m\u00e1y t\u00ednh b\u1ea3ng ho\u1eb7c l\u00e0m vi\u1ec7c ngay tr\u00ean gh\u1ebf m\u00e0 kh\u00f4ng c\u1ea7n th\u00eam b\u00e0n ph\u1ee5. B\u00e0n vi\u1ebft \u0111\u01b0\u1ee3c thi\u1ebft k\u1ebf g\u1ecdn g\u00e0ng, ch\u1eafc ch\u1eafn v\u00e0 d\u1ec5 g\u1eadp l\u1ea1i, \u0111\u1ea3m b\u1ea3o s\u1ef1 linh ho\u1ea1t t\u1ed1i \u0111a trong qu\u00e1 tr\u00ecnh s\u1eed d\u1ee5ng. Kh\u1ea3 n\u0103ng g\u1ea5p g\u1ecdn v\u00e0 x\u1ebfp l\u1ed3ng c\u1ee7a gh\u1ebf gi\u00fap ti\u1ebft ki\u1ec7m di\u1ec7n t\u00edch khi kh\u00f4ng s\u1eed d\u1ee5ng, r\u1ea5t ph\u00f9 h\u1ee3p v\u1edbi c\u00e1c ph\u00f2ng h\u1ecdp \u0111a n\u0103ng ho\u1eb7c l\u1edbp h\u1ecdc c\u00f3 nhu c\u1ea7u di chuy\u1ec3n, thay \u0111\u1ed5i b\u1ed1 tr\u00ed nhanh ch\u00f3ng.<\/p>\n<p data-start=\"1656\" data-end=\"2023\">Gh\u1ebf GL402XB \u0111\u01b0\u1ee3c trang b\u1ecb ch\u00e2n th\u00e9p ch\u1eafc ch\u1eafn, c\u00f3 hai l\u1ef1a ch\u1ecdn: m\u1ea1 s\u00e1ng b\u00f3ng ho\u1eb7c s\u01a1n t\u0129nh \u0111i\u1ec7n m\u00e0u b\u1ec1n \u0111\u1eb9p. B\u00e1nh xe di chuy\u1ec3n linh ho\u1ea1t gi\u00fap ng\u01b0\u1eddi d\u00f9ng d\u1ec5 d\u00e0ng di chuy\u1ec3n gh\u1ebf m\u00e0 kh\u00f4ng l\u00e0m tr\u1ea7y s\u00e0n ho\u1eb7c g\u00e2y ti\u1ebfng \u1ed3n, \u0111\u1ed3ng th\u1eddi gi\u00fap vi\u1ec7c s\u1eafp x\u1ebfp ph\u00f2ng h\u1ecdp tr\u1edf n\u00ean nhanh ch\u00f3ng v\u00e0 ti\u1ec7n l\u1ee3i. C\u1ea5u tr\u00fac gh\u1ebf v\u1eefng ch\u1eafc, ch\u1ecbu l\u1ef1c t\u1ed1t, \u0111\u1ea3m b\u1ea3o an to\u00e0n v\u00e0 \u1ed5n \u0111\u1ecbnh cho ng\u01b0\u1eddi ng\u1ed3i.<\/p>\n<p data-start=\"2025\" data-end=\"2330\">Thi\u1ebft k\u1ebf gh\u1ebf GL402XB kh\u00f4ng ch\u1ec9 t\u1eadp trung v\u00e0o t\u00ednh n\u0103ng ti\u1ec7n \u00edch m\u00e0 c\u00f2n h\u01b0\u1edbng \u0111\u1ebfn s\u1ef1 th\u1ea9m m\u1ef9 hi\u1ec7n \u0111\u1ea1i. Ph\u1ea7n t\u1ef1a l\u01b0ng b\u1ecdc v\u1ea3i l\u01b0\u1edbi th\u00f4ng tho\u00e1ng gi\u00fap n\u00e2ng \u0111\u1ee1 c\u1ed9t s\u1ed1ng, gi\u1ea3m m\u1ecfi l\u01b0ng v\u00e0 vai trong qu\u00e1 tr\u00ecnh ng\u1ed3i h\u1ecdp k\u00e9o d\u00e0i. M\u1eb7t \u0111\u1ec7m gh\u1ebf \u00eam \u00e1i, \u0111\u1ed9 \u0111\u00e0n h\u1ed3i cao, mang l\u1ea1i tr\u1ea3i nghi\u1ec7m ng\u1ed3i tho\u1ea3i m\u00e1i cho m\u1ecdi ng\u01b0\u1eddi.<\/p>\n<p data-start=\"2332\" data-end=\"2621\">V\u1edbi k\u00edch th\u01b0\u1edbc W620 x D590\u2013725 x H850 mm, gh\u1ebf GL402XB ph\u00f9 h\u1ee3p v\u1edbi nhi\u1ec1u v\u00f3c d\u00e1ng ng\u01b0\u1eddi d\u00f9ng v\u00e0 \u0111\u1ea3m b\u1ea3o s\u1ef1 linh ho\u1ea1t khi x\u1ebfp g\u1ecdn ho\u1eb7c di chuy\u1ec3n. Ki\u1ec3u d\u00e1ng thanh tho\u00e1t, gam m\u00e0u trung t\u00ednh d\u1ec5 k\u1ebft h\u1ee3p v\u1edbi nhi\u1ec1u lo\u1ea1i b\u00e0n h\u1ecdp, n\u1ed9i th\u1ea5t ph\u00f2ng h\u1ecdp v\u00e0 trang thi\u1ebft b\u1ecb kh\u00e1c trong kh\u00f4ng gian l\u00e0m vi\u1ec7c.<\/p>\n<p data-start=\"2623\" data-end=\"3024\">Gh\u1ebf ph\u00f2ng h\u1ecdp GL402XB l\u00e0 gi\u1ea3i ph\u00e1p t\u1ed1i \u01b0u cho c\u00e1c doanh nghi\u1ec7p, trung t\u00e2m \u0111\u00e0o t\u1ea1o ho\u1eb7c c\u00e1c kh\u00f4ng gian h\u1ed9i th\u1ea3o c\u1ea7n gh\u1ebf v\u1eeba ti\u1ec7n l\u1ee3i, v\u1eeba tho\u1ea3i m\u00e1i v\u00e0 b\u1ec1n b\u1ec9. S\u1ea3n ph\u1ea9m k\u1ebft h\u1ee3p ho\u00e0n h\u1ea3o gi\u1eefa thi\u1ebft k\u1ebf hi\u1ec7n \u0111\u1ea1i, ch\u1ea5t li\u1ec7u cao c\u1ea5p, t\u00ednh n\u0103ng g\u1ea5p g\u1ecdn v\u00e0 kh\u1ea3 n\u0103ng di chuy\u1ec3n linh ho\u1ea1t, mang l\u1ea1i tr\u1ea3i nghi\u1ec7m s\u1eed d\u1ee5ng t\u1ed1i \u01b0u, \u0111\u1ed3ng th\u1eddi gi\u00fap ti\u1ebft ki\u1ec7m di\u1ec7n t\u00edch v\u00e0 n\u00e2ng cao h\u00ecnh \u1ea3nh chuy\u00ean nghi\u1ec7p cho ph\u00f2ng h\u1ecdp.<\/p>\n<p data-start=\"3026\" data-end=\"3176\" data-is-last-node=\"\" data-is-only-node=\"\">V\u1edbi GL402XB, m\u1ed7i bu\u1ed5i h\u1ecdp hay bu\u1ed5i h\u1ecdc \u0111\u1ec1u tr\u1edf n\u00ean hi\u1ec7u qu\u1ea3, thu\u1eadn ti\u1ec7n v\u00e0 tho\u1ea3i m\u00e1i, \u0111\u00e1p \u1ee9ng m\u1ecdi nhu c\u1ea7u s\u1eed d\u1ee5ng trong m\u00f4i tr\u01b0\u1eddng v\u0103n ph\u00f2ng hi\u1ec7n \u0111\u1ea1i.<\/p>\n","protected":false},"excerpt":{"rendered":"<p data-start=\"58\" data-end=\"414\">Gh\u1ebf ph\u00f2ng h\u1ecdp GL402XB l\u00e0 m\u1eabu gh\u1ebf h\u1ecdp hi\u1ec7n \u0111\u1ea1i, khung t\u1ef1a b\u1ecdc v\u1ea3i l\u01b0\u1edbi k\u1ebft h\u1ee3p v\u1edbi b\u00e0n vi\u1ebft ti\u1ec7n d\u1ee5ng, mang l\u1ea1i s\u1ef1 tho\u1ea3i m\u00e1i v\u00e0 ti\u1ec7n nghi cho ng\u01b0\u1eddi s\u1eed d\u1ee5ng. Gh\u1ebf c\u00f3 th\u1ec3 g\u1ea5p g\u1ecdn v\u00e0 x\u1ebfp l\u1ed3ng v\u00e0o nhau, gi\u00fap ti\u1ebft ki\u1ec7m kh\u00f4ng gian khi kh\u00f4ng s\u1eed d\u1ee5ng. S\u1ea3n ph\u1ea9m s\u1eed d\u1ee5ng ch\u00e2n th\u00e9p m\u1ea1 ho\u1eb7c s\u01a1n, k\u1ebft h\u1ee3p b\u00e1nh xe linh ho\u1ea1t, d\u1ec5 d\u00e0ng di chuy\u1ec3n trong ph\u00f2ng h\u1ecdp ho\u1eb7c l\u1edbp h\u1ecdc.<\/p>\n<p data-start=\"416\" data-end=\"456\">Ch\u00e2n th\u00e9p s\u01a1n &#8211; <span style=\"color: #ed1c24; font-size: 120%;\"><strong>1.188.000 \u0111\u00a0<\/strong><\/span><br \/>\nCh\u00e2n th\u00e9p m\u1ea1 &#8211; <span style=\"color: #ed1c24; font-size: 120%;\"><strong>1.175.000 \u0111<\/strong><\/span><br \/>\nK\u00edch th\u01b0\u1edbc: W620 x D590\u2013725 x H850 (mm)<\/p>\n<p data-start=\"458\" data-end=\"753\">Xu\u1ea5t x\u1ee9: S\u1ea3n ph\u1ea9m c\u1ee7a c\u00f4ng ty N\u1ed8I TH\u1ea4T THE ONE \u2013 Ph\u00e2n ph\u1ed1i b\u1edfi C\u00d4NG TY TNHH SXTM TTNT H\u1eeeU TH\u1ecaNH<br data-start=\"553\" data-end=\"556\" \/>B\u1ea3o h\u00e0nh: 12 th\u00e1ng theo ti\u00eau chu\u1ea9n nh\u00e0 m\u00e1y<br data-start=\"598\" data-end=\"601\" \/><span style=\"color: #ed1c24;\"><em data-start=\"601\" data-end=\"753\">L\u01b0u \u00fd: Gi\u00e1 tr\u00ean ch\u01b0a bao g\u1ed3m VAT v\u00e0 ph\u00ed v\u1eadn chuy\u1ec3n. Gi\u00e1 s\u1ea3n ph\u1ea9m c\u00f3 th\u1ec3 thay \u0111\u1ed5i theo t\u1eebng th\u1eddi \u0111i\u1ec3m, vui l\u00f2ng li\u00ean h\u1ec7 \u0111\u1ec3 nh\u1eadn t\u01b0 v\u1ea5n \u01b0u \u0111\u00e3i t\u1ed1t nh\u1ea5t.<\/em><\/span><\/p>\n","protected":false},"featured_media":5044,"comment_status":"open","ping_status":"closed","template":"","meta":[],"product_brand":[],"product_cat":[17,313],"product_tag":[],"class_list":{"0":"post-5043","1":"product","2":"type-product","3":"status-publish","4":"has-post-thumbnail","6":"product_cat-noi-that-van-phong","7":"product_cat-ghe-phong-hop","9":"first","10":"instock","11":"taxable","12":"shipping-taxable","13":"purchasable","14":"product-type-simple"},"_links":{"self":[{"href":"https:\/\/noithathuuthinhvn214.mbws.vn\/zh-hans\/wp-json\/wp\/v2\/product\/5043","targetHints":{"allow":["GET"]}}],"collection":[{"href":"https:\/\/noithathuuthinhvn214.mbws.vn\/zh-hans\/wp-json\/wp\/v2\/product"}],"about":[{"href":"https:\/\/noithathuuthinhvn214.mbws.vn\/zh-hans\/wp-json\/wp\/v2\/types\/product"}],"replies":[{"embeddable":true,"href":"https:\/\/noithathuuthinhvn214.mbws.vn\/zh-hans\/wp-json\/wp\/v2\/comments?post=5043"}],"wp:featuredmedia":[{"embeddable":true,"href":"https:\/\/noithathuuthinhvn214.mbws.vn\/zh-hans\/wp-json\/wp\/v2\/media\/5044"}],"wp:attachment":[{"href":"https:\/\/noithathuuthinhvn214.mbws.vn\/zh-hans\/wp-json\/wp\/v2\/media?parent=5043"}],"wp:term":[{"taxonomy":"product_brand","embeddable":true,"href":"https:\/\/noithathuuthinhvn214.mbws.vn\/zh-hans\/wp-json\/wp\/v2\/product_brand?post=5043"},{"taxonomy":"product_cat","embeddable":true,"href":"https:\/\/noithathuuthinhvn214.mbws.vn\/zh-hans\/wp-json\/wp\/v2\/product_cat?post=5043"},{"taxonomy":"product_tag","embeddable":true,"href":"https:\/\/noithathuuthinhvn214.mbws.vn\/zh-hans\/wp-json\/wp\/v2\/product_tag?post=5043"}],"curies":[{"name":"wp","href":"https:\/\/api.w.org\/{rel}","templated":true}]}}