{"id":4989,"date":"2025-12-01T10:16:49","date_gmt":"2025-12-01T03:16:49","guid":{"rendered":"https:\/\/noithathuuthinh.vn\/?post_type=product&#038;p=4989"},"modified":"2025-12-01T10:17:15","modified_gmt":"2025-12-01T03:17:15","slug":"ghe-nhan-vien-gl126","status":"publish","type":"product","link":"https:\/\/noithathuuthinhvn214.mbws.vn\/zh-hans\/san-pham\/ghe-nhan-vien-gl126\/","title":{"rendered":"Gh\u1ebf nh\u00e2n vi\u00ean GL126"},"content":{"rendered":"<p data-start=\"760\" data-end=\"1243\">Gh\u1ebf nh\u00e2n vi\u00ean GL126 thu\u1ed9c d\u00f2ng gh\u1ebf l\u01b0\u1edbi v\u0103n ph\u00f2ng hi\u1ec7n \u0111\u1ea1i, \u0111\u01b0\u1ee3c thi\u1ebft k\u1ebf nh\u1eb1m mang \u0111\u1ebfn s\u1ef1 tho\u00e1ng m\u00e1t, h\u1ed7 tr\u1ee3 t\u01b0 th\u1ebf ng\u1ed3i chu\u1ea9n v\u00e0 t\u1ed1i \u01b0u c\u1ea3m gi\u00e1c tho\u1ea3i m\u00e1i cho ng\u01b0\u1eddi s\u1eed d\u1ee5ng trong m\u00f4i tr\u01b0\u1eddng l\u00e0m vi\u1ec7c chuy\u00ean nghi\u1ec7p. V\u1edbi ki\u1ec3u d\u00e1ng tinh g\u1ecdn, \u0111\u01b0\u1eddng n\u00e9t nh\u1eb9 nh\u00e0ng nh\u01b0ng v\u1eabn \u0111\u1ea3m b\u1ea3o \u0111\u1ed9 v\u1eefng ch\u1eafc, s\u1ea3n ph\u1ea9m tr\u1edf th\u00e0nh l\u1ef1a ch\u1ecdn l\u00fd t\u01b0\u1edfng cho v\u0103n ph\u00f2ng doanh nghi\u1ec7p, ph\u00f2ng ban h\u00e0nh ch\u00ednh, khu v\u1ef1c l\u00e0m vi\u1ec7c c\u00e1 nh\u00e2n ho\u1eb7c c\u00e1c kh\u00f4ng gian l\u00e0m vi\u1ec7c t\u1ea1i nh\u00e0.<\/p>\n<p data-start=\"1245\" data-end=\"1830\">Ngay t\u1eeb c\u00e1i nh\u00ecn \u0111\u1ea7u ti\u00ean, gh\u1ebf nh\u00e2n vi\u00ean GL126 t\u1ea1o \u1ea5n t\u01b0\u1ee3ng v\u1edbi ph\u1ea7n t\u1ef1a l\u01b0ng \u0111\u01b0\u1ee3c l\u00e0m t\u1eeb khung nh\u1ef1a d\u1ebbo b\u1ec1n, b\u1ecdc v\u1ea3i l\u01b0\u1edbi th\u00f4ng tho\u00e1ng gi\u00fap ng\u01b0\u1eddi ng\u1ed3i kh\u00f4ng b\u1ecb b\u00ed nhi\u1ec7t, \u0111\u1eb7c bi\u1ec7t ph\u00f9 h\u1ee3p v\u1edbi nh\u1eefng v\u0103n ph\u00f2ng s\u1eed d\u1ee5ng \u0111i\u1ec1u h\u00f2a ho\u1eb7c ph\u1ea3i ng\u1ed3i l\u00e0m vi\u1ec7c nhi\u1ec1u gi\u1edd. Thi\u1ebft k\u1ebf l\u01b0ng l\u01b0\u1edbi c\u00f2n c\u00f3 \u01b0u \u0111i\u1ec3m \u00f4m s\u00e1t c\u01a1 th\u1ec3, h\u1ed7 tr\u1ee3 v\u00f9ng c\u1ed9t s\u1ed1ng, gi\u00fap duy tr\u00ec t\u01b0 th\u1ebf ng\u1ed3i \u0111\u00fang \u0111\u1ec3 h\u1ea1n ch\u1ebf m\u1ec7t m\u1ecfi v\u00e0 \u0111au nh\u1ee9c l\u01b0ng \u2013 v\u1ea5n \u0111\u1ec1 m\u00e0 r\u1ea5t nhi\u1ec1u nh\u00e2n vi\u00ean v\u0103n ph\u00f2ng g\u1eb7p ph\u1ea3i. T\u1ef1a gh\u1ebf \u0111\u01b0\u1ee3c x\u1eed l\u00fd t\u1ec9 m\u1ec9 v\u1edbi ph\u1ea7n b\u1ecdc v\u1ea3i tr\u00f9m ph\u00eda sau, t\u1ea1o m\u1ed9t t\u1ed5ng th\u1ec3 tinh t\u1ebf v\u00e0 \u0111\u1ed3ng b\u1ed9, t\u0103ng t\u00ednh th\u1ea9m m\u1ef9 cho kh\u00f4ng gian l\u00e0m vi\u1ec7c.<\/p>\n<p data-start=\"1832\" data-end=\"2234\">Ph\u1ea7n \u0111\u1ec7m ng\u1ed3i c\u1ee7a GL126 \u0111\u01b0\u1ee3c l\u00e0m t\u1eeb m\u00fat x\u1ed1p ch\u1ea5t l\u01b0\u1ee3ng cao, b\u1ecdc v\u1ea3i m\u1ec1m m\u1ea1i gi\u00fap t\u0103ng tr\u1ea3i nghi\u1ec7m \u00eam \u00e1i cho ng\u01b0\u1eddi d\u00f9ng. \u0110\u1ed9 c\u1ee9ng v\u1eeba ph\u1ea3i c\u1ee7a m\u00fat ng\u1ed3i \u0111\u01b0\u1ee3c t\u00ednh to\u00e1n k\u1ef9 l\u01b0\u1ee1ng nh\u1eb1m gi\u1eef \u0111\u01b0\u1ee3c h\u00ecnh d\u1ea1ng trong th\u1eddi gian d\u00e0i, kh\u00f4ng b\u1ecb x\u1eb9p l\u00fan, \u0111\u1ed3ng th\u1eddi h\u1ed7 tr\u1ee3 ph\u00e2n b\u1ed5 l\u1ef1c ng\u1ed3i m\u1ed9t c\u00e1ch h\u1ee3p l\u00fd. Nh\u1edd v\u1eady, ngay c\u1ea3 khi ph\u1ea3i l\u00e0m vi\u1ec7c li\u00ean t\u1ee5c trong nhi\u1ec1u gi\u1edd, ng\u01b0\u1eddi d\u00f9ng v\u1eabn c\u1ea3m nh\u1eadn \u0111\u01b0\u1ee3c s\u1ef1 tho\u1ea3i m\u00e1i v\u00e0 d\u1ec5 ch\u1ecbu.<\/p>\n<p data-start=\"2236\" data-end=\"2624\">Tay gh\u1ebf b\u1eb1ng nh\u1ef1a ch\u1eafc ch\u1eafn l\u00e0 m\u1ed9t \u0111i\u1ec3m c\u1ed9ng trong thi\u1ebft k\u1ebf t\u1ed5ng th\u1ec3 c\u1ee7a gh\u1ebf nh\u00e2n vi\u00ean GL126. Ch\u1ea5t li\u1ec7u nh\u1ef1a d\u1ebbo b\u1ec1n gi\u00fap tay gh\u1ebf ch\u1ecbu l\u1ef1c t\u1ed1t, h\u1ea1n ch\u1ebf tr\u1ea7y x\u01b0\u1edbc v\u00e0 ph\u00f9 h\u1ee3p v\u1edbi m\u00f4i tr\u01b0\u1eddng s\u1eed d\u1ee5ng th\u01b0\u1eddng xuy\u00ean. Ki\u1ec3u d\u00e1ng tay \u0111\u01b0\u1ee3c thi\u1ebft k\u1ebf khoa h\u1ecdc, v\u1eeba t\u1ea7m \u0111\u1eb7t tay, h\u1ed7 tr\u1ee3 gi\u1ea3m \u00e1p l\u1ef1c l\u00ean vai v\u00e0 c\u00e1nh tay, t\u1ea1o s\u1ef1 th\u01b0 gi\u00e3n cho ng\u01b0\u1eddi ng\u1ed3i trong l\u00fac l\u00e0m vi\u1ec7c c\u0169ng nh\u01b0 ngh\u1ec9 ng\u01a1i ng\u1eafn gi\u1eefa gi\u1edd.<\/p>\n<p data-start=\"2626\" data-end=\"3172\">GL126 c\u00f3 hai phi\u00ean b\u1ea3n ch\u00e2n gh\u1ebf \u0111\u1ec3 kh\u00e1ch h\u00e0ng d\u1ec5 d\u00e0ng l\u1ef1a ch\u1ecdn theo nhu c\u1ea7u s\u1eed d\u1ee5ng v\u00e0 phong c\u00e1ch v\u0103n ph\u00f2ng: ch\u00e2n nh\u1ef1a v\u00e0 ch\u00e2n th\u00e9p m\u1ea1. Phi\u00ean b\u1ea3n ch\u00e2n nh\u1ef1a c\u00f3 \u01b0u \u0111i\u1ec3m nh\u1eb9, b\u1ec1n, kh\u1ea3 n\u0103ng ch\u1ecbu l\u1ef1c t\u1ed1t v\u00e0 ch\u1ed1ng oxi h\u00f3a. Trong khi \u0111\u00f3, ch\u00e2n th\u00e9p m\u1ea1 mang \u0111\u1ebfn c\u1ea3m gi\u00e1c sang tr\u1ecdng, c\u1ee9ng c\u00e1p v\u00e0 \u0111\u1ed9 \u1ed5n \u0111\u1ecbnh cao h\u01a1n, ph\u00f9 h\u1ee3p v\u1edbi nh\u1eefng kh\u00f4ng gian v\u0103n ph\u00f2ng y\u00eau c\u1ea7u s\u1ef1 ch\u1ec9n chu v\u00e0 hi\u1ec7n \u0111\u1ea1i. C\u1ea3 hai phi\u00ean b\u1ea3n \u0111\u1ec1u \u0111\u01b0\u1ee3c trang b\u1ecb c\u1ea7n h\u01a1i \u0111i\u1ec1u ch\u1ec9nh \u0111\u1ed9 cao linh ho\u1ea1t, cho ph\u00e9p ng\u01b0\u1eddi d\u00f9ng d\u1ec5 d\u00e0ng t\u00f9y ch\u1ec9nh v\u1ecb tr\u00ed ng\u1ed3i ph\u00f9 h\u1ee3p v\u1edbi chi\u1ec1u cao b\u00e0n v\u00e0 s\u1edf th\u00edch c\u00e1 nh\u00e2n.<\/p>\n<p data-start=\"3174\" data-end=\"3502\">S\u1ef1 k\u1ebft h\u1ee3p gi\u1eefa ch\u1ea5t li\u1ec7u l\u01b0\u1edbi tho\u00e1ng m\u00e1t, \u0111\u1ec7m ng\u1ed3i \u00eam \u00e1i, tay gh\u1ebf ti\u1ec7n d\u1ee5ng v\u00e0 hai l\u1ef1a ch\u1ecdn ch\u00e2n gh\u1ebf gi\u00fap gh\u1ebf nh\u00e2n vi\u00ean GL126 \u0111\u00e1p \u1ee9ng \u0111\u01b0\u1ee3c nhi\u1ec1u nhu c\u1ea7u s\u1eed d\u1ee5ng kh\u00e1c nhau. D\u00f9 l\u00e0 v\u0103n ph\u00f2ng c\u00f4ng ty, ph\u00f2ng h\u1ecdp nh\u1ecf, khu v\u1ef1c l\u00e0m vi\u1ec7c c\u00e1 nh\u00e2n hay g\u00f3c h\u1ecdc t\u1eadp t\u1ea1i nh\u00e0, GL126 \u0111\u1ec1u mang l\u1ea1i s\u1ef1 ti\u1ec7n nghi v\u00e0 phong th\u00e1i g\u1ecdn g\u00e0ng, hi\u1ec7n \u0111\u1ea1i.<\/p>\n<p data-start=\"3504\" data-end=\"3806\">Kh\u00f4ng ch\u1ec9 mang l\u1ea1i c\u00f4ng n\u0103ng v\u01b0\u1ee3t tr\u1ed9i, GL126 c\u00f2n l\u00e0 s\u1ea3n ph\u1ea9m c\u00f3 t\u00ednh th\u1ea9m m\u1ef9 cao. Thi\u1ebft k\u1ebf t\u1ed1i gi\u1ea3n, m\u00e0u s\u1eafc trung t\u00ednh gi\u00fap gh\u1ebf d\u1ec5 d\u00e0ng k\u1ebft h\u1ee3p v\u1edbi b\u00e0n l\u00e0m vi\u1ec7c v\u00e0 c\u00e1c \u0111\u1ed3 n\u1ed9i th\u1ea5t kh\u00e1c. \u0110i\u1ec1u n\u00e0y t\u1ea1o n\u00ean s\u1ef1 h\u00e0i h\u00f2a trong t\u1ed5ng th\u1ec3 kh\u00f4ng gian, \u0111\u1ed3ng th\u1eddi t\u0103ng t\u00ednh chuy\u00ean nghi\u1ec7p cho m\u00f4i tr\u01b0\u1eddng v\u0103n ph\u00f2ng.<\/p>\n<p data-start=\"3808\" data-end=\"4190\">Gh\u1ebf nh\u00e2n vi\u00ean GL126 l\u00e0 l\u1ef1a ch\u1ecdn t\u1ed1i \u01b0u d\u00e0nh cho nh\u1eefng ai \u0111ang t\u00ecm ki\u1ebfm m\u1ed9t m\u1eabu gh\u1ebf l\u01b0\u1edbi v\u0103n ph\u00f2ng gi\u00e1 h\u1ee3p l\u00fd, ki\u1ec3u d\u00e1ng \u0111\u1eb9p v\u00e0 ch\u1ea5t l\u01b0\u1ee3ng \u1ed5n \u0111\u1ecbnh. S\u1ea3n ph\u1ea9m kh\u00f4ng ch\u1ec9 h\u1ed7 tr\u1ee3 s\u1ee9c kh\u1ecfe ng\u01b0\u1eddi s\u1eed d\u1ee5ng m\u00e0 c\u00f2n g\u00f3p ph\u1ea7n n\u00e2ng cao n\u0103ng su\u1ea5t l\u00e0m vi\u1ec7c, mang l\u1ea1i s\u1ef1 tho\u1ea3i m\u00e1i d\u00e0i l\u00e2u. V\u1edbi thi\u1ebft k\u1ebf b\u1ec1n b\u1ec9, c\u00f4ng n\u0103ng \u0111a d\u1ea1ng v\u00e0 chi ph\u00ed h\u1ee3p l\u00fd, GL126 x\u1ee9ng \u0111\u00e1ng c\u00f3 m\u1eb7t trong m\u1ecdi v\u0103n ph\u00f2ng hi\u1ec7n \u0111\u1ea1i.<\/p>\n<p data-start=\"4192\" data-end=\"4284\" data-is-last-node=\"\" data-is-only-node=\"\">B\u1ea1n c\u1ea7n t\u01b0 v\u1ea5n th\u00eam ho\u1eb7c b\u00e1o gi\u00e1 t\u1ed1t nh\u1ea5t? H\u00e3y li\u00ean h\u1ec7 H\u1eefu Th\u1ecbnh \u0111\u1ec3 \u0111\u01b0\u1ee3c h\u1ed7 tr\u1ee3 nhanh ch\u00f3ng!<\/p>\n","protected":false},"excerpt":{"rendered":"<p data-start=\"0\" data-end=\"351\">Gh\u1ebf nh\u00e2n vi\u00ean GL126 l\u00e0 m\u1eabu gh\u1ebf l\u01b0\u1edbi v\u0103n ph\u00f2ng ti\u1ec7n d\u1ee5ng v\u1edbi thi\u1ebft k\u1ebf t\u1ef1a l\u01b0ng nh\u1ef1a b\u1ecdc v\u1ea3i l\u01b0\u1edbi tho\u00e1ng m\u00e1t, k\u1ebft h\u1ee3p \u0111\u1ec7m m\u00fat x\u1ed1p b\u1ecdc v\u1ea3i \u00eam \u00e1i, mang \u0111\u1ebfn s\u1ef1 tho\u1ea3i m\u00e1i cho ng\u01b0\u1eddi s\u1eed d\u1ee5ng trong su\u1ed1t ng\u00e0y d\u00e0i l\u00e0m vi\u1ec7c. Tay gh\u1ebf l\u00e0m t\u1eeb nh\u1ef1a ch\u1eafc ch\u1eafn, ph\u00f9 h\u1ee3p v\u1edbi \u0111a d\u1ea1ng kh\u00f4ng gian v\u0103n ph\u00f2ng hi\u1ec7n \u0111\u1ea1i.<\/p>\n<p data-start=\"353\" data-end=\"454\">Gh\u1ebf ch\u00e2n nh\u1ef1a &#8211; <span style=\"color: #ed1c24; font-size: 120%;\"><strong>1.138.000 \u0111<\/strong><\/span><br \/>\nKT: W580 x D570 x H970\u00f71065 mm<br data-start=\"407\" data-end=\"410\" \/>Gh\u1ebf ch\u00e2n th\u00e9p m\u1ea1 &#8211; <span style=\"color: #ed1c24; font-size: 120%;\"><strong>1.268.000 \u0111<\/strong><\/span><br \/>\nKT: W580 x D570 x H970\u00f71050 mm<\/p>\n<p data-start=\"456\" data-end=\"753\">Xu\u1ea5t x\u1ee9: S\u1ea3n ph\u1ea9m c\u1ee7a c\u00f4ng ty N\u1ed8I TH\u1ea4T THE ONE \u2013 Ph\u00e2n ph\u1ed1i b\u1edfi C\u00d4NG TY TNHH SXTM TTNT H\u1eeeU TH\u1ecaNH<br data-start=\"551\" data-end=\"554\" \/>B\u1ea3o h\u00e0nh: 12 th\u00e1ng theo ti\u00eau chu\u1ea9n nh\u00e0 m\u00e1y<br data-start=\"596\" data-end=\"599\" \/><span style=\"color: #ed1c24;\"><em data-start=\"599\" data-end=\"751\">L\u01b0u \u00fd: Gi\u00e1 tr\u00ean ch\u01b0a bao g\u1ed3m VAT v\u00e0 ph\u00ed v\u1eadn chuy\u1ec3n. Gi\u00e1 s\u1ea3n ph\u1ea9m c\u00f3 th\u1ec3 thay \u0111\u1ed5i theo t\u1eebng th\u1eddi \u0111i\u1ec3m, vui l\u00f2ng li\u00ean h\u1ec7 \u0111\u1ec3 nh\u1eadn t\u01b0 v\u1ea5n \u01b0u \u0111\u00e3i t\u1ed1t nh\u1ea5t.<\/em><\/span><\/p>\n","protected":false},"featured_media":4990,"comment_status":"open","ping_status":"closed","template":"","meta":[],"product_brand":[],"product_cat":[17,303],"product_tag":[],"class_list":{"0":"post-4989","1":"product","2":"type-product","3":"status-publish","4":"has-post-thumbnail","6":"product_cat-noi-that-van-phong","7":"product_cat-ghe-nhan-vien","9":"first","10":"instock","11":"taxable","12":"shipping-taxable","13":"purchasable","14":"product-type-simple"},"_links":{"self":[{"href":"https:\/\/noithathuuthinhvn214.mbws.vn\/zh-hans\/wp-json\/wp\/v2\/product\/4989","targetHints":{"allow":["GET"]}}],"collection":[{"href":"https:\/\/noithathuuthinhvn214.mbws.vn\/zh-hans\/wp-json\/wp\/v2\/product"}],"about":[{"href":"https:\/\/noithathuuthinhvn214.mbws.vn\/zh-hans\/wp-json\/wp\/v2\/types\/product"}],"replies":[{"embeddable":true,"href":"https:\/\/noithathuuthinhvn214.mbws.vn\/zh-hans\/wp-json\/wp\/v2\/comments?post=4989"}],"wp:featuredmedia":[{"embeddable":true,"href":"https:\/\/noithathuuthinhvn214.mbws.vn\/zh-hans\/wp-json\/wp\/v2\/media\/4990"}],"wp:attachment":[{"href":"https:\/\/noithathuuthinhvn214.mbws.vn\/zh-hans\/wp-json\/wp\/v2\/media?parent=4989"}],"wp:term":[{"taxonomy":"product_brand","embeddable":true,"href":"https:\/\/noithathuuthinhvn214.mbws.vn\/zh-hans\/wp-json\/wp\/v2\/product_brand?post=4989"},{"taxonomy":"product_cat","embeddable":true,"href":"https:\/\/noithathuuthinhvn214.mbws.vn\/zh-hans\/wp-json\/wp\/v2\/product_cat?post=4989"},{"taxonomy":"product_tag","embeddable":true,"href":"https:\/\/noithathuuthinhvn214.mbws.vn\/zh-hans\/wp-json\/wp\/v2\/product_tag?post=4989"}],"curies":[{"name":"wp","href":"https:\/\/api.w.org\/{rel}","templated":true}]}}