{"id":4984,"date":"2025-11-29T17:01:14","date_gmt":"2025-11-29T10:01:14","guid":{"rendered":"https:\/\/noithathuuthinh.vn\/?post_type=product&#038;p=4984"},"modified":"2025-11-29T17:01:15","modified_gmt":"2025-11-29T10:01:15","slug":"ghe-nhan-vien-gl125","status":"publish","type":"product","link":"https:\/\/noithathuuthinhvn214.mbws.vn\/zh-hans\/san-pham\/ghe-nhan-vien-gl125\/","title":{"rendered":"Gh\u1ebf nh\u00e2n vi\u00ean GL125"},"content":{"rendered":"<p data-start=\"894\" data-end=\"1322\">Gh\u1ebf nh\u00e2n vi\u00ean GL125 l\u00e0 s\u1ef1 l\u1ef1a ch\u1ecdn ho\u00e0n h\u1ea3o cho v\u0103n ph\u00f2ng hi\u1ec7n \u0111\u1ea1i, k\u1ebft h\u1ee3p gi\u1eefa thi\u1ebft k\u1ebf th\u1ea9m m\u1ef9, ti\u1ec7n d\u1ee5ng v\u00e0 s\u1ef1 tho\u1ea3i m\u00e1i t\u1ed1i \u0111a cho ng\u01b0\u1eddi ng\u1ed3i. T\u1ef1a gh\u1ebf nh\u1ef1a b\u1ecdc v\u1ea3i l\u01b0\u1edbi mang l\u1ea1i s\u1ef1 th\u00f4ng tho\u00e1ng, h\u1ea1n ch\u1ebf t\u00ecnh tr\u1ea1ng b\u00ed n\u00f3ng khi l\u00e0m vi\u1ec7c l\u00e2u, \u0111\u1ed3ng th\u1eddi ph\u1ea7n \u0111\u1ec7m m\u00fat x\u1ed1p b\u1ecdc v\u1ea3i \u00eam \u00e1i n\u00e2ng \u0111\u1ee1 t\u1ed1t c\u1ed9t s\u1ed1ng, v\u00f9ng h\u00f4ng v\u00e0 \u0111\u00f9i, gi\u00fap ng\u01b0\u1eddi d\u00f9ng duy tr\u00ec t\u01b0 th\u1ebf ng\u1ed3i chu\u1ea9n v\u00e0 gi\u1ea3m m\u1ec7t m\u1ecfi.<\/p>\n<p data-start=\"1324\" data-end=\"1679\">\u0110i\u1ec3m nh\u1ea5n th\u1ea9m m\u1ef9 c\u1ee7a GL125 l\u00e0 ph\u1ea7n t\u1ef1a b\u1ecdc tr\u00f9m v\u1ea3i ph\u00eda sau, t\u1ea1o v\u1ebb hi\u1ec7n \u0111\u1ea1i, sang tr\u1ecdng v\u00e0 thanh l\u1ecbch, ph\u00f9 h\u1ee3p v\u1edbi nhi\u1ec1u phong c\u00e1ch thi\u1ebft k\u1ebf v\u0103n ph\u00f2ng. Tay gh\u1ebf b\u1eb1ng nh\u1ef1a c\u1ed1 \u0111\u1ecbnh \u0111\u1eb7t \u1edf v\u1ecb tr\u00ed h\u1ee3p l\u00fd, n\u00e2ng \u0111\u1ee1 khu\u1ef7u tay v\u00e0 gi\u1ea3m m\u1ecfi vai khi thao t\u00e1c v\u1edbi m\u00e1y t\u00ednh ho\u1eb7c gi\u1ea5y t\u1edd. Thi\u1ebft k\u1ebf n\u00e0y v\u1eeba gi\u1eef s\u1ef1 \u1ed5n \u0111\u1ecbnh v\u1eeba \u0111\u1ea3m b\u1ea3o t\u00ednh g\u1ecdn g\u00e0ng v\u00e0 th\u1ea9m m\u1ef9 cho gh\u1ebf.<\/p>\n<p data-start=\"1681\" data-end=\"2024\">S\u1ea3n ph\u1ea9m cung c\u1ea5p hai l\u1ef1a ch\u1ecdn ch\u00e2n gh\u1ebf: ch\u00e2n nh\u1ef1a v\u00e0 ch\u00e2n th\u00e9p m\u1ea1. Ch\u00e2n nh\u1ef1a nh\u1eb9, linh ho\u1ea1t, d\u1ec5 di chuy\u1ec3n trong v\u0103n ph\u00f2ng; ch\u00e2n th\u00e9p m\u1ea1 ch\u1eafc ch\u1eafn, b\u1ec1n b\u1ec9, sang tr\u1ecdng, \u0111\u1ea3m b\u1ea3o gh\u1ebf v\u1eefng ch\u00e3i khi s\u1eed d\u1ee5ng. C\u1ea3 hai lo\u1ea1i ch\u00e2n \u0111\u1ec1u h\u1ed7 tr\u1ee3 b\u00e1nh xe di chuy\u1ec3n \u00eam \u00e1i, gi\u00fap gh\u1ebf di chuy\u1ec3n thu\u1eadn ti\u1ec7n m\u00e0 kh\u00f4ng l\u00e0m tr\u1ea7y x\u01b0\u1edbc s\u00e0n hay g\u00e2y gi\u00e1n \u0111o\u1ea1n c\u00f4ng vi\u1ec7c.<\/p>\n<p data-start=\"2026\" data-end=\"2332\">Gh\u1ebf GL125 \u0111\u01b0\u1ee3c thi\u1ebft k\u1ebf c\u00f4ng th\u00e1i h\u1ecdc, ph\u1ea7n l\u01b0ng gh\u1ebf cong \u00f4m s\u00e1t c\u01a1 th\u1ec3, k\u1ebft h\u1ee3p v\u1edbi \u0111\u1ec7m ng\u1ed3i ch\u1eafc ch\u1eafn, t\u1ea1o s\u1ef1 c\u00e2n b\u1eb1ng gi\u1eefa \u0111\u1ed9 \u00eam \u00e1i v\u00e0 h\u1ed7 tr\u1ee3. Ng\u01b0\u1eddi d\u00f9ng c\u00f3 th\u1ec3 t\u00f9y ch\u1ec9nh chi\u1ec1u cao gh\u1ebf \u0111\u1ec3 ph\u00f9 h\u1ee3p v\u1edbi b\u00e0n l\u00e0m vi\u1ec7c v\u00e0 v\u00f3c d\u00e1ng c\u01a1 th\u1ec3, gi\u00fap duy tr\u00ec t\u01b0 th\u1ebf ng\u1ed3i chu\u1ea9n, b\u1ea3o v\u1ec7 c\u1ed9t s\u1ed1ng v\u00e0 gi\u1ea3m m\u1ecfi vai, c\u1ed5.<\/p>\n<p data-start=\"2334\" data-end=\"2679\">V\u1edbi ki\u1ec3u d\u00e1ng g\u1ecdn g\u00e0ng, hi\u1ec7n \u0111\u1ea1i, GL125 ph\u00f9 h\u1ee3p v\u1edbi nhi\u1ec1u lo\u1ea1i kh\u00f4ng gian v\u0103n ph\u00f2ng nh\u01b0 ph\u00f2ng nh\u00e2n vi\u00ean, ph\u00f2ng h\u1ecdp nh\u1ecf, khu v\u1ef1c l\u00e0m vi\u1ec7c c\u00e1 nh\u00e2n ho\u1eb7c v\u0103n ph\u00f2ng m\u1edf. Gh\u1ebf d\u1ec5 d\u00e0ng ph\u1ed1i h\u1ee3p v\u1edbi c\u00e1c lo\u1ea1i b\u00e0n ph\u1ed5 bi\u1ebfn nh\u01b0 b\u00e0n ch\u00e2n s\u1eaft, b\u00e0n g\u1ed7 c\u00f4ng nghi\u1ec7p hay b\u00e0n module, t\u1ea1o s\u1ef1 \u0111\u1ed3ng b\u1ed9, chuy\u00ean nghi\u1ec7p v\u00e0 n\u00e2ng cao t\u00ednh th\u1ea9m m\u1ef9 cho t\u1ed5ng th\u1ec3 kh\u00f4ng gian.<\/p>\n<p data-start=\"2681\" data-end=\"2995\">Ngo\u00e0i ra, gh\u1ebf GL125 n\u1ed5i b\u1eadt v\u1ec1 \u0111\u1ed9 b\u1ec1n v\u00e0 ch\u1ea5t l\u01b0\u1ee3ng nh\u1edd khung v\u00e0 ch\u00e2n gh\u1ebf ch\u1eafc ch\u1eafn c\u00f9ng v\u1eadt li\u1ec7u cao c\u1ea5p, gi\u00fap s\u1ea3n ph\u1ea9m duy tr\u00ec s\u1ef1 \u1ed5n \u0111\u1ecbnh l\u00e2u d\u00e0i v\u00e0 \u0111\u00e1p \u1ee9ng t\u1ed1t nhu c\u1ea7u s\u1eed d\u1ee5ng h\u00e0ng ng\u00e0y. \u0110\u00e2y l\u00e0 gi\u1ea3i ph\u00e1p l\u00fd t\u01b0\u1edfng cho c\u00e1c doanh nghi\u1ec7p v\u00e0 c\u00e1 nh\u00e2n \u0111ang t\u00ecm ki\u1ebfm gh\u1ebf v\u0103n ph\u00f2ng v\u1eeba b\u1ec1n, v\u1eeba tho\u1ea3i m\u00e1i, v\u1eeba \u0111\u1eb9p m\u1eaft.<\/p>\n<p data-start=\"2997\" data-end=\"3234\" data-is-last-node=\"\" data-is-only-node=\"\">T\u00f3m l\u1ea1i, gh\u1ebf nh\u00e2n vi\u00ean GL125 l\u00e0 l\u1ef1a ch\u1ecdn ho\u00e0n h\u1ea3o cho v\u0103n ph\u00f2ng hi\u1ec7n \u0111\u1ea1i, mang l\u1ea1i s\u1ef1 ti\u1ec7n d\u1ee5ng, tho\u1ea3i m\u00e1i, th\u1ea9m m\u1ef9 cao v\u00e0 t\u00ednh linh ho\u1ea1t trong b\u1ed1 tr\u00ed kh\u00f4ng gian, \u0111\u1ed3ng th\u1eddi g\u00f3p ph\u1ea7n n\u00e2ng t\u1ea7m gi\u00e1 tr\u1ecb chuy\u00ean nghi\u1ec7p cho m\u00f4i tr\u01b0\u1eddng l\u00e0m vi\u1ec7c.<\/p>\n","protected":false},"excerpt":{"rendered":"<p data-start=\"0\" data-end=\"480\">Gh\u1ebf nh\u00e2n vi\u00ean GL125 l\u00e0 m\u1eabu gh\u1ebf l\u01b0\u1edbi cao c\u1ea5p, \u0111\u1ec7m m\u00fat x\u1ed1p b\u1ecdc v\u1ea3i \u00eam \u00e1i k\u1ebft h\u1ee3p v\u1edbi t\u1ef1a nh\u1ef1a b\u1ecdc v\u1ea3i l\u01b0\u1edbi, mang l\u1ea1i s\u1ef1 tho\u1ea3i m\u00e1i v\u00e0 th\u00f4ng tho\u00e1ng khi ng\u1ed3i. Ph\u1ea7n t\u1ef1a b\u1ecdc tr\u00f9m v\u1ea3i ph\u00eda sau t\u1ea1o t\u00ednh th\u1ea9m m\u1ef9 cao, hi\u1ec7n \u0111\u1ea1i, ph\u00f9 h\u1ee3p v\u1edbi kh\u00f4ng gian v\u0103n ph\u00f2ng chuy\u00ean nghi\u1ec7p. Tay gh\u1ebf b\u1eb1ng nh\u1ef1a c\u1ed1 \u0111\u1ecbnh, mang l\u1ea1i s\u1ef1 \u1ed5n \u0111\u1ecbnh khi s\u1eed d\u1ee5ng. S\u1ea3n ph\u1ea9m c\u00f3 hai lo\u1ea1i ch\u00e2n l\u1ef1a ch\u1ecdn: ch\u00e2n nh\u1ef1a v\u00e0 ch\u00e2n th\u00e9p m\u1ea1, \u0111\u00e1p \u1ee9ng nhu c\u1ea7u b\u1ed1 tr\u00ed kh\u00e1c nhau.<\/p>\n<p data-start=\"482\" data-end=\"579\">Ch\u00e2n nh\u1ef1a &#8211; <span style=\"color: #ed1c24; font-size: 120%;\"><strong>1.175.000 \u0111<\/strong><\/span><br \/>\nKT: W580 x D605 x H1000\u00f71095 mm<br data-start=\"533\" data-end=\"536\" \/>Ch\u00e2n th\u00e9p m\u1ea1 &#8211; <span style=\"color: #ed1c24; font-size: 120%;\"><strong>1.303.000 \u0111<\/strong><\/span><br \/>\nKT: W580 x D605 x H1000\u00f71080 mm<\/p>\n<p data-start=\"581\" data-end=\"731\">Xu\u1ea5t x\u1ee9: S\u1ea3n ph\u1ea9m c\u1ee7a c\u00f4ng ty <strong data-start=\"611\" data-end=\"631\">N\u1ed8I TH\u1ea4T THE ONE<\/strong> \u2013 Ph\u00e2n ph\u1ed1i b\u1edfi <strong data-start=\"648\" data-end=\"684\">C\u00d4NG TY TNHH SXTM TTNT H\u1eeeU TH\u1ecaNH<\/strong><br data-start=\"684\" data-end=\"687\" \/>B\u1ea3o h\u00e0nh: 12 th\u00e1ng theo ti\u00eau chu\u1ea9n nh\u00e0 m\u00e1y<\/p>\n<p data-start=\"733\" data-end=\"887\"><span style=\"color: #ed1c24;\"><em data-start=\"733\" data-end=\"885\">L\u01b0u \u00fd: Gi\u00e1 tr\u00ean ch\u01b0a bao g\u1ed3m VAT v\u00e0 ph\u00ed v\u1eadn chuy\u1ec3n. Gi\u00e1 s\u1ea3n ph\u1ea9m c\u00f3 th\u1ec3 thay \u0111\u1ed5i theo t\u1eebng th\u1eddi \u0111i\u1ec3m, vui l\u00f2ng li\u00ean h\u1ec7 \u0111\u1ec3 nh\u1eadn t\u01b0 v\u1ea5n \u01b0u \u0111\u00e3i t\u1ed1t nh\u1ea5t.<\/em><\/span><\/p>\n","protected":false},"featured_media":4986,"comment_status":"open","ping_status":"closed","template":"","meta":[],"product_brand":[],"product_cat":[17,303],"product_tag":[],"class_list":{"0":"post-4984","1":"product","2":"type-product","3":"status-publish","4":"has-post-thumbnail","6":"product_cat-noi-that-van-phong","7":"product_cat-ghe-nhan-vien","9":"first","10":"instock","11":"taxable","12":"shipping-taxable","13":"purchasable","14":"product-type-simple"},"_links":{"self":[{"href":"https:\/\/noithathuuthinhvn214.mbws.vn\/zh-hans\/wp-json\/wp\/v2\/product\/4984","targetHints":{"allow":["GET"]}}],"collection":[{"href":"https:\/\/noithathuuthinhvn214.mbws.vn\/zh-hans\/wp-json\/wp\/v2\/product"}],"about":[{"href":"https:\/\/noithathuuthinhvn214.mbws.vn\/zh-hans\/wp-json\/wp\/v2\/types\/product"}],"replies":[{"embeddable":true,"href":"https:\/\/noithathuuthinhvn214.mbws.vn\/zh-hans\/wp-json\/wp\/v2\/comments?post=4984"}],"wp:featuredmedia":[{"embeddable":true,"href":"https:\/\/noithathuuthinhvn214.mbws.vn\/zh-hans\/wp-json\/wp\/v2\/media\/4986"}],"wp:attachment":[{"href":"https:\/\/noithathuuthinhvn214.mbws.vn\/zh-hans\/wp-json\/wp\/v2\/media?parent=4984"}],"wp:term":[{"taxonomy":"product_brand","embeddable":true,"href":"https:\/\/noithathuuthinhvn214.mbws.vn\/zh-hans\/wp-json\/wp\/v2\/product_brand?post=4984"},{"taxonomy":"product_cat","embeddable":true,"href":"https:\/\/noithathuuthinhvn214.mbws.vn\/zh-hans\/wp-json\/wp\/v2\/product_cat?post=4984"},{"taxonomy":"product_tag","embeddable":true,"href":"https:\/\/noithathuuthinhvn214.mbws.vn\/zh-hans\/wp-json\/wp\/v2\/product_tag?post=4984"}],"curies":[{"name":"wp","href":"https:\/\/api.w.org\/{rel}","templated":true}]}}