{"id":4980,"date":"2025-11-29T16:52:22","date_gmt":"2025-11-29T09:52:22","guid":{"rendered":"https:\/\/noithathuuthinh.vn\/?post_type=product&#038;p=4980"},"modified":"2025-11-29T16:52:23","modified_gmt":"2025-11-29T09:52:23","slug":"ghe-nhan-vien-gl124","status":"publish","type":"product","link":"https:\/\/noithathuuthinhvn214.mbws.vn\/zh-hans\/san-pham\/ghe-nhan-vien-gl124\/","title":{"rendered":"Gh\u1ebf nh\u00e2n vi\u00ean GL124"},"content":{"rendered":"<p data-start=\"806\" data-end=\"1349\">Gh\u1ebf nh\u00e2n vi\u00ean GL124 l\u00e0 s\u1ef1 k\u1ebft h\u1ee3p ho\u00e0n h\u1ea3o gi\u1eefa s\u1ef1 ti\u1ec7n d\u1ee5ng, \u0111\u1ed9 b\u1ec1n v\u00e0 th\u1ea9m m\u1ef9 hi\u1ec7n \u0111\u1ea1i, mang l\u1ea1i tr\u1ea3i nghi\u1ec7m ng\u1ed3i tho\u1ea3i m\u00e1i cho nh\u00e2n vi\u00ean trong m\u00f4i tr\u01b0\u1eddng v\u0103n ph\u00f2ng. T\u1ef1a gh\u1ebf b\u1eb1ng nh\u1ef1a b\u1ecdc v\u1ea3i l\u01b0\u1edbi cao c\u1ea5p gi\u00fap t\u0103ng kh\u1ea3 n\u0103ng th\u00f4ng tho\u00e1ng, gi\u1ea3m t\u00ecnh tr\u1ea1ng b\u00ed n\u00f3ng, \u0111\u1ed3ng th\u1eddi \u00f4m s\u00e1t ph\u1ea7n l\u01b0ng, n\u00e2ng \u0111\u1ee1 c\u1ed9t s\u1ed1ng v\u00e0 h\u1ed7 tr\u1ee3 gi\u1eef t\u01b0 th\u1ebf ng\u1ed3i chu\u1ea9n trong su\u1ed1t ng\u00e0y l\u00e0m vi\u1ec7c. \u0110\u1ec7m m\u00fat x\u1ed1p b\u1ecdc v\u1ea3i \u00eam \u00e1i mang \u0111\u1ebfn c\u1ea3m gi\u00e1c d\u1ec5 ch\u1ecbu v\u00e0 gi\u1ea3m \u00e1p l\u1ef1c l\u00ean v\u00f9ng h\u00f4ng v\u00e0 \u0111\u00f9i, gi\u00fap ng\u01b0\u1eddi ng\u1ed3i l\u00e0m vi\u1ec7c l\u00e2u m\u00e0 kh\u00f4ng m\u1ecfi.<\/p>\n<p data-start=\"1351\" data-end=\"1592\">Tay gh\u1ebf b\u1eb1ng nh\u1ef1a c\u1ed1 \u0111\u1ecbnh \u0111\u1eb7t \u1edf v\u1ecb tr\u00ed h\u1ee3p l\u00fd, n\u00e2ng \u0111\u1ee1 khu\u1ef7u tay, gi\u1ea3m m\u1ecfi vai khi thao t\u00e1c v\u1edbi m\u00e1y t\u00ednh ho\u1eb7c gi\u1ea5y t\u1edd. Thi\u1ebft k\u1ebf n\u00e0y v\u1eeba \u0111\u1ea3m b\u1ea3o s\u1ef1 \u1ed5n \u0111\u1ecbnh v\u1eeba gi\u1eef v\u1ebb ngo\u00e0i g\u1ecdn g\u00e0ng, thanh l\u1ecbch cho gh\u1ebf, ph\u00f9 h\u1ee3p v\u1edbi m\u1ecdi kh\u00f4ng gian v\u0103n ph\u00f2ng.<\/p>\n<p data-start=\"1594\" data-end=\"1980\">Gh\u1ebf GL124 cung c\u1ea5p hai l\u1ef1a ch\u1ecdn ch\u00e2n gh\u1ebf: ch\u00e2n nh\u1ef1a v\u00e0 ch\u00e2n th\u00e9p m\u1ea1. Ch\u00e2n nh\u1ef1a nh\u1eb9, d\u1ec5 di chuy\u1ec3n, ph\u00f9 h\u1ee3p v\u1edbi v\u0103n ph\u00f2ng c\u1ea7n s\u1ef1 linh ho\u1ea1t trong b\u1ed1 tr\u00ed; ch\u00e2n th\u00e9p m\u1ea1 mang l\u1ea1i s\u1ef1 ch\u1eafc ch\u1eafn, \u1ed5n \u0111\u1ecbnh v\u00e0 t\u0103ng t\u00ednh th\u1ea9m m\u1ef9, \u0111\u1ed3ng th\u1eddi h\u1ed7 tr\u1ee3 di chuy\u1ec3n \u00eam \u00e1i nh\u1edd b\u00e1nh xe ch\u1ea5t l\u01b0\u1ee3ng cao. \u0110i\u1ec1u n\u00e0y gi\u00fap gh\u1ebf c\u00f3 th\u1ec3 d\u1ec5 d\u00e0ng xoay v\u00e0 di chuy\u1ec3n m\u00e0 kh\u00f4ng g\u00e2y tr\u1ea7y x\u01b0\u1edbc s\u00e0n hay l\u00e0m gi\u00e1n \u0111o\u1ea1n c\u00f4ng vi\u1ec7c.<\/p>\n<p data-start=\"1982\" data-end=\"2327\">V\u1edbi c\u01a1 c\u1ea5u \u0111i\u1ec1u ch\u1ec9nh chi\u1ec1u cao linh ho\u1ea1t, ng\u01b0\u1eddi d\u00f9ng c\u00f3 th\u1ec3 t\u00f9y ch\u1ec9nh gh\u1ebf sao cho ph\u00f9 h\u1ee3p v\u1edbi b\u00e0n l\u00e0m vi\u1ec7c v\u00e0 v\u00f3c d\u00e1ng c\u01a1 th\u1ec3, duy tr\u00ec t\u01b0 th\u1ebf ng\u1ed3i chu\u1ea9n, gi\u1ea3m \u00e1p l\u1ef1c l\u00ean c\u1ed9t s\u1ed1ng, vai v\u00e0 c\u1ed5. Ph\u1ea7n l\u01b0ng gh\u1ebf cong t\u1ef1 nhi\u00ean k\u1ebft h\u1ee3p v\u1edbi \u0111\u1ec7m ng\u1ed3i ch\u1eafc ch\u1eafn, mang \u0111\u1ebfn s\u1ef1 c\u00e2n b\u1eb1ng gi\u1eefa \u0111\u1ed9 \u00eam \u00e1i v\u00e0 h\u1ed7 tr\u1ee3, t\u1ea1o c\u1ea3m gi\u00e1c tho\u1ea3i m\u00e1i t\u1ed1i \u0111a cho ng\u01b0\u1eddi d\u00f9ng.<\/p>\n<p data-start=\"2329\" data-end=\"2697\">Gh\u1ebf nh\u00e2n vi\u00ean GL124 c\u00f3 thi\u1ebft k\u1ebf g\u1ecdn g\u00e0ng, hi\u1ec7n \u0111\u1ea1i v\u00e0 linh ho\u1ea1t, ph\u00f9 h\u1ee3p v\u1edbi nhi\u1ec1u lo\u1ea1i kh\u00f4ng gian v\u0103n ph\u00f2ng nh\u01b0 ph\u00f2ng nh\u00e2n vi\u00ean, ph\u00f2ng h\u1ecdp nh\u1ecf, khu v\u1ef1c l\u00e0m vi\u1ec7c c\u00e1 nh\u00e2n ho\u1eb7c v\u0103n ph\u00f2ng m\u1edf. Gh\u1ebf d\u1ec5 d\u00e0ng k\u1ebft h\u1ee3p v\u1edbi c\u00e1c lo\u1ea1i b\u00e0n ph\u1ed5 bi\u1ebfn nh\u01b0 b\u00e0n ch\u00e2n s\u1eaft, b\u00e0n g\u1ed7 c\u00f4ng nghi\u1ec7p hay b\u00e0n module, t\u1ea1o s\u1ef1 \u0111\u1ed3ng b\u1ed9, chuy\u00ean nghi\u1ec7p v\u00e0 n\u00e2ng cao t\u00ednh th\u1ea9m m\u1ef9 cho to\u00e0n b\u1ed9 kh\u00f4ng gian.<\/p>\n<p data-start=\"2699\" data-end=\"3001\">\u0110\u1eb7c bi\u1ec7t, GL124 n\u1ed5i b\u1eadt v\u1ec1 \u0111\u1ed9 b\u1ec1n nh\u1edd khung v\u00e0 ch\u00e2n gh\u1ebf ch\u1ea5t l\u01b0\u1ee3ng cao, k\u1ebft h\u1ee3p v\u1edbi v\u1eadt li\u1ec7u b\u1ec1n b\u1ec9, gi\u00fap s\u1ea3n ph\u1ea9m duy tr\u00ec s\u1ef1 v\u1eefng ch\u00e3i v\u00e0 \u1ed5n \u0111\u1ecbnh l\u00e2u d\u00e0i. \u0110\u00e2y l\u00e0 l\u1ef1a ch\u1ecdn l\u00fd t\u01b0\u1edfng cho c\u00e1c doanh nghi\u1ec7p v\u00e0 c\u00e1 nh\u00e2n \u0111ang t\u00ecm ki\u1ebfm m\u1ed9t m\u1eabu gh\u1ebf v\u0103n ph\u00f2ng v\u1eeba b\u1ec1n b\u1ec9, v\u1eeba tho\u1ea3i m\u00e1i, v\u1eeba c\u00f3 t\u00ednh th\u1ea9m m\u1ef9 cao.<\/p>\n<p data-start=\"3003\" data-end=\"3308\" data-is-last-node=\"\" data-is-only-node=\"\">T\u00f3m l\u1ea1i, gh\u1ebf nh\u00e2n vi\u00ean GL124 l\u00e0 gi\u1ea3i ph\u00e1p ho\u00e0n h\u1ea3o cho v\u0103n ph\u00f2ng hi\u1ec7n \u0111\u1ea1i, \u0111em l\u1ea1i s\u1ef1 ti\u1ec7n d\u1ee5ng, tho\u1ea3i m\u00e1i v\u00e0 sang tr\u1ecdng. Thi\u1ebft k\u1ebf c\u00f4ng th\u00e1i h\u1ecdc, ch\u1ea5t li\u1ec7u cao c\u1ea5p v\u00e0 kh\u1ea3 n\u0103ng t\u00f9y ch\u1ec9nh linh ho\u1ea1t c\u1ee7a GL124 gi\u00fap n\u00e2ng cao tr\u1ea3i nghi\u1ec7m ng\u01b0\u1eddi d\u00f9ng, \u0111\u1ed3ng th\u1eddi t\u1ea1o h\u00ecnh \u1ea3nh chuy\u00ean nghi\u1ec7p cho kh\u00f4ng gian l\u00e0m vi\u1ec7c.<\/p>\n","protected":false},"excerpt":{"rendered":"<p data-start=\"0\" data-end=\"394\">Gh\u1ebf nh\u00e2n vi\u00ean GL124 l\u00e0 m\u1eabu gh\u1ebf l\u01b0\u1edbi cao c\u1ea5p, s\u1edf h\u1eefu \u0111\u1ec7m m\u00fat x\u1ed1p b\u1ecdc v\u1ea3i \u00eam \u00e1i k\u1ebft h\u1ee3p v\u1edbi t\u1ef1a nh\u1ef1a b\u1ecdc v\u1ea3i l\u01b0\u1edbi, mang l\u1ea1i s\u1ef1 tho\u1ea3i m\u00e1i v\u00e0 th\u00f4ng tho\u00e1ng khi s\u1eed d\u1ee5ng. Tay gh\u1ebf b\u1eb1ng nh\u1ef1a c\u1ed1 \u0111\u1ecbnh, \u0111\u1ea3m b\u1ea3o s\u1ef1 \u1ed5n \u0111\u1ecbnh khi ng\u1ed3i. S\u1ea3n ph\u1ea9m c\u00f3 hai t\u00f9y ch\u1ecdn ch\u00e2n gh\u1ebf g\u1ed3m ch\u00e2n nh\u1ef1a v\u00e0 ch\u00e2n th\u00e9p m\u1ea1, ph\u00f9 h\u1ee3p v\u1edbi nhi\u1ec1u ki\u1ec3u b\u1ed1 tr\u00ed v\u0103n ph\u00f2ng kh\u00e1c nhau.<\/p>\n<p data-start=\"396\" data-end=\"491\">Ch\u00e2n nh\u1ef1a &#8211; <span style=\"color: #ed1c24; font-size: 120%;\"><strong>1.057.000 \u0111<\/strong><\/span><br \/>\nKT: W540 x D600 x H960-1055 mm<br data-start=\"446\" data-end=\"449\" \/>Ch\u00e2n th\u00e9p m\u1ea1 &#8211; <span style=\"color: #ed1c24; font-size: 120%;\"><strong>1.198.000 \u0111<\/strong><\/span><br \/>\nKT: W540 x D600 x H960-1040 mm<\/p>\n<p data-start=\"493\" data-end=\"643\">Xu\u1ea5t x\u1ee9: S\u1ea3n ph\u1ea9m c\u1ee7a c\u00f4ng ty <strong data-start=\"523\" data-end=\"543\">N\u1ed8I TH\u1ea4T THE ONE<\/strong> \u2013 Ph\u00e2n ph\u1ed1i b\u1edfi <strong data-start=\"560\" data-end=\"596\">C\u00d4NG TY TNHH SXTM TTNT H\u1eeeU TH\u1ecaNH<\/strong><br data-start=\"596\" data-end=\"599\" \/>B\u1ea3o h\u00e0nh: 12 th\u00e1ng theo ti\u00eau chu\u1ea9n nh\u00e0 m\u00e1y<\/p>\n<p data-start=\"645\" data-end=\"799\"><span style=\"color: #ed1c24;\"><em data-start=\"645\" data-end=\"797\">L\u01b0u \u00fd: Gi\u00e1 tr\u00ean ch\u01b0a bao g\u1ed3m VAT v\u00e0 ph\u00ed v\u1eadn chuy\u1ec3n. Gi\u00e1 s\u1ea3n ph\u1ea9m c\u00f3 th\u1ec3 thay \u0111\u1ed5i theo t\u1eebng th\u1eddi \u0111i\u1ec3m, vui l\u00f2ng li\u00ean h\u1ec7 \u0111\u1ec3 nh\u1eadn t\u01b0 v\u1ea5n \u01b0u \u0111\u00e3i t\u1ed1t nh\u1ea5t.<\/em><\/span><\/p>\n","protected":false},"featured_media":4981,"comment_status":"open","ping_status":"closed","template":"","meta":[],"product_brand":[],"product_cat":[17,303],"product_tag":[],"class_list":{"0":"post-4980","1":"product","2":"type-product","3":"status-publish","4":"has-post-thumbnail","6":"product_cat-noi-that-van-phong","7":"product_cat-ghe-nhan-vien","9":"first","10":"instock","11":"taxable","12":"shipping-taxable","13":"purchasable","14":"product-type-simple"},"_links":{"self":[{"href":"https:\/\/noithathuuthinhvn214.mbws.vn\/zh-hans\/wp-json\/wp\/v2\/product\/4980","targetHints":{"allow":["GET"]}}],"collection":[{"href":"https:\/\/noithathuuthinhvn214.mbws.vn\/zh-hans\/wp-json\/wp\/v2\/product"}],"about":[{"href":"https:\/\/noithathuuthinhvn214.mbws.vn\/zh-hans\/wp-json\/wp\/v2\/types\/product"}],"replies":[{"embeddable":true,"href":"https:\/\/noithathuuthinhvn214.mbws.vn\/zh-hans\/wp-json\/wp\/v2\/comments?post=4980"}],"wp:featuredmedia":[{"embeddable":true,"href":"https:\/\/noithathuuthinhvn214.mbws.vn\/zh-hans\/wp-json\/wp\/v2\/media\/4981"}],"wp:attachment":[{"href":"https:\/\/noithathuuthinhvn214.mbws.vn\/zh-hans\/wp-json\/wp\/v2\/media?parent=4980"}],"wp:term":[{"taxonomy":"product_brand","embeddable":true,"href":"https:\/\/noithathuuthinhvn214.mbws.vn\/zh-hans\/wp-json\/wp\/v2\/product_brand?post=4980"},{"taxonomy":"product_cat","embeddable":true,"href":"https:\/\/noithathuuthinhvn214.mbws.vn\/zh-hans\/wp-json\/wp\/v2\/product_cat?post=4980"},{"taxonomy":"product_tag","embeddable":true,"href":"https:\/\/noithathuuthinhvn214.mbws.vn\/zh-hans\/wp-json\/wp\/v2\/product_tag?post=4980"}],"curies":[{"name":"wp","href":"https:\/\/api.w.org\/{rel}","templated":true}]}}