{"id":4975,"date":"2025-11-29T16:38:43","date_gmt":"2025-11-29T09:38:43","guid":{"rendered":"https:\/\/noithathuuthinh.vn\/?post_type=product&#038;p=4975"},"modified":"2025-11-29T16:38:43","modified_gmt":"2025-11-29T09:38:43","slug":"ghe-nhan-vien-gl123","status":"publish","type":"product","link":"https:\/\/noithathuuthinhvn214.mbws.vn\/zh-hans\/san-pham\/ghe-nhan-vien-gl123\/","title":{"rendered":"Gh\u1ebf nh\u00e2n vi\u00ean GL123"},"content":{"rendered":"<p data-start=\"802\" data-end=\"1297\">Gh\u1ebf nh\u00e2n vi\u00ean GL123 l\u00e0 l\u1ef1a ch\u1ecdn l\u00fd t\u01b0\u1edfng cho kh\u00f4ng gian v\u0103n ph\u00f2ng hi\u1ec7n \u0111\u1ea1i, n\u01a1i y\u00eau c\u1ea7u s\u1ef1 tho\u1ea3i m\u00e1i, ti\u1ec7n d\u1ee5ng v\u00e0 t\u00ednh th\u1ea9m m\u1ef9. Thi\u1ebft k\u1ebf l\u01b0ng gh\u1ebf b\u1eb1ng nh\u1ef1a b\u1ecdc v\u1ea3i l\u01b0\u1edbi cao c\u1ea5p gi\u00fap th\u00f4ng tho\u00e1ng, h\u1ea1n ch\u1ebf b\u00ed n\u00f3ng khi ng\u1ed3i l\u00e2u, \u0111\u1ed3ng th\u1eddi \u00f4m s\u00e1t ph\u1ea7n l\u01b0ng \u0111\u1ec3 n\u00e2ng \u0111\u1ee1 c\u1ed9t s\u1ed1ng m\u1ed9t c\u00e1ch hi\u1ec7u qu\u1ea3. \u0110\u1ec7m m\u00fat x\u1ed1p b\u1ecdc v\u1ea3i \u00eam \u00e1i mang l\u1ea1i c\u1ea3m gi\u00e1c ng\u1ed3i tho\u1ea3i m\u00e1i, gi\u1ea3m \u00e1p l\u1ef1c l\u00ean v\u00f9ng h\u00f4ng v\u00e0 \u0111\u00f9i, \u0111\u1eb7c bi\u1ec7t quan tr\u1ecdng cho nh\u1eefng ng\u01b0\u1eddi l\u00e0m vi\u1ec7c nhi\u1ec1u gi\u1edd li\u00ean t\u1ee5c.<\/p>\n<p data-start=\"1299\" data-end=\"1548\">Gh\u1ebf GL123 c\u00f3 tay gh\u1ebf b\u1eb1ng nh\u1ef1a c\u1ed1 \u0111\u1ecbnh, \u0111\u1eb7t \u1edf \u0111\u1ed9 cao h\u1ee3p l\u00fd, h\u1ed7 tr\u1ee3 n\u00e2ng \u0111\u1ee1 khu\u1ef7u tay v\u00e0 gi\u1ea3m m\u1ecfi vai khi thao t\u00e1c v\u1edbi m\u00e1y t\u00ednh ho\u1eb7c c\u00e1c c\u00f4ng vi\u1ec7c b\u00e0n gi\u1ea5y kh\u00e1c. Thi\u1ebft k\u1ebf n\u00e0y v\u1eeba \u0111\u1ea3m b\u1ea3o s\u1ef1 \u1ed5n \u0111\u1ecbnh, v\u1eeba gi\u1eef v\u1ebb ngo\u00e0i thanh l\u1ecbch v\u00e0 hi\u1ec7n \u0111\u1ea1i cho gh\u1ebf.<\/p>\n<p data-start=\"1550\" data-end=\"1885\">Gh\u1ebf cung c\u1ea5p hai t\u00f9y ch\u1ecdn ch\u00e2n: ch\u00e2n nh\u1ef1a nh\u1eb9, d\u1ec5 di chuy\u1ec3n v\u00e0 ph\u00f9 h\u1ee3p v\u1edbi c\u00e1c v\u0103n ph\u00f2ng c\u1ea7n b\u1ed1 tr\u00ed linh ho\u1ea1t, v\u00e0 ch\u00e2n th\u00e9p m\u1ea1 ch\u1eafc ch\u1eafn, sang tr\u1ecdng, \u0111\u1ea3m b\u1ea3o \u0111\u1ed9 v\u1eefng ch\u00e3i v\u00e0 t\u0103ng t\u00ednh th\u1ea9m m\u1ef9 cho kh\u00f4ng gian l\u00e0m vi\u1ec7c. C\u1ea3 hai lo\u1ea1i ch\u00e2n \u0111\u1ec1u h\u1ed7 tr\u1ee3 b\u00e1nh xe di chuy\u1ec3n \u00eam \u00e1i, thu\u1eadn ti\u1ec7n cho vi\u1ec7c xoay chuy\u1ec3n gh\u1ebf m\u00e0 kh\u00f4ng g\u00e2y tr\u1ea7y x\u01b0\u1edbc s\u00e0n.<\/p>\n<p data-start=\"1887\" data-end=\"2201\">C\u01a1 c\u1ea5u \u0111i\u1ec1u ch\u1ec9nh chi\u1ec1u cao linh ho\u1ea1t cho ph\u00e9p ng\u01b0\u1eddi d\u00f9ng t\u00f9y ch\u1ec9nh gh\u1ebf ph\u00f9 h\u1ee3p v\u1edbi b\u00e0n l\u00e0m vi\u1ec7c v\u00e0 v\u00f3c d\u00e1ng c\u01a1 th\u1ec3, \u0111\u1ea3m b\u1ea3o t\u01b0 th\u1ebf ng\u1ed3i chu\u1ea9n v\u00e0 gi\u1ea3m m\u1ecfi l\u01b0ng, vai. Gh\u1ebf GL123 c\u0169ng \u0111\u01b0\u1ee3c thi\u1ebft k\u1ebf c\u00f4ng th\u00e1i h\u1ecdc, v\u1edbi ph\u1ea7n l\u01b0ng gh\u1ebf cong t\u1ef1 nhi\u00ean v\u00e0 \u0111\u1ec7m ng\u1ed3i ch\u1eafc ch\u1eafn, gi\u00fap c\u00e2n b\u1eb1ng gi\u1eefa s\u1ef1 \u00eam \u00e1i v\u00e0 h\u1ed7 tr\u1ee3 c\u1ed9t s\u1ed1ng.<\/p>\n<p data-start=\"2203\" data-end=\"2550\">V\u1edbi ki\u1ec3u d\u00e1ng g\u1ecdn g\u00e0ng, hi\u1ec7n \u0111\u1ea1i, gh\u1ebf nh\u00e2n vi\u00ean GL123 ph\u00f9 h\u1ee3p v\u1edbi nhi\u1ec1u lo\u1ea1i kh\u00f4ng gian l\u00e0m vi\u1ec7c nh\u01b0 ph\u00f2ng nh\u00e2n vi\u00ean, ph\u00f2ng h\u1ecdp nh\u1ecf, khu v\u1ef1c l\u00e0m vi\u1ec7c c\u00e1 nh\u00e2n ho\u1eb7c v\u0103n ph\u00f2ng m\u1edf. Gh\u1ebf d\u1ec5 d\u00e0ng ph\u1ed1i h\u1ee3p v\u1edbi c\u00e1c lo\u1ea1i b\u00e0n v\u0103n ph\u00f2ng ph\u1ed5 bi\u1ebfn nh\u01b0 b\u00e0n ch\u00e2n s\u1eaft, b\u00e0n g\u1ed7 melamine hay b\u00e0n module, mang l\u1ea1i s\u1ef1 \u0111\u1ed3ng b\u1ed9 v\u00e0 chuy\u00ean nghi\u1ec7p cho t\u1ed5ng th\u1ec3 kh\u00f4ng gian.<\/p>\n<p data-start=\"2552\" data-end=\"2818\">B\u00ean c\u1ea1nh \u0111\u00f3, gh\u1ebf GL123 n\u1ed5i b\u1eadt v\u1edbi \u0111\u1ed9 b\u1ec1n cao nh\u1edd khung v\u00e0 ch\u00e2n gh\u1ebf ch\u1ea5t l\u01b0\u1ee3ng, c\u00f9ng v\u1eadt li\u1ec7u b\u1ec1n b\u1ec9, \u0111\u1ea3m b\u1ea3o s\u1ef1 \u1ed5n \u0111\u1ecbnh v\u00e0 tu\u1ed5i th\u1ecd l\u00e2u d\u00e0i. S\u1ea3n ph\u1ea9m ph\u00f9 h\u1ee3p v\u1edbi nh\u1eefng doanh nghi\u1ec7p v\u00e0 c\u00e1 nh\u00e2n \u0111ang t\u00ecm ki\u1ebfm m\u1ed9t gi\u1ea3i ph\u00e1p gh\u1ebf v\u0103n ph\u00f2ng b\u1ec1n b\u1ec9, ti\u1ec7n d\u1ee5ng v\u00e0 th\u1ea9m m\u1ef9.<\/p>\n<p data-start=\"2820\" data-end=\"3107\" data-is-last-node=\"\" data-is-only-node=\"\">T\u00f3m l\u1ea1i, gh\u1ebf nh\u00e2n vi\u00ean GL123 l\u00e0 l\u1ef1a ch\u1ecdn ho\u00e0n h\u1ea3o cho v\u0103n ph\u00f2ng hi\u1ec7n \u0111\u1ea1i, mang l\u1ea1i s\u1ef1 tho\u1ea3i m\u00e1i t\u1ed1i \u0111a, t\u00ednh linh ho\u1ea1t cao v\u00e0 thi\u1ebft k\u1ebf tinh t\u1ebf. \u0110\u00e2y l\u00e0 s\u1ea3n ph\u1ea9m kh\u00f4ng ch\u1ec9 n\u00e2ng cao tr\u1ea3i nghi\u1ec7m ng\u01b0\u1eddi s\u1eed d\u1ee5ng m\u00e0 c\u00f2n g\u00f3p ph\u1ea7n l\u00e0m t\u0103ng gi\u00e1 tr\u1ecb th\u1ea9m m\u1ef9 v\u00e0 chuy\u00ean nghi\u1ec7p cho m\u00f4i tr\u01b0\u1eddng l\u00e0m vi\u1ec7c.<\/p>\n","protected":false},"excerpt":{"rendered":"<p data-start=\"0\" data-end=\"395\">Gh\u1ebf nh\u00e2n vi\u00ean GL123 l\u00e0 m\u1eabu gh\u1ebf l\u01b0\u1edbi cao c\u1ea5p, k\u1ebft h\u1ee3p khung t\u1ef1a nh\u1ef1a b\u1ecdc v\u1ea3i l\u01b0\u1edbi v\u1edbi \u0111\u1ec7m m\u00fat x\u1ed1p b\u1ecdc v\u1ea3i \u00eam \u00e1i, mang l\u1ea1i s\u1ef1 tho\u1ea3i m\u00e1i t\u1ed1i \u0111a cho ng\u01b0\u1eddi ng\u1ed3i. Tay gh\u1ebf b\u1eb1ng nh\u1ef1a c\u1ed1 \u0111\u1ecbnh, \u0111\u1ea3m b\u1ea3o s\u1ef1 \u1ed5n \u0111\u1ecbnh khi s\u1eed d\u1ee5ng. S\u1ea3n ph\u1ea9m cung c\u1ea5p hai lo\u1ea1i ch\u00e2n gh\u1ebf g\u1ed3m ch\u00e2n nh\u1ef1a v\u00e0 ch\u00e2n th\u00e9p m\u1ea1, ph\u00f9 h\u1ee3p v\u1edbi nhi\u1ec1u nhu c\u1ea7u b\u1ed1 tr\u00ed v\u0103n ph\u00f2ng kh\u00e1c nhau.<\/p>\n<p data-start=\"397\" data-end=\"487\">Ch\u00e2n nh\u1ef1a &#8211; <span style=\"color: #ed1c24; font-size: 120%;\"><strong>1.105.000 \u0111<\/strong><\/span><br \/>\nKT: W570 x D610 x H970\u00f71065 mm<br data-start=\"447\" data-end=\"450\" \/>Ch\u00e2n m\u1ea1 &#8211; <span style=\"color: #ed1c24; font-size: 120%;\"><strong>1.256.000 \u0111<\/strong><\/span><br \/>\nKT: W570 x D610 x H980\u00f71055 mm<\/p>\n<p data-start=\"489\" data-end=\"639\">Xu\u1ea5t x\u1ee9: S\u1ea3n ph\u1ea9m c\u1ee7a c\u00f4ng ty <strong data-start=\"519\" data-end=\"539\">N\u1ed8I TH\u1ea4T THE ONE<\/strong> \u2013 Ph\u00e2n ph\u1ed1i b\u1edfi <strong data-start=\"556\" data-end=\"592\">C\u00d4NG TY TNHH SXTM TTNT H\u1eeeU TH\u1ecaNH<\/strong><br data-start=\"592\" data-end=\"595\" \/>B\u1ea3o h\u00e0nh: 12 th\u00e1ng theo ti\u00eau chu\u1ea9n nh\u00e0 m\u00e1y<\/p>\n<p data-start=\"641\" data-end=\"795\"><span style=\"color: #ed1c24;\"><em data-start=\"641\" data-end=\"793\">L\u01b0u \u00fd: Gi\u00e1 tr\u00ean ch\u01b0a bao g\u1ed3m VAT v\u00e0 ph\u00ed v\u1eadn chuy\u1ec3n. Gi\u00e1 s\u1ea3n ph\u1ea9m c\u00f3 th\u1ec3 thay \u0111\u1ed5i theo t\u1eebng th\u1eddi \u0111i\u1ec3m, vui l\u00f2ng li\u00ean h\u1ec7 \u0111\u1ec3 nh\u1eadn t\u01b0 v\u1ea5n \u01b0u \u0111\u00e3i t\u1ed1t nh\u1ea5t.<\/em><\/span><\/p>\n","protected":false},"featured_media":4977,"comment_status":"open","ping_status":"closed","template":"","meta":[],"product_brand":[],"product_cat":[17,303],"product_tag":[],"class_list":{"0":"post-4975","1":"product","2":"type-product","3":"status-publish","4":"has-post-thumbnail","6":"product_cat-noi-that-van-phong","7":"product_cat-ghe-nhan-vien","9":"first","10":"instock","11":"taxable","12":"shipping-taxable","13":"purchasable","14":"product-type-simple"},"_links":{"self":[{"href":"https:\/\/noithathuuthinhvn214.mbws.vn\/zh-hans\/wp-json\/wp\/v2\/product\/4975","targetHints":{"allow":["GET"]}}],"collection":[{"href":"https:\/\/noithathuuthinhvn214.mbws.vn\/zh-hans\/wp-json\/wp\/v2\/product"}],"about":[{"href":"https:\/\/noithathuuthinhvn214.mbws.vn\/zh-hans\/wp-json\/wp\/v2\/types\/product"}],"replies":[{"embeddable":true,"href":"https:\/\/noithathuuthinhvn214.mbws.vn\/zh-hans\/wp-json\/wp\/v2\/comments?post=4975"}],"wp:featuredmedia":[{"embeddable":true,"href":"https:\/\/noithathuuthinhvn214.mbws.vn\/zh-hans\/wp-json\/wp\/v2\/media\/4977"}],"wp:attachment":[{"href":"https:\/\/noithathuuthinhvn214.mbws.vn\/zh-hans\/wp-json\/wp\/v2\/media?parent=4975"}],"wp:term":[{"taxonomy":"product_brand","embeddable":true,"href":"https:\/\/noithathuuthinhvn214.mbws.vn\/zh-hans\/wp-json\/wp\/v2\/product_brand?post=4975"},{"taxonomy":"product_cat","embeddable":true,"href":"https:\/\/noithathuuthinhvn214.mbws.vn\/zh-hans\/wp-json\/wp\/v2\/product_cat?post=4975"},{"taxonomy":"product_tag","embeddable":true,"href":"https:\/\/noithathuuthinhvn214.mbws.vn\/zh-hans\/wp-json\/wp\/v2\/product_tag?post=4975"}],"curies":[{"name":"wp","href":"https:\/\/api.w.org\/{rel}","templated":true}]}}