{"id":4959,"date":"2025-11-29T15:45:53","date_gmt":"2025-11-29T08:45:53","guid":{"rendered":"https:\/\/noithathuuthinh.vn\/?post_type=product&#038;p=4959"},"modified":"2025-11-29T15:45:54","modified_gmt":"2025-11-29T08:45:54","slug":"ghe-nhan-vien-gl117r","status":"publish","type":"product","link":"https:\/\/noithathuuthinhvn214.mbws.vn\/zh-hans\/san-pham\/ghe-nhan-vien-gl117r\/","title":{"rendered":"Gh\u1ebf nh\u00e2n vi\u00ean GL117R"},"content":{"rendered":"<p data-start=\"813\" data-end=\"1301\">Gh\u1ebf nh\u00e2n vi\u00ean GL117R thu\u1ed9c d\u00f2ng gh\u1ebf l\u01b0\u1edbi cao c\u1ea5p d\u00e0nh cho nh\u00e2n vi\u00ean v\u0103n ph\u00f2ng, \u0111\u01b0\u1ee3c thi\u1ebft k\u1ebf hi\u1ec7n \u0111\u1ea1i v\u1edbi s\u1ef1 k\u1ebft h\u1ee3p h\u00e0i h\u00f2a gi\u1eefa ch\u1ea5t li\u1ec7u l\u01b0\u1edbi tho\u00e1ng kh\u00ed v\u00e0 khung nh\u1ef1a b\u1ec1n ch\u1eafc, mang \u0111\u1ebfn c\u1ea3m gi\u00e1c ng\u1ed3i tho\u1ea3i m\u00e1i trong su\u1ed1t ng\u00e0y d\u00e0i l\u00e0m vi\u1ec7c. Ngay t\u1eeb c\u00e1i nh\u00ecn \u0111\u1ea7u ti\u00ean, s\u1ea3n ph\u1ea9m t\u1ea1o \u1ea5n t\u01b0\u1ee3ng b\u1edfi v\u1ebb ngo\u00e0i thanh tho\u00e1t, tr\u1ebb trung nh\u01b0ng kh\u00f4ng k\u00e9m ph\u1ea7n chuy\u00ean nghi\u1ec7p, ph\u00f9 h\u1ee3p v\u1edbi m\u1ecdi phong c\u00e1ch n\u1ed9i th\u1ea5t t\u1eeb \u0111\u01a1n gi\u1ea3n, t\u1ed1i gi\u1ea3n \u0111\u1ebfn hi\u1ec7n \u0111\u1ea1i sang tr\u1ecdng.<\/p>\n<p data-start=\"1303\" data-end=\"1773\">\u0110i\u1ec3m n\u1ed5i b\u1eadt c\u1ee7a gh\u1ebf GL117R \u0111\u1ebfn t\u1eeb ph\u1ea7n t\u1ef1a l\u01b0ng l\u00e0m b\u1eb1ng khung nh\u1ef1a cao c\u1ea5p, b\u1ecdc v\u1ea3i l\u01b0\u1edbi c\u00f3 \u0111\u1ed9 \u0111\u00e0n h\u1ed3i t\u1ed1t, gi\u00fap n\u00e2ng \u0111\u1ee1 c\u01a1 th\u1ec3 v\u00e0 t\u1ea1o s\u1ef1 th\u00f4ng tho\u00e1ng t\u1ed1i \u01b0u. Ch\u1ea5t li\u1ec7u l\u01b0\u1edbi \u0111\u1eb7c bi\u1ec7t h\u1ed7 tr\u1ee3 gi\u1ea3m t\u00edch nhi\u1ec7t, tr\u00e1nh c\u1ea3m gi\u00e1c h\u1ea7m b\u00ed khi ng\u1ed3i l\u00e2u \u2013 y\u1ebfu t\u1ed1 r\u1ea5t quan tr\u1ecdng \u0111\u1ed1i v\u1edbi nh\u00e2n vi\u00ean v\u0103n ph\u00f2ng ph\u1ea3i l\u00e0m vi\u1ec7c trong nhi\u1ec1u gi\u1edd li\u00ean t\u1ee5c. C\u00f9ng v\u1edbi \u0111\u00f3, ph\u1ea7n \u0111\u1ec7m ng\u1ed3i \u0111\u01b0\u1ee3c b\u1ecdc v\u1ea3i \u00eam \u00e1i, m\u1ec1m m\u1ea1i nh\u01b0ng kh\u00f4ng b\u1ecb x\u1eb9p l\u00fan, \u0111\u1ea3m b\u1ea3o \u0111\u1ed9 b\u1ec1n v\u00e0 s\u1ef1 tho\u1ea3i m\u00e1i trong qu\u00e1 tr\u00ecnh s\u1eed d\u1ee5ng.<\/p>\n<p data-start=\"1775\" data-end=\"2237\">Gh\u1ebf nh\u00e2n vi\u00ean GL117R \u0111\u01b0\u1ee3c trang b\u1ecb hai phi\u00ean b\u1ea3n ch\u00e2n: ch\u00e2n nh\u1ef1a v\u00e0 ch\u00e2n th\u00e9p m\u1ea1. Phi\u00ean b\u1ea3n ch\u00e2n nh\u1ef1a c\u00f3 \u01b0u \u0111i\u1ec3m nh\u1eb9, d\u1ec5 di chuy\u1ec3n, ph\u00f9 h\u1ee3p v\u1edbi c\u00e1c kh\u00f4ng gian l\u00e0m vi\u1ec7c c\u1ea7n linh ho\u1ea1t. Trong khi \u0111\u00f3, ch\u00e2n th\u00e9p m\u1ea1 mang l\u1ea1i v\u1ebb \u0111\u1eb9p sang tr\u1ecdng h\u01a1n v\u00e0 \u0111\u1ed9 b\u1ec1n cao h\u01a1n, t\u1ea1o c\u1ea3m gi\u00e1c ch\u1eafc ch\u1eafn khi ng\u1ed3i. C\u1ea3 hai lo\u1ea1i ch\u00e2n \u0111\u1ec1u \u0111\u01b0\u1ee3c trang b\u1ecb b\u00e1nh xe di chuy\u1ec3n nh\u1eb9 nh\u00e0ng, gi\u00fap ng\u01b0\u1eddi d\u00f9ng xoay chuy\u1ec3n trong kh\u00f4ng gian l\u00e0m vi\u1ec7c m\u1ed9t c\u00e1ch thu\u1eadn ti\u1ec7n m\u00e0 kh\u00f4ng g\u00e2y tr\u1ea7y x\u01b0\u1edbc m\u1eb7t s\u00e0n.<\/p>\n<p data-start=\"2239\" data-end=\"2669\">V\u1ec1 thi\u1ebft k\u1ebf t\u1ed5ng th\u1ec3, gh\u1ebf GL117R \u0111\u01b0\u1ee3c ch\u1ebf t\u1ea1o theo c\u00f4ng th\u00e1i h\u1ecdc (ergonomic), gi\u00fap h\u1ed7 tr\u1ee3 d\u00e1ng ng\u1ed3i \u0111\u00fang chu\u1ea9n, gi\u1ea3m c\u0103ng th\u1eb3ng l\u00ean c\u1ed9t s\u1ed1ng v\u00e0 h\u1ea1n ch\u1ebf t\u00ecnh tr\u1ea1ng \u0111au m\u1ecfi l\u01b0ng \u2013 v\u1ea5n \u0111\u1ec1 ph\u1ed5 bi\u1ebfn c\u1ee7a d\u00e2n v\u0103n ph\u00f2ng. T\u1ef1a l\u01b0ng c\u00f3 \u0111\u1ed9 cong v\u1eeba ph\u1ea3i \u00f4m theo l\u01b0ng ng\u01b0\u1eddi ng\u1ed3i, g\u00f3p ph\u1ea7n gi\u1eef c\u01a1 th\u1ec3 \u1edf t\u01b0 th\u1ebf t\u1ef1 nhi\u00ean nh\u1ea5t. B\u00ean c\u1ea1nh \u0111\u00f3, tay gh\u1ebf nh\u1ef1a c\u1ed1 \u0111\u1ecbnh gi\u00fap n\u00e2ng \u0111\u1ee1 c\u00e1nh tay hi\u1ec7u qu\u1ea3 khi l\u00e0m vi\u1ec7c v\u1edbi m\u00e1y t\u00ednh, gi\u1ea3m \u00e1p l\u1ef1c l\u00ean vai v\u00e0 g\u00e1y.<\/p>\n<p data-start=\"2671\" data-end=\"2980\">Gh\u1ebf nh\u00e2n vi\u00ean GL117R \u0111\u1eb7c bi\u1ec7t ph\u00f9 h\u1ee3p cho c\u00e1c khu v\u1ef1c l\u00e0m vi\u1ec7c c\u00e1 nh\u00e2n, ph\u00f2ng nh\u00e2n vi\u00ean, ph\u00f2ng giao d\u1ecbch, ho\u1eb7c \u0111\u01b0\u1ee3c s\u1eed d\u1ee5ng l\u00e0m gh\u1ebf h\u1ecdc t\u1eadp, gh\u1ebf l\u00e0m vi\u1ec7c t\u1ea1i nh\u00e0. V\u1edbi thi\u1ebft k\u1ebf g\u1ecdn g\u00e0ng, s\u1ea3n ph\u1ea9m kh\u00f4ng chi\u1ebfm nhi\u1ec1u di\u1ec7n t\u00edch nh\u01b0ng v\u1eabn \u0111\u1ea3m b\u1ea3o \u0111\u1ea7y \u0111\u1ee7 c\u00e1c ch\u1ee9c n\u0103ng c\u1ea7n thi\u1ebft c\u1ee7a m\u1ed9t chi\u1ebfc gh\u1ebf v\u0103n ph\u00f2ng hi\u1ec7n \u0111\u1ea1i.<\/p>\n<p data-start=\"2982\" data-end=\"3327\">M\u1ed9t \u0111i\u1ec3m c\u1ed9ng kh\u00e1c c\u1ee7a GL117R ch\u00ednh l\u00e0 s\u1ef1 \u1ed5n \u0111\u1ecbnh khi s\u1eed d\u1ee5ng. D\u00f9 ng\u01b0\u1eddi ng\u1ed3i di chuy\u1ec3n, xoay gh\u1ebf hay thay \u0111\u1ed5i t\u01b0 th\u1ebf, ph\u1ea7n khung t\u1ef1a v\u00e0 ch\u00e2n gh\u1ebf v\u1eabn gi\u1eef \u0111\u01b0\u1ee3c \u0111\u1ed9 v\u1eefng ch\u1eafc, an to\u00e0n. C\u01a1 c\u1ea5u c\u1ea7n h\u01a1i cho ph\u00e9p ng\u01b0\u1eddi d\u00f9ng d\u1ec5 d\u00e0ng \u0111i\u1ec1u ch\u1ec9nh \u0111\u1ed9 cao ph\u00f9 h\u1ee3p v\u1edbi chi\u1ec1u cao c\u01a1 th\u1ec3 v\u00e0 m\u1eb7t b\u00e0n l\u00e0m vi\u1ec7c, t\u1ed1i \u01b0u ho\u00e1 s\u1ef1 tho\u1ea3i m\u00e1i trong su\u1ed1t qu\u00e1 tr\u00ecnh s\u1eed d\u1ee5ng.<\/p>\n<p data-start=\"3329\" data-end=\"3703\">Kh\u00f4ng ch\u1ec9 \u0111\u00e1p \u1ee9ng nhu c\u1ea7u s\u1eed d\u1ee5ng l\u00e2u d\u00e0i, gh\u1ebf GL117R c\u00f2n gi\u00fap n\u00e2ng cao t\u00ednh th\u1ea9m m\u1ef9 cho kh\u00f4ng gian v\u0103n ph\u00f2ng. T\u00f4ng m\u00e0u trung t\u00ednh hi\u1ec7n \u0111\u1ea1i, k\u1ebft h\u1ee3p v\u1edbi ch\u1ea5t li\u1ec7u l\u01b0\u1edbi v\u00e0 nh\u1ef1a cao c\u1ea5p, mang \u0111\u1ebfn v\u1ebb \u0111\u1eb9p h\u00e0i h\u00f2a v\u00e0 \u0111\u1ed3ng nh\u1ea5t trong t\u1ed5ng th\u1ec3 n\u1ed9i th\u1ea5t. S\u1ea3n ph\u1ea9m d\u1ec5 d\u00e0ng ph\u1ed1i h\u1ee3p v\u1edbi c\u00e1c lo\u1ea1i b\u00e0n l\u00e0m vi\u1ec7c, t\u1eeb b\u00e0n ch\u00e2n s\u1eaft, b\u00e0n g\u1ed7 c\u00f4ng nghi\u1ec7p cho \u0111\u1ebfn b\u00e0n c\u1ee5m ho\u1eb7c module v\u0103n ph\u00f2ng.<\/p>\n<p data-start=\"3705\" data-end=\"4199\" data-is-last-node=\"\" data-is-only-node=\"\">T\u1ed5ng k\u1ebft l\u1ea1i, gh\u1ebf nh\u00e2n vi\u00ean GL117R l\u00e0 l\u1ef1a ch\u1ecdn ho\u00e0n h\u1ea3o cho doanh nghi\u1ec7p \u0111ang t\u00ecm ki\u1ebfm m\u1ed9t m\u1eabu gh\u1ebf v\u0103n ph\u00f2ng b\u1ec1n b\u1ec9, tho\u1ea3i m\u00e1i v\u00e0 \u0111\u1eb9p m\u1eaft. V\u1edbi ch\u1ea5t li\u1ec7u cao c\u1ea5p, thi\u1ebft k\u1ebf c\u00f4ng th\u00e1i h\u1ecdc v\u00e0 m\u1ee9c gi\u00e1 h\u1ee3p l\u00fd, GL117R kh\u00f4ng ch\u1ec9 mang l\u1ea1i gi\u00e1 tr\u1ecb s\u1eed d\u1ee5ng l\u00e2u d\u00e0i m\u00e0 c\u00f2n n\u00e2ng t\u1ea7m h\u00ecnh \u1ea3nh chuy\u00ean nghi\u1ec7p cho kh\u00f4ng gian l\u00e0m vi\u1ec7c. S\u1ea3n ph\u1ea9m ch\u1eafc ch\u1eafn s\u1ebd \u0111\u00e1p \u1ee9ng t\u1ed1t nhu c\u1ea7u c\u1ee7a ng\u01b0\u1eddi d\u00f9ng t\u1eeb v\u0103n ph\u00f2ng c\u00f4ng ty \u0111\u1ebfn kh\u00f4ng gian l\u00e0m vi\u1ec7c t\u1ea1i nh\u00e0, tr\u1edf th\u00e0nh ng\u01b0\u1eddi b\u1ea1n \u0111\u1ed3ng h\u00e0nh tin c\u1eady trong m\u1ecdi t\u00e1c v\u1ee5 h\u1eb1ng ng\u00e0y.<\/p>\n","protected":false},"excerpt":{"rendered":"<p data-start=\"0\" data-end=\"393\">Gh\u1ebf nh\u00e2n vi\u00ean GL117R l\u00e0 m\u1eabu gh\u1ebf l\u01b0\u1edbi d\u00e0nh cho nh\u00e2n vi\u00ean v\u0103n ph\u00f2ng, s\u1eed d\u1ee5ng khung t\u1ef1a nh\u1ef1a b\u1ecdc v\u1ea3i l\u01b0\u1edbi cao c\u1ea5p k\u1ebft h\u1ee3p v\u1edbi \u0111\u1ec7m b\u1ecdc v\u1ea3i \u00eam \u00e1i, mang l\u1ea1i s\u1ef1 tho\u1ea3i m\u00e1i v\u00e0 th\u00f4ng tho\u00e1ng khi s\u1eed d\u1ee5ng trong th\u1eddi gian d\u00e0i. S\u1ea3n ph\u1ea9m h\u1ed7 tr\u1ee3 hai t\u00f9y ch\u1ecdn ch\u00e2n gh\u1ebf g\u1ed3m ch\u00e2n nh\u1ef1a v\u00e0 ch\u00e2n th\u00e9p m\u1ea1, ph\u00f9 h\u1ee3p v\u1edbi nhi\u1ec1u nhu c\u1ea7u b\u1ed1 tr\u00ed kh\u00f4ng gian l\u00e0m vi\u1ec7c.<\/p>\n<p data-start=\"395\" data-end=\"501\">GL117R ch\u00e2n nh\u1ef1a &#8211; <span style=\"color: #ed1c24; font-size: 120%;\"><strong>950.000 \u0111<\/strong><\/span><br \/>\nKT: W575 x D610 x H960-1080 (mm)<br data-start=\"454\" data-end=\"457\" \/>GL117R ch\u00e2n m\u1ea1 &#8211; <span style=\"color: #ed1c24; font-size: 120%;\"><strong>1.113.000 \u0111<\/strong><\/span><br \/>\nKT: W575 x D610 x H925-1000 (mm)<\/p>\n<p data-start=\"503\" data-end=\"806\">Xu\u1ea5t x\u1ee9: S\u1ea3n ph\u1ea9m c\u1ee7a c\u00f4ng ty <strong data-start=\"533\" data-end=\"553\">N\u1ed8I TH\u1ea4T THE ONE<\/strong> \u2013 Ph\u00e2n ph\u1ed1i b\u1edfi <strong data-start=\"570\" data-end=\"606\">C\u00d4NG TY TNHH SXTM TTNT H\u1eeeU TH\u1ecaNH<\/strong><br data-start=\"606\" data-end=\"609\" \/>B\u1ea3o h\u00e0nh: 12 th\u00e1ng theo ti\u00eau chu\u1ea9n nh\u00e0 m\u00e1y<br data-start=\"651\" data-end=\"654\" \/><span style=\"color: #ed1c24;\"><em data-start=\"654\" data-end=\"806\">L\u01b0u \u00fd: Gi\u00e1 tr\u00ean ch\u01b0a bao g\u1ed3m VAT v\u00e0 ph\u00ed v\u1eadn chuy\u1ec3n. Gi\u00e1 s\u1ea3n ph\u1ea9m c\u00f3 th\u1ec3 thay \u0111\u1ed5i theo t\u1eebng th\u1eddi \u0111i\u1ec3m, vui l\u00f2ng li\u00ean h\u1ec7 \u0111\u1ec3 nh\u1eadn t\u01b0 v\u1ea5n \u01b0u \u0111\u00e3i t\u1ed1t nh\u1ea5t.<\/em><\/span><\/p>\n","protected":false},"featured_media":4960,"comment_status":"open","ping_status":"closed","template":"","meta":[],"product_brand":[],"product_cat":[17,303],"product_tag":[],"class_list":{"0":"post-4959","1":"product","2":"type-product","3":"status-publish","4":"has-post-thumbnail","6":"product_cat-noi-that-van-phong","7":"product_cat-ghe-nhan-vien","9":"first","10":"instock","11":"taxable","12":"shipping-taxable","13":"purchasable","14":"product-type-simple"},"_links":{"self":[{"href":"https:\/\/noithathuuthinhvn214.mbws.vn\/zh-hans\/wp-json\/wp\/v2\/product\/4959","targetHints":{"allow":["GET"]}}],"collection":[{"href":"https:\/\/noithathuuthinhvn214.mbws.vn\/zh-hans\/wp-json\/wp\/v2\/product"}],"about":[{"href":"https:\/\/noithathuuthinhvn214.mbws.vn\/zh-hans\/wp-json\/wp\/v2\/types\/product"}],"replies":[{"embeddable":true,"href":"https:\/\/noithathuuthinhvn214.mbws.vn\/zh-hans\/wp-json\/wp\/v2\/comments?post=4959"}],"wp:featuredmedia":[{"embeddable":true,"href":"https:\/\/noithathuuthinhvn214.mbws.vn\/zh-hans\/wp-json\/wp\/v2\/media\/4960"}],"wp:attachment":[{"href":"https:\/\/noithathuuthinhvn214.mbws.vn\/zh-hans\/wp-json\/wp\/v2\/media?parent=4959"}],"wp:term":[{"taxonomy":"product_brand","embeddable":true,"href":"https:\/\/noithathuuthinhvn214.mbws.vn\/zh-hans\/wp-json\/wp\/v2\/product_brand?post=4959"},{"taxonomy":"product_cat","embeddable":true,"href":"https:\/\/noithathuuthinhvn214.mbws.vn\/zh-hans\/wp-json\/wp\/v2\/product_cat?post=4959"},{"taxonomy":"product_tag","embeddable":true,"href":"https:\/\/noithathuuthinhvn214.mbws.vn\/zh-hans\/wp-json\/wp\/v2\/product_tag?post=4959"}],"curies":[{"name":"wp","href":"https:\/\/api.w.org\/{rel}","templated":true}]}}