{"id":4955,"date":"2025-11-29T15:41:09","date_gmt":"2025-11-29T08:41:09","guid":{"rendered":"https:\/\/noithathuuthinh.vn\/?post_type=product&#038;p=4955"},"modified":"2025-11-29T15:41:09","modified_gmt":"2025-11-29T08:41:09","slug":"ghe-nhan-vien-gl117","status":"publish","type":"product","link":"https:\/\/noithathuuthinhvn214.mbws.vn\/zh-hans\/san-pham\/ghe-nhan-vien-gl117\/","title":{"rendered":"Gh\u1ebf nh\u00e2n vi\u00ean GL117"},"content":{"rendered":"<p data-start=\"984\" data-end=\"1434\">Gh\u1ebf nh\u00e2n vi\u00ean GL117 l\u00e0 l\u1ef1a ch\u1ecdn ho\u00e0n h\u1ea3o d\u00e0nh cho kh\u00f4ng gian l\u00e0m vi\u1ec7c hi\u1ec7n \u0111\u1ea1i, n\u01a1i \u0111\u1ec1 cao s\u1ef1 tho\u1ea3i m\u00e1i, linh ho\u1ea1t v\u00e0 th\u1ea9m m\u1ef9 trong thi\u1ebft k\u1ebf n\u1ed9i th\u1ea5t. V\u1edbi vi\u1ec7c s\u1eed d\u1ee5ng khung t\u1ef1a nh\u1ef1a b\u1ecdc v\u1ea3i l\u01b0\u1edbi cao c\u1ea5p, s\u1ea3n ph\u1ea9m kh\u00f4ng ch\u1ec9 mang l\u1ea1i s\u1ef1 tho\u00e1ng kh\u00ed v\u01b0\u1ee3t tr\u1ed9i m\u00e0 c\u00f2n \u0111\u1ea3m b\u1ea3o t\u00ednh b\u1ec1n b\u1ec9 v\u00e0 kh\u1ea3 n\u0103ng n\u00e2ng \u0111\u1ee1 t\u1ed1t cho v\u00f9ng l\u01b0ng ng\u01b0\u1eddi s\u1eed d\u1ee5ng. \u0110\u00e2y l\u00e0 y\u1ebfu t\u1ed1 quan tr\u1ecdng gi\u00fap gi\u1ea3m thi\u1ec3u t\u00ecnh tr\u1ea1ng m\u1ec7t m\u1ecfi, c\u0103ng th\u1eb3ng c\u01a1 khi ph\u1ea3i l\u00e0m vi\u1ec7c trong th\u1eddi gian d\u00e0i.<\/p>\n<p data-start=\"1436\" data-end=\"1941\">Ngay t\u1eeb khi nh\u00ecn v\u00e0o, gh\u1ebf nh\u00e2n vi\u00ean GL117 \u0111\u00e3 t\u1ea1o \u0111\u01b0\u1ee3c \u1ea5n t\u01b0\u1ee3ng b\u1edfi s\u1ef1 g\u1ecdn g\u00e0ng, tinh t\u1ebf v\u00e0 hi\u1ec7n \u0111\u1ea1i. Ph\u1ea7n khung nh\u1ef1a c\u00f3 kh\u1ea3 n\u0103ng ch\u1ecbu l\u1ef1c t\u1ed1t, \u0111\u01b0\u1ee3c thi\u1ebft k\u1ebf theo h\u01b0\u1edbng c\u00f4ng th\u00e1i h\u1ecdc gi\u00fap \u00f4m s\u00e1t \u0111\u01b0\u1eddng cong l\u01b0ng, h\u1ed7 tr\u1ee3 ng\u01b0\u1eddi d\u00f9ng duy tr\u00ec t\u01b0 th\u1ebf ng\u1ed3i chu\u1ea9n. \u0110i\u1ec1u n\u00e0y \u0111\u1eb7c bi\u1ec7t h\u1eefu \u00edch cho nh\u00e2n vi\u00ean v\u0103n ph\u00f2ng \u2013 nh\u1eefng ng\u01b0\u1eddi ph\u1ea3i ng\u1ed3i l\u00e0m vi\u1ec7c h\u00e0ng gi\u1edd li\u1ec1n m\u1ed7i ng\u00e0y. T\u1ef1a l\u01b0ng b\u1ecdc v\u1ea3i l\u01b0\u1edbi cao c\u1ea5p kh\u00f4ng ch\u1ec9 t\u1ea1o s\u1ef1 th\u00f4ng tho\u00e1ng m\u00e0 c\u00f2n h\u1ea1n ch\u1ebf c\u1ea3m gi\u00e1c b\u00ed h\u01a1i, gi\u00fap ng\u01b0\u1eddi ng\u1ed3i lu\u00f4n c\u1ea3m th\u1ea5y d\u1ec5 ch\u1ecbu, tho\u00e1ng m\u00e1t.<\/p>\n<p data-start=\"1943\" data-end=\"2311\">Ph\u1ea7n \u0111\u1ec7m ng\u1ed3i \u0111\u01b0\u1ee3c b\u1ecdc v\u1ea3i m\u1ec1m m\u1ecbn, c\u00f3 \u0111\u1ed9 \u0111\u00e0n h\u1ed3i t\u1ed1t, h\u1ea1n ch\u1ebf x\u1eb9p l\u00fan theo th\u1eddi gian v\u00e0 mang \u0111\u1ebfn s\u1ef1 tho\u1ea3i m\u00e1i t\u1ed1i \u0111a trong qu\u00e1 tr\u00ecnh s\u1eed d\u1ee5ng. V\u1ea3i b\u1ecdc c\u00f3 \u0111\u1ed9 b\u1ec1n cao, ch\u1ea5t l\u01b0\u1ee3ng s\u1ee3i t\u1ed1t gi\u00fap s\u1ea3n ph\u1ea9m gi\u1eef \u0111\u01b0\u1ee3c t\u00ednh th\u1ea9m m\u1ef9 trong th\u1eddi gian d\u00e0i. Nh\u1edd \u0111\u00f3, gh\u1ebf kh\u00f4ng ch\u1ec9 \u0111\u00e1p \u1ee9ng nhu c\u1ea7u th\u1ef1c t\u1ebf m\u00e0 c\u00f2n g\u00f3p ph\u1ea7n n\u00e2ng t\u1ea7m v\u1ebb \u0111\u1eb9p chuy\u00ean nghi\u1ec7p cho t\u1ed5ng th\u1ec3 kh\u00f4ng gian v\u0103n ph\u00f2ng.<\/p>\n<p data-start=\"2313\" data-end=\"2822\">Gh\u1ebf nh\u00e2n vi\u00ean GL117 c\u00f3 hai t\u00f9y ch\u1ecdn ch\u00e2n gh\u1ebf l\u00e0 ch\u00e2n nh\u1ef1a v\u00e0 ch\u00e2n th\u00e9p m\u1ea1, gi\u00fap doanh nghi\u1ec7p d\u1ec5 d\u00e0ng l\u1ef1a ch\u1ecdn theo ng\u00e2n s\u00e1ch v\u00e0 nhu c\u1ea7u s\u1eed d\u1ee5ng. Phi\u00ean b\u1ea3n ch\u00e2n nh\u1ef1a c\u00f3 \u01b0u \u0111i\u1ec3m tr\u1ecdng l\u01b0\u1ee3ng nh\u1eb9, d\u1ec5 d\u00e0ng di chuy\u1ec3n, ph\u00f9 h\u1ee3p v\u1edbi kh\u00f4ng gian c\u1ea7n s\u1ef1 linh ho\u1ea1t. Trong khi \u0111\u00f3, phi\u00ean b\u1ea3n ch\u00e2n th\u00e9p m\u1ea1 mang \u0111\u1ebfn v\u1ebb sang tr\u1ecdng, ch\u1eafc ch\u1eafn v\u00e0 \u0111\u1ed9 b\u1ec1n cao, th\u00edch h\u1ee3p v\u1edbi m\u00f4i tr\u01b0\u1eddng l\u00e0m vi\u1ec7c y\u00eau c\u1ea7u s\u1ef1 \u1ed5n \u0111\u1ecbnh v\u00e0 t\u00ednh th\u1ea9m m\u1ef9 cao h\u01a1n. C\u1ea3 hai phi\u00ean b\u1ea3n \u0111\u1ec1u \u0111\u01b0\u1ee3c trang b\u1ecb b\u00e1nh xe ch\u1eafc ch\u1eafn, di chuy\u1ec3n m\u01b0\u1ee3t m\u00e0 tr\u00ean nhi\u1ec1u lo\u1ea1i s\u00e0n.<\/p>\n<p data-start=\"2824\" data-end=\"3187\">M\u1ed9t \u01b0u \u0111i\u1ec3m kh\u00e1c c\u1ee7a GL117 ch\u00ednh l\u00e0 kh\u1ea3 n\u0103ng \u0111i\u1ec1u ch\u1ec9nh \u0111\u1ed9 cao linh ho\u1ea1t. B\u1ed9 n\u00e2ng h\u1ea1 \u0111\u01b0\u1ee3c thi\u1ebft k\u1ebf \u00eam \u00e1i, gi\u00fap ng\u01b0\u1eddi d\u00f9ng d\u1ec5 d\u00e0ng t\u00f9y ch\u1ec9nh chi\u1ec1u cao gh\u1ebf sao cho ph\u00f9 h\u1ee3p nh\u1ea5t v\u1edbi b\u00e0n l\u00e0m vi\u1ec7c v\u00e0 v\u00f3c d\u00e1ng c\u1ee7a m\u00ecnh. Kh\u1ea3 n\u0103ng t\u00f9y ch\u1ec9nh n\u00e0y gi\u00fap t\u1ea1o t\u01b0 th\u1ebf ng\u1ed3i \u0111\u00fang chu\u1ea9n, gi\u1ea3m \u00e1p l\u1ef1c l\u00ean c\u1ed9t s\u1ed1ng, vai v\u00e0 c\u1ed5, t\u1eeb \u0111\u00f3 t\u0103ng hi\u1ec7u qu\u1ea3 l\u00e0m vi\u1ec7c v\u00e0 b\u1ea3o v\u1ec7 s\u1ee9c kh\u1ecfe l\u00e2u d\u00e0i.<\/p>\n<p data-start=\"3189\" data-end=\"3624\">Ngo\u00e0i ra, c\u1ee5m ch\u00e2n xoay 360 \u0111\u1ed9 t\u1ea1o \u0111i\u1ec1u ki\u1ec7n thu\u1eadn l\u1ee3i cho vi\u1ec7c di chuy\u1ec3n trong ph\u1ea1m vi b\u00e0n l\u00e0m vi\u1ec7c m\u00e0 kh\u00f4ng c\u1ea7n \u0111\u1ee9ng d\u1eady. \u0110i\u1ec1u n\u00e0y h\u1ed7 tr\u1ee3 t\u1ed1i \u01b0u cho c\u00e1c thao t\u00e1c v\u0103n ph\u00f2ng, gi\u00fap c\u00f4ng vi\u1ec7c di\u1ec5n ra tr\u01a1n tru v\u00e0 hi\u1ec7u qu\u1ea3 h\u01a1n. Nh\u1edd s\u1ef1 k\u1ebft h\u1ee3p gi\u1eefa ch\u1ea5t li\u1ec7u cao c\u1ea5p, ki\u1ec3u d\u00e1ng hi\u1ec7n \u0111\u1ea1i v\u00e0 t\u00ednh n\u0103ng ti\u1ec7n l\u1ee3i, GL117 ph\u00f9 h\u1ee3p v\u1edbi nhi\u1ec1u kh\u00f4ng gian nh\u01b0 v\u0103n ph\u00f2ng doanh nghi\u1ec7p, ph\u00f2ng l\u00e0m vi\u1ec7c t\u1ea1i nh\u00e0, khu v\u1ef1c l\u00e0m vi\u1ec7c nh\u00f3m ho\u1eb7c ph\u00f2ng giao d\u1ecbch.<\/p>\n<p data-start=\"3626\" data-end=\"3967\">V\u1ec1 m\u1eb7t th\u1ea9m m\u1ef9, gh\u1ebf nh\u00e2n vi\u00ean GL117 mang phong c\u00e1ch tr\u1ebb trung, hi\u1ec7n \u0111\u1ea1i, d\u1ec5 d\u00e0ng ph\u1ed1i h\u1ee3p v\u1edbi c\u00e1c d\u00f2ng b\u00e0n v\u0103n ph\u00f2ng ph\u1ed5 bi\u1ebfn nh\u01b0 b\u00e0n c\u1ee5m, b\u00e0n ch\u00e2n s\u1eaft, b\u00e0n g\u1ed7 c\u00f4ng nghi\u1ec7p ho\u1eb7c c\u00e1c h\u1ec7 b\u00e0n d\u00e0i c\u1ee7a doanh nghi\u1ec7p. M\u00e0u s\u1eafc trung t\u00ednh gi\u00fap gh\u1ebf ph\u00f9 h\u1ee3p v\u1edbi nhi\u1ec1u phong c\u00e1ch kh\u00e1c nhau, t\u1ea1o n\u00ean v\u1ebb th\u1ed1ng nh\u1ea5t v\u00e0 chuy\u00ean nghi\u1ec7p cho kh\u00f4ng gian l\u00e0m vi\u1ec7c.<\/p>\n<p data-start=\"3969\" data-end=\"4281\">T\u1ed5ng th\u1ec3, gh\u1ebf nh\u00e2n vi\u00ean GL117 h\u1ed9i t\u1ee5 \u0111\u1ea7y \u0111\u1ee7 c\u00e1c y\u1ebfu t\u1ed1 m\u00e0 m\u1ed9t doanh nghi\u1ec7p t\u00ecm ki\u1ebfm \u1edf m\u1ed9t m\u1eabu gh\u1ebf v\u0103n ph\u00f2ng: thi\u1ebft k\u1ebf \u0111\u1eb9p, ch\u1ea5t li\u1ec7u b\u1ec1n, t\u00ednh n\u0103ng ti\u1ec7n d\u1ee5ng v\u00e0 gi\u00e1 th\u00e0nh h\u1ee3p l\u00fd. \u0110\u00e2y ch\u1eafc ch\u1eafn l\u00e0 s\u1ea3n ph\u1ea9m mang l\u1ea1i gi\u00e1 tr\u1ecb cao cho doanh nghi\u1ec7p v\u00e0 s\u1ef1 tho\u1ea3i m\u00e1i cho nh\u00e2n vi\u00ean trong su\u1ed1t qu\u00e1 tr\u00ecnh s\u1eed d\u1ee5ng h\u1eb1ng ng\u00e0y.<\/p>\n","protected":false},"excerpt":{"rendered":"<p data-start=\"143\" data-end=\"530\">Gh\u1ebf nh\u00e2n vi\u00ean GL117 l\u00e0 m\u1eabu gh\u1ebf l\u01b0\u1edbi v\u0103n ph\u00f2ng hi\u1ec7n \u0111\u1ea1i v\u1edbi khung t\u1ef1a nh\u1ef1a b\u1ecdc v\u1ea3i l\u01b0\u1edbi cao c\u1ea5p, k\u1ebft h\u1ee3p c\u00f9ng ph\u1ea7n \u0111\u1ec7m b\u1ecdc v\u1ea3i \u00eam \u00e1i, mang l\u1ea1i c\u1ea3m gi\u00e1c tho\u1ea3i m\u00e1i v\u00e0 h\u1ed7 tr\u1ee3 t\u1ed1i \u01b0u cho ng\u01b0\u1eddi ng\u1ed3i trong su\u1ed1t th\u1eddi gian l\u00e0m vi\u1ec7c. S\u1ea3n ph\u1ea9m c\u00f3 hai l\u1ef1a ch\u1ecdn ch\u00e2n gh\u1ebf g\u1ed3m ch\u00e2n nh\u1ef1a v\u00e0 ch\u00e2n th\u00e9p m\u1ea1, ph\u00f9 h\u1ee3p v\u1edbi nhi\u1ec1u phong c\u00e1ch n\u1ed9i th\u1ea5t v\u00e0 nhu c\u1ea7u s\u1eed d\u1ee5ng kh\u00e1c nhau.<\/p>\n<p data-start=\"532\" data-end=\"636\">GL117 ch\u00e2n nh\u1ef1a &#8211; <span style=\"color: #ed1c24; font-size: 120%;\"><strong>1.117.000 \u0111<\/strong><\/span><br \/>\nKT: W575 x D610 x H930\u20131025 (mm)<br data-start=\"590\" data-end=\"593\" \/>GL117 ch\u00e2n m\u1ea1 &#8211; <span style=\"color: #ed1c24; font-size: 120%;\"><strong>1.268.000 \u0111<\/strong><\/span><br \/>\nKT: W575 x D610 x H925\u20131000 (mm)<\/p>\n<p data-start=\"638\" data-end=\"780\">Xu\u1ea5t x\u1ee9: S\u1ea3n ph\u1ea9m c\u1ee7a c\u00f4ng ty N\u1ed8I TH\u1ea4T THE ONE \u2013 Ph\u00e2n ph\u1ed1i b\u1edfi C\u00d4NG TY TNHH SXTM TTNT H\u1eeeU TH\u1ecaNH<br data-start=\"733\" data-end=\"736\" \/>B\u1ea3o h\u00e0nh: 12 th\u00e1ng theo ti\u00eau chu\u1ea9n nh\u00e0 m\u00e1y<\/p>\n<p data-start=\"782\" data-end=\"934\"><span style=\"color: #ed1c24;\"><em data-start=\"782\" data-end=\"934\">L\u01b0u \u00fd: Gi\u00e1 tr\u00ean ch\u01b0a bao g\u1ed3m VAT v\u00e0 ph\u00ed v\u1eadn chuy\u1ec3n. Gi\u00e1 s\u1ea3n ph\u1ea9m c\u00f3 th\u1ec3 thay \u0111\u1ed5i theo t\u1eebng th\u1eddi \u0111i\u1ec3m, vui l\u00f2ng li\u00ean h\u1ec7 \u0111\u1ec3 nh\u1eadn t\u01b0 v\u1ea5n \u01b0u \u0111\u00e3i t\u1ed1t nh\u1ea5t.<\/em><\/span><\/p>\n","protected":false},"featured_media":4956,"comment_status":"open","ping_status":"closed","template":"","meta":[],"product_brand":[],"product_cat":[17,303],"product_tag":[],"class_list":{"0":"post-4955","1":"product","2":"type-product","3":"status-publish","4":"has-post-thumbnail","6":"product_cat-noi-that-van-phong","7":"product_cat-ghe-nhan-vien","9":"first","10":"instock","11":"taxable","12":"shipping-taxable","13":"purchasable","14":"product-type-simple"},"_links":{"self":[{"href":"https:\/\/noithathuuthinhvn214.mbws.vn\/zh-hans\/wp-json\/wp\/v2\/product\/4955","targetHints":{"allow":["GET"]}}],"collection":[{"href":"https:\/\/noithathuuthinhvn214.mbws.vn\/zh-hans\/wp-json\/wp\/v2\/product"}],"about":[{"href":"https:\/\/noithathuuthinhvn214.mbws.vn\/zh-hans\/wp-json\/wp\/v2\/types\/product"}],"replies":[{"embeddable":true,"href":"https:\/\/noithathuuthinhvn214.mbws.vn\/zh-hans\/wp-json\/wp\/v2\/comments?post=4955"}],"wp:featuredmedia":[{"embeddable":true,"href":"https:\/\/noithathuuthinhvn214.mbws.vn\/zh-hans\/wp-json\/wp\/v2\/media\/4956"}],"wp:attachment":[{"href":"https:\/\/noithathuuthinhvn214.mbws.vn\/zh-hans\/wp-json\/wp\/v2\/media?parent=4955"}],"wp:term":[{"taxonomy":"product_brand","embeddable":true,"href":"https:\/\/noithathuuthinhvn214.mbws.vn\/zh-hans\/wp-json\/wp\/v2\/product_brand?post=4955"},{"taxonomy":"product_cat","embeddable":true,"href":"https:\/\/noithathuuthinhvn214.mbws.vn\/zh-hans\/wp-json\/wp\/v2\/product_cat?post=4955"},{"taxonomy":"product_tag","embeddable":true,"href":"https:\/\/noithathuuthinhvn214.mbws.vn\/zh-hans\/wp-json\/wp\/v2\/product_tag?post=4955"}],"curies":[{"name":"wp","href":"https:\/\/api.w.org\/{rel}","templated":true}]}}