{"id":4918,"date":"2025-11-29T13:46:27","date_gmt":"2025-11-29T06:46:27","guid":{"rendered":"https:\/\/noithathuuthinh.vn\/?post_type=product&#038;p=4918"},"modified":"2025-11-29T14:05:55","modified_gmt":"2025-11-29T07:05:55","slug":"ghe-nhan-vien-gl101","status":"publish","type":"product","link":"https:\/\/noithathuuthinhvn214.mbws.vn\/zh-hans\/san-pham\/ghe-nhan-vien-gl101\/","title":{"rendered":"Gh\u1ebf nh\u00e2n vi\u00ean GL101"},"content":{"rendered":"<p data-start=\"765\" data-end=\"1078\">Gh\u1ebf nh\u00e2n vi\u00ean GL101 l\u00e0 l\u1ef1a ch\u1ecdn t\u1ed1i \u01b0u cho c\u00e1c v\u0103n ph\u00f2ng hi\u1ec7n \u0111\u1ea1i, n\u01a1i s\u1ef1 ti\u1ec7n nghi, tho\u1ea3i m\u00e1i v\u00e0 th\u1ea9m m\u1ef9 \u0111\u01b0\u1ee3c \u0111\u1eb7t l\u00ean h\u00e0ng \u0111\u1ea7u. S\u1ea3n ph\u1ea9m \u0111\u01b0\u1ee3c thi\u1ebft k\u1ebf khoa h\u1ecdc \u0111\u1ec3 n\u00e2ng cao tr\u1ea3i nghi\u1ec7m ng\u1ed3i, b\u1ea3o v\u1ec7 s\u1ee9c kh\u1ecfe c\u1ed9t s\u1ed1ng v\u00e0 t\u0103ng hi\u1ec7u qu\u1ea3 l\u00e0m vi\u1ec7c cho nh\u00e2n vi\u00ean.<\/p>\n<p data-start=\"1080\" data-end=\"1328\">Khung gh\u1ebf v\u00e0 tay gh\u1ebf b\u1eb1ng nh\u1ef1a cao c\u1ea5p v\u1eeba ch\u1eafc ch\u1eafn v\u1eeba nh\u1eb9 nh\u00e0ng, gi\u00fap gh\u1ebf b\u1ec1n b\u1ec9 v\u00e0 d\u1ec5 d\u00e0ng di chuy\u1ec3n khi c\u1ea7n thay \u0111\u1ed5i v\u1ecb tr\u00ed. V\u1eadt li\u1ec7u nh\u1ef1a b\u1ec1n, ch\u1ecbu l\u1ef1c t\u1ed1t v\u00e0 kh\u00f4ng b\u1ecb bi\u1ebfn d\u1ea1ng theo th\u1eddi gian, mang l\u1ea1i s\u1ef1 \u1ed5n \u0111\u1ecbnh v\u00e0 an to\u00e0n cho ng\u01b0\u1eddi d\u00f9ng.<\/p>\n<p data-start=\"1330\" data-end=\"1727\">\u0110\u1ec7m gh\u1ebf b\u1ecdc v\u1ea3i l\u01b0\u1edbi x\u1ed1p tho\u00e1ng kh\u00ed, \u00f4m s\u00e1t c\u01a1 th\u1ec3, gi\u1ea3m m\u1ecfi l\u01b0ng v\u00e0 h\u00f4ng khi ng\u1ed3i l\u00e2u. Thi\u1ebft k\u1ebf cong sinh h\u1ecdc c\u1ee7a t\u1ef1a l\u01b0ng gi\u00fap n\u00e2ng \u0111\u1ee1 ph\u1ea7n l\u01b0ng trung m\u1ed9t c\u00e1ch t\u1ef1 nhi\u00ean, duy tr\u00ec t\u01b0 th\u1ebf chu\u1ea9n c\u00f4ng th\u00e1i h\u1ecdc v\u00e0 gi\u1ea3m c\u0103ng th\u1eb3ng cho c\u1ed9t s\u1ed1ng. V\u1ea3i l\u01b0\u1edbi ch\u1ea5t l\u01b0\u1ee3ng cao gi\u00fap l\u01b0u th\u00f4ng kh\u00f4ng kh\u00ed, h\u1ea1n ch\u1ebf t\u00ecnh tr\u1ea1ng b\u00ed n\u00f3ng v\u00e0 t\u1ea1o c\u1ea3m gi\u00e1c d\u1ec5 ch\u1ecbu, ngay c\u1ea3 trong m\u00f4i tr\u01b0\u1eddng l\u00e0m vi\u1ec7c nhi\u1ec1u gi\u1edd li\u00ean t\u1ee5c.<\/p>\n<p data-start=\"1729\" data-end=\"2041\">Gh\u1ebf GL101 cung c\u1ea5p hai l\u1ef1a ch\u1ecdn ch\u00e2n: ch\u00e2n nh\u1ef1a nh\u1eb9 nh\u00e0ng, linh ho\u1ea1t, d\u1ec5 di chuy\u1ec3n, ph\u00f9 h\u1ee3p v\u1edbi m\u00f4i tr\u01b0\u1eddng n\u0103ng \u0111\u1ed9ng; v\u00e0 ch\u00e2n m\u1ea1 ch\u1eafc ch\u1eafn, sang tr\u1ecdng, b\u1ec1n b\u1ec9 v\u00e0 ch\u1ecbu l\u1ef1c t\u1ed1t. C\u1ea3 hai lo\u1ea1i ch\u00e2n \u0111\u1ec1u \u0111i k\u00e8m b\u00e1nh xe xoay 360 \u0111\u1ed9, gi\u00fap di chuy\u1ec3n tr\u01a1n tru tr\u00ean nhi\u1ec1u lo\u1ea1i s\u00e0n, \u0111\u1ed3ng th\u1eddi h\u1ea1n ch\u1ebf ti\u1ebfng \u1ed3n v\u00e0 tr\u1ea7y x\u01b0\u1edbc.<\/p>\n<p data-start=\"2043\" data-end=\"2357\">K\u00edch th\u01b0\u1edbc gh\u1ebf h\u1ee3p l\u00fd: ch\u00e2n nh\u1ef1a W600 x D530 x H870\u2013965 mm, ch\u00e2n m\u1ea1 W600 x D530 x H875\u2013950 mm, mang \u0111\u1ebfn kh\u00f4ng gian ng\u1ed3i tho\u1ea3i m\u00e1i, ph\u00f9 h\u1ee3p v\u1edbi nhi\u1ec1u v\u00f3c d\u00e1ng kh\u00e1c nhau. Thi\u1ebft k\u1ebf khoa h\u1ecdc v\u00e0 chi\u1ec1u cao \u0111i\u1ec1u ch\u1ec9nh linh ho\u1ea1t gi\u00fap ng\u01b0\u1eddi d\u00f9ng duy tr\u00ec t\u01b0 th\u1ebf chu\u1ea9n, gi\u1ea3m m\u1ecfi c\u01a1 th\u1ec3 v\u00e0 t\u0103ng s\u1ef1 t\u1eadp trung trong c\u00f4ng vi\u1ec7c.<\/p>\n<p data-start=\"2359\" data-end=\"2605\">Gh\u1ebf nh\u00e2n vi\u00ean GL101 c\u00f2n n\u1ed5i b\u1eadt v\u1edbi ki\u1ec3u d\u00e1ng hi\u1ec7n \u0111\u1ea1i, m\u00e0u s\u1eafc trung t\u00ednh v\u00e0 v\u1eadt li\u1ec7u b\u1ec1n b\u1ec9, ph\u00f9 h\u1ee3p v\u1edbi nhi\u1ec1u phong c\u00e1ch n\u1ed9i th\u1ea5t v\u0103n ph\u00f2ng. S\u1ea3n ph\u1ea9m kh\u00f4ng ch\u1ec9 n\u00e2ng cao tr\u1ea3i nghi\u1ec7m ng\u1ed3i m\u00e0 c\u00f2n g\u00f3p ph\u1ea7n l\u00e0m \u0111\u1eb9p v\u00e0 \u0111\u1ed3ng b\u1ed9 kh\u00f4ng gian l\u00e0m vi\u1ec7c.<\/p>\n<p data-start=\"2607\" data-end=\"3022\" data-is-last-node=\"\" data-is-only-node=\"\">V\u1edbi t\u1ed5ng th\u1ec3 thi\u1ebft k\u1ebf hi\u1ec7n \u0111\u1ea1i, ch\u1ea5t li\u1ec7u b\u1ec1n b\u1ec9 v\u00e0 c\u00e1c t\u00ednh n\u0103ng c\u00f4ng th\u00e1i h\u1ecdc, gh\u1ebf nh\u00e2n vi\u00ean GL101 l\u00e0 gi\u1ea3i ph\u00e1p l\u00fd t\u01b0\u1edfng cho c\u00e1c doanh nghi\u1ec7p mu\u1ed1n trang b\u1ecb gh\u1ebf v\u0103n ph\u00f2ng ch\u1ea5t l\u01b0\u1ee3ng cao, \u00eam \u00e1i v\u00e0 ti\u1ec7n d\u1ee5ng. S\u1ea3n ph\u1ea9m h\u1ed9i t\u1ee5 \u0111\u1ea7y \u0111\u1ee7 c\u00e1c y\u1ebfu t\u1ed1: ti\u1ec7n nghi, tho\u1ea3i m\u00e1i, b\u1ec1n b\u1ec9 v\u00e0 linh ho\u1ea1t, l\u00e0 l\u1ef1a ch\u1ecdn t\u1ed1i \u01b0u cho nh\u00e2n vi\u00ean v\u00e0 doanh nghi\u1ec7p \u0111ang t\u00ecm ki\u1ebfm m\u1ed9t chi\u1ebfc gh\u1ebf l\u01b0\u1edbi nh\u00e2n vi\u00ean ch\u1ea5t l\u01b0\u1ee3ng, \u0111\u00e1ng tin c\u1eady v\u00e0 hi\u1ec7n \u0111\u1ea1i.<\/p>\n","protected":false},"excerpt":{"rendered":"<p data-start=\"25\" data-end=\"365\">Gh\u1ebf nh\u00e2n vi\u00ean GL101 l\u00e0 m\u1eabu gh\u1ebf l\u01b0\u1edbi d\u00e0nh cho nh\u00e2n vi\u00ean v\u1edbi thi\u1ebft k\u1ebf hi\u1ec7n \u0111\u1ea1i, khung v\u00e0 tay gh\u1ebf b\u1eb1ng nh\u1ef1a b\u1ec1n b\u1ec9, k\u1ebft h\u1ee3p \u0111\u1ec7m gh\u1ebf b\u1ecdc v\u1ea3i l\u01b0\u1edbi x\u1ed1p tho\u00e1ng m\u00e1t, mang l\u1ea1i s\u1ef1 tho\u1ea3i m\u00e1i t\u1ed1i \u0111a cho ng\u01b0\u1eddi ng\u1ed3i. Gh\u1ebf c\u00f3 hai lo\u1ea1i ch\u00e2n l\u1ef1a ch\u1ecdn: ch\u00e2n nh\u1ef1a ho\u1eb7c ch\u00e2n m\u1ea1, ph\u00f9 h\u1ee3p v\u1edbi nhi\u1ec1u kh\u00f4ng gian v\u0103n ph\u00f2ng kh\u00e1c nhau.<\/p>\n<p data-start=\"367\" data-end=\"460\">Ch\u00e2n nh\u1ef1a &#8211; <span style=\"color: #ed1c24; font-size: 120%;\"><strong>950.000 \u0111<\/strong><\/span><br \/>\nKT: W600 x D530 x H870\u2013965 (mm)<br data-start=\"419\" data-end=\"422\" \/>Ch\u00e2n m\u1ea1 &#8211; <span style=\"font-size: 120%;\"><strong><span style=\"color: #ed1c24;\">1.250.000 \u0111<\/span><\/strong><\/span><br \/>\nKT: W600 x D530 x H875\u2013950 (mm)<\/p>\n<p data-start=\"462\" data-end=\"604\">Xu\u1ea5t x\u1ee9: S\u1ea3n ph\u1ea9m c\u1ee7a c\u00f4ng ty N\u1ed8I TH\u1ea4T THE ONE \u2013 Ph\u00e2n ph\u1ed1i b\u1edfi C\u00d4NG TY TNHH SXTM TTNT H\u1eeeU TH\u1ecaNH<br data-start=\"557\" data-end=\"560\" \/>B\u1ea3o h\u00e0nh: 12 th\u00e1ng theo ti\u00eau chu\u1ea9n nh\u00e0 m\u00e1y<\/p>\n<p data-start=\"606\" data-end=\"758\"><span style=\"color: #ed1c24;\"><em data-start=\"606\" data-end=\"758\">L\u01b0u \u00fd: Gi\u00e1 tr\u00ean ch\u01b0a bao g\u1ed3m VAT v\u00e0 ph\u00ed v\u1eadn chuy\u1ec3n. Gi\u00e1 s\u1ea3n ph\u1ea9m c\u00f3 th\u1ec3 thay \u0111\u1ed5i theo t\u1eebng th\u1eddi \u0111i\u1ec3m, vui l\u00f2ng li\u00ean h\u1ec7 \u0111\u1ec3 nh\u1eadn t\u01b0 v\u1ea5n \u01b0u \u0111\u00e3i t\u1ed1t nh\u1ea5t.<\/em><\/span><\/p>\n","protected":false},"featured_media":4919,"comment_status":"open","ping_status":"closed","template":"","meta":[],"product_brand":[],"product_cat":[17,303],"product_tag":[],"class_list":{"0":"post-4918","1":"product","2":"type-product","3":"status-publish","4":"has-post-thumbnail","6":"product_cat-noi-that-van-phong","7":"product_cat-ghe-nhan-vien","9":"first","10":"instock","11":"taxable","12":"shipping-taxable","13":"purchasable","14":"product-type-simple"},"_links":{"self":[{"href":"https:\/\/noithathuuthinhvn214.mbws.vn\/zh-hans\/wp-json\/wp\/v2\/product\/4918","targetHints":{"allow":["GET"]}}],"collection":[{"href":"https:\/\/noithathuuthinhvn214.mbws.vn\/zh-hans\/wp-json\/wp\/v2\/product"}],"about":[{"href":"https:\/\/noithathuuthinhvn214.mbws.vn\/zh-hans\/wp-json\/wp\/v2\/types\/product"}],"replies":[{"embeddable":true,"href":"https:\/\/noithathuuthinhvn214.mbws.vn\/zh-hans\/wp-json\/wp\/v2\/comments?post=4918"}],"wp:featuredmedia":[{"embeddable":true,"href":"https:\/\/noithathuuthinhvn214.mbws.vn\/zh-hans\/wp-json\/wp\/v2\/media\/4919"}],"wp:attachment":[{"href":"https:\/\/noithathuuthinhvn214.mbws.vn\/zh-hans\/wp-json\/wp\/v2\/media?parent=4918"}],"wp:term":[{"taxonomy":"product_brand","embeddable":true,"href":"https:\/\/noithathuuthinhvn214.mbws.vn\/zh-hans\/wp-json\/wp\/v2\/product_brand?post=4918"},{"taxonomy":"product_cat","embeddable":true,"href":"https:\/\/noithathuuthinhvn214.mbws.vn\/zh-hans\/wp-json\/wp\/v2\/product_cat?post=4918"},{"taxonomy":"product_tag","embeddable":true,"href":"https:\/\/noithathuuthinhvn214.mbws.vn\/zh-hans\/wp-json\/wp\/v2\/product_tag?post=4918"}],"curies":[{"name":"wp","href":"https:\/\/api.w.org\/{rel}","templated":true}]}}