{"id":4902,"date":"2025-11-29T13:11:12","date_gmt":"2025-11-29T06:11:12","guid":{"rendered":"https:\/\/noithathuuthinh.vn\/?post_type=product&#038;p=4902"},"modified":"2025-11-29T13:11:13","modified_gmt":"2025-11-29T06:11:13","slug":"ghe-luoi-gl229","status":"publish","type":"product","link":"https:\/\/noithathuuthinhvn214.mbws.vn\/zh-hans\/san-pham\/ghe-luoi-gl229\/","title":{"rendered":"Gh\u1ebf l\u01b0\u1edbi GL229"},"content":{"rendered":"<p data-start=\"765\" data-end=\"1131\">Gh\u1ebf l\u01b0\u1edbi GL229 l\u00e0 l\u1ef1a ch\u1ecdn ho\u00e0n h\u1ea3o cho kh\u00f4ng gian v\u0103n ph\u00f2ng hi\u1ec7n \u0111\u1ea1i, n\u01a1i s\u1ef1 ti\u1ec7n nghi, tho\u1ea3i m\u00e1i v\u00e0 th\u1ea9m m\u1ef9 \u0111\u01b0\u1ee3c \u0111\u1eb7t l\u00ean h\u00e0ng \u0111\u1ea7u. S\u1ea3n ph\u1ea9m \u0111\u01b0\u1ee3c thi\u1ebft k\u1ebf tinh t\u1ebf, k\u1ebft h\u1ee3p gi\u1eefa ch\u1ea5t li\u1ec7u cao c\u1ea5p, ki\u1ec3u d\u00e1ng hi\u1ec7n \u0111\u1ea1i v\u00e0 t\u00ednh n\u0103ng c\u00f4ng th\u00e1i h\u1ecdc, mang l\u1ea1i tr\u1ea3i nghi\u1ec7m ng\u1ed3i l\u00fd t\u01b0\u1edfng v\u00e0 n\u00e2ng cao hi\u1ec7u qu\u1ea3 l\u00e0m vi\u1ec7c.<\/p>\n<p data-start=\"1133\" data-end=\"1581\">Ph\u1ea7n khung t\u1ef1a gh\u1ebf \u0111\u01b0\u1ee3c l\u00e0m t\u1eeb nh\u1ef1a b\u1ecdc v\u1ea3i l\u01b0\u1edbi ch\u1ea5t l\u01b0\u1ee3ng cao, v\u1eeba ch\u1eafc ch\u1eafn v\u1eeba tho\u00e1ng kh\u00ed, gi\u00fap n\u00e2ng \u0111\u1ee1 ph\u1ea7n l\u01b0ng trung m\u1ed9t c\u00e1ch t\u1ef1 nhi\u00ean v\u00e0 gi\u1ea3m \u00e1p l\u1ef1c l\u00ean c\u1ed9t s\u1ed1ng. Thi\u1ebft k\u1ebf cong sinh h\u1ecdc \u00f4m s\u00e1t \u0111\u01b0\u1eddng cong t\u1ef1 nhi\u00ean c\u1ee7a c\u1ed9t s\u1ed1ng, h\u1ed7 tr\u1ee3 t\u01b0 th\u1ebf chu\u1ea9n c\u00f4ng th\u00e1i h\u1ecdc v\u00e0 gi\u1ea3m m\u1ecfi l\u01b0ng trong su\u1ed1t th\u1eddi gian l\u00e0m vi\u1ec7c. L\u01b0\u1edbi b\u1ecdc khung t\u1ef1a c\u00f2n gi\u00fap l\u01b0u th\u00f4ng kh\u00f4ng kh\u00ed, h\u1ea1n ch\u1ebf t\u00ecnh tr\u1ea1ng b\u00ed n\u00f3ng khi ng\u1ed3i l\u00e2u, mang l\u1ea1i c\u1ea3m gi\u00e1c d\u1ec5 ch\u1ecbu su\u1ed1t c\u1ea3 ng\u00e0y.<\/p>\n<p data-start=\"1583\" data-end=\"1919\">\u0110\u1ec7m gh\u1ebf s\u1eed d\u1ee5ng m\u00fat b\u1ecdc PVC cao c\u1ea5p, t\u1ea1o \u0111\u1ed9 \u00eam \u00e1i, \u0111\u00e0n h\u1ed3i t\u1ed1t v\u00e0 kh\u1ea3 n\u0103ng ch\u1ecbu l\u1ef1c b\u1ec1n b\u1ec9. Ch\u1ea5t li\u1ec7u PVC gi\u00fap d\u1ec5 d\u00e0ng v\u1ec7 sinh v\u00e0 duy tr\u00ec form gh\u1ebf \u1ed5n \u0111\u1ecbnh theo th\u1eddi gian. K\u00edch th\u01b0\u1edbc \u0111\u1ec7m r\u1ed9ng r\u00e3i, h\u1ed7 tr\u1ee3 v\u00f9ng h\u00f4ng v\u00e0 \u0111\u00f9i, gi\u00fap gi\u1ea3m m\u1ec7t m\u1ecfi v\u00e0 c\u1ea3i thi\u1ec7n tu\u1ea7n ho\u00e0n m\u00e1u khi ng\u1ed3i l\u00e2u, \u0111\u1ea3m b\u1ea3o tr\u1ea3i nghi\u1ec7m ng\u1ed3i tho\u1ea3i m\u00e1i cho m\u1ecdi ng\u01b0\u1eddi d\u00f9ng.<\/p>\n<p data-start=\"1921\" data-end=\"2153\">Tay gh\u1ebf c\u1ed1 \u0111\u1ecbnh b\u1eb1ng nh\u1ef1a gi\u00fap \u0111\u1eb7t c\u00e1nh tay thu\u1eadn ti\u1ec7n, gi\u1ea3m c\u0103ng c\u01a1 vai v\u00e0 c\u1ed5 trong qu\u00e1 tr\u00ecnh thao t\u00e1c b\u00e0n ph\u00edm ho\u1eb7c s\u1eed d\u1ee5ng m\u00e1y t\u00ednh. Tay gh\u1ebf \u0111\u01b0\u1ee3c thi\u1ebft k\u1ebf h\u1ee3p l\u00fd, n\u00e2ng cao tr\u1ea3i nghi\u1ec7m tho\u1ea3i m\u00e1i v\u00e0 \u1ed5n \u0111\u1ecbnh trong m\u1ecdi t\u01b0 th\u1ebf ng\u1ed3i.<\/p>\n<p data-start=\"2155\" data-end=\"2608\">Gh\u1ebf l\u01b0\u1edbi GL229 cung c\u1ea5p hai l\u1ef1a ch\u1ecdn ch\u00e2n: ch\u00e2n nh\u1ef1a v\u00e0 ch\u00e2n th\u00e9p m\u1ea1. Ch\u00e2n nh\u1ef1a nh\u1eb9 nh\u00e0ng, linh ho\u1ea1t, d\u1ec5 di chuy\u1ec3n v\u00e0 ph\u00f9 h\u1ee3p v\u1edbi m\u00f4i tr\u01b0\u1eddng v\u0103n ph\u00f2ng n\u0103ng \u0111\u1ed9ng. Ch\u00e2n th\u00e9p m\u1ea1 mang \u0111\u1ebfn v\u1ebb ngo\u00e0i sang tr\u1ecdng, \u0111\u1ed9 b\u1ec1n cao v\u00e0 kh\u1ea3 n\u0103ng ch\u1ecbu l\u1ef1c t\u1ed1t, \u0111\u1ed3ng th\u1eddi \u0111\u1ea3m b\u1ea3o s\u1ef1 \u1ed5n \u0111\u1ecbnh t\u1ed1i \u0111a khi ng\u1ed3i. C\u1ea3 hai lo\u1ea1i ch\u00e2n \u0111\u1ec1u \u0111i k\u00e8m b\u00e1nh xe xoay 360 \u0111\u1ed9, di chuy\u1ec3n tr\u01a1n tru tr\u00ean nhi\u1ec1u lo\u1ea1i s\u00e0n nh\u01b0 g\u1ea1ch, g\u1ed7 ho\u1eb7c th\u1ea3m, \u0111\u1ed3ng th\u1eddi h\u1ea1n ch\u1ebf ti\u1ebfng \u1ed3n v\u00e0 tr\u1ea7y x\u01b0\u1edbc b\u1ec1 m\u1eb7t s\u00e0n.<\/p>\n<p data-start=\"2610\" data-end=\"2936\">K\u00edch th\u01b0\u1edbc gh\u1ebf h\u1ee3p l\u00fd: ch\u00e2n nh\u1ef1a W580 x D610 x H930\u20131025 mm, ch\u00e2n th\u00e9p m\u1ea1 W580 x D610 x H925\u20131000 mm, cung c\u1ea5p kh\u00f4ng gian ng\u1ed3i r\u1ed9ng r\u00e3i v\u00e0 tho\u1ea3i m\u00e1i cho ng\u01b0\u1eddi d\u00f9ng. Thi\u1ebft k\u1ebf khoa h\u1ecdc k\u1ebft h\u1ee3p ch\u1ea5t li\u1ec7u cao c\u1ea5p v\u00e0 c\u00e1c t\u00ednh n\u0103ng c\u00f4ng th\u00e1i h\u1ecdc gi\u00fap ng\u01b0\u1eddi d\u00f9ng duy tr\u00ec t\u01b0 th\u1ebf chu\u1ea9n, gi\u1ea3m m\u1ecfi c\u01a1 th\u1ec3 v\u00e0 n\u00e2ng cao hi\u1ec7u qu\u1ea3 l\u00e0m vi\u1ec7c.<\/p>\n<p data-start=\"2938\" data-end=\"3400\" data-is-last-node=\"\" data-is-only-node=\"\">V\u1edbi thi\u1ebft k\u1ebf hi\u1ec7n \u0111\u1ea1i, ch\u1ea5t li\u1ec7u b\u1ec1n b\u1ec9 v\u00e0 c\u00e1c t\u00ednh n\u0103ng linh ho\u1ea1t, gh\u1ebf l\u01b0\u1edbi GL229 l\u00e0 l\u1ef1a ch\u1ecdn t\u1ed1i \u01b0u cho m\u00f4i tr\u01b0\u1eddng l\u00e0m vi\u1ec7c chuy\u00ean nghi\u1ec7p. S\u1ea3n ph\u1ea9m kh\u00f4ng ch\u1ec9 n\u00e2ng cao tr\u1ea3i nghi\u1ec7m ng\u1ed3i m\u00e0 c\u00f2n t\u1ea1o \u0111i\u1ec3m nh\u1ea5n th\u1ea9m m\u1ef9, g\u00f3p ph\u1ea7n l\u00e0m n\u1ed5i b\u1eadt phong c\u00e1ch v\u0103n ph\u00f2ng. Gh\u1ebf l\u01b0\u1edbi GL229 h\u1ed9i t\u1ee5 \u0111\u1ea7y \u0111\u1ee7 c\u00e1c y\u1ebfu t\u1ed1: ti\u1ec7n nghi, tho\u1ea3i m\u00e1i, b\u1ec1n b\u1ec9 v\u00e0 linh ho\u1ea1t, l\u00e0 gi\u1ea3i ph\u00e1p ho\u00e0n h\u1ea3o cho doanh nghi\u1ec7p v\u00e0 c\u00e1 nh\u00e2n \u0111ang t\u00ecm ki\u1ebfm m\u1ed9t chi\u1ebfc gh\u1ebf l\u01b0\u1edbi cao c\u1ea5p, ch\u1ea5t l\u01b0\u1ee3ng v\u00e0 \u0111\u00e1ng tin c\u1eady.<\/p>\n","protected":false},"excerpt":{"rendered":"<p data-start=\"20\" data-end=\"358\">Gh\u1ebf l\u01b0\u1edbi GL229 l\u00e0 m\u1eabu gh\u1ebf l\u01b0\u1edbi cao c\u1ea5p, thi\u1ebft k\u1ebf hi\u1ec7n \u0111\u1ea1i v\u1edbi khung t\u1ef1a nh\u1ef1a b\u1ecdc v\u1ea3i l\u01b0\u1edbi v\u00e0 \u0111\u1ec7m m\u00fat b\u1ecdc PVC, mang l\u1ea1i s\u1ef1 tho\u1ea3i m\u00e1i v\u00e0 b\u1ec1n b\u1ec9 cho ng\u01b0\u1eddi s\u1eed d\u1ee5ng. Tay gh\u1ebf c\u1ed1 \u0111\u1ecbnh b\u1eb1ng nh\u1ef1a, h\u1ed7 tr\u1ee3 t\u01b0 th\u1ebf ng\u1ed3i \u1ed5n \u0111\u1ecbnh. Gh\u1ebf c\u00f3 hai l\u1ef1a ch\u1ecdn ch\u00e2n: ch\u00e2n nh\u1ef1a ho\u1eb7c ch\u00e2n th\u00e9p m\u1ea1, \u0111\u00e1p \u1ee9ng nhu c\u1ea7u s\u1eed d\u1ee5ng linh ho\u1ea1t.<\/p>\n<p data-start=\"360\" data-end=\"460\">Ch\u00e2n nh\u1ef1a &#8211; <span style=\"color: #ed1c24; font-size: 120%;\"><strong>1.200.000 \u0111<\/strong><\/span><br \/>\nKT: W580 x D610 x H930\u20131025 (mm)<br data-start=\"413\" data-end=\"416\" \/>Ch\u00e2n th\u00e9p m\u1ea1 &#8211; <span style=\"color: #ed1c24; font-size: 120%;\"><strong>1.338.000 \u0111<\/strong><\/span><br \/>\nKT: W580 x D610 x H925\u20131000 (mm)<\/p>\n<p data-start=\"462\" data-end=\"604\">Xu\u1ea5t x\u1ee9: S\u1ea3n ph\u1ea9m c\u1ee7a c\u00f4ng ty N\u1ed8I TH\u1ea4T THE ONE \u2013 Ph\u00e2n ph\u1ed1i b\u1edfi C\u00d4NG TY TNHH SXTM TTNT H\u1eeeU TH\u1ecaNH<br data-start=\"557\" data-end=\"560\" \/>B\u1ea3o h\u00e0nh: 12 th\u00e1ng theo ti\u00eau chu\u1ea9n nh\u00e0 m\u00e1y<\/p>\n<p data-start=\"606\" data-end=\"758\"><span style=\"color: #ed1c24;\"><em data-start=\"606\" data-end=\"758\">L\u01b0u \u00fd: Gi\u00e1 tr\u00ean ch\u01b0a bao g\u1ed3m VAT v\u00e0 ph\u00ed v\u1eadn chuy\u1ec3n. Gi\u00e1 s\u1ea3n ph\u1ea9m c\u00f3 th\u1ec3 thay \u0111\u1ed5i theo t\u1eebng th\u1eddi \u0111i\u1ec3m, vui l\u00f2ng li\u00ean h\u1ec7 \u0111\u1ec3 nh\u1eadn t\u01b0 v\u1ea5n \u01b0u \u0111\u00e3i t\u1ed1t nh\u1ea5t.<\/em><\/span><\/p>\n","protected":false},"featured_media":4903,"comment_status":"open","ping_status":"closed","template":"","meta":[],"product_brand":[],"product_cat":[17,356],"product_tag":[],"class_list":{"0":"post-4902","1":"product","2":"type-product","3":"status-publish","4":"has-post-thumbnail","6":"product_cat-noi-that-van-phong","7":"product_cat-ghe-luoi-cao-cap","9":"first","10":"instock","11":"taxable","12":"shipping-taxable","13":"purchasable","14":"product-type-simple"},"_links":{"self":[{"href":"https:\/\/noithathuuthinhvn214.mbws.vn\/zh-hans\/wp-json\/wp\/v2\/product\/4902","targetHints":{"allow":["GET"]}}],"collection":[{"href":"https:\/\/noithathuuthinhvn214.mbws.vn\/zh-hans\/wp-json\/wp\/v2\/product"}],"about":[{"href":"https:\/\/noithathuuthinhvn214.mbws.vn\/zh-hans\/wp-json\/wp\/v2\/types\/product"}],"replies":[{"embeddable":true,"href":"https:\/\/noithathuuthinhvn214.mbws.vn\/zh-hans\/wp-json\/wp\/v2\/comments?post=4902"}],"wp:featuredmedia":[{"embeddable":true,"href":"https:\/\/noithathuuthinhvn214.mbws.vn\/zh-hans\/wp-json\/wp\/v2\/media\/4903"}],"wp:attachment":[{"href":"https:\/\/noithathuuthinhvn214.mbws.vn\/zh-hans\/wp-json\/wp\/v2\/media?parent=4902"}],"wp:term":[{"taxonomy":"product_brand","embeddable":true,"href":"https:\/\/noithathuuthinhvn214.mbws.vn\/zh-hans\/wp-json\/wp\/v2\/product_brand?post=4902"},{"taxonomy":"product_cat","embeddable":true,"href":"https:\/\/noithathuuthinhvn214.mbws.vn\/zh-hans\/wp-json\/wp\/v2\/product_cat?post=4902"},{"taxonomy":"product_tag","embeddable":true,"href":"https:\/\/noithathuuthinhvn214.mbws.vn\/zh-hans\/wp-json\/wp\/v2\/product_tag?post=4902"}],"curies":[{"name":"wp","href":"https:\/\/api.w.org\/{rel}","templated":true}]}}