{"id":4765,"date":"2025-11-28T11:07:03","date_gmt":"2025-11-28T04:07:03","guid":{"rendered":"https:\/\/noithathuuthinh.vn\/?post_type=product&#038;p=4765"},"modified":"2025-11-28T11:07:04","modified_gmt":"2025-11-28T04:07:04","slug":"ghe-luoi-gl331","status":"publish","type":"product","link":"https:\/\/noithathuuthinhvn214.mbws.vn\/zh-hans\/san-pham\/ghe-luoi-gl331\/","title":{"rendered":"Gh\u1ebf l\u01b0\u1edbi GL331"},"content":{"rendered":"<p data-start=\"694\" data-end=\"1331\">Gh\u1ebf l\u01b0\u1edbi GL331 thu\u1ed9c d\u00f2ng gh\u1ebf l\u00e3nh \u0111\u1ea1o cao c\u1ea5p v\u1edbi thi\u1ebft k\u1ebf l\u01b0ng cao sang tr\u1ecdng, mang \u0111\u1ebfn s\u1ef1 tho\u1ea3i m\u00e1i v\u00e0 \u0111\u1eb3ng c\u1ea5p cho kh\u00f4ng gian l\u00e0m vi\u1ec7c chuy\u00ean nghi\u1ec7p. V\u1edbi \u0111i\u1ec3m nh\u1ea5n l\u00e0 ph\u1ea7n t\u1ef1a l\u01b0ng \u0111\u01b0\u1ee3c b\u1ecdc v\u1ea3i l\u01b0\u1edbi tho\u00e1ng kh\u00ed k\u1ebft h\u1ee3p khung nh\u1ef1a ch\u1eafc ch\u1eafn, s\u1ea3n ph\u1ea9m kh\u00f4ng ch\u1ec9 t\u1ea1o c\u1ea3m gi\u00e1c tho\u1ea3i m\u00e1i khi ng\u1ed3i l\u00e2u m\u00e0 c\u00f2n duy tr\u00ec s\u1ef1 b\u1ec1n b\u1ec9 theo th\u1eddi gian. T\u1ef1a l\u01b0ng cao \u0111\u01b0\u1ee3c thi\u1ebft k\u1ebf theo c\u1ea5u tr\u00fac c\u00f4ng th\u00e1i h\u1ecdc gi\u00fap \u00f4m tr\u1ecdn l\u01b0ng, h\u1ed7 tr\u1ee3 c\u1ed9t s\u1ed1ng v\u00e0 gi\u1ea3m thi\u1ec3u t\u00ecnh tr\u1ea1ng \u0111au m\u1ecfi khi l\u00e0m vi\u1ec7c nhi\u1ec1u gi\u1edd li\u00ean t\u1ee5c. \u0110\u00e2y l\u00e0 y\u1ebfu t\u1ed1 \u0111\u1eb7c bi\u1ec7t quan tr\u1ecdng \u0111\u1ed1i v\u1edbi c\u00e1c v\u1ecb tr\u00ed l\u00e3nh \u0111\u1ea1o ho\u1eb7c qu\u1ea3n l\u00fd \u2013 nh\u1eefng ng\u01b0\u1eddi th\u01b0\u1eddng xuy\u00ean ph\u1ea3i ng\u1ed3i l\u00e0m vi\u1ec7c trong th\u1eddi gian d\u00e0i.<\/p>\n<p data-start=\"1333\" data-end=\"1685\">\u0110\u1ec7m ng\u1ed3i c\u1ee7a gh\u1ebf \u0111\u01b0\u1ee3c ho\u00e0n thi\u1ec7n b\u1eb1ng l\u1edbp m\u00fat b\u1ecdc PVC cao c\u1ea5p, t\u1ea1o c\u1ea3m gi\u00e1c \u00eam \u00e1i v\u00e0 tho\u1ea3i m\u00e1i khi s\u1eed d\u1ee5ng. Ch\u1ea5t li\u1ec7u PVC c\u00f2n c\u00f3 \u01b0u \u0111i\u1ec3m d\u1ec5 v\u1ec7 sinh, h\u1ea1n ch\u1ebf th\u1ea5m n\u01b0\u1edbc v\u00e0 gi\u1eef \u0111\u01b0\u1ee3c \u0111\u1ed9 b\u1ec1n \u0111\u1eb9p l\u00e2u d\u00e0i. Thi\u1ebft k\u1ebf m\u1eb7t \u0111\u1ec7m r\u1ed9ng r\u00e3i, c\u00f3 \u0111\u1ed9 \u0111\u00e0n h\u1ed3i t\u1ed1t, gi\u00fap ph\u00e2n b\u1ed5 l\u1ef1c ng\u1ed3i \u0111\u1ec1u v\u00e0 h\u1ea1n ch\u1ebf hi\u1ec7n t\u01b0\u1ee3ng x\u1eb9p l\u00fan th\u01b0\u1eddng g\u1eb7p \u1edf nhi\u1ec1u d\u00f2ng gh\u1ebf v\u0103n ph\u00f2ng th\u00f4ng th\u01b0\u1eddng.<\/p>\n<p data-start=\"1687\" data-end=\"2195\">M\u1ed9t trong nh\u1eefng \u01b0u \u0111i\u1ec3m n\u1ed5i b\u1eadt c\u1ee7a gh\u1ebf l\u01b0\u1edbi GL331 ch\u00ednh l\u00e0 tay gh\u1ebf c\u00f3 th\u1ec3 g\u1ea5p l\u00ean \u2013 xu\u1ed1ng khi s\u1eed d\u1ee5ng. T\u00ednh n\u0103ng n\u00e0y mang l\u1ea1i s\u1ef1 linh ho\u1ea1t t\u1ed1i \u0111a, \u0111\u1eb7c bi\u1ec7t ph\u00f9 h\u1ee3p trong c\u00e1c m\u00f4i tr\u01b0\u1eddng l\u00e0m vi\u1ec7c hi\u1ec7n \u0111\u1ea1i c\u00f3 nhu c\u1ea7u t\u1ed1i \u01b0u h\u00f3a kh\u00f4ng gian. Khi kh\u00f4ng c\u1ea7n s\u1eed d\u1ee5ng tay gh\u1ebf, ng\u01b0\u1eddi d\u00f9ng c\u00f3 th\u1ec3 d\u1ec5 d\u00e0ng g\u1ea5p l\u00ean \u0111\u1ec3 gh\u1ebf ti\u1ebfn s\u00e1t b\u00e0n h\u01a1n, gi\u00fap t\u1ea1o t\u01b0 th\u1ebf l\u00e0m vi\u1ec7c tho\u1ea3i m\u00e1i v\u00e0 gi\u1ea3m chi\u1ebfm di\u1ec7n t\u00edch. \u0110\u00e2y c\u0169ng l\u00e0 m\u1ed9t c\u1ea3i ti\u1ebfn \u0111\u00e1ng gi\u00e1 d\u00e0nh cho nh\u1eefng ai th\u00edch s\u1ef1 tho\u00e1ng \u0111\u00e3ng, kh\u00f4ng b\u1ecb g\u00f2 b\u00f3 khi thao t\u00e1c tr\u00ean b\u00e0n l\u00e0m vi\u1ec7c.<\/p>\n<p data-start=\"2197\" data-end=\"2641\">Gh\u1ebf s\u1eed d\u1ee5ng ch\u00e2n th\u00e9p m\u1ea1 s\u00e1ng b\u00f3ng, mang l\u1ea1i v\u1ebb ngo\u00e0i sang tr\u1ecdng v\u00e0 tinh t\u1ebf. Ch\u1ea5t li\u1ec7u th\u00e9p m\u1ea1 c\u00f3 kh\u1ea3 n\u0103ng ch\u1ed1ng g\u1ec9, ch\u1ecbu l\u1ef1c t\u1ed1t v\u00e0 duy tr\u00ec \u0111\u01b0\u1ee3c \u0111\u1ed9 b\u1ec1n trong th\u1eddi gian d\u00e0i, \u0111\u1eb7c bi\u1ec7t ph\u00f9 h\u1ee3p v\u1edbi m\u00f4i tr\u01b0\u1eddng l\u00e0m vi\u1ec7c chuy\u00ean nghi\u1ec7p nh\u01b0 ph\u00f2ng gi\u00e1m \u0111\u1ed1c, ph\u00f2ng tr\u01b0\u1edfng ph\u00f2ng ho\u1eb7c v\u0103n ph\u00f2ng cao c\u1ea5p. H\u1ec7 th\u1ed1ng b\u00e1nh xe linh ho\u1ea1t cho ph\u00e9p ng\u01b0\u1eddi d\u00f9ng di chuy\u1ec3n d\u1ec5 d\u00e0ng trong kh\u00f4ng gian l\u00e0m vi\u1ec7c m\u00e0 kh\u00f4ng g\u00e2y tr\u1ea7y x\u01b0\u1edbc s\u00e0n, \u0111\u1ed3ng th\u1eddi gi\u1ea3m ti\u1ebfng \u1ed3n hi\u1ec7u qu\u1ea3.<\/p>\n<p data-start=\"2643\" data-end=\"3115\">Ki\u1ec3u d\u00e1ng t\u1ed5ng th\u1ec3 c\u1ee7a gh\u1ebf l\u01b0\u1edbi GL331 \u0111\u01b0\u1ee3c thi\u1ebft k\u1ebf theo phong c\u00e1ch hi\u1ec7n \u0111\u1ea1i, t\u1ed1i gi\u1ea3n nh\u01b0ng v\u1eabn to\u00e1t l\u00ean v\u1ebb sang tr\u1ecdng c\u1ea7n c\u00f3 c\u1ee7a d\u00f2ng gh\u1ebf l\u00e3nh \u0111\u1ea1o. C\u00e1c \u0111\u01b0\u1eddng n\u00e9t thanh tho\u00e1t k\u1ebft h\u1ee3p c\u00f9ng ch\u1ea5t li\u1ec7u l\u01b0\u1edbi v\u00e0 t\u00f4ng m\u00e0u tr\u1ea7m t\u1ea1o n\u00ean s\u1ef1 h\u00e0i h\u00f2a, ph\u00f9 h\u1ee3p v\u1edbi h\u1ea7u h\u1ebft c\u00e1c phong c\u00e1ch n\u1ed9i th\u1ea5t v\u0103n ph\u00f2ng hi\u1ec7n nay. Gh\u1ebf d\u1ec5 d\u00e0ng k\u1ebft h\u1ee3p v\u1edbi b\u00e0n gi\u00e1m \u0111\u1ed1c, b\u00e0n tr\u01b0\u1edfng ph\u00f2ng ho\u1eb7c c\u00e1c m\u1eabu b\u00e0n l\u00e0m vi\u1ec7c cao c\u1ea5p kh\u00e1c, gi\u00fap n\u00e2ng t\u1ea7m kh\u00f4ng gian v\u00e0 t\u1ea1o \u0111i\u1ec3m nh\u1ea5n \u1ea5n t\u01b0\u1ee3ng cho khu v\u1ef1c l\u00e0m vi\u1ec7c.<\/p>\n<p data-start=\"3117\" data-end=\"3484\">B\u00ean c\u1ea1nh thi\u1ebft k\u1ebf \u0111\u1eb9p m\u1eaft, gh\u1ebf l\u01b0\u1edbi GL331 c\u00f2n \u0111\u01b0\u1ee3c trang b\u1ecb tr\u1ee5c h\u01a1i b\u1ec1n b\u1ec9 gi\u00fap n\u00e2ng h\u1ea1 \u0111\u1ed9 cao d\u1ec5 d\u00e0ng ph\u00f9 h\u1ee3p v\u1edbi th\u1ec3 tr\u1ea1ng t\u1eebng ng\u01b0\u1eddi. S\u1ef1 linh ho\u1ea1t n\u00e0y gi\u00fap \u0111\u1ea3m b\u1ea3o t\u01b0 th\u1ebf ng\u1ed3i chu\u1ea9n, h\u1ed7 tr\u1ee3 t\u1ed1i \u01b0u cho s\u1ee9c kh\u1ecfe v\u00e0 hi\u1ec7u su\u1ea5t l\u00e0m vi\u1ec7c. T\u1ef1a l\u01b0ng cao k\u1ebft h\u1ee3p v\u1edbi \u0111\u1ed9 nghi\u00eang h\u1ee3p l\u00fd mang l\u1ea1i c\u1ea3m gi\u00e1c th\u01b0 gi\u00e3n m\u1ed7i khi ng\u1ea3 ng\u01b0\u1eddi, gi\u00fap gi\u1ea3m \u00e1p l\u1ef1c l\u00ean c\u1ed9t s\u1ed1ng v\u00e0 vai g\u00e1y.<\/p>\n<p data-start=\"3486\" data-end=\"3848\">V\u1edbi nh\u1eefng \u01b0u \u0111i\u1ec3m v\u01b0\u1ee3t tr\u1ed9i v\u1ec1 thi\u1ebft k\u1ebf, ch\u1ea5t li\u1ec7u v\u00e0 t\u00ednh n\u0103ng, gh\u1ebf l\u01b0\u1edbi GL331 l\u00e0 l\u1ef1a ch\u1ecdn l\u00fd t\u01b0\u1edfng d\u00e0nh cho c\u00e1c v\u1ecb tr\u00ed l\u00e3nh \u0111\u1ea1o, qu\u1ea3n l\u00fd ho\u1eb7c nh\u1eefng ai y\u00eau th\u00edch s\u1ef1 tho\u1ea3i m\u00e1i nh\u01b0ng v\u1eabn mu\u1ed1n gi\u1eef phong c\u00e1ch sang tr\u1ecdng trong kh\u00f4ng gian l\u00e0m vi\u1ec7c. S\u1ea3n ph\u1ea9m kh\u00f4ng ch\u1ec9 \u0111\u00e1p \u1ee9ng nhu c\u1ea7u s\u1eed d\u1ee5ng h\u00e0ng ng\u00e0y m\u00e0 c\u00f2n g\u00f3p ph\u1ea7n n\u00e2ng t\u1ea7m h\u00ecnh \u1ea3nh chuy\u00ean nghi\u1ec7p c\u1ee7a doanh nghi\u1ec7p.<\/p>\n<p data-start=\"3850\" data-end=\"4209\" data-is-last-node=\"\" data-is-only-node=\"\">Gh\u1ebf l\u01b0\u1edbi GL331 l\u00e0 s\u1ef1 k\u1ebft h\u1ee3p ho\u00e0n h\u1ea3o gi\u1eefa th\u1ea9m m\u1ef9 \u2013 ti\u1ec7n \u00edch \u2013 s\u1ef1 b\u1ec1n b\u1ec9, ph\u00f9 h\u1ee3p v\u1edbi m\u1ecdi v\u0103n ph\u00f2ng mu\u1ed1n \u0111\u1ea7u t\u01b0 m\u1ed9t s\u1ea3n ph\u1ea9m ch\u1ea5t l\u01b0\u1ee3ng cao, mang l\u1ea1i gi\u00e1 tr\u1ecb s\u1eed d\u1ee5ng l\u00e2u d\u00e0i v\u00e0 \u0111\u00e1p \u1ee9ng t\u1ed1t nhu c\u1ea7u c\u1ee7a ng\u01b0\u1eddi d\u00f9ng. N\u1ebfu b\u1ea1n \u0111ang t\u00ecm ki\u1ebfm m\u1ed9t m\u1eabu gh\u1ebf l\u00e3nh \u0111\u1ea1o hi\u1ec7n \u0111\u1ea1i, tho\u00e1ng m\u00e1t, linh ho\u1ea1t v\u00e0 \u0111\u1eadm ch\u1ea5t chuy\u00ean nghi\u1ec7p, \u0111\u00e2y ch\u1eafc ch\u1eafn l\u00e0 l\u1ef1a ch\u1ecdn \u0111\u00e1ng \u0111\u1ec3 c\u00e2n nh\u1eafc.<\/p>\n","protected":false},"excerpt":{"rendered":"<p data-start=\"50\" data-end=\"302\">Gh\u1ebf l\u01b0\u1edbi GL331 l\u00e0 m\u1eabu gh\u1ebf l\u00e3nh \u0111\u1ea1o l\u01b0ng cao hi\u1ec7n \u0111\u1ea1i, \u0111\u01b0\u1ee3c thi\u1ebft k\u1ebf v\u1edbi khung t\u1ef1a nh\u1ef1a b\u1ecdc v\u1ea3i l\u01b0\u1edbi tho\u00e1ng kh\u00ed, \u0111\u1ec7m ng\u1ed3i b\u1ecdc PVC \u00eam \u00e1i c\u00f9ng tay gh\u1ebf c\u00f3 th\u1ec3 g\u1ea5p l\u00ean \u2013 xu\u1ed1ng linh ho\u1ea1t, mang l\u1ea1i tr\u1ea3i nghi\u1ec7m s\u1eed d\u1ee5ng ti\u1ec7n l\u1ee3i trong nhi\u1ec1u m\u00f4i tr\u01b0\u1eddng l\u00e0m vi\u1ec7c.<\/p>\n<p data-start=\"304\" data-end=\"346\">K\u00edch th\u01b0\u1edbc: W650 x D680 x H1170-1250 mm<\/p>\n<p data-start=\"348\" data-end=\"490\">Xu\u1ea5t x\u1ee9: S\u1ea3n ph\u1ea9m c\u1ee7a c\u00f4ng ty N\u1ed8I TH\u1ea4T THE ONE \u2013 Ph\u00e2n ph\u1ed1i b\u1edfi C\u00d4NG TY TNHH SXTM TTNT H\u1eeeU TH\u1ecaNH<br data-start=\"443\" data-end=\"446\" \/>B\u1ea3o h\u00e0nh: 12 th\u00e1ng theo ti\u00eau chu\u1ea9n nh\u00e0 m\u00e1y<\/p>\n<p data-start=\"492\" data-end=\"646\"><span style=\"color: #ed1c24;\"><em data-start=\"492\" data-end=\"644\">L\u01b0u \u00fd: Gi\u00e1 tr\u00ean ch\u01b0a bao g\u1ed3m VAT v\u00e0 ph\u00ed v\u1eadn chuy\u1ec3n. Gi\u00e1 s\u1ea3n ph\u1ea9m c\u00f3 th\u1ec3 thay \u0111\u1ed5i theo t\u1eebng th\u1eddi \u0111i\u1ec3m, vui l\u00f2ng li\u00ean h\u1ec7 \u0111\u1ec3 nh\u1eadn t\u01b0 v\u1ea5n \u01b0u \u0111\u00e3i t\u1ed1t nh\u1ea5t.<\/em><\/span><\/p>\n","protected":false},"featured_media":4766,"comment_status":"open","ping_status":"closed","template":"","meta":[],"product_brand":[],"product_cat":[17,356],"product_tag":[],"class_list":{"0":"post-4765","1":"product","2":"type-product","3":"status-publish","4":"has-post-thumbnail","6":"product_cat-noi-that-van-phong","7":"product_cat-ghe-luoi-cao-cap","9":"first","10":"instock","11":"taxable","12":"shipping-taxable","13":"purchasable","14":"product-type-simple"},"_links":{"self":[{"href":"https:\/\/noithathuuthinhvn214.mbws.vn\/zh-hans\/wp-json\/wp\/v2\/product\/4765","targetHints":{"allow":["GET"]}}],"collection":[{"href":"https:\/\/noithathuuthinhvn214.mbws.vn\/zh-hans\/wp-json\/wp\/v2\/product"}],"about":[{"href":"https:\/\/noithathuuthinhvn214.mbws.vn\/zh-hans\/wp-json\/wp\/v2\/types\/product"}],"replies":[{"embeddable":true,"href":"https:\/\/noithathuuthinhvn214.mbws.vn\/zh-hans\/wp-json\/wp\/v2\/comments?post=4765"}],"wp:featuredmedia":[{"embeddable":true,"href":"https:\/\/noithathuuthinhvn214.mbws.vn\/zh-hans\/wp-json\/wp\/v2\/media\/4766"}],"wp:attachment":[{"href":"https:\/\/noithathuuthinhvn214.mbws.vn\/zh-hans\/wp-json\/wp\/v2\/media?parent=4765"}],"wp:term":[{"taxonomy":"product_brand","embeddable":true,"href":"https:\/\/noithathuuthinhvn214.mbws.vn\/zh-hans\/wp-json\/wp\/v2\/product_brand?post=4765"},{"taxonomy":"product_cat","embeddable":true,"href":"https:\/\/noithathuuthinhvn214.mbws.vn\/zh-hans\/wp-json\/wp\/v2\/product_cat?post=4765"},{"taxonomy":"product_tag","embeddable":true,"href":"https:\/\/noithathuuthinhvn214.mbws.vn\/zh-hans\/wp-json\/wp\/v2\/product_tag?post=4765"}],"curies":[{"name":"wp","href":"https:\/\/api.w.org\/{rel}","templated":true}]}}