{"id":4725,"date":"2025-11-26T15:38:03","date_gmt":"2025-11-26T08:38:03","guid":{"rendered":"https:\/\/noithathuuthinh.vn\/?post_type=product&#038;p=4725"},"modified":"2025-11-26T15:38:03","modified_gmt":"2025-11-26T08:38:03","slug":"ghe-luoi-gl317","status":"publish","type":"product","link":"https:\/\/noithathuuthinhvn214.mbws.vn\/zh-hans\/san-pham\/ghe-luoi-gl317\/","title":{"rendered":"Gh\u1ebf l\u01b0\u1edbi GL317"},"content":{"rendered":"<p data-start=\"711\" data-end=\"1272\">Gh\u1ebf l\u01b0\u1edbi GL317 l\u00e0 d\u00f2ng gh\u1ebf xoay l\u01b0ng cao cao c\u1ea5p \u0111\u01b0\u1ee3c thi\u1ebft k\u1ebf nh\u1eb1m \u0111\u00e1p \u1ee9ng nh\u1eefng y\u00eau c\u1ea7u kh\u1eaft khe c\u1ee7a m\u00f4i tr\u01b0\u1eddng l\u00e0m vi\u1ec7c hi\u1ec7n \u0111\u1ea1i, n\u01a1i ng\u01b0\u1eddi d\u00f9ng c\u1ea7n s\u1ef1 tho\u1ea3i m\u00e1i, t\u00ednh chuy\u00ean nghi\u1ec7p v\u00e0 \u0111\u1ed9 b\u1ec1n b\u1ec9 trong su\u1ed1t qu\u00e1 tr\u00ecnh s\u1eed d\u1ee5ng. V\u1edbi thi\u1ebft k\u1ebf khung th\u00e9p m\u1ea1 b\u1ecdc da c\u00f4ng nghi\u1ec7p sang tr\u1ecdng, gh\u1ebf mang l\u1ea1i v\u1ebb ngo\u00e0i thanh l\u1ecbch, ph\u00f9 h\u1ee3p cho v\u0103n ph\u00f2ng nh\u00e2n vi\u00ean, ph\u00f2ng qu\u1ea3n l\u00fd ho\u1eb7c s\u1eed d\u1ee5ng l\u00e0m gh\u1ebf l\u00e0m vi\u1ec7c t\u1ea1i nh\u00e0. GL317 kh\u00f4ng ch\u1ec9 g\u00e2y \u1ea5n t\u01b0\u1ee3ng v\u1ec1 th\u1ea9m m\u1ef9 m\u00e0 c\u00f2n mang \u0111\u1ebfn nhi\u1ec1u t\u00ednh n\u0103ng h\u1ed7 tr\u1ee3 t\u01b0 th\u1ebf ng\u1ed3i hi\u1ec7u qu\u1ea3.<\/p>\n<p data-start=\"1274\" data-end=\"1724\">Ph\u1ea7n t\u1ef1a l\u01b0ng c\u1ee7a gh\u1ebf \u0111\u01b0\u1ee3c thi\u1ebft k\u1ebf theo d\u1ea1ng l\u01b0ng cao, \u00f4m tr\u1ecdn ph\u1ea7n l\u01b0ng c\u1ee7a ng\u01b0\u1eddi ng\u1ed3i, gi\u00fap gi\u1ea3m \u00e1p l\u1ef1c l\u00ean c\u1ed9t s\u1ed1ng v\u00e0 t\u1ea1o c\u1ea3m gi\u00e1c tho\u1ea3i m\u00e1i trong th\u1eddi gian l\u00e0m vi\u1ec7c d\u00e0i. L\u1edbp da c\u00f4ng nghi\u1ec7p b\u1ecdc \u1edf khung t\u1ef1a mang l\u1ea1i v\u1ebb cao c\u1ea5p nh\u01b0ng v\u1eabn \u0111\u1ea3m b\u1ea3o \u0111\u1ed9 m\u1ec1m m\u1ea1i, d\u1ec5 v\u1ec7 sinh v\u00e0 ph\u00f9 h\u1ee3p s\u1eed d\u1ee5ng trong m\u00f4i tr\u01b0\u1eddng v\u0103n ph\u00f2ng. Khung th\u00e9p m\u1ea1 s\u00e1ng b\u00f3ng \u0111\u01b0\u1ee3c x\u1eed l\u00fd k\u1ef9 c\u00e0ng gi\u00fap gh\u1ebf gi\u1eef \u0111\u01b0\u1ee3c v\u1ebb \u0111\u1eb9p v\u00e0 \u0111\u1ed9 b\u1ec1n theo n\u0103m th\u00e1ng, h\u1ea1n ch\u1ebf t\u00ecnh tr\u1ea1ng oxy h\u00f3a v\u00e0 g\u1ec9 s\u00e9t.<\/p>\n<p data-start=\"1726\" data-end=\"2108\">\u0110\u1ec7m ng\u1ed3i c\u1ee7a GL317 \u0111\u01b0\u1ee3c thi\u1ebft k\u1ebf t\u1eeb m\u00fat \u0111\u00e0n h\u1ed3i b\u1ecdc da c\u00f4ng nghi\u1ec7p, t\u1ea1o c\u1ea3m gi\u00e1c \u00eam \u00e1i, n\u00e2ng \u0111\u1ee1 t\u1ed1t v\u00e0 h\u1ea1n ch\u1ebf x\u1eb9p l\u00fan. K\u00edch th\u01b0\u1edbc \u0111\u1ec7m v\u1eeba ph\u1ea3i, \u0111\u01b0\u1eddng bo m\u00e9p cong nh\u1eb9 gi\u00fap gi\u1ea3m \u00e1p l\u1ef1c l\u00ean \u0111\u00f9i, t\u1ea1o t\u01b0 th\u1ebf ng\u1ed3i t\u1ef1 nhi\u00ean v\u00e0 tho\u1ea3i m\u00e1i h\u01a1n. Ch\u1ea5t li\u1ec7u da c\u00f4ng nghi\u1ec7p v\u1eeba mang l\u1ea1i t\u00ednh th\u1ea9m m\u1ef9 cao v\u1eeba d\u1ec5 d\u00e0ng l\u00e0m s\u1ea1ch, ph\u00f9 h\u1ee3p v\u1edbi nhu c\u1ea7u s\u1eed d\u1ee5ng th\u01b0\u1eddng xuy\u00ean trong c\u00e1c v\u0103n ph\u00f2ng b\u1eadn r\u1ed9n.<\/p>\n<p data-start=\"2110\" data-end=\"2553\">M\u1ed9t trong nh\u1eefng \u0111i\u1ec3m n\u1ed5i b\u1eadt c\u1ee7a gh\u1ebf l\u01b0\u1edbi GL317 l\u00e0 kh\u1ea3 n\u0103ng \u0111i\u1ec1u ch\u1ec9nh \u0111\u1ed9 cao linh ho\u1ea1t, gi\u00fap ng\u01b0\u1eddi d\u00f9ng d\u1ec5 d\u00e0ng thi\u1ebft l\u1eadp \u0111\u1ed9 cao ph\u00f9 h\u1ee3p v\u1edbi b\u00e0n l\u00e0m vi\u1ec7c, t\u1eeb \u0111\u00f3 t\u1ed1i \u01b0u t\u01b0 th\u1ebf ng\u1ed3i. C\u1ee5m ch\u00e2n gh\u1ebf s\u1eed d\u1ee5ng tr\u1ee5c th\u1ee7y l\u1ef1c cao c\u1ea5p v\u1eadn h\u00e0nh \u00eam, c\u00f3 \u0111\u1ed9 \u1ed5n \u0111\u1ecbnh cao v\u00e0 tu\u1ed5i th\u1ecd b\u1ec1n b\u1ec9. C\u01a1 ch\u1ebf xoay 360 \u0111\u1ed9 linh ho\u1ea1t cho ph\u00e9p di chuy\u1ec3n d\u1ec5 d\u00e0ng trong kh\u00f4ng gian l\u00e0m vi\u1ec7c, h\u1ed7 tr\u1ee3 t\u1ed1i \u0111a cho c\u00e1c t\u00e1c v\u1ee5 c\u1ea7n s\u1ef1 linh ho\u1ea1t gi\u1eefa nhi\u1ec1u khu v\u1ef1c trong b\u00e0n l\u00e0m vi\u1ec7c.<\/p>\n<p data-start=\"2555\" data-end=\"2934\">Ph\u1ea7n tay gh\u1ebf b\u1eb1ng th\u00e9p m\u1ea1 \u0111\u01b0\u1ee3c thi\u1ebft k\u1ebf ch\u1eafc ch\u1eafn, t\u1ea1o \u0111i\u1ec3m t\u1ef1a tho\u1ea3i m\u00e1i cho c\u00e1nh tay v\u00e0 gi\u00fap gi\u1ea3m t\u1ea3i \u00e1p l\u1ef1c l\u00ean vai v\u00e0 c\u1ed5. L\u1edbp m\u1ea1 s\u00e1ng b\u00f3ng kh\u00f4ng ch\u1ec9 t\u0103ng t\u00ednh th\u1ea9m m\u1ef9 m\u00e0 c\u00f2n gi\u00fap tay gh\u1ebf c\u00f3 \u0111\u1ed9 b\u1ec1n cao, ch\u1ed1ng g\u1ec9 t\u1ed1t, ph\u00f9 h\u1ee3p v\u1edbi c\u00e1c m\u00f4i tr\u01b0\u1eddng \u0111i\u1ec1u h\u00f2a ho\u1eb7c c\u00f3 \u0111\u1ed9 \u1ea9m kh\u00e1c nhau. Thi\u1ebft k\u1ebf tay gh\u1ebf g\u1ecdn g\u00e0ng mang l\u1ea1i s\u1ef1 tinh t\u1ebf, g\u00f3p ph\u1ea7n t\u1ea1o n\u00ean t\u1ed5ng th\u1ec3 thanh tho\u00e1t c\u1ee7a s\u1ea3n ph\u1ea9m.<\/p>\n<p data-start=\"2936\" data-end=\"3315\">Ch\u00e2n gh\u1ebf th\u00e9p m\u1ea1 l\u00e0 chi ti\u1ebft quan tr\u1ecdng mang \u0111\u1ebfn s\u1ef1 \u1ed5n \u0111\u1ecbnh v\u00e0 \u0111\u1ed9 c\u1ee9ng v\u1eefng cho GL317. B\u1ed9 ch\u00e2n sao 5 c\u00e1nh \u0111\u01b0\u1ee3c thi\u1ebft k\u1ebf ch\u1ecbu l\u1ef1c t\u1ed1t, \u0111\u1ea3m b\u1ea3o an to\u00e0n cho ng\u01b0\u1eddi s\u1eed d\u1ee5ng, k\u1ec3 c\u1ea3 trong \u0111i\u1ec1u ki\u1ec7n l\u00e0m vi\u1ec7c c\u01b0\u1eddng \u0111\u1ed9 cao. B\u00e1nh xe nylon ch\u1ea5t l\u01b0\u1ee3ng cao gi\u00fap di chuy\u1ec3n \u00eam \u00e1i, kh\u00f4ng g\u00e2y ti\u1ebfng \u0111\u1ed9ng, kh\u00f4ng l\u00e0m tr\u1ea7y x\u01b0\u1edbc s\u00e0n v\u00e0 ph\u00f9 h\u1ee3p v\u1edbi nhi\u1ec1u b\u1ec1 m\u1eb7t nh\u01b0 g\u1ea1ch men, s\u00e0n g\u1ed7 hay th\u1ea3m v\u0103n ph\u00f2ng.<\/p>\n<p data-start=\"3317\" data-end=\"3718\">Gh\u1ebf l\u01b0\u1edbi GL317 kh\u00f4ng ch\u1ec9 ph\u00f9 h\u1ee3p v\u1edbi c\u00e1c kh\u00f4ng gian v\u0103n ph\u00f2ng hi\u1ec7n \u0111\u1ea1i m\u00e0 c\u00f2n l\u00e0 s\u1ef1 l\u1ef1a ch\u1ecdn l\u00fd t\u01b0\u1edfng cho ph\u00f2ng l\u00e0m vi\u1ec7c t\u1ea1i nh\u00e0. Thi\u1ebft k\u1ebf thanh l\u1ecbch, m\u00e0u s\u1eafc trung t\u00ednh v\u00e0 ch\u1ea5t li\u1ec7u cao c\u1ea5p gi\u00fap gh\u1ebf d\u1ec5 d\u00e0ng k\u1ebft h\u1ee3p v\u1edbi nhi\u1ec1u phong c\u00e1ch n\u1ed9i th\u1ea5t kh\u00e1c nhau. Nh\u1eefng \u0111\u01b0\u1eddng n\u00e9t tinh t\u1ebf c\u00f9ng v\u1eadt li\u1ec7u sang tr\u1ecdng mang l\u1ea1i c\u1ea3m gi\u00e1c chuy\u00ean nghi\u1ec7p v\u00e0 \u0111\u1eb3ng c\u1ea5p, g\u00f3p ph\u1ea7n n\u00e2ng cao h\u00ecnh \u1ea3nh cho kh\u00f4ng gian s\u1eed d\u1ee5ng.<\/p>\n<p data-start=\"3720\" data-end=\"4131\">Ngo\u00e0i t\u00ednh th\u1ea9m m\u1ef9, gh\u1ebf c\u00f2n \u0111\u01b0\u1ee3c \u0111\u00e1nh gi\u00e1 cao v\u1ec1 \u0111\u1ed9 b\u1ec1n l\u00e2u d\u00e0i. Khung th\u00e9p m\u1ea1, da c\u00f4ng nghi\u1ec7p ch\u1ea5t l\u01b0\u1ee3ng cao v\u00e0 c\u00e1c chi ti\u1ebft gia c\u00f4ng t\u1ec9 m\u1ec9 gi\u00fap gh\u1ebf duy tr\u00ec hi\u1ec7u n\u0103ng t\u1ed1t d\u00f9 s\u1eed d\u1ee5ng li\u00ean t\u1ee5c trong nhi\u1ec1u n\u0103m. \u0110\u1eb7c bi\u1ec7t, gh\u1ebf \u0111\u00e1p \u1ee9ng t\u1ed1t c\u00e1c ti\u00eau chu\u1ea9n c\u00f4ng th\u00e1i h\u1ecdc, gi\u00fap b\u1ea3o v\u1ec7 s\u1ee9c kh\u1ecfe ng\u01b0\u1eddi d\u00f9ng kh\u1ecfi c\u00e1c v\u1ea5n \u0111\u1ec1 nh\u01b0 \u0111au l\u01b0ng, m\u1ecfi g\u00e1y ho\u1eb7c t\u00ea ch\u00e2n \u2013 nh\u1eefng v\u1ea5n \u0111\u1ec1 ph\u1ed5 bi\u1ebfn khi ph\u1ea3i ng\u1ed3i l\u00e0m vi\u1ec7c trong nhi\u1ec1u gi\u1edd.<\/p>\n<p data-start=\"4133\" data-end=\"4498\">T\u1ed5ng th\u1ec3, gh\u1ebf l\u01b0\u1edbi GL317 l\u00e0 s\u1ea3n ph\u1ea9m h\u1ed9i t\u1ee5 \u0111\u1ea7y \u0111\u1ee7 c\u00e1c y\u1ebfu t\u1ed1: \u0111\u1eb9p \u2013 b\u1ec1n \u2013 tho\u1ea3i m\u00e1i. \u0110\u00e2y l\u00e0 l\u1ef1a ch\u1ecdn ho\u00e0n h\u1ea3o cho doanh nghi\u1ec7p c\u1ea7n trang b\u1ecb gh\u1ebf l\u00e0m vi\u1ec7c chuy\u00ean nghi\u1ec7p ho\u1eb7c c\u00e1 nh\u00e2n mu\u1ed1n n\u00e2ng c\u1ea5p g\u00f3c l\u00e0m vi\u1ec7c t\u1ea1i nh\u00e0 c\u1ee7a m\u00ecnh. S\u1ef1 k\u1ebft h\u1ee3p gi\u1eefa thi\u1ebft k\u1ebf hi\u1ec7n \u0111\u1ea1i, ch\u1ea5t li\u1ec7u cao c\u1ea5p v\u00e0 t\u00ednh n\u0103ng linh ho\u1ea1t khi\u1ebfn GL317 tr\u1edf th\u00e0nh m\u1eabu gh\u1ebf \u0111\u00e1ng \u0111\u1ec3 \u0111\u1ea7u t\u01b0 trong ph\u00e2n kh\u00fac.<\/p>\n","protected":false},"excerpt":{"rendered":"<p data-start=\"120\" data-end=\"365\">Gh\u1ebf l\u01b0\u1edbi GL317 l\u00e0 m\u1eabu gh\u1ebf xoay l\u01b0ng cao cao c\u1ea5p v\u1edbi thi\u1ebft k\u1ebf khung th\u00e9p m\u1ea1 b\u1ecdc da c\u00f4ng nghi\u1ec7p sang tr\u1ecdng, k\u1ebft h\u1ee3p ch\u00e2n v\u00e0 tay gh\u1ebf b\u1eb1ng th\u00e9p m\u1ea1 b\u1ec1n \u0111\u1eb9p, mang \u0111\u1ebfn v\u1ebb hi\u1ec7n \u0111\u1ea1i v\u00e0 chuy\u00ean nghi\u1ec7p cho kh\u00f4ng gian l\u00e0m vi\u1ec7c.<\/p>\n<p data-start=\"367\" data-end=\"704\">K\u00edch th\u01b0\u1edbc: W585 x D680 x H1180\u20131260 mm<br data-start=\"406\" data-end=\"409\" \/>Xu\u1ea5t x\u1ee9: S\u1ea3n ph\u1ea9m c\u1ee7a c\u00f4ng ty N\u1ed8I TH\u1ea4T THE ONE \u2013 Ph\u00e2n ph\u1ed1i b\u1edfi C\u00d4NG TY TNHH SXTM TTNT H\u1eeeU TH\u1ecaNH<br data-start=\"504\" data-end=\"507\" \/>B\u1ea3o h\u00e0nh: 12 th\u00e1ng theo ti\u00eau chu\u1ea9n nh\u00e0 m\u00e1y<br data-start=\"549\" data-end=\"552\" \/><span style=\"color: #ed1c24;\"><em data-start=\"552\" data-end=\"704\">L\u01b0u \u00fd: Gi\u00e1 tr\u00ean ch\u01b0a bao g\u1ed3m VAT v\u00e0 ph\u00ed v\u1eadn chuy\u1ec3n. Gi\u00e1 s\u1ea3n ph\u1ea9m c\u00f3 th\u1ec3 thay \u0111\u1ed5i theo t\u1eebng th\u1eddi \u0111i\u1ec3m, vui l\u00f2ng li\u00ean h\u1ec7 \u0111\u1ec3 nh\u1eadn t\u01b0 v\u1ea5n \u01b0u \u0111\u00e3i t\u1ed1t nh\u1ea5t.<\/em><\/span><\/p>\n","protected":false},"featured_media":4726,"comment_status":"open","ping_status":"closed","template":"","meta":[],"product_brand":[],"product_cat":[17,356],"product_tag":[],"class_list":{"0":"post-4725","1":"product","2":"type-product","3":"status-publish","4":"has-post-thumbnail","6":"product_cat-noi-that-van-phong","7":"product_cat-ghe-luoi-cao-cap","9":"first","10":"instock","11":"taxable","12":"shipping-taxable","13":"purchasable","14":"product-type-simple"},"_links":{"self":[{"href":"https:\/\/noithathuuthinhvn214.mbws.vn\/zh-hans\/wp-json\/wp\/v2\/product\/4725","targetHints":{"allow":["GET"]}}],"collection":[{"href":"https:\/\/noithathuuthinhvn214.mbws.vn\/zh-hans\/wp-json\/wp\/v2\/product"}],"about":[{"href":"https:\/\/noithathuuthinhvn214.mbws.vn\/zh-hans\/wp-json\/wp\/v2\/types\/product"}],"replies":[{"embeddable":true,"href":"https:\/\/noithathuuthinhvn214.mbws.vn\/zh-hans\/wp-json\/wp\/v2\/comments?post=4725"}],"wp:featuredmedia":[{"embeddable":true,"href":"https:\/\/noithathuuthinhvn214.mbws.vn\/zh-hans\/wp-json\/wp\/v2\/media\/4726"}],"wp:attachment":[{"href":"https:\/\/noithathuuthinhvn214.mbws.vn\/zh-hans\/wp-json\/wp\/v2\/media?parent=4725"}],"wp:term":[{"taxonomy":"product_brand","embeddable":true,"href":"https:\/\/noithathuuthinhvn214.mbws.vn\/zh-hans\/wp-json\/wp\/v2\/product_brand?post=4725"},{"taxonomy":"product_cat","embeddable":true,"href":"https:\/\/noithathuuthinhvn214.mbws.vn\/zh-hans\/wp-json\/wp\/v2\/product_cat?post=4725"},{"taxonomy":"product_tag","embeddable":true,"href":"https:\/\/noithathuuthinhvn214.mbws.vn\/zh-hans\/wp-json\/wp\/v2\/product_tag?post=4725"}],"curies":[{"name":"wp","href":"https:\/\/api.w.org\/{rel}","templated":true}]}}