{"id":4662,"date":"2025-11-26T09:56:25","date_gmt":"2025-11-26T02:56:25","guid":{"rendered":"https:\/\/noithathuuthinh.vn\/?post_type=product&#038;p=4662"},"modified":"2025-11-26T09:56:26","modified_gmt":"2025-11-26T02:56:26","slug":"ghe-phong-hop-sl941","status":"publish","type":"product","link":"https:\/\/noithathuuthinhvn214.mbws.vn\/zh-hans\/san-pham\/ghe-phong-hop-sl941\/","title":{"rendered":"Gh\u1ebf ph\u00f2ng h\u1ecdp SL941"},"content":{"rendered":"<p data-start=\"730\" data-end=\"1182\">Gh\u1ebf ph\u00f2ng h\u1ecdp SL941 thu\u1ed9c d\u00f2ng gh\u1ebf h\u1ecdp hi\u1ec7n \u0111\u1ea1i \u0111\u01b0\u1ee3c thi\u1ebft k\u1ebf d\u00e0nh ri\u00eang cho nh\u1eefng kh\u00f4ng gian l\u00e0m vi\u1ec7c y\u00eau c\u1ea7u s\u1ef1 chuy\u00ean nghi\u1ec7p, tinh t\u1ebf v\u00e0 tho\u1ea3i m\u00e1i. V\u1edbi thi\u1ebft k\u1ebf thanh l\u1ecbch k\u1ebft h\u1ee3p gi\u1eefa c\u00e1c ch\u1ea5t li\u1ec7u b\u1ec1n b\u1ec9, SL941 kh\u00f4ng ch\u1ec9 mang l\u1ea1i gi\u00e1 tr\u1ecb s\u1eed d\u1ee5ng cao m\u00e0 c\u00f2n g\u00f3p ph\u1ea7n t\u1ea1o \u0111i\u1ec3m nh\u1ea5n th\u1ea9m m\u1ef9 cho ph\u00f2ng h\u1ecdp, gi\u00fap doanh nghi\u1ec7p th\u1ec3 hi\u1ec7n \u0111\u01b0\u1ee3c h\u00ecnh \u1ea3nh ch\u1ec9n chu v\u00e0 phong c\u00e1ch trong m\u1eaft kh\u00e1ch h\u00e0ng c\u0169ng nh\u01b0 \u0111\u1ed1i t\u00e1c.<\/p>\n<p data-start=\"1184\" data-end=\"1670\">Ngay t\u1eeb ph\u1ea7n \u0111\u1ec7m t\u1ef1a, gh\u1ebf ph\u00f2ng h\u1ecdp SL941 \u0111\u00e3 t\u1ea1o \u0111\u01b0\u1ee3c thi\u1ec7n c\u1ea3m nh\u1edd l\u1edbp b\u1ecdc gi\u1ea3 da cao c\u1ea5p. Ch\u1ea5t li\u1ec7u n\u00e0y c\u00f3 \u0111\u1ed9 m\u1ec1m m\u1ea1i v\u1eeba \u0111\u1ee7, mang l\u1ea1i c\u1ea3m gi\u00e1c \u00eam \u00e1i v\u00e0 d\u1ec5 ch\u1ecbu khi ti\u1ebfp x\u00fac, \u0111\u1ed3ng th\u1eddi c\u00f3 \u0111\u1ed9 b\u1ec1n t\u1ed1t v\u00e0 kh\u1ea3 n\u0103ng ch\u1ed1ng b\u00e1m b\u1ee5i, ch\u1ed1ng th\u1ea5m nh\u1eb9, gi\u00fap vi\u1ec7c v\u1ec7 sinh \u2013 b\u1ea3o qu\u1ea3n tr\u1edf n\u00ean \u0111\u01a1n gi\u1ea3n h\u01a1n. Kh\u00f4ng ch\u1ec9 mang l\u1ea1i s\u1ef1 tho\u1ea3i m\u00e1i, ch\u1ea5t li\u1ec7u gi\u1ea3 da cao c\u1ea5p c\u00f2n gi\u00fap gh\u1ebf gi\u1eef \u0111\u01b0\u1ee3c v\u1ebb \u0111\u1eb9p sang tr\u1ecdng, ph\u00f9 h\u1ee3p v\u1edbi c\u00e1c kh\u00f4ng gian ph\u00f2ng h\u1ecdp mang phong c\u00e1ch hi\u1ec7n \u0111\u1ea1i, tr\u1ebb trung ho\u1eb7c chuy\u00ean nghi\u1ec7p.<\/p>\n<p data-start=\"1672\" data-end=\"2193\">Thi\u1ebft k\u1ebf t\u1ef1a l\u01b0ng li\u1ec1n kh\u1ed1i v\u1edbi \u0111\u1ed9 cong h\u1ee3p l\u00fd l\u00e0 m\u1ed9t \u01b0u \u0111i\u1ec3m l\u1edbn c\u1ee7a SL941. Ph\u1ea7n t\u1ef1a \u0111\u01b0\u1ee3c nghi\u00ean c\u1ee9u theo ti\u00eau chu\u1ea9n c\u00f4ng th\u00e1i h\u1ecdc, gi\u00fap n\u00e2ng \u0111\u1ee1 to\u00e0n b\u1ed9 l\u01b0ng, gi\u1ea3m \u00e1p l\u1ef1c l\u00ean v\u00f9ng c\u1ed9t s\u1ed1ng v\u00e0 h\u1ea1n ch\u1ebf t\u00ecnh tr\u1ea1ng \u0111au m\u1ecfi vai g\u00e1y khi ng\u01b0\u1eddi d\u00f9ng ph\u1ea3i ng\u1ed3i h\u1ecdp trong th\u1eddi gian d\u00e0i. \u0110\u1ec7m ng\u1ed3i r\u1ed9ng r\u00e3i, m\u1ec1m v\u00e0 c\u00f3 \u0111\u1ed9 \u0111\u00e0n h\u1ed3i t\u1ed1t, t\u1ea1o s\u1ef1 tho\u1ea3i m\u00e1i khi thay \u0111\u1ed5i t\u01b0 th\u1ebf m\u00e0 kh\u00f4ng g\u00e2y x\u1eb9p l\u00fan theo th\u1eddi gian. \u0110i\u1ec1u n\u00e0y gi\u00fap SL941 tr\u1edf th\u00e0nh l\u1ef1a ch\u1ecdn l\u00fd t\u01b0\u1edfng cho c\u00e1c ph\u00f2ng h\u1ecdp th\u01b0\u1eddng xuy\u00ean di\u1ec5n ra c\u00e1c cu\u1ed9c trao \u0111\u1ed5i, th\u1ea3o lu\u1eadn k\u00e9o d\u00e0i.<\/p>\n<p data-start=\"2195\" data-end=\"2702\">Khung ch\u00e2n c\u1ee7a gh\u1ebf ph\u00f2ng h\u1ecdp SL941 \u0111\u01b0\u1ee3c ch\u1ebf t\u1ea1o t\u1eeb th\u00e9p \u1ed1ng 20&#215;30 k\u1ebft h\u1ee3p t\u00f4n c\u1eaft \u0111\u1ecbnh h\u00ecnh, mang \u0111\u1ebfn s\u1ef1 ch\u1eafc ch\u1eafn v\u00e0 b\u1ec1n b\u1ec9 v\u01b0\u1ee3t tr\u1ed9i. \u0110\u00e2y l\u00e0 m\u1ed9t trong nh\u1eefng \u0111i\u1ec3m m\u1ea1nh gi\u00fap s\u1ea3n ph\u1ea9m kh\u00e1c bi\u1ec7t so v\u1edbi c\u00e1c m\u1eabu gh\u1ebf h\u1ecdp truy\u1ec1n th\u1ed1ng. Ki\u1ec3u ch\u00e2n qu\u1ef3 \u0111\u1eb7c tr\u01b0ng gi\u00fap gh\u1ebf \u1ed5n \u0111\u1ecbnh, h\u1ea1n ch\u1ebf rung l\u1eafc v\u00e0 t\u1ea1o c\u1ea3m gi\u00e1c v\u1eefng v\u00e0ng khi s\u1eed d\u1ee5ng. L\u1edbp s\u01a1n \u0111en nh\u00e1m ph\u1ee7 b\u00ean ngo\u00e0i kh\u00f4ng ch\u1ec9 t\u0103ng t\u00ednh th\u1ea9m m\u1ef9 m\u00e0 c\u00f2n gi\u00fap ch\u1ed1ng tr\u1ea7y x\u01b0\u1edbc, ch\u1ed1ng g\u1ec9 s\u00e9t, n\u00e2ng cao tu\u1ed5i th\u1ecd c\u1ee7a s\u1ea3n ph\u1ea9m ngay c\u1ea3 trong m\u00f4i tr\u01b0\u1eddng s\u1eed d\u1ee5ng th\u01b0\u1eddng xuy\u00ean.<\/p>\n<p data-start=\"2704\" data-end=\"3239\">Ki\u1ec3u d\u00e1ng t\u1ed5ng th\u1ec3 c\u1ee7a SL941 mang h\u01a1i h\u01b0\u1edbng t\u1ed1i gi\u1ea3n hi\u1ec7n \u0111\u1ea1i nh\u01b0ng v\u1eabn kh\u00f4ng k\u00e9m ph\u1ea7n sang tr\u1ecdng. Nh\u1eefng \u0111\u01b0\u1eddng n\u00e9t vu\u00f4ng \u2013 bo nh\u1eb9 tinh t\u1ebf t\u1ea1o c\u1ea3m gi\u00e1c h\u00e0i h\u00f2a, ph\u00f9 h\u1ee3p v\u1edbi nhi\u1ec1u phong c\u00e1ch thi\u1ebft k\u1ebf n\u1ed9i th\u1ea5t kh\u00e1c nhau nh\u01b0 hi\u1ec7n \u0111\u1ea1i, t\u1ed1i gi\u1ea3n, c\u00f4ng nghi\u1ec7p ho\u1eb7c truy\u1ec1n th\u1ed1ng c\u1ea3i ti\u1ebfn. SL941 d\u1ec5 d\u00e0ng k\u1ebft h\u1ee3p v\u1edbi b\u00e0n h\u1ecdp g\u1ed7 t\u1ef1 nhi\u00ean, b\u00e0n h\u1ecdp melamine hay c\u00e1c h\u1ec7 modul ph\u00f2ng h\u1ecdp hi\u1ec7n \u0111\u1ea1i \u0111ang r\u1ea5t ph\u1ed5 bi\u1ebfn t\u1ea1i c\u00e1c doanh nghi\u1ec7p hi\u1ec7n nay. M\u00e0u s\u1eafc trung t\u00ednh c\u1ee7a gh\u1ebf gi\u00fap kh\u00f4ng gian ph\u00f2ng h\u1ecdp tr\u1edf n\u00ean trang nh\u00e3, chuy\u00ean nghi\u1ec7p v\u00e0 tho\u00e1ng r\u1ed9ng h\u01a1n.<\/p>\n<p data-start=\"3241\" data-end=\"3669\">K\u00edch th\u01b0\u1edbc chu\u1ea9n W610 x D675 x H1040 mm c\u1ee7a gh\u1ebf \u0111\u01b0\u1ee3c nghi\u00ean c\u1ee9u ph\u00f9 h\u1ee3p v\u1edbi h\u1ea7u h\u1ebft ng\u01b0\u1eddi d\u00f9ng v\u0103n ph\u00f2ng. Chi\u1ec1u cao gh\u1ebf v\u00e0 \u0111\u1ed9 s\u00e2u \u0111\u1ec7m ng\u1ed3i \u0111\u1ea3m b\u1ea3o ng\u01b0\u1eddi s\u1eed d\u1ee5ng lu\u00f4n gi\u1eef \u0111\u01b0\u1ee3c t\u01b0 th\u1ebf th\u1eb3ng l\u01b0ng, th\u01b0 gi\u00e3n v\u00e0 t\u1eadp trung t\u1ed1t h\u01a1n trong qu\u00e1 tr\u00ecnh h\u1ecdp. Nh\u1edd thi\u1ebft k\u1ebf t\u1ed1i \u01b0u, SL941 gi\u00fap gi\u1ea3m thi\u1ec3u nh\u1eefng kh\u00f3 ch\u1ecbu th\u01b0\u1eddng g\u1eb7p khi ph\u1ea3i ng\u1ed3i c\u1ed1 \u0111\u1ecbnh trong th\u1eddi gian d\u00e0i, qua \u0111\u00f3 g\u00f3p ph\u1ea7n n\u00e2ng cao hi\u1ec7u su\u1ea5t l\u00e0m vi\u1ec7c v\u00e0 ch\u1ea5t l\u01b0\u1ee3ng c\u00e1c cu\u1ed9c h\u1ecdp.<\/p>\n<p data-start=\"3671\" data-end=\"4146\">Kh\u00f4ng ch\u1ec9 l\u00e0 m\u1ed9t s\u1ea3n ph\u1ea9m n\u1ed9i th\u1ea5t ph\u1ee5c v\u1ee5 nhu c\u1ea7u ng\u1ed3i h\u1ecdp, gh\u1ebf ph\u00f2ng h\u1ecdp SL941 c\u00f2n th\u1ec3 hi\u1ec7n s\u1ef1 \u0111\u1ea7u t\u01b0 b\u00e0i b\u1ea3n c\u1ee7a doanh nghi\u1ec7p v\u00e0o m\u00f4i tr\u01b0\u1eddng l\u00e0m vi\u1ec7c chuy\u00ean nghi\u1ec7p. S\u1ea3n ph\u1ea9m ph\u00f9 h\u1ee3p cho ph\u00f2ng h\u1ecdp c\u00f4ng ty, ph\u00f2ng h\u1ecdp \u0111i\u1ec1u h\u00e0nh, ph\u00f2ng l\u00e0m vi\u1ec7c c\u1ee7a l\u00e3nh \u0111\u1ea1o ho\u1eb7c c\u00e1c kh\u00f4ng gian c\u1ea7n s\u1ef1 trang tr\u1ecdng khi ti\u1ebfp \u0111\u00f3n kh\u00e1ch h\u00e0ng. V\u1edbi m\u1ee9c chi ph\u00ed h\u1ee3p l\u00fd, thi\u1ebft k\u1ebf tinh t\u1ebf v\u00e0 \u0111\u1ed9 b\u1ec1n v\u01b0\u1ee3t tr\u1ed9i, SL941 l\u00e0 l\u1ef1a ch\u1ecdn \u0111\u00e1ng c\u00e2n nh\u1eafc \u0111\u1ed1i v\u1edbi m\u1ecdi doanh nghi\u1ec7p mu\u1ed1n n\u00e2ng c\u1ea5p kh\u00f4ng gian ph\u00f2ng h\u1ecdp.<\/p>\n<p data-start=\"4148\" data-end=\"4485\" data-is-last-node=\"\" data-is-only-node=\"\">S\u1ef1 k\u1ebft h\u1ee3p ho\u00e0n h\u1ea3o gi\u1eefa thi\u1ebft k\u1ebf \u0111\u1eb9p, ch\u1ea5t li\u1ec7u t\u1ed1t v\u00e0 c\u00f4ng n\u0103ng ph\u00f9 h\u1ee3p \u0111\u00e3 gi\u00fap SL941 tr\u1edf th\u00e0nh m\u1ed9t trong nh\u1eefng m\u1eabu gh\u1ebf ph\u00f2ng h\u1ecdp \u0111\u01b0\u1ee3c nhi\u1ec1u doanh nghi\u1ec7p tin t\u01b0\u1edfng l\u1ef1a ch\u1ecdn. \u0110\u00e2y ch\u1eafc ch\u1eafn s\u1ebd l\u00e0 s\u1ea3n ph\u1ea9m mang l\u1ea1i tr\u1ea3i nghi\u1ec7m ng\u1ed3i tho\u1ea3i m\u00e1i, \u0111\u1ed3ng th\u1eddi g\u00f3p ph\u1ea7n t\u1ea1o d\u1ef1ng h\u00ecnh \u1ea3nh chuy\u00ean nghi\u1ec7p v\u00e0 \u0111\u1eb3ng c\u1ea5p cho kh\u00f4ng gian l\u00e0m vi\u1ec7c c\u1ee7a b\u1ea1n.<\/p>\n","protected":false},"excerpt":{"rendered":"<p>Gh\u1ebf ph\u00f2ng h\u1ecdp SL941 l\u00e0 m\u1eabu gh\u1ebf h\u1ecdp hi\u1ec7n \u0111\u1ea1i v\u1edbi thi\u1ebft k\u1ebf tinh g\u1ecdn, ph\u1ea7n \u0111\u1ec7m t\u1ef1a b\u1ecdc gi\u1ea3 da cao c\u1ea5p mang \u0111\u1ebfn c\u1ea3m gi\u00e1c m\u1ec1m m\u1ea1i v\u00e0 \u00eam \u00e1i khi ng\u1ed3i, ph\u00f9 h\u1ee3p cho c\u00e1c cu\u1ed9c h\u1ecdp k\u00e9o d\u00e0i. Gh\u1ebf s\u1eed d\u1ee5ng khung ch\u00e2n th\u00e9p \u1ed1ng 20&#215;30 k\u1ebft h\u1ee3p t\u00f4n c\u1eaft \u0111\u1ecbnh h\u00ecnh ki\u1ec3u d\u00e1ng m\u1edbi, \u0111\u01b0\u1ee3c s\u01a1n \u0111en nh\u00e1m t\u1ea1o v\u1ebb kh\u1ecfe kho\u1eafn v\u00e0 sang tr\u1ecdng cho kh\u00f4ng gian ph\u00f2ng h\u1ecdp.<br data-start=\"389\" data-end=\"392\" \/>K\u00edch th\u01b0\u1edbc: W610 x D675 x H1040 mm<br data-start=\"426\" data-end=\"429\" \/>Xu\u1ea5t x\u1ee9: S\u1ea3n ph\u1ea9m c\u1ee7a c\u00f4ng ty N\u1ed8I TH\u1ea4T THE ONE \u2013 Ph\u00e2n ph\u1ed1i b\u1edfi C\u00d4NG TY TNHH SXTM TTNT H\u1eeeU TH\u1ecaNH<br data-start=\"523\" data-end=\"526\" \/>B\u1ea3o h\u00e0nh: 12 th\u00e1ng theo ti\u00eau chu\u1ea9n nh\u00e0 m\u00e1y<br data-start=\"568\" data-end=\"571\" \/><span style=\"color: #ed1c24;\"><em data-start=\"571\" data-end=\"723\" data-is-only-node=\"\">L\u01b0u \u00fd: Gi\u00e1 tr\u00ean ch\u01b0a bao g\u1ed3m VAT v\u00e0 ph\u00ed v\u1eadn chuy\u1ec3n. Gi\u00e1 s\u1ea3n ph\u1ea9m c\u00f3 th\u1ec3 thay \u0111\u1ed5i theo t\u1eebng th\u1eddi \u0111i\u1ec3m, vui l\u00f2ng li\u00ean h\u1ec7 \u0111\u1ec3 nh\u1eadn t\u01b0 v\u1ea5n \u01b0u \u0111\u00e3i t\u1ed1t nh\u1ea5t.<\/em><\/span><\/p>\n","protected":false},"featured_media":4664,"comment_status":"open","ping_status":"closed","template":"","meta":[],"product_brand":[],"product_cat":[17,313],"product_tag":[],"class_list":{"0":"post-4662","1":"product","2":"type-product","3":"status-publish","4":"has-post-thumbnail","6":"product_cat-noi-that-van-phong","7":"product_cat-ghe-phong-hop","9":"first","10":"instock","11":"taxable","12":"shipping-taxable","13":"purchasable","14":"product-type-simple"},"_links":{"self":[{"href":"https:\/\/noithathuuthinhvn214.mbws.vn\/zh-hans\/wp-json\/wp\/v2\/product\/4662","targetHints":{"allow":["GET"]}}],"collection":[{"href":"https:\/\/noithathuuthinhvn214.mbws.vn\/zh-hans\/wp-json\/wp\/v2\/product"}],"about":[{"href":"https:\/\/noithathuuthinhvn214.mbws.vn\/zh-hans\/wp-json\/wp\/v2\/types\/product"}],"replies":[{"embeddable":true,"href":"https:\/\/noithathuuthinhvn214.mbws.vn\/zh-hans\/wp-json\/wp\/v2\/comments?post=4662"}],"wp:featuredmedia":[{"embeddable":true,"href":"https:\/\/noithathuuthinhvn214.mbws.vn\/zh-hans\/wp-json\/wp\/v2\/media\/4664"}],"wp:attachment":[{"href":"https:\/\/noithathuuthinhvn214.mbws.vn\/zh-hans\/wp-json\/wp\/v2\/media?parent=4662"}],"wp:term":[{"taxonomy":"product_brand","embeddable":true,"href":"https:\/\/noithathuuthinhvn214.mbws.vn\/zh-hans\/wp-json\/wp\/v2\/product_brand?post=4662"},{"taxonomy":"product_cat","embeddable":true,"href":"https:\/\/noithathuuthinhvn214.mbws.vn\/zh-hans\/wp-json\/wp\/v2\/product_cat?post=4662"},{"taxonomy":"product_tag","embeddable":true,"href":"https:\/\/noithathuuthinhvn214.mbws.vn\/zh-hans\/wp-json\/wp\/v2\/product_tag?post=4662"}],"curies":[{"name":"wp","href":"https:\/\/api.w.org\/{rel}","templated":true}]}}