{"id":4642,"date":"2025-11-25T16:45:41","date_gmt":"2025-11-25T09:45:41","guid":{"rendered":"https:\/\/noithathuuthinh.vn\/?post_type=product&#038;p=4642"},"modified":"2025-11-25T16:45:42","modified_gmt":"2025-11-25T09:45:42","slug":"ghe-phong-hop-sl904","status":"publish","type":"product","link":"https:\/\/noithathuuthinhvn214.mbws.vn\/zh-hans\/san-pham\/ghe-phong-hop-sl904\/","title":{"rendered":"Gh\u1ebf ph\u00f2ng h\u1ecdp SL904"},"content":{"rendered":"<p data-start=\"707\" data-end=\"1000\">Gh\u1ebf ph\u00f2ng h\u1ecdp SL904 l\u00e0 l\u1ef1a ch\u1ecdn ho\u00e0n h\u1ea3o cho c\u00e1c ph\u00f2ng h\u1ecdp hi\u1ec7n \u0111\u1ea1i, n\u01a1i s\u1ef1 sang tr\u1ecdng, ti\u1ec7n nghi v\u00e0 \u0111\u1ed9 b\u1ec1n cao \u0111\u01b0\u1ee3c \u0111\u1eb7t l\u00ean h\u00e0ng \u0111\u1ea7u. Thi\u1ebft k\u1ebf l\u01b0ng trung c\u1ee7a gh\u1ebf v\u1eeba g\u1ecdn g\u00e0ng v\u1eeba h\u1ed7 tr\u1ee3 t\u1ed1t ph\u1ea7n l\u01b0ng ng\u01b0\u1eddi ng\u1ed3i, gi\u00fap cu\u1ed9c h\u1ecdp di\u1ec5n ra d\u1ec5 ch\u1ecbu v\u00e0 hi\u1ec7u qu\u1ea3 ngay c\u1ea3 khi k\u00e9o d\u00e0i trong nhi\u1ec1u gi\u1edd.<\/p>\n<p data-start=\"1002\" data-end=\"1345\">Khung th\u00e9p m\u1ea1 c\u1ee7a SL904 kh\u00f4ng ch\u1ec9 t\u1ea1o s\u1ef1 ch\u1eafc ch\u1eafn m\u00e0 c\u00f2n mang l\u1ea1i \u0111i\u1ec3m nh\u1ea5n th\u1ea9m m\u1ef9 cho ph\u00f2ng h\u1ecdp. C\u00f4ng ngh\u1ec7 m\u1ea1 hi\u1ec7n \u0111\u1ea1i gi\u00fap ch\u1ed1ng g\u1ec9, ch\u1ed1ng oxy h\u00f3a, duy tr\u00ec b\u1ec1 m\u1eb7t s\u00e1ng b\u00f3ng v\u00e0 d\u1ec5 v\u1ec7 sinh. Ch\u00e2n gh\u1ebf v\u1eefng ch\u1eafc, ch\u1ecbu l\u1ef1c t\u1ed1t, mang \u0111\u1ebfn c\u1ea3m gi\u00e1c \u1ed5n \u0111\u1ecbnh v\u00e0 an to\u00e0n cho ng\u01b0\u1eddi s\u1eed d\u1ee5ng, \u0111\u1ed3ng th\u1eddi h\u1ea1n ch\u1ebf ti\u1ebfng \u0111\u1ed9ng khi di chuy\u1ec3n trong ph\u00f2ng h\u1ecdp.<\/p>\n<p data-start=\"1347\" data-end=\"1730\">Ph\u1ea7n \u0111\u1ec7m v\u00e0 t\u1ef1a gh\u1ebf \u0111\u01b0\u1ee3c b\u1ecdc b\u1eb1ng c\u00e1c ch\u1ea5t li\u1ec7u cao c\u1ea5p: <strong data-start=\"1404\" data-end=\"1440\">da th\u1eadt, da c\u00f4ng nghi\u1ec7p ho\u1eb7c PVC<\/strong> t\u1ea1i m\u1eb7t ti\u1ebfp x\u00fac tr\u1ef1c ti\u1ebfp v\u1edbi ng\u01b0\u1eddi d\u00f9ng. L\u1edbp m\u00fat \u0111\u00e0n h\u1ed3i cao gi\u00fap gi\u1eef form gh\u1ebf \u1ed5n \u0111\u1ecbnh, n\u00e2ng \u0111\u1ee1 ph\u1ea7n l\u01b0ng hi\u1ec7u qu\u1ea3 v\u00e0 gi\u1ea3m m\u1ec7t m\u1ecfi khi ng\u1ed3i l\u00e2u. Ch\u1ea5t li\u1ec7u da th\u1eadt mang \u0111\u1ebfn v\u1ebb sang tr\u1ecdng v\u00e0 m\u1ec1m m\u1ea1i; da c\u00f4ng nghi\u1ec7p ho\u1eb7c PVC d\u1ec5 lau ch\u00f9i, ph\u00f9 h\u1ee3p v\u1edbi m\u00f4i tr\u01b0\u1eddng v\u0103n ph\u00f2ng s\u1eed d\u1ee5ng li\u00ean t\u1ee5c.<\/p>\n<p data-start=\"1732\" data-end=\"1942\">Tay gh\u1ebf nh\u1ef1a kh\u00f4ng b\u1ecdc PVC, thi\u1ebft k\u1ebf bo cong nh\u1eb9 theo khu\u1ef7u tay, t\u1ea1o t\u01b0 th\u1ebf t\u1ef1 nhi\u00ean v\u00e0 gi\u1ea3m \u00e1p l\u1ef1c l\u00ean vai, c\u00e1nh tay. Tay gh\u1ebf \u0111\u01a1n gi\u1ea3n nh\u01b0ng tinh t\u1ebf, g\u00f3p ph\u1ea7n t\u0103ng t\u00ednh th\u1ea9m m\u1ef9 v\u00e0 ti\u1ec7n d\u1ee5ng cho t\u1ed5ng th\u1ec3 gh\u1ebf.<\/p>\n<p data-start=\"1944\" data-end=\"2270\">V\u1edbi k\u00edch th\u01b0\u1edbc W590 x D710 x H1080 mm, SL904 c\u00f3 t\u1ef7 l\u1ec7 c\u00e2n \u0111\u1ed1i, d\u1ec5 b\u1ed1 tr\u00ed trong ph\u00f2ng h\u1ecdp t\u1eeb v\u1eeba \u0111\u1ebfn l\u1edbn. Gh\u1ebf c\u00f3 th\u1ec3 s\u1eafp x\u1ebfp theo h\u00e0ng, theo v\u00f2ng tr\u00f2n ho\u1eb7c theo nh\u00f3m m\u00e0 v\u1eabn \u0111\u1ea3m b\u1ea3o s\u1ef1 tho\u00e1ng \u0111\u00e3ng, g\u1ecdn g\u00e0ng v\u00e0 \u0111\u1ed3ng b\u1ed9 v\u1ec1 th\u1ea9m m\u1ef9. Ki\u1ec3u d\u00e1ng thanh l\u1ecbch c\u1ee7a gh\u1ebf ph\u00f9 h\u1ee3p v\u1edbi nhi\u1ec1u phong c\u00e1ch n\u1ed9i th\u1ea5t, t\u1eeb hi\u1ec7n \u0111\u1ea1i \u0111\u1ebfn b\u00e1n c\u1ed5 \u0111i\u1ec3n.<\/p>\n<p data-start=\"2272\" data-end=\"2525\">Gh\u1ebf ph\u00f2ng h\u1ecdp SL904 kh\u00f4ng ch\u1ec9 mang \u0111\u1ebfn tr\u1ea3i nghi\u1ec7m ng\u1ed3i tho\u1ea3i m\u00e1i m\u00e0 c\u00f2n n\u00e2ng t\u1ea7m h\u00ecnh \u1ea3nh chuy\u00ean nghi\u1ec7p cho doanh nghi\u1ec7p. M\u1ed9t ph\u00f2ng h\u1ecdp \u0111\u01b0\u1ee3c trang b\u1ecb gh\u1ebf \u0111\u1ed3ng b\u1ed9, b\u1ec1n \u0111\u1eb9p v\u00e0 sang tr\u1ecdng s\u1ebd t\u1ea1o \u1ea5n t\u01b0\u1ee3ng t\u1ed1t v\u1edbi \u0111\u1ed1i t\u00e1c, kh\u00e1ch h\u00e0ng v\u00e0 nh\u00e2n vi\u00ean tham d\u1ef1.<\/p>\n<p data-start=\"2527\" data-end=\"2817\">\u0110\u1ea7u t\u01b0 v\u00e0o SL904 l\u00e0 l\u1ef1a ch\u1ecdn kinh t\u1ebf v\u00e0 l\u00e2u d\u00e0i, v\u1edbi \u0111\u1ed9 b\u1ec1n cao, d\u1ec5 ph\u1ed1i h\u1ee3p v\u1edbi c\u00e1c lo\u1ea1i b\u00e0n h\u1ecdp kh\u00e1c nhau v\u00e0 mang l\u1ea1i hi\u1ec7u qu\u1ea3 s\u1eed d\u1ee5ng v\u01b0\u1ee3t tr\u1ed9i. S\u1ea3n ph\u1ea9m \u0111\u00e1p \u1ee9ng \u0111\u1ea7y \u0111\u1ee7 c\u00e1c ti\u00eau ch\u00ed v\u1ec1 ch\u1ea5t l\u01b0\u1ee3ng, th\u1ea9m m\u1ef9 v\u00e0 ti\u1ec7n d\u1ee5ng, g\u00f3p ph\u1ea7n ho\u00e0n thi\u1ec7n kh\u00f4ng gian l\u00e0m vi\u1ec7c hi\u1ec7n \u0111\u1ea1i v\u00e0 chuy\u00ean nghi\u1ec7p.<\/p>\n<p data-start=\"2819\" data-end=\"2957\" data-is-last-node=\"\" data-is-only-node=\"\">N\u1ebfu qu\u00fd kh\u00e1ch c\u1ea7n t\u01b0 v\u1ea5n th\u00eam v\u1ec1 ch\u1ea5t li\u1ec7u, m\u00e0u s\u1eafc ho\u1eb7c s\u1ed1 l\u01b0\u1ee3ng l\u1edbn, vui l\u00f2ng li\u00ean h\u1ec7 \u0111\u1ec3 nh\u1eadn h\u1ed7 tr\u1ee3 nhanh ch\u00f3ng v\u00e0 b\u00e1o gi\u00e1 \u01b0u \u0111\u00e3i nh\u1ea5t.<\/p>\n","protected":false},"excerpt":{"rendered":"<p data-start=\"59\" data-end=\"314\">Gh\u1ebf ph\u00f2ng h\u1ecdp SL904 l\u00e0 m\u1eabu gh\u1ebf h\u1ecdp hi\u1ec7n \u0111\u1ea1i, v\u1edbi khung th\u00e9p m\u1ea1 ch\u1eafc ch\u1eafn, \u0111\u1ec7m t\u1ef1a b\u1ecdc da th\u1eadt, da c\u00f4ng nghi\u1ec7p ho\u1eb7c PVC t\u1ea1i ph\u1ea7n ti\u1ebfp x\u00fac ng\u01b0\u1eddi s\u1eed d\u1ee5ng, k\u1ebft h\u1ee3p tay nh\u1ef1a kh\u00f4ng b\u1ecdc PVC, mang \u0111\u1ebfn s\u1ef1 sang tr\u1ecdng, tho\u1ea3i m\u00e1i v\u00e0 b\u1ec1n b\u1ec9 cho kh\u00f4ng gian ph\u00f2ng h\u1ecdp.<\/p>\n<p data-start=\"316\" data-end=\"503\">K\u00edch th\u01b0\u1edbc: W590 x D710 x H1080 mm<\/p>\n<p data-start=\"316\" data-end=\"503\">Da th\u1eadt &#8211; <span style=\"color: #ed1c24; font-size: 120%;\"><strong>3.353.000 \u0111<\/strong><\/span><br \/>\nDa CN &#8211; <span style=\"color: #ed1c24; font-size: 120%;\"><strong>1.907.000 \u0111<\/strong><\/span><br \/>\nPVC &#8211; <span style=\"color: #ed1c24; font-size: 120%;\"><strong>1.791.000 \u0111<\/strong><\/span><br data-start=\"350\" data-end=\"353\" \/>Xu\u1ea5t x\u1ee9: S\u1ea3n ph\u1ea9m c\u1ee7a c\u00f4ng ty <strong data-start=\"383\" data-end=\"403\">N\u1ed8I TH\u1ea4T THE ONE<\/strong> \u2013 Ph\u00e2n ph\u1ed1i b\u1edfi <strong data-start=\"420\" data-end=\"456\">C\u00d4NG TY TNHH SXTM TTNT H\u1eeeU TH\u1ecaNH<\/strong><br data-start=\"456\" data-end=\"459\" \/>B\u1ea3o h\u00e0nh: 12 th\u00e1ng theo ti\u00eau chu\u1ea9n nh\u00e0 m\u00e1y<\/p>\n<p data-start=\"505\" data-end=\"657\"><span style=\"color: #ed1c24;\"><em data-start=\"505\" data-end=\"657\">L\u01b0u \u00fd: Gi\u00e1 tr\u00ean ch\u01b0a bao g\u1ed3m VAT v\u00e0 ph\u00ed v\u1eadn chuy\u1ec3n. Gi\u00e1 s\u1ea3n ph\u1ea9m c\u00f3 th\u1ec3 thay \u0111\u1ed5i theo t\u1eebng th\u1eddi \u0111i\u1ec3m, vui l\u00f2ng li\u00ean h\u1ec7 \u0111\u1ec3 nh\u1eadn t\u01b0 v\u1ea5n \u01b0u \u0111\u00e3i t\u1ed1t nh\u1ea5t.<\/em><\/span><\/p>\n","protected":false},"featured_media":4643,"comment_status":"open","ping_status":"closed","template":"","meta":[],"product_brand":[],"product_cat":[17,313],"product_tag":[],"class_list":{"0":"post-4642","1":"product","2":"type-product","3":"status-publish","4":"has-post-thumbnail","6":"product_cat-noi-that-van-phong","7":"product_cat-ghe-phong-hop","9":"first","10":"instock","11":"taxable","12":"shipping-taxable","13":"purchasable","14":"product-type-simple"},"_links":{"self":[{"href":"https:\/\/noithathuuthinhvn214.mbws.vn\/zh-hans\/wp-json\/wp\/v2\/product\/4642","targetHints":{"allow":["GET"]}}],"collection":[{"href":"https:\/\/noithathuuthinhvn214.mbws.vn\/zh-hans\/wp-json\/wp\/v2\/product"}],"about":[{"href":"https:\/\/noithathuuthinhvn214.mbws.vn\/zh-hans\/wp-json\/wp\/v2\/types\/product"}],"replies":[{"embeddable":true,"href":"https:\/\/noithathuuthinhvn214.mbws.vn\/zh-hans\/wp-json\/wp\/v2\/comments?post=4642"}],"wp:featuredmedia":[{"embeddable":true,"href":"https:\/\/noithathuuthinhvn214.mbws.vn\/zh-hans\/wp-json\/wp\/v2\/media\/4643"}],"wp:attachment":[{"href":"https:\/\/noithathuuthinhvn214.mbws.vn\/zh-hans\/wp-json\/wp\/v2\/media?parent=4642"}],"wp:term":[{"taxonomy":"product_brand","embeddable":true,"href":"https:\/\/noithathuuthinhvn214.mbws.vn\/zh-hans\/wp-json\/wp\/v2\/product_brand?post=4642"},{"taxonomy":"product_cat","embeddable":true,"href":"https:\/\/noithathuuthinhvn214.mbws.vn\/zh-hans\/wp-json\/wp\/v2\/product_cat?post=4642"},{"taxonomy":"product_tag","embeddable":true,"href":"https:\/\/noithathuuthinhvn214.mbws.vn\/zh-hans\/wp-json\/wp\/v2\/product_tag?post=4642"}],"curies":[{"name":"wp","href":"https:\/\/api.w.org\/{rel}","templated":true}]}}