{"id":4634,"date":"2025-11-25T16:23:36","date_gmt":"2025-11-25T09:23:36","guid":{"rendered":"https:\/\/noithathuuthinh.vn\/?post_type=product&#038;p=4634"},"modified":"2025-11-25T16:23:36","modified_gmt":"2025-11-25T09:23:36","slug":"ghe-phong-hop-sl901","status":"publish","type":"product","link":"https:\/\/noithathuuthinhvn214.mbws.vn\/zh-hans\/san-pham\/ghe-phong-hop-sl901\/","title":{"rendered":"Gh\u1ebf ph\u00f2ng h\u1ecdp SL901"},"content":{"rendered":"<p data-start=\"724\" data-end=\"1035\">Gh\u1ebf ph\u00f2ng h\u1ecdp SL901 l\u00e0 l\u1ef1a ch\u1ecdn ho\u00e0n h\u1ea3o cho c\u00e1c ph\u00f2ng h\u1ecdp doanh nghi\u1ec7p hi\u1ec7n \u0111\u1ea1i, n\u01a1i s\u1ef1 sang tr\u1ecdng, tho\u1ea3i m\u00e1i v\u00e0 b\u1ec1n b\u1ec9 l\u00e0 y\u1ebfu t\u1ed1 \u0111\u01b0\u1ee3c \u0111\u1eb7t l\u00ean h\u00e0ng \u0111\u1ea7u. V\u1edbi thi\u1ebft k\u1ebf l\u01b0ng trung tinh g\u1ecdn, SL901 v\u1eeba \u0111\u1ea3m b\u1ea3o s\u1ef1 thanh tho\u00e1t, v\u1eeba h\u1ed7 tr\u1ee3 t\u1ed1t ph\u1ea7n l\u01b0ng ng\u01b0\u1eddi ng\u1ed3i, gi\u00fap c\u00e1c cu\u1ed9c h\u1ecdp di\u1ec5n ra hi\u1ec7u qu\u1ea3 v\u00e0 tho\u1ea3i m\u00e1i h\u01a1n.<\/p>\n<p data-start=\"1037\" data-end=\"1374\">Khung th\u00e9p m\u1ea1 c\u1ee7a SL901 mang \u0111\u1ebfn s\u1ef1 ch\u1eafc ch\u1eafn v\u00e0 \u0111\u1ed9 b\u1ec1n v\u01b0\u1ee3t tr\u1ed9i. C\u00f4ng ngh\u1ec7 m\u1ea1 hi\u1ec7n \u0111\u1ea1i gi\u00fap ch\u1ed1ng g\u1ec9, ch\u1ed1ng oxy h\u00f3a, gi\u1eef b\u1ec1 m\u1eb7t s\u00e1ng b\u00f3ng v\u00e0 d\u1ec5 d\u00e0ng v\u1ec7 sinh, \u0111\u1ed3ng th\u1eddi mang l\u1ea1i \u0111i\u1ec3m nh\u1ea5n tinh t\u1ebf cho kh\u00f4ng gian ph\u00f2ng h\u1ecdp. C\u1ea5u tr\u00fac ch\u00e2n gh\u1ebf v\u1eefng v\u00e0ng \u0111\u1ea3m b\u1ea3o an to\u00e0n v\u00e0 \u1ed5n \u0111\u1ecbnh cho ng\u01b0\u1eddi ng\u1ed3i, \u0111\u1ed3ng th\u1eddi h\u1ea1n ch\u1ebf ti\u1ebfng \u0111\u1ed9ng khi di chuy\u1ec3n.<\/p>\n<p data-start=\"1376\" data-end=\"1843\">\u0110\u1ec7m t\u1ef1a c\u1ee7a SL901 \u0111\u01b0\u1ee3c b\u1ecdc ch\u1ea5t li\u1ec7u cao c\u1ea5p: <strong data-start=\"1422\" data-end=\"1458\">da th\u1eadt, da c\u00f4ng nghi\u1ec7p ho\u1eb7c PVC<\/strong> t\u1ea1i ph\u1ea7n ti\u1ebfp x\u00fac tr\u1ef1c ti\u1ebfp v\u1edbi ng\u01b0\u1eddi s\u1eed d\u1ee5ng. Thi\u1ebft k\u1ebf n\u00e0y kh\u00f4ng ch\u1ec9 n\u00e2ng cao t\u00ednh th\u1ea9m m\u1ef9 m\u00e0 c\u00f2n t\u1ed1i \u01b0u h\u00f3a s\u1ef1 tho\u1ea3i m\u00e1i. L\u1edbp m\u00fat \u0111\u00e0n h\u1ed3i cao gi\u1eef form gh\u1ebf \u1ed5n \u0111\u1ecbnh theo th\u1eddi gian, gi\u1ea3m m\u1ecfi l\u01b0ng v\u00e0 t\u1ea1o c\u1ea3m gi\u00e1c d\u1ec5 ch\u1ecbu khi ng\u1ed3i l\u00e2u. L\u1ef1a ch\u1ecdn ch\u1ea5t li\u1ec7u da th\u1eadt mang \u0111\u1ebfn v\u1ebb sang tr\u1ecdng v\u00e0 m\u1ec1m m\u1ea1i, trong khi da c\u00f4ng nghi\u1ec7p ho\u1eb7c PVC d\u1ec5 v\u1ec7 sinh, ph\u00f9 h\u1ee3p v\u1edbi m\u00f4i tr\u01b0\u1eddng v\u0103n ph\u00f2ng n\u0103ng \u0111\u1ed9ng.<\/p>\n<p data-start=\"1845\" data-end=\"2107\">Tay gh\u1ebf b\u1eb1ng nh\u1ef1a kh\u00f4ng b\u1ecdc PVC, thi\u1ebft k\u1ebf bo cong nh\u1eb9 theo khu\u1ef7u tay, t\u1ea1o t\u01b0 th\u1ebf \u0111\u1eb7t tay t\u1ef1 nhi\u00ean, gi\u00fap gi\u1ea3m \u00e1p l\u1ef1c l\u00ean vai v\u00e0 c\u00e1nh tay. Thi\u1ebft k\u1ebf tay gh\u1ebf \u0111\u01a1n gi\u1ea3n nh\u01b0ng tinh t\u1ebf, h\u00e0i h\u00f2a v\u1edbi t\u1ed5ng th\u1ec3 gh\u1ebf, \u0111\u1ea3m b\u1ea3o t\u00ednh th\u1ea9m m\u1ef9 v\u00e0 ti\u1ec7n d\u1ee5ng trong qu\u00e1 tr\u00ecnh s\u1eed d\u1ee5ng.<\/p>\n<p data-start=\"2109\" data-end=\"2436\">V\u1edbi k\u00edch th\u01b0\u1edbc W590 x D690 x H1050 mm, SL901 c\u00f3 t\u1ef7 l\u1ec7 v\u1eeba v\u1eb7n, ph\u00f9 h\u1ee3p v\u1edbi nhi\u1ec1u lo\u1ea1i ph\u00f2ng h\u1ecdp t\u1eeb nh\u1ecf \u0111\u1ebfn v\u1eeba, gi\u00fap b\u1ed1 tr\u00ed theo h\u00e0ng, theo v\u00f2ng tr\u00f2n ho\u1eb7c theo nh\u00f3m d\u1ec5 d\u00e0ng m\u00e0 v\u1eabn \u0111\u1ea3m b\u1ea3o kh\u00f4ng gian tho\u00e1ng \u0111\u00e3ng. Ki\u1ec3u d\u00e1ng g\u1ecdn g\u00e0ng v\u00e0 thanh tho\u00e1t c\u1ee7a gh\u1ebf c\u00f2n gi\u00fap ph\u00f2ng h\u1ecdp tr\u1edf n\u00ean chuy\u00ean nghi\u1ec7p, hi\u1ec7n \u0111\u1ea1i v\u00e0 \u0111\u1ed3ng b\u1ed9 v\u1ec1 th\u1ea9m m\u1ef9.<\/p>\n<p data-start=\"2438\" data-end=\"2684\">Gh\u1ebf ph\u00f2ng h\u1ecdp SL901 kh\u00f4ng ch\u1ec9 n\u00e2ng t\u1ea7m kh\u00f4ng gian h\u1ecdp m\u00e0 c\u00f2n g\u00f3p ph\u1ea7n t\u1ea1o thi\u1ec7n c\u1ea3m cho \u0111\u1ed1i t\u00e1c, kh\u00e1ch h\u00e0ng v\u00e0 nh\u00e2n vi\u00ean. M\u1ed9t ph\u00f2ng h\u1ecdp \u0111\u1ed3ng b\u1ed9, sang tr\u1ecdng v\u00e0 ti\u1ec7n d\u1ee5ng gi\u00fap n\u00e2ng cao hi\u1ec7u qu\u1ea3 cu\u1ed9c h\u1ecdp v\u00e0 h\u00ecnh \u1ea3nh chuy\u00ean nghi\u1ec7p c\u1ee7a doanh nghi\u1ec7p.<\/p>\n<p data-start=\"2686\" data-end=\"3023\">V\u1edbi \u0111\u1ed9 b\u1ec1n cao, tr\u1ea3i nghi\u1ec7m ng\u1ed3i tho\u1ea3i m\u00e1i v\u00e0 thi\u1ebft k\u1ebf tinh t\u1ebf, SL901 l\u00e0 l\u1ef1a ch\u1ecdn t\u1ed1i \u01b0u cho doanh nghi\u1ec7p mu\u1ed1n trang b\u1ecb ph\u00f2ng h\u1ecdp hi\u1ec7n \u0111\u1ea1i, sang tr\u1ecdng v\u00e0 l\u00e2u d\u00e0i. S\u1ea3n ph\u1ea9m \u0111\u1ea3m b\u1ea3o s\u1ef1 h\u00e0i l\u00f2ng v\u1ec1 ch\u1ea5t l\u01b0\u1ee3ng, t\u00ednh th\u1ea9m m\u1ef9 v\u00e0 \u0111\u1ed9 b\u1ec1n, \u0111\u1ed3ng th\u1eddi d\u1ec5 d\u00e0ng k\u1ebft h\u1ee3p v\u1edbi c\u00e1c m\u1eabu b\u00e0n h\u1ecdp kh\u00e1c nhau, t\u1ea1o kh\u00f4ng gian l\u00e0m vi\u1ec7c \u0111\u1ed3ng b\u1ed9 v\u00e0 chuy\u00ean nghi\u1ec7p.<\/p>\n<p data-start=\"3025\" data-end=\"3158\" data-is-last-node=\"\" data-is-only-node=\"\">N\u1ebfu qu\u00fd kh\u00e1ch c\u1ea7n t\u01b0 v\u1ea5n th\u00eam v\u1ec1 ch\u1ea5t li\u1ec7u, m\u00e0u s\u1eafc ho\u1eb7c s\u1ed1 l\u01b0\u1ee3ng l\u1edbn, vui l\u00f2ng li\u00ean h\u1ec7 \u0111\u1ec3 nh\u1eadn h\u1ed7 tr\u1ee3 v\u00e0 b\u00e1o gi\u00e1 \u01b0u \u0111\u00e3i nhanh ch\u00f3ng.<\/p>\n","protected":false},"excerpt":{"rendered":"<p data-start=\"59\" data-end=\"331\">Gh\u1ebf ph\u00f2ng h\u1ecdp SL901 l\u00e0 m\u1eabu gh\u1ebf h\u1ecdp l\u01b0ng trung hi\u1ec7n \u0111\u1ea1i, v\u1edbi khung th\u00e9p m\u1ea1 ch\u1eafc ch\u1eafn, \u0111\u1ec7m t\u1ef1a b\u1ecdc da th\u1eadt, da c\u00f4ng nghi\u1ec7p ho\u1eb7c PVC \u1edf ph\u1ea7n ti\u1ebfp x\u00fac tr\u1ef1c ti\u1ebfp v\u1edbi ng\u01b0\u1eddi s\u1eed d\u1ee5ng, k\u1ebft h\u1ee3p tay nh\u1ef1a kh\u00f4ng b\u1ecdc PVC, mang \u0111\u1ebfn s\u1ef1 tho\u1ea3i m\u00e1i v\u00e0 sang tr\u1ecdng cho ph\u00f2ng h\u1ecdp doanh nghi\u1ec7p.<\/p>\n<p data-start=\"333\" data-end=\"520\">K\u00edch th\u01b0\u1edbc: W590 x D690 x H1050 mm<\/p>\n<p data-start=\"333\" data-end=\"520\">Da th\u1eadt &#8211; <span style=\"color: #ed1c24; font-size: 120%;\"><strong>3.069.000 \u0111<\/strong><\/span><br \/>\nDa CN &#8211; <span style=\"font-size: 120%;\"><strong><span style=\"color: #ed1c24;\">1.675.000 \u0111<\/span><\/strong><\/span><br \/>\nPVC &#8211; <span style=\"color: #ed1c24; font-size: 120%;\"><strong>1.559.000 \u0111<\/strong><\/span><br \/>\nXu\u1ea5t x\u1ee9: S\u1ea3n ph\u1ea9m c\u1ee7a c\u00f4ng ty <strong data-start=\"400\" data-end=\"420\">N\u1ed8I TH\u1ea4T THE ONE<\/strong> \u2013 Ph\u00e2n ph\u1ed1i b\u1edfi <strong data-start=\"437\" data-end=\"473\">C\u00d4NG TY TNHH SXTM TTNT H\u1eeeU TH\u1ecaNH<\/strong><br data-start=\"473\" data-end=\"476\" \/>B\u1ea3o h\u00e0nh: 12 th\u00e1ng theo ti\u00eau chu\u1ea9n nh\u00e0 m\u00e1y<\/p>\n<p data-start=\"522\" data-end=\"674\"><span style=\"color: #ed1c24;\"><em data-start=\"522\" data-end=\"674\">L\u01b0u \u00fd: Gi\u00e1 tr\u00ean ch\u01b0a bao g\u1ed3m VAT v\u00e0 ph\u00ed v\u1eadn chuy\u1ec3n. Gi\u00e1 s\u1ea3n ph\u1ea9m c\u00f3 th\u1ec3 thay \u0111\u1ed5i theo t\u1eebng th\u1eddi \u0111i\u1ec3m, vui l\u00f2ng li\u00ean h\u1ec7 \u0111\u1ec3 nh\u1eadn t\u01b0 v\u1ea5n \u01b0u \u0111\u00e3i t\u1ed1t nh\u1ea5t.<\/em><\/span><\/p>\n","protected":false},"featured_media":4635,"comment_status":"open","ping_status":"closed","template":"","meta":[],"product_brand":[],"product_cat":[17,313],"product_tag":[],"class_list":{"0":"post-4634","1":"product","2":"type-product","3":"status-publish","4":"has-post-thumbnail","6":"product_cat-noi-that-van-phong","7":"product_cat-ghe-phong-hop","9":"first","10":"instock","11":"taxable","12":"shipping-taxable","13":"purchasable","14":"product-type-simple"},"_links":{"self":[{"href":"https:\/\/noithathuuthinhvn214.mbws.vn\/zh-hans\/wp-json\/wp\/v2\/product\/4634","targetHints":{"allow":["GET"]}}],"collection":[{"href":"https:\/\/noithathuuthinhvn214.mbws.vn\/zh-hans\/wp-json\/wp\/v2\/product"}],"about":[{"href":"https:\/\/noithathuuthinhvn214.mbws.vn\/zh-hans\/wp-json\/wp\/v2\/types\/product"}],"replies":[{"embeddable":true,"href":"https:\/\/noithathuuthinhvn214.mbws.vn\/zh-hans\/wp-json\/wp\/v2\/comments?post=4634"}],"wp:featuredmedia":[{"embeddable":true,"href":"https:\/\/noithathuuthinhvn214.mbws.vn\/zh-hans\/wp-json\/wp\/v2\/media\/4635"}],"wp:attachment":[{"href":"https:\/\/noithathuuthinhvn214.mbws.vn\/zh-hans\/wp-json\/wp\/v2\/media?parent=4634"}],"wp:term":[{"taxonomy":"product_brand","embeddable":true,"href":"https:\/\/noithathuuthinhvn214.mbws.vn\/zh-hans\/wp-json\/wp\/v2\/product_brand?post=4634"},{"taxonomy":"product_cat","embeddable":true,"href":"https:\/\/noithathuuthinhvn214.mbws.vn\/zh-hans\/wp-json\/wp\/v2\/product_cat?post=4634"},{"taxonomy":"product_tag","embeddable":true,"href":"https:\/\/noithathuuthinhvn214.mbws.vn\/zh-hans\/wp-json\/wp\/v2\/product_tag?post=4634"}],"curies":[{"name":"wp","href":"https:\/\/api.w.org\/{rel}","templated":true}]}}