{"id":4599,"date":"2025-11-25T14:24:32","date_gmt":"2025-11-25T07:24:32","guid":{"rendered":"https:\/\/noithathuuthinh.vn\/?post_type=product&#038;p=4599"},"modified":"2025-11-25T14:24:32","modified_gmt":"2025-11-25T07:24:32","slug":"ghe-phong-hop-sl606","status":"publish","type":"product","link":"https:\/\/noithathuuthinhvn214.mbws.vn\/zh-hans\/san-pham\/ghe-phong-hop-sl606\/","title":{"rendered":"Gh\u1ebf ph\u00f2ng h\u1ecdp SL606"},"content":{"rendered":"<p data-start=\"701\" data-end=\"1023\">Gh\u1ebf ph\u00f2ng h\u1ecdp SL606 l\u00e0 l\u1ef1a ch\u1ecdn l\u00fd t\u01b0\u1edfng cho nh\u1eefng doanh nghi\u1ec7p mong mu\u1ed1n trang b\u1ecb n\u1ed9i th\u1ea5t ph\u00f2ng h\u1ecdp hi\u1ec7n \u0111\u1ea1i, sang tr\u1ecdng nh\u01b0ng v\u1eabn \u0111\u1ea3m b\u1ea3o t\u00ednh ti\u1ec7n nghi v\u00e0 \u0111\u1ed9 b\u1ec1n l\u00e2u d\u00e0i. Ngay t\u1eeb v\u1ebb ngo\u00e0i, SL606 \u0111\u00e3 g\u00e2y \u1ea5n t\u01b0\u1ee3ng v\u1edbi thi\u1ebft k\u1ebf g\u1ecdn g\u00e0ng, thanh l\u1ecbch v\u00e0 ph\u00f9 h\u1ee3p v\u1edbi nhi\u1ec1u phong c\u00e1ch n\u1ed9i th\u1ea5t, t\u1eeb truy\u1ec1n th\u1ed1ng \u0111\u1ebfn hi\u1ec7n \u0111\u1ea1i.<\/p>\n<p data-start=\"1025\" data-end=\"1343\">Khung ch\u00e2n gh\u1ebf \u0111\u01b0\u1ee3c l\u00e0m t\u1eeb th\u00e9p s\u01a1n t\u0129nh \u0111i\u1ec7n, mang l\u1ea1i kh\u1ea3 n\u0103ng ch\u1ecbu l\u1ef1c t\u1ed1t, h\u1ea1n ch\u1ebf g\u1ec9 s\u00e9t v\u00e0 duy tr\u00ec v\u1ebb \u0111\u1eb9p b\u1ec1n v\u1eefng theo th\u1eddi gian. B\u1ec1 m\u1eb7t s\u01a1n m\u1ecbn, \u0111\u1ec1u m\u00e0u gi\u00fap gh\u1ebf gi\u1eef \u0111\u01b0\u1ee3c t\u00ednh th\u1ea9m m\u1ef9, ngay c\u1ea3 khi s\u1eed d\u1ee5ng trong th\u1eddi gian d\u00e0i. \u0110\u00e2y l\u00e0 \u01b0u \u0111i\u1ec3m n\u1ed5i b\u1eadt, \u0111\u1eb7c bi\u1ec7t ph\u00f9 h\u1ee3p cho nh\u1eefng ph\u00f2ng h\u1ecdp th\u01b0\u1eddng xuy\u00ean s\u1eed d\u1ee5ng.<\/p>\n<p data-start=\"1345\" data-end=\"1759\">Ph\u1ea7n \u0111\u1ec7m ng\u1ed3i v\u00e0 t\u1ef1a l\u01b0ng \u0111\u01b0\u1ee3c l\u00e0m t\u1eeb m\u00fat ch\u1ea5t l\u01b0\u1ee3ng cao, k\u1ebft h\u1ee3p b\u1ecdc PVC, da c\u00f4ng nghi\u1ec7p ho\u1eb7c da th\u1eadt t\u00f9y theo nhu c\u1ea7u l\u1ef1a ch\u1ecdn c\u1ee7a doanh nghi\u1ec7p. C\u00e1c ch\u1ea5t li\u1ec7u n\u00e0y \u0111\u1ec1u c\u00f3 \u01b0u \u0111i\u1ec3m chung l\u00e0 m\u1ec1m m\u1ea1i, d\u1ec5 v\u1ec7 sinh, kh\u00f4ng b\u00e1m b\u1ee5i v\u00e0 mang l\u1ea1i c\u1ea3m gi\u00e1c tho\u1ea3i m\u00e1i khi ng\u1ed3i trong th\u1eddi gian d\u00e0i. \u0110\u1ed1i v\u1edbi c\u00e1c phi\u00ean b\u1ea3n b\u1ecdc da th\u1eadt, gh\u1ebf c\u00f2n t\u1ea1o n\u00ean s\u1ef1 sang tr\u1ecdng v\u01b0\u1ee3t tr\u1ed9i, gi\u00fap n\u00e2ng t\u1ea7m h\u00ecnh \u1ea3nh chuy\u00ean nghi\u1ec7p c\u1ee7a ph\u00f2ng h\u1ecdp.<\/p>\n<p data-start=\"1761\" data-end=\"2159\">Thi\u1ebft k\u1ebf l\u01b0ng trung c\u1ee7a gh\u1ebf ph\u00f2ng h\u1ecdp SL606 \u0111\u01b0\u1ee3c t\u00ednh to\u00e1n khoa h\u1ecdc \u0111\u1ec3 \u00f4m tr\u1ecdn \u0111\u01b0\u1eddng cong t\u1ef1 nhi\u00ean c\u1ee7a l\u01b0ng ng\u01b0\u1eddi ng\u1ed3i. Nh\u1edd \u0111\u00f3, gh\u1ebf h\u1ed7 tr\u1ee3 t\u1ed1t cho c\u1ed9t s\u1ed1ng, gi\u1ea3m \u00e1p l\u1ef1c v\u00f9ng th\u1eaft l\u01b0ng v\u00e0 vai g\u00e1y, gi\u00fap ng\u01b0\u1eddi s\u1eed d\u1ee5ng duy tr\u00ec t\u01b0 th\u1ebf tho\u1ea3i m\u00e1i trong c\u00e1c cu\u1ed9c h\u1ecdp k\u00e9o d\u00e0i. K\u00edch th\u01b0\u1edbc W620 x D645 x H980 mm mang \u0111\u1ebfn kh\u00f4ng gian ng\u1ed3i r\u1ed9ng r\u00e3i v\u00e0 d\u1ec5 ch\u1ecbu, \u0111\u1ea3m b\u1ea3o s\u1ef1 t\u1ef1 tin v\u00e0 t\u1eadp trung cho ng\u01b0\u1eddi tham d\u1ef1.<\/p>\n<p data-start=\"2161\" data-end=\"2419\">Kh\u00f4ng ch\u1ec9 n\u1ed5i b\u1eadt v\u1ec1 t\u00ednh n\u0103ng, SL606 c\u00f2n \u0111\u01b0\u1ee3c \u0111\u00e1nh gi\u00e1 cao nh\u1edd t\u00ednh \u1ee9ng d\u1ee5ng linh ho\u1ea1t. Gh\u1ebf ph\u00f9 h\u1ee3p v\u1edbi ph\u00f2ng h\u1ecdp c\u00f4ng ty, ph\u00f2ng h\u1ed9i th\u1ea3o, khu v\u1ef1c ti\u1ebfp kh\u00e1ch, khu \u0111\u00e0o t\u1ea1o ho\u1eb7c th\u1eadm ch\u00ed c\u00f3 th\u1ec3 b\u1ed1 tr\u00ed trong v\u0103n ph\u00f2ng l\u00e0m vi\u1ec7c \u0111\u1ec3 t\u1ea1o \u0111i\u1ec3m nh\u1ea5n chuy\u00ean nghi\u1ec7p.<\/p>\n<p data-start=\"2421\" data-end=\"2714\">T\u1eeb ch\u1ea5t li\u1ec7u, thi\u1ebft k\u1ebf \u0111\u1ebfn s\u1ef1 ti\u1ec7n nghi, gh\u1ebf ph\u00f2ng h\u1ecdp SL606 l\u00e0 gi\u1ea3i ph\u00e1p t\u1ed1i \u01b0u cho m\u1ecdi doanh nghi\u1ec7p mu\u1ed1n \u0111\u1ea7u t\u01b0 v\u00e0o n\u1ed9i th\u1ea5t ch\u1ea5t l\u01b0\u1ee3ng cao. V\u1edbi s\u1ef1 k\u1ebft h\u1ee3p h\u00e0i h\u00f2a gi\u1eefa t\u00ednh th\u1ea9m m\u1ef9 v\u00e0 c\u00f4ng n\u0103ng, SL606 ch\u1eafc ch\u1eafn s\u1ebd mang l\u1ea1i gi\u00e1 tr\u1ecb s\u1eed d\u1ee5ng l\u00e2u d\u00e0i v\u00e0 n\u00e2ng t\u1ea7m kh\u00f4ng gian ph\u00f2ng h\u1ecdp c\u1ee7a b\u1ea1n.<\/p>\n<p data-start=\"2716\" data-end=\"2836\" data-is-last-node=\"\" data-is-only-node=\"\">Li\u00ean h\u1ec7 ngay v\u1edbi ch\u00fang t\u00f4i \u0111\u1ec3 \u0111\u01b0\u1ee3c t\u01b0 v\u1ea5n th\u00eam v\u1ec1 m\u00e0u s\u1eafc, ch\u1ea5t li\u1ec7u v\u00e0 b\u00e1o gi\u00e1 \u01b0u \u0111\u00e3i nh\u1ea5t cho m\u1eabu gh\u1ebf ph\u00f2ng h\u1ecdp SL606.<\/p>\n","protected":false},"excerpt":{"rendered":"<p>Gh\u1ebf ph\u00f2ng h\u1ecdp SL606 l\u00e0 m\u1eabu gh\u1ebf h\u1ecdp l\u01b0ng trung v\u1edbi thi\u1ebft k\u1ebf hi\u1ec7n \u0111\u1ea1i, s\u1eed d\u1ee5ng khung ch\u00e2n th\u00e9p s\u01a1n t\u0129nh \u0111i\u1ec7n ch\u1eafc ch\u1eafn, k\u1ebft h\u1ee3p \u0111\u1ec7m t\u1ef1a m\u00fat b\u1ecdc PVC, da c\u00f4ng nghi\u1ec7p ho\u1eb7c da th\u1eadt, \u0111em l\u1ea1i s\u1ef1 tho\u1ea3i m\u00e1i v\u00e0 b\u1ec1n b\u1ec9 cho ng\u01b0\u1eddi s\u1eed d\u1ee5ng trong m\u1ecdi kh\u00f4ng gian ph\u00f2ng h\u1ecdp.<br data-start=\"315\" data-end=\"318\" \/>K\u00edch th\u01b0\u1edbc: W620 x D645 x H980 mm<\/p>\n<p>Da th\u1eadt &#8211; <span style=\"font-size: 120%;\"><strong><span style=\"color: #ed1c24;\">2.921.000 \u0111<\/span><\/strong><\/span><br \/>\nDa CN &#8211; <span style=\"color: #ed1c24; font-size: 120%;\"><strong>1.512.000 \u0111<\/strong><\/span><br \/>\nPVC &#8211; <span style=\"color: #ed1c24; font-size: 120%;\"><strong>1.349.000 \u0111<\/strong><\/span><br data-start=\"351\" data-end=\"354\" \/>Xu\u1ea5t x\u1ee9: S\u1ea3n ph\u1ea9m c\u1ee7a c\u00f4ng ty N\u1ed8I TH\u1ea4T THE ONE \u2013 Ph\u00e2n ph\u1ed1i b\u1edfi C\u00d4NG TY TNHH SXTM TTNT H\u1eeeU TH\u1ecaNH<br data-start=\"449\" data-end=\"452\" \/>B\u1ea3o h\u00e0nh: 12 th\u00e1ng theo ti\u00eau chu\u1ea9n nh\u00e0 m\u00e1y<br data-start=\"494\" data-end=\"497\" \/><span style=\"color: #ed1c24;\"><em data-start=\"497\" data-end=\"649\" data-is-only-node=\"\">L\u01b0u \u00fd: Gi\u00e1 tr\u00ean ch\u01b0a bao g\u1ed3m VAT v\u00e0 ph\u00ed v\u1eadn chuy\u1ec3n. Gi\u00e1 s\u1ea3n ph\u1ea9m c\u00f3 th\u1ec3 thay \u0111\u1ed5i theo t\u1eebng th\u1eddi \u0111i\u1ec3m, vui l\u00f2ng li\u00ean h\u1ec7 \u0111\u1ec3 nh\u1eadn t\u01b0 v\u1ea5n \u01b0u \u0111\u00e3i t\u1ed1t nh\u1ea5t.<\/em><\/span><\/p>\n","protected":false},"featured_media":4600,"comment_status":"open","ping_status":"closed","template":"","meta":[],"product_brand":[],"product_cat":[17,313],"product_tag":[],"class_list":{"0":"post-4599","1":"product","2":"type-product","3":"status-publish","4":"has-post-thumbnail","6":"product_cat-noi-that-van-phong","7":"product_cat-ghe-phong-hop","9":"first","10":"instock","11":"taxable","12":"shipping-taxable","13":"purchasable","14":"product-type-simple"},"_links":{"self":[{"href":"https:\/\/noithathuuthinhvn214.mbws.vn\/zh-hans\/wp-json\/wp\/v2\/product\/4599","targetHints":{"allow":["GET"]}}],"collection":[{"href":"https:\/\/noithathuuthinhvn214.mbws.vn\/zh-hans\/wp-json\/wp\/v2\/product"}],"about":[{"href":"https:\/\/noithathuuthinhvn214.mbws.vn\/zh-hans\/wp-json\/wp\/v2\/types\/product"}],"replies":[{"embeddable":true,"href":"https:\/\/noithathuuthinhvn214.mbws.vn\/zh-hans\/wp-json\/wp\/v2\/comments?post=4599"}],"wp:featuredmedia":[{"embeddable":true,"href":"https:\/\/noithathuuthinhvn214.mbws.vn\/zh-hans\/wp-json\/wp\/v2\/media\/4600"}],"wp:attachment":[{"href":"https:\/\/noithathuuthinhvn214.mbws.vn\/zh-hans\/wp-json\/wp\/v2\/media?parent=4599"}],"wp:term":[{"taxonomy":"product_brand","embeddable":true,"href":"https:\/\/noithathuuthinhvn214.mbws.vn\/zh-hans\/wp-json\/wp\/v2\/product_brand?post=4599"},{"taxonomy":"product_cat","embeddable":true,"href":"https:\/\/noithathuuthinhvn214.mbws.vn\/zh-hans\/wp-json\/wp\/v2\/product_cat?post=4599"},{"taxonomy":"product_tag","embeddable":true,"href":"https:\/\/noithathuuthinhvn214.mbws.vn\/zh-hans\/wp-json\/wp\/v2\/product_tag?post=4599"}],"curies":[{"name":"wp","href":"https:\/\/api.w.org\/{rel}","templated":true}]}}