{"id":4570,"date":"2025-11-25T11:26:56","date_gmt":"2025-11-25T04:26:56","guid":{"rendered":"https:\/\/noithathuuthinh.vn\/?post_type=product&#038;p=4570"},"modified":"2025-11-25T11:26:56","modified_gmt":"2025-11-25T04:26:56","slug":"ghe-phong-hop-gh12","status":"publish","type":"product","link":"https:\/\/noithathuuthinhvn214.mbws.vn\/zh-hans\/san-pham\/ghe-phong-hop-gh12\/","title":{"rendered":"Gh\u1ebf ph\u00f2ng h\u1ecdp GH12"},"content":{"rendered":"<p data-start=\"730\" data-end=\"1167\">Gh\u1ebf ph\u00f2ng h\u1ecdp GH12 l\u00e0 l\u1ef1a ch\u1ecdn ho\u00e0n h\u1ea3o cho c\u00e1c ph\u00f2ng h\u1ecdp cao c\u1ea5p, ph\u00f2ng h\u1ed9i ngh\u1ecb v\u00e0 ph\u00f2ng ti\u1ebfp kh\u00e1ch l\u00e3nh \u0111\u1ea1o, k\u1ebft h\u1ee3p gi\u1eefa thi\u1ebft k\u1ebf sang tr\u1ecdng, ch\u1ea5t l\u01b0\u1ee3ng v\u01b0\u1ee3t tr\u1ed9i v\u00e0 s\u1ef1 ti\u1ec7n nghi t\u1ed1i \u01b0u. S\u1ea3n ph\u1ea9m n\u1ed5i b\u1eadt v\u1edbi khung g\u1ed7 t\u1ef1 nhi\u00ean \u0111\u01b0\u1ee3c s\u01a1n b\u00f3ng tinh t\u1ebf, mang \u0111\u1ebfn v\u1ebb ngo\u00e0i trang nh\u00e3, hi\u1ec7n \u0111\u1ea1i \u0111\u1ed3ng th\u1eddi \u0111\u1ea3m b\u1ea3o \u0111\u1ed9 ch\u1eafc ch\u1eafn v\u00e0 b\u1ec1n b\u1ec9. Ch\u00e2n gh\u1ebf t\u0129nh v\u1eefng ch\u1eafc t\u1ea1o s\u1ef1 \u1ed5n \u0111\u1ecbnh t\u1ed1i \u0111a, gi\u00fap ng\u01b0\u1eddi ng\u1ed3i c\u1ea3m th\u1ea5y an t\u00e2m trong su\u1ed1t th\u1eddi gian h\u1ecdp.<\/p>\n<p data-start=\"1169\" data-end=\"1581\">Ph\u1ea7n \u0111\u1ec7m ng\u1ed3i v\u00e0 t\u1ef1a l\u01b0ng s\u1eed d\u1ee5ng m\u00fat x\u1ed1p cao c\u1ea5p, b\u1ecdc da th\u1eadt t\u1ea1i ph\u1ea7n ti\u1ebfp x\u00fac ng\u01b0\u1eddi s\u1eed d\u1ee5ng ho\u1eb7c PVC, mang \u0111\u1ebfn c\u1ea3m gi\u00e1c m\u1ec1m m\u1ea1i, \u00eam \u00e1i v\u00e0 tho\u00e1ng kh\u00ed. L\u1edbp m\u00fat \u0111\u00e0n h\u1ed3i duy tr\u00ec form gh\u1ebf \u1ed5n \u0111\u1ecbnh, n\u00e2ng \u0111\u1ee1 l\u01b0ng, gi\u1ea3m m\u1ec7t m\u1ecfi v\u00e0 h\u1ed7 tr\u1ee3 t\u01b0 th\u1ebf ng\u1ed3i chu\u1ea9n, \u0111\u1eb7c bi\u1ec7t h\u1eefu \u00edch trong nh\u1eefng cu\u1ed9c h\u1ecdp k\u00e9o d\u00e0i. T\u1ef1a l\u01b0ng thi\u1ebft k\u1ebf \u00f4m s\u00e1t \u0111\u01b0\u1eddng cong t\u1ef1 nhi\u00ean c\u1ee7a c\u01a1 th\u1ec3, gi\u00fap b\u1ea3o v\u1ec7 c\u1ed9t s\u1ed1ng v\u00e0 t\u0103ng s\u1ef1 t\u1eadp trung cho ng\u01b0\u1eddi ng\u1ed3i.<\/p>\n<p data-start=\"1583\" data-end=\"1927\">Thi\u1ebft k\u1ebf gh\u1ebf GH12 kh\u00f4ng ch\u1ec9 ch\u00fa tr\u1ecdng s\u1ef1 tho\u1ea3i m\u00e1i m\u00e0 c\u00f2n t\u1ea1o \u0111i\u1ec3m nh\u1ea5n th\u1ea9m m\u1ef9 tinh t\u1ebf. Khung g\u1ed7 s\u01a1n b\u00f3ng k\u1ebft h\u1ee3p v\u1edbi \u0111\u1ec7m da cao c\u1ea5p mang \u0111\u1ebfn v\u1ebb sang tr\u1ecdng, \u0111\u1eb3ng c\u1ea5p, ph\u00f9 h\u1ee3p v\u1edbi v\u1ecb tr\u00ed ch\u1ee7 t\u1ecda ho\u1eb7c l\u00e3nh \u0111\u1ea1o trong ph\u00f2ng h\u1ecdp. Ch\u00e2n gh\u1ebf t\u0129nh \u0111\u1ea3m b\u1ea3o \u0111\u1ed9 v\u1eefng ch\u1eafc v\u00e0 s\u1ef1 an to\u00e0n t\u1ed1i \u0111a, \u0111\u1ed3ng th\u1eddi t\u1ea1o c\u1ea3m gi\u00e1c \u1ed5n \u0111\u1ecbnh v\u00e0 uy quy\u1ec1n cho ng\u01b0\u1eddi s\u1eed d\u1ee5ng.<\/p>\n<p data-start=\"1929\" data-end=\"2237\">V\u1edbi k\u00edch th\u01b0\u1edbc W650 x D740 x H1090 mm, GH12 mang \u0111\u1ebfn kh\u00f4ng gian ng\u1ed3i r\u1ed9ng r\u00e3i, tho\u1ea3i m\u00e1i v\u00e0 thanh tho\u00e1t, th\u00edch h\u1ee3p cho c\u00e1c ph\u00f2ng h\u1ecdp l\u00e3nh \u0111\u1ea1o, ph\u00f2ng h\u1ed9i th\u1ea3o cao c\u1ea5p ho\u1eb7c c\u00e1c kh\u00f4ng gian ti\u1ebfp kh\u00e1ch quan tr\u1ecdng. S\u1ea3n ph\u1ea9m g\u00f3p ph\u1ea7n n\u00e2ng t\u1ea7m di\u1ec7n m\u1ea1o n\u1ed9i th\u1ea5t, th\u1ec3 hi\u1ec7n s\u1ef1 chuy\u00ean nghi\u1ec7p v\u00e0 uy t\u00edn c\u1ee7a doanh nghi\u1ec7p.<\/p>\n<p data-start=\"2239\" data-end=\"2572\">Gh\u1ebf ph\u00f2ng h\u1ecdp GH12 l\u00e0 s\u1ea3n ph\u1ea9m thu\u1ed9c th\u01b0\u01a1ng hi\u1ec7u N\u1ed9i Th\u1ea5t The One \u2013 \u0111\u01a1n v\u1ecb uy t\u00edn h\u00e0ng \u0111\u1ea7u trong l\u0129nh v\u1ef1c n\u1ed9i th\u1ea5t v\u0103n ph\u00f2ng t\u1ea1i Vi\u1ec7t Nam, \u0111\u1ea3m b\u1ea3o ch\u1ea5t l\u01b0\u1ee3ng, \u0111\u1ed9 b\u1ec1n v\u00e0 t\u00ednh th\u1ea9m m\u1ef9 cao. S\u1ea3n ph\u1ea9m kh\u00f4ng ch\u1ec9 \u0111\u00e1p \u1ee9ng nhu c\u1ea7u ti\u1ec7n nghi m\u00e0 c\u00f2n l\u00e0 bi\u1ec3u t\u01b0\u1ee3ng c\u1ee7a \u0111\u1eb3ng c\u1ea5p, quy\u1ec1n uy, gi\u00fap m\u1ed7i cu\u1ed9c h\u1ecdp tr\u1edf n\u00ean hi\u1ec7u qu\u1ea3 v\u00e0 chuy\u00ean nghi\u1ec7p h\u01a1n.<\/p>\n<p data-start=\"2574\" data-end=\"2931\" data-is-last-node=\"\" data-is-only-node=\"\">T\u00f3m l\u1ea1i, gh\u1ebf ph\u00f2ng h\u1ecdp GH12 l\u00e0 l\u1ef1a ch\u1ecdn ho\u00e0n h\u1ea3o cho nh\u1eefng ai mu\u1ed1n s\u1edf h\u1eefu m\u1eabu gh\u1ebf cao c\u1ea5p, sang tr\u1ecdng, b\u1ec1n b\u1ec9 v\u00e0 ti\u1ec7n nghi. V\u1edbi thi\u1ebft k\u1ebf tinh t\u1ebf, ch\u1ea5t li\u1ec7u cao c\u1ea5p v\u00e0 s\u1ef1 tho\u1ea3i m\u00e1i t\u1ed1i \u01b0u, GH12 s\u1ebd l\u00e0 \u0111i\u1ec3m nh\u1ea5n n\u1ed5i b\u1eadt cho m\u1ecdi kh\u00f4ng gian ph\u00f2ng h\u1ecdp hi\u1ec7n \u0111\u1ea1i. Li\u00ean h\u1ec7 ngay v\u1edbi ch\u00fang t\u00f4i \u0111\u1ec3 \u0111\u01b0\u1ee3c t\u01b0 v\u1ea5n chi ti\u1ebft v\u1ec1 ch\u1ea5t li\u1ec7u, m\u00e0u s\u1eafc v\u00e0 nh\u1eadn b\u00e1o gi\u00e1 \u01b0u \u0111\u00e3i nh\u1ea5t.<\/p>\n","protected":false},"excerpt":{"rendered":"<p>Gh\u1ebf ph\u00f2ng h\u1ecdp GH12 l\u00e0 m\u1eabu gh\u1ebf cao c\u1ea5p v\u1edbi khung s\u01a1n g\u1ed7 t\u1ef1 nhi\u00ean ch\u1eafc ch\u1eafn, ch\u00e2n t\u0129nh v\u1eefng v\u00e0ng v\u00e0 \u0111\u1ec7m t\u1ef1a m\u00fat x\u1ed1p b\u1ecdc da th\u1eadt t\u1ea1i ph\u1ea7n ti\u1ebfp x\u00fac ng\u01b0\u1eddi s\u1eed d\u1ee5ng ho\u1eb7c PVC, mang \u0111\u1ebfn s\u1ef1 sang tr\u1ecdng, \u0111\u1eb3ng c\u1ea5p v\u00e0 tho\u1ea3i m\u00e1i t\u1ed1i \u01b0u trong c\u00e1c cu\u1ed9c h\u1ecdp, h\u1ed9i ngh\u1ecb ho\u1eb7c ph\u00f2ng ti\u1ebfp kh\u00e1ch doanh nghi\u1ec7p.<br data-start=\"343\" data-end=\"346\" \/>K\u00edch th\u01b0\u1edbc: W650 x D740 x H1090 mm<\/p>\n<p>Da &#8211; <span style=\"font-size: 120%; color: #ed1c24;\"><strong>3.557.000 \u0111<\/strong><\/span><br \/>\nPVC &#8211; <strong><span style=\"color: #ed1c24; font-size: 120%;\">2.489.000 \u0111<\/span><\/strong><br data-start=\"380\" data-end=\"383\" \/>Xu\u1ea5t x\u1ee9: S\u1ea3n ph\u1ea9m c\u1ee7a c\u00f4ng ty N\u1ed8I TH\u1ea4T THE ONE \u2013 Ph\u00e2n ph\u1ed1i b\u1edfi C\u00d4NG TY TNHH SXTM TTNT H\u1eeeU TH\u1ecaNH<br data-start=\"478\" data-end=\"481\" \/>B\u1ea3o h\u00e0nh: 12 th\u00e1ng theo ti\u00eau chu\u1ea9n nh\u00e0 m\u00e1y<br data-start=\"523\" data-end=\"526\" \/><span style=\"color: #ed1c24;\"><em data-start=\"526\" data-end=\"678\">L\u01b0u \u00fd: Gi\u00e1 tr\u00ean ch\u01b0a bao g\u1ed3m VAT v\u00e0 ph\u00ed v\u1eadn chuy\u1ec3n. Gi\u00e1 s\u1ea3n ph\u1ea9m c\u00f3 th\u1ec3 thay \u0111\u1ed5i theo t\u1eebng th\u1eddi \u0111i\u1ec3m, vui l\u00f2ng li\u00ean h\u1ec7 \u0111\u1ec3 nh\u1eadn t\u01b0 v\u1ea5n \u01b0u \u0111\u00e3i t\u1ed1t nh\u1ea5t.<\/em><\/span><\/p>\n","protected":false},"featured_media":4571,"comment_status":"open","ping_status":"closed","template":"","meta":[],"product_brand":[],"product_cat":[17,313],"product_tag":[],"class_list":{"0":"post-4570","1":"product","2":"type-product","3":"status-publish","4":"has-post-thumbnail","6":"product_cat-noi-that-van-phong","7":"product_cat-ghe-phong-hop","9":"first","10":"instock","11":"taxable","12":"shipping-taxable","13":"purchasable","14":"product-type-simple"},"_links":{"self":[{"href":"https:\/\/noithathuuthinhvn214.mbws.vn\/zh-hans\/wp-json\/wp\/v2\/product\/4570","targetHints":{"allow":["GET"]}}],"collection":[{"href":"https:\/\/noithathuuthinhvn214.mbws.vn\/zh-hans\/wp-json\/wp\/v2\/product"}],"about":[{"href":"https:\/\/noithathuuthinhvn214.mbws.vn\/zh-hans\/wp-json\/wp\/v2\/types\/product"}],"replies":[{"embeddable":true,"href":"https:\/\/noithathuuthinhvn214.mbws.vn\/zh-hans\/wp-json\/wp\/v2\/comments?post=4570"}],"wp:featuredmedia":[{"embeddable":true,"href":"https:\/\/noithathuuthinhvn214.mbws.vn\/zh-hans\/wp-json\/wp\/v2\/media\/4571"}],"wp:attachment":[{"href":"https:\/\/noithathuuthinhvn214.mbws.vn\/zh-hans\/wp-json\/wp\/v2\/media?parent=4570"}],"wp:term":[{"taxonomy":"product_brand","embeddable":true,"href":"https:\/\/noithathuuthinhvn214.mbws.vn\/zh-hans\/wp-json\/wp\/v2\/product_brand?post=4570"},{"taxonomy":"product_cat","embeddable":true,"href":"https:\/\/noithathuuthinhvn214.mbws.vn\/zh-hans\/wp-json\/wp\/v2\/product_cat?post=4570"},{"taxonomy":"product_tag","embeddable":true,"href":"https:\/\/noithathuuthinhvn214.mbws.vn\/zh-hans\/wp-json\/wp\/v2\/product_tag?post=4570"}],"curies":[{"name":"wp","href":"https:\/\/api.w.org\/{rel}","templated":true}]}}