{"id":4512,"date":"2025-11-25T09:01:59","date_gmt":"2025-11-25T02:01:59","guid":{"rendered":"https:\/\/noithathuuthinh.vn\/?post_type=product&#038;p=4512"},"modified":"2025-11-25T09:01:59","modified_gmt":"2025-11-25T02:01:59","slug":"ghe-nhan-vien-sg130k","status":"publish","type":"product","link":"https:\/\/noithathuuthinhvn214.mbws.vn\/zh-hans\/san-pham\/ghe-nhan-vien-sg130k\/","title":{"rendered":"Gh\u1ebf nh\u00e2n vi\u00ean SG130K"},"content":{"rendered":"<p data-start=\"765\" data-end=\"1134\">Gh\u1ebf nh\u00e2n vi\u00ean SG130K thu\u1ed9c d\u00f2ng gh\u1ebf xoay v\u0103n ph\u00f2ng ph\u1ed5 th\u00f4ng \u0111\u01b0\u1ee3c y\u00eau th\u00edch nh\u1edd thi\u1ebft k\u1ebf \u0111\u01a1n gi\u1ea3n, g\u1ecdn nh\u1eb9 nh\u01b0ng v\u1eabn \u0111\u1ea3m b\u1ea3o s\u1ef1 tho\u1ea3i m\u00e1i cho ng\u01b0\u1eddi d\u00f9ng trong su\u1ed1t th\u1eddi gian l\u00e0m vi\u1ec7c. S\u1ea3n ph\u1ea9m \u0111\u1eb7c bi\u1ec7t ph\u00f9 h\u1ee3p v\u1edbi c\u00e1c v\u0103n ph\u00f2ng hi\u1ec7n \u0111\u1ea1i, doanh nghi\u1ec7p mu\u1ed1n t\u1ed1i \u01b0u chi ph\u00ed nh\u01b0ng v\u1eabn c\u1ea7n m\u1ed9t m\u1eabu gh\u1ebf c\u00f3 \u0111\u1ed9 b\u1ec1n t\u1ed1t, t\u00ednh th\u1ea9m m\u1ef9 cao v\u00e0 mang l\u1ea1i tr\u1ea3i nghi\u1ec7m s\u1eed d\u1ee5ng d\u1ec5 ch\u1ecbu.<\/p>\n<p data-start=\"1136\" data-end=\"1614\">Tr\u01b0\u1edbc h\u1ebft, gh\u1ebf nh\u00e2n vi\u00ean SG130K \u0111\u01b0\u1ee3c b\u1ecdc v\u1ea3i to\u00e0n b\u1ed9 ph\u1ea7n \u0111\u1ec7m v\u00e0 t\u1ef1a l\u01b0ng \u2013 ch\u1ea5t li\u1ec7u v\u1ed1n \u0111\u01b0\u1ee3c nhi\u1ec1u doanh nghi\u1ec7p l\u1ef1a ch\u1ecdn b\u1edfi s\u1ef1 tho\u00e1ng kh\u00ed, \u00eam \u00e1i v\u00e0 ph\u00f9 h\u1ee3p v\u1edbi m\u00f4i tr\u01b0\u1eddng l\u00e0m vi\u1ec7c k\u00e9o d\u00e0i. L\u1edbp v\u1ea3i c\u00f3 kh\u1ea3 n\u0103ng th\u1ea5m h\u00fat t\u1ed1t, kh\u00f4ng g\u00e2y b\u00ed h\u01a1i, \u0111\u1eb7c bi\u1ec7t ph\u00f9 h\u1ee3p v\u1edbi kh\u00ed h\u1eadu nhi\u1ec7t \u0111\u1edbi n\u00f3ng \u1ea9m nh\u01b0 \u1edf Vi\u1ec7t Nam. \u0110\u1ec7m m\u00fat c\u00f3 \u0111\u1ed9 \u0111\u00e0n h\u1ed3i \u1ed5n \u0111\u1ecbnh gi\u00fap gh\u1ebf kh\u00f4ng b\u1ecb x\u1eb9p l\u00fan khi s\u1eed d\u1ee5ng trong th\u1eddi gian d\u00e0i, mang \u0111\u1ebfn c\u1ea3m gi\u00e1c d\u1ec5 ch\u1ecbu v\u00e0 n\u00e2ng \u0111\u1ee1 ph\u1ea7n h\u00f4ng, ph\u1ea7n l\u01b0ng v\u1eeba ph\u1ea3i cho ng\u01b0\u1eddi ng\u1ed3i.<\/p>\n<p data-start=\"1616\" data-end=\"2044\">V\u1ec1 thi\u1ebft k\u1ebf t\u1ed5ng th\u1ec3, gh\u1ebf nh\u00e2n vi\u00ean SG130K mang phong c\u00e1ch t\u1ed1i gi\u1ea3n v\u1edbi \u0111\u01b0\u1eddng n\u00e9t g\u1ecdn g\u00e0ng, d\u1ec5 ph\u00f9 h\u1ee3p v\u1edbi nhi\u1ec1u phong c\u00e1ch n\u1ed9i th\u1ea5t v\u0103n ph\u00f2ng. Thi\u1ebft k\u1ebf kh\u00f4ng tay gi\u00fap t\u1ed1i \u01b0u di\u1ec7n t\u00edch s\u1eed d\u1ee5ng, t\u1ea1o s\u1ef1 linh ho\u1ea1t khi xoay tr\u1edf ho\u1eb7c di chuy\u1ec3n trong kh\u00f4ng gian h\u1eb9p. \u0110\u00e2y l\u00e0 l\u1ef1a ch\u1ecdn l\u00fd t\u01b0\u1edfng cho khu v\u1ef1c l\u00e0m vi\u1ec7c t\u1eadp trung nhi\u1ec1u nh\u00e2n s\u1ef1, khu v\u1ef1c training, ph\u00f2ng m\u00e1y t\u00ednh, khu co-working ho\u1eb7c nh\u1eefng v\u0103n ph\u00f2ng nh\u1ecf c\u1ea7n t\u1ed1i \u01b0u kh\u00f4ng gian.<\/p>\n<p data-start=\"2046\" data-end=\"2439\">M\u1ed9t \u0111i\u1ec3m c\u1ed9ng kh\u00e1c c\u1ee7a gh\u1ebf l\u00e0 ph\u1ea7n ch\u00e2n nh\u1ef1a ch\u1eafc ch\u1eafn, \u0111\u01b0\u1ee3c t\u1ea1o h\u00ecnh theo k\u1ebft c\u1ea5u 5 c\u1ea1nh truy\u1ec1n th\u1ed1ng, gi\u00fap gh\u1ebf gi\u1eef \u0111\u01b0\u1ee3c s\u1ef1 \u1ed5n \u0111\u1ecbnh v\u00e0 an to\u00e0n khi s\u1eed d\u1ee5ng. Ch\u00e2n nh\u1ef1a cao c\u1ea5p c\u00f3 \u01b0u \u0111i\u1ec3m nh\u1eb9, b\u1ec1n v\u00e0 \u00edt b\u1ecb \u1ea3nh h\u01b0\u1edfng b\u1edfi \u0111i\u1ec1u ki\u1ec7n m\u00f4i tr\u01b0\u1eddng, \u0111\u1ed3ng th\u1eddi d\u1ec5 d\u00e0ng di chuy\u1ec3n m\u00e0 kh\u00f4ng g\u00e2y x\u01b0\u1edbc s\u00e0n. H\u1ec7 th\u1ed1ng b\u00e1nh xe xoay 360 \u0111\u1ed9 gi\u00fap ng\u01b0\u1eddi d\u00f9ng thao t\u00e1c linh ho\u1ea1t, thu\u1eadn ti\u1ec7n trong c\u00f4ng vi\u1ec7c h\u1eb1ng ng\u00e0y.<\/p>\n<p data-start=\"2441\" data-end=\"2805\">Gh\u1ebf nh\u00e2n vi\u00ean SG130K c\u00f2n \u0111\u01b0\u1ee3c trang b\u1ecb b\u1ed9 \u0111i\u1ec1u ch\u1ec9nh \u0111\u1ed9 cao linh ho\u1ea1t b\u1eb1ng c\u1ea7n g\u1ea1t th\u1ee7y l\u1ef1c, cho ph\u00e9p ng\u01b0\u1eddi d\u00f9ng d\u1ec5 d\u00e0ng t\u00f9y ch\u1ec9nh \u0111\u1ed9 cao gh\u1ebf sao cho ph\u00f9 h\u1ee3p v\u1edbi chi\u1ec1u cao c\u01a1 th\u1ec3 v\u00e0 chi\u1ec1u cao m\u1eb7t b\u00e0n. Vi\u1ec7c \u0111i\u1ec1u ch\u1ec9nh \u0111\u1ed9 cao \u0111\u00fang chu\u1ea9n kh\u00f4ng ch\u1ec9 gi\u00fap h\u1ea1n ch\u1ebf t\u00ecnh tr\u1ea1ng m\u1ecfi c\u1ed5, \u0111au vai g\u00e1y m\u00e0 c\u00f2n c\u1ea3i thi\u1ec7n t\u01b0 th\u1ebf ng\u1ed3i \u0111\u00fang chu\u1ea9n, t\u1eeb \u0111\u00f3 n\u00e2ng cao hi\u1ec7u su\u1ea5t l\u00e0m vi\u1ec7c.<\/p>\n<p data-start=\"2807\" data-end=\"3213\">S\u1ef1 k\u1ebft h\u1ee3p gi\u1eefa ki\u1ec3u d\u00e1ng nh\u1ecf g\u1ecdn, gam m\u00e0u hi\u1ec7n \u0111\u1ea1i c\u00f9ng ch\u1ea5t li\u1ec7u b\u1ec1n b\u1ec9 gi\u00fap SG130K tr\u1edf th\u00e0nh m\u1ed9t trong nh\u1eefng m\u1eabu gh\u1ebf b\u00e1n ch\u1ea1y trong ph\u00e2n kh\u00fac gh\u1ebf nh\u00e2n vi\u00ean ph\u1ed5 th\u00f4ng. Doanh nghi\u1ec7p c\u00f3 th\u1ec3 d\u1ec5 d\u00e0ng b\u1ed1 tr\u00ed s\u1ed1 l\u01b0\u1ee3ng l\u1edbn trong c\u00f9ng m\u1ed9t kh\u00f4ng gian m\u00e0 v\u1eabn \u0111\u1ea3m b\u1ea3o s\u1ef1 \u0111\u1ed3ng b\u1ed9 v\u00e0 th\u1ea9m m\u1ef9. \u0110\u00e2y c\u0169ng l\u00e0 l\u1ef1a ch\u1ecdn h\u1ee3p l\u00fd cho c\u00e1c d\u1ef1 \u00e1n setup v\u0103n ph\u00f2ng m\u1edbi, tr\u01b0\u1eddng h\u1ecdc, trung t\u00e2m \u0111\u00e0o t\u1ea1o ho\u1eb7c khu v\u1ef1c l\u00e0m vi\u1ec7c t\u1ea1m th\u1eddi.<\/p>\n<p data-start=\"3215\" data-end=\"3659\">Kh\u00f4ng ch\u1ec9 \u0111\u00e1p \u1ee9ng nhu c\u1ea7u s\u1eed d\u1ee5ng h\u1eb1ng ng\u00e0y, gh\u1ebf nh\u00e2n vi\u00ean SG130K c\u00f2n mang \u0111\u1ebfn gi\u00e1 tr\u1ecb t\u1ed1i \u01b0u khi x\u00e9t v\u1ec1 chi ph\u00ed \u0111\u1ea7u t\u01b0. S\u1ea3n ph\u1ea9m c\u00f3 tu\u1ed5i th\u1ecd cao, chi ph\u00ed b\u1ea3o tr\u00ec th\u1ea5p v\u00e0 \u0111\u01b0\u1ee3c b\u1ea3o h\u00e0nh theo ti\u00eau chu\u1ea9n nh\u00e0 m\u00e1y, gi\u00fap doanh nghi\u1ec7p y\u00ean t\u00e2m s\u1eed d\u1ee5ng l\u00e2u d\u00e0i. So v\u1edbi nhi\u1ec1u m\u1eabu gh\u1ebf tr\u00ean th\u1ecb tr\u01b0\u1eddng, SG130K c\u00f3 m\u1ee9c gi\u00e1 d\u1ec5 ti\u1ebfp c\u1eadn, ph\u00f9 h\u1ee3p v\u1edbi nhi\u1ec1u ph\u00e2n kh\u00fac kh\u00e1ch h\u00e0ng m\u00e0 v\u1eabn \u0111\u1ea3m b\u1ea3o ch\u1ea5t l\u01b0\u1ee3ng \u1ed5n \u0111\u1ecbnh theo ti\u00eau chu\u1ea9n c\u1ee7a th\u01b0\u01a1ng hi\u1ec7u N\u1ed9i Th\u1ea5t The One.<\/p>\n<p data-start=\"3661\" data-end=\"4079\" data-is-last-node=\"\" data-is-only-node=\"\">T\u00f3m l\u1ea1i, gh\u1ebf nh\u00e2n vi\u00ean SG130K l\u00e0 l\u1ef1a ch\u1ecdn ho\u00e0n h\u1ea3o n\u1ebfu b\u1ea1n \u0111ang t\u00ecm ki\u1ebfm m\u1ed9t m\u1eabu gh\u1ebf v\u0103n ph\u00f2ng g\u1ecdn g\u00e0ng, b\u1ec1n b\u1ec9, tho\u00e1ng m\u00e1t v\u00e0 c\u00f3 m\u1ee9c gi\u00e1 h\u1ee3p l\u00fd. S\u1ea3n ph\u1ea9m ph\u00f9 h\u1ee3p v\u1edbi nhi\u1ec1u m\u00f4 h\u00ecnh v\u0103n ph\u00f2ng kh\u00e1c nhau, \u0111\u00e1p \u1ee9ng t\u1ed1t nhu c\u1ea7u s\u1eed d\u1ee5ng l\u00e2u d\u00e0i v\u00e0 gi\u00fap c\u1ea3i thi\u1ec7n tr\u1ea3i nghi\u1ec7m l\u00e0m vi\u1ec7c cho nh\u00e2n vi\u00ean. N\u1ebfu b\u1ea1n c\u1ea7n m\u1ed9t m\u1eabu gh\u1ebf v\u1eeba ti\u1ebft ki\u1ec7m chi ph\u00ed v\u1eeba \u0111\u1ea3m b\u1ea3o ch\u1ea5t l\u01b0\u1ee3ng, SG130K ch\u1eafc ch\u1eafn l\u00e0 m\u1ed9t trong nh\u1eefng g\u1ee3i \u00fd \u0111\u00e1ng c\u00e2n nh\u1eafc.<\/p>\n","protected":false},"excerpt":{"rendered":"<p>Gh\u1ebf nh\u00e2n vi\u00ean SG130K l\u00e0 m\u1eabu gh\u1ebf xoay v\u0103n ph\u00f2ng thi\u1ebft k\u1ebf nh\u1ecf g\u1ecdn, ph\u00f9 h\u1ee3p cho nhi\u1ec1u kh\u00f4ng gian l\u00e0m vi\u1ec7c nh\u1edd ki\u1ec3u d\u00e1ng tr\u1ebb trung v\u00e0 s\u1eed d\u1ee5ng ch\u1ea5t li\u1ec7u b\u1ecdc v\u1ea3i tho\u00e1ng kh\u00ed. S\u1ea3n ph\u1ea9m c\u00f3 ch\u00e2n nh\u1ef1a v\u00e0 thi\u1ebft k\u1ebf kh\u00f4ng tay, t\u1ea1o s\u1ef1 linh ho\u1ea1t khi s\u1eed d\u1ee5ng v\u00e0 \u0111\u1eb7c bi\u1ec7t ti\u1ebft ki\u1ec7m di\u1ec7n t\u00edch cho c\u00e1c khu v\u1ef1c l\u00e0m vi\u1ec7c c\u00f3 quy m\u00f4 v\u1eeba v\u00e0 nh\u1ecf.<br data-start=\"377\" data-end=\"380\" \/>K\u00edch th\u01b0\u1edbc: W420 x D540 x H780\u2013905 (mm)<br data-start=\"419\" data-end=\"422\" \/>Xu\u1ea5t x\u1ee9: S\u1ea3n ph\u1ea9m c\u1ee7a c\u00f4ng ty N\u1ed8I TH\u1ea4T THE ONE \u2013 Ph\u00e2n ph\u1ed1i b\u1edfi C\u00d4NG TY TNHH SXTM TTNT H\u1eeeU TH\u1ecaNH<br data-start=\"517\" data-end=\"520\" \/>B\u1ea3o h\u00e0nh: 12 th\u00e1ng theo ti\u00eau chu\u1ea9n nh\u00e0 m\u00e1y<br data-start=\"562\" data-end=\"565\" data-is-only-node=\"\" \/><span style=\"color: #ed1c24;\"><em data-start=\"565\" data-end=\"717\">L\u01b0u \u00fd: Gi\u00e1 tr\u00ean ch\u01b0a bao g\u1ed3m VAT v\u00e0 ph\u00ed v\u1eadn chuy\u1ec3n. Gi\u00e1 s\u1ea3n ph\u1ea9m c\u00f3 th\u1ec3 thay \u0111\u1ed5i theo t\u1eebng th\u1eddi \u0111i\u1ec3m, vui l\u00f2ng li\u00ean h\u1ec7 \u0111\u1ec3 nh\u1eadn t\u01b0 v\u1ea5n \u01b0u \u0111\u00e3i t\u1ed1t nh\u1ea5t.<\/em><\/span><\/p>\n","protected":false},"featured_media":4513,"comment_status":"open","ping_status":"closed","template":"","meta":[],"product_brand":[],"product_cat":[17,303],"product_tag":[],"class_list":{"0":"post-4512","1":"product","2":"type-product","3":"status-publish","4":"has-post-thumbnail","6":"product_cat-noi-that-van-phong","7":"product_cat-ghe-nhan-vien","9":"first","10":"instock","11":"taxable","12":"shipping-taxable","13":"purchasable","14":"product-type-simple"},"_links":{"self":[{"href":"https:\/\/noithathuuthinhvn214.mbws.vn\/zh-hans\/wp-json\/wp\/v2\/product\/4512","targetHints":{"allow":["GET"]}}],"collection":[{"href":"https:\/\/noithathuuthinhvn214.mbws.vn\/zh-hans\/wp-json\/wp\/v2\/product"}],"about":[{"href":"https:\/\/noithathuuthinhvn214.mbws.vn\/zh-hans\/wp-json\/wp\/v2\/types\/product"}],"replies":[{"embeddable":true,"href":"https:\/\/noithathuuthinhvn214.mbws.vn\/zh-hans\/wp-json\/wp\/v2\/comments?post=4512"}],"wp:featuredmedia":[{"embeddable":true,"href":"https:\/\/noithathuuthinhvn214.mbws.vn\/zh-hans\/wp-json\/wp\/v2\/media\/4513"}],"wp:attachment":[{"href":"https:\/\/noithathuuthinhvn214.mbws.vn\/zh-hans\/wp-json\/wp\/v2\/media?parent=4512"}],"wp:term":[{"taxonomy":"product_brand","embeddable":true,"href":"https:\/\/noithathuuthinhvn214.mbws.vn\/zh-hans\/wp-json\/wp\/v2\/product_brand?post=4512"},{"taxonomy":"product_cat","embeddable":true,"href":"https:\/\/noithathuuthinhvn214.mbws.vn\/zh-hans\/wp-json\/wp\/v2\/product_cat?post=4512"},{"taxonomy":"product_tag","embeddable":true,"href":"https:\/\/noithathuuthinhvn214.mbws.vn\/zh-hans\/wp-json\/wp\/v2\/product_tag?post=4512"}],"curies":[{"name":"wp","href":"https:\/\/api.w.org\/{rel}","templated":true}]}}