{"id":4495,"date":"2025-11-24T16:32:08","date_gmt":"2025-11-24T09:32:08","guid":{"rendered":"https:\/\/noithathuuthinh.vn\/?post_type=product&#038;p=4495"},"modified":"2025-11-24T16:32:09","modified_gmt":"2025-11-24T09:32:09","slug":"ghe-giam-doc-tq27","status":"publish","type":"product","link":"https:\/\/noithathuuthinhvn214.mbws.vn\/zh-hans\/san-pham\/ghe-giam-doc-tq27\/","title":{"rendered":"Gh\u1ebf Gi\u00e1m \u0111\u1ed1c TQ27"},"content":{"rendered":"<p data-start=\"822\" data-end=\"1287\">Gh\u1ebf Gi\u00e1m \u0111\u1ed1c TQ27 l\u00e0 l\u1ef1a ch\u1ecdn l\u00fd t\u01b0\u1edfng cho l\u00e3nh \u0111\u1ea1o, qu\u1ea3n l\u00fd ho\u1eb7c ph\u00f2ng gi\u00e1m \u0111\u1ed1c, k\u1ebft h\u1ee3p <strong data-start=\"954\" data-end=\"1022\">thi\u1ebft k\u1ebf sang tr\u1ecdng, ch\u1ea5t li\u1ec7u cao c\u1ea5p v\u00e0 s\u1ef1 ti\u1ec7n nghi v\u01b0\u1ee3t tr\u1ed9i<\/strong>. Gh\u1ebf \u0111\u01b0\u1ee3c trang b\u1ecb <strong data-start=\"1042\" data-end=\"1073\">ch\u1ee9c n\u0103ng \u0111i\u1ec1u ch\u1ec9nh \u0111\u1ed9 cao<\/strong> v\u00e0 <strong data-start=\"1077\" data-end=\"1100\">c\u01a1 c\u1ea5u ng\u1ea3 \u0111\u1eb7c bi\u1ec7t<\/strong>, cho ph\u00e9p \u0111\u1ecbnh v\u1ecb nhi\u1ec1u g\u00f3c \u0111\u1ed9 ng\u1ea3 kh\u00e1c nhau, gi\u00fap ng\u01b0\u1eddi s\u1eed d\u1ee5ng linh ho\u1ea1t thay \u0111\u1ed5i t\u01b0 th\u1ebf khi l\u00e0m vi\u1ec7c, \u0111\u1ecdc t\u00e0i li\u1ec7u ho\u1eb7c ngh\u1ec9 ng\u01a1i, \u0111\u1ed3ng th\u1eddi gi\u1ea3m m\u1ec7t m\u1ecfi trong nh\u1eefng gi\u1edd l\u00e0m vi\u1ec7c d\u00e0i.<\/p>\n<p data-start=\"1289\" data-end=\"1607\">Ph\u1ea7n <strong data-start=\"1294\" data-end=\"1317\">\u0111\u1ec7m t\u1ef1a b\u1ecdc da th\u1eadt<\/strong> ti\u1ebfp x\u00fac tr\u1ef1c ti\u1ebfp mang l\u1ea1i c\u1ea3m gi\u00e1c m\u1ec1m m\u1ea1i, \u00eam \u00e1i v\u00e0 sang tr\u1ecdng, trong khi ph\u1ea7n c\u00f2n l\u1ea1i b\u1ecdc <strong data-start=\"1412\" data-end=\"1419\">PVC<\/strong> gi\u00fap t\u0103ng \u0111\u1ed9 b\u1ec1n, d\u1ec5 v\u1ec7 sinh v\u00e0 duy tr\u00ec v\u1ebb ngo\u00e0i chuy\u00ean nghi\u1ec7p l\u00e2u d\u00e0i. Thi\u1ebft k\u1ebf ch\u00e2n tay gh\u1ebf b\u1eb1ng <strong data-start=\"1519\" data-end=\"1529\">g\u1ed7 s\u01a1n<\/strong> v\u1eeba ch\u1eafc ch\u1eafn v\u1eeba t\u1ea1o \u0111i\u1ec3m nh\u1ea5n th\u1ea9m m\u1ef9 hi\u1ec7n \u0111\u1ea1i cho ph\u00f2ng l\u00e0m vi\u1ec7c l\u00e3nh \u0111\u1ea1o.<\/p>\n<p data-start=\"1609\" data-end=\"1906\">V\u1edbi k\u00edch th\u01b0\u1edbc <strong data-start=\"1624\" data-end=\"1660\">W865 x D905-1260 x H1280-1335 mm<\/strong>, gh\u1ebf Gi\u00e1m \u0111\u1ed1c TQ27 cung c\u1ea5p kh\u00f4ng gian ng\u1ed3i r\u1ed9ng r\u00e3i, linh ho\u1ea1t, ph\u00f9 h\u1ee3p v\u1edbi nhi\u1ec1u d\u00e1ng ng\u01b0\u1eddi v\u00e0 nhi\u1ec1u ki\u1ec3u b\u1ed1 tr\u00ed v\u0103n ph\u00f2ng kh\u00e1c nhau. Gh\u1ebf n\u00e2ng t\u1ea7m kh\u00f4ng gian v\u0103n ph\u00f2ng, t\u1ea1o \u0111i\u1ec3m nh\u1ea5n tinh t\u1ebf v\u00e0 th\u1ec3 hi\u1ec7n s\u1ef1 chuy\u00ean nghi\u1ec7p, \u0111\u1eb3ng c\u1ea5p c\u1ee7a l\u00e3nh \u0111\u1ea1o.<\/p>\n<p data-start=\"1908\" data-end=\"2275\">Gh\u1ebf TQ27 kh\u00f4ng ch\u1ec9 ch\u00fa tr\u1ecdng v\u1ec1 <strong data-start=\"1940\" data-end=\"1966\">ch\u1ea5t li\u1ec7u v\u00e0 t\u00ednh n\u0103ng<\/strong>, m\u00e0 c\u00f2n \u1edf <strong data-start=\"1977\" data-end=\"1997\">thi\u1ebft k\u1ebf th\u1ea9m m\u1ef9<\/strong>. S\u1ef1 ph\u1ed1i h\u1ee3p h\u00e0i h\u00f2a gi\u1eefa da th\u1eadt, PVC v\u00e0 g\u1ed7 s\u01a1n c\u00f9ng c\u00e1c \u0111\u01b0\u1eddng n\u00e9t tinh t\u1ebf mang \u0111\u1ebfn v\u1ebb sang tr\u1ecdng, hi\u1ec7n \u0111\u1ea1i, ph\u00f9 h\u1ee3p v\u1edbi c\u00e1c phong c\u00e1ch n\u1ed9i th\u1ea5t cao c\u1ea5p. S\u1ea3n ph\u1ea9m d\u1ec5 d\u00e0ng ph\u1ed1i h\u1ee3p v\u1edbi b\u00e0n gi\u00e1m \u0111\u1ed1c, t\u1ee7 h\u1ed3 s\u01a1 ho\u1eb7c c\u00e1c n\u1ed9i th\u1ea5t kh\u00e1c \u0111\u1ec3 t\u1ea1o t\u1ed5ng th\u1ec3 v\u0103n ph\u00f2ng \u0111\u1ed3ng b\u1ed9 v\u00e0 \u1ea5n t\u01b0\u1ee3ng.<\/p>\n<p data-start=\"2277\" data-end=\"2538\">Gh\u1ebf Gi\u00e1m \u0111\u1ed1c TQ27 \u0111\u1eb7c bi\u1ec7t ph\u00f9 h\u1ee3p v\u1edbi c\u00e1c doanh nghi\u1ec7p, c\u00f4ng ty ho\u1eb7c c\u00e1 nh\u00e2n mu\u1ed1n th\u1ec3 hi\u1ec7n <strong data-start=\"2369\" data-end=\"2410\">\u0111\u1eb3ng c\u1ea5p l\u00e3nh \u0111\u1ea1o v\u00e0 s\u1ef1 chuy\u00ean nghi\u1ec7p<\/strong> ngay t\u1eeb kh\u00f4ng gian l\u00e0m vi\u1ec7c. S\u1ea3n ph\u1ea9m mang l\u1ea1i s\u1ef1 tho\u1ea3i m\u00e1i t\u1ed1i \u0111a, \u0111\u1ed3ng th\u1eddi n\u00e2ng cao gi\u00e1 tr\u1ecb th\u1ea9m m\u1ef9 v\u00e0 uy t\u00edn cho v\u0103n ph\u00f2ng.<\/p>\n<p data-start=\"2540\" data-end=\"2762\" data-is-last-node=\"\" data-is-only-node=\"\">N\u1ebfu b\u1ea1n \u0111ang t\u00ecm ki\u1ebfm m\u1ed9t <strong data-start=\"2566\" data-end=\"2624\">gh\u1ebf gi\u00e1m \u0111\u1ed1c b\u1ec1n b\u1ec9, hi\u1ec7n \u0111\u1ea1i, sang tr\u1ecdng v\u00e0 linh ho\u1ea1t<\/strong>, <strong data-start=\"2626\" data-end=\"2647\">Gh\u1ebf Gi\u00e1m \u0111\u1ed1c TQ27<\/strong> l\u00e0 l\u1ef1a ch\u1ecdn ho\u00e0n h\u1ea3o. Li\u00ean h\u1ec7 <strong data-start=\"2678\" data-end=\"2714\">C\u00d4NG TY TNHH SXTM TTNT H\u1eeeU TH\u1ecaNH<\/strong> \u0111\u1ec3 nh\u1eadn t\u01b0 v\u1ea5n chi ti\u1ebft v\u00e0 b\u00e1o gi\u00e1 \u01b0u \u0111\u00e3i nh\u1ea5t.<\/p>\n","protected":false},"excerpt":{"rendered":"<p data-start=\"25\" data-end=\"461\">Gh\u1ebf Gi\u00e1m \u0111\u1ed1c TQ27 l\u00e0 m\u1eabu gh\u1ebf cao c\u1ea5p v\u1edbi <strong data-start=\"97\" data-end=\"128\">ch\u1ee9c n\u0103ng \u0111i\u1ec1u ch\u1ec9nh \u0111\u1ed9 cao<\/strong> v\u00e0 <strong data-start=\"132\" data-end=\"155\">c\u01a1 c\u1ea5u ng\u1ea3 \u0111\u1eb7c bi\u1ec7t<\/strong>, cho ph\u00e9p \u0111\u1ecbnh v\u1ecb nhi\u1ec1u g\u00f3c \u0111\u1ed9 ng\u1ea3 kh\u00e1c nhau, mang \u0111\u1ebfn s\u1ef1 tho\u1ea3i m\u00e1i t\u1ed1i \u0111a cho ng\u01b0\u1eddi s\u1eed d\u1ee5ng. Gh\u1ebf c\u00f3 <strong data-start=\"257\" data-end=\"280\">\u0111\u1ec7m t\u1ef1a b\u1ecdc da th\u1eadt<\/strong> t\u1ea1i ph\u1ea7n ti\u1ebfp x\u00fac tr\u1ef1c ti\u1ebfp, ph\u1ea7n c\u00f2n l\u1ea1i b\u1ecdc <strong data-start=\"327\" data-end=\"334\" data-is-only-node=\"\">PVC<\/strong>, k\u1ebft h\u1ee3p v\u1edbi <strong data-start=\"348\" data-end=\"376\">ch\u00e2n tay gh\u1ebf b\u1eb1ng g\u1ed7 s\u01a1n<\/strong>, t\u1ea1o c\u1ea3m gi\u00e1c ch\u1eafc ch\u1eafn, sang tr\u1ecdng v\u00e0 hi\u1ec7n \u0111\u1ea1i cho kh\u00f4ng gian v\u0103n ph\u00f2ng l\u00e3nh \u0111\u1ea1o.<\/p>\n<p data-start=\"463\" data-end=\"815\">K\u00edch th\u01b0\u1edbc: W865 x D905-1260 x H1280-1335 mm<br data-start=\"507\" data-end=\"510\" \/>Xu\u1ea5t x\u1ee9: S\u1ea3n ph\u1ea9m c\u1ee7a c\u00f4ng ty <strong data-start=\"540\" data-end=\"560\">N\u1ed8I TH\u1ea4T THE ONE<\/strong> \u2013 Ph\u00e2n ph\u1ed1i b\u1edfi <strong data-start=\"577\" data-end=\"613\">C\u00d4NG TY TNHH SXTM TTNT H\u1eeeU TH\u1ecaNH<\/strong><br data-start=\"613\" data-end=\"616\" \/>B\u1ea3o h\u00e0nh: 12 th\u00e1ng theo ti\u00eau chu\u1ea9n nh\u00e0 m\u00e1y<br data-start=\"658\" data-end=\"661\" data-is-only-node=\"\" \/><span style=\"color: #ed1c24;\"><em data-start=\"661\" data-end=\"813\">L\u01b0u \u00fd: Gi\u00e1 tr\u00ean ch\u01b0a bao g\u1ed3m VAT v\u00e0 ph\u00ed v\u1eadn chuy\u1ec3n. Gi\u00e1 s\u1ea3n ph\u1ea9m c\u00f3 th\u1ec3 thay \u0111\u1ed5i theo t\u1eebng th\u1eddi \u0111i\u1ec3m, vui l\u00f2ng li\u00ean h\u1ec7 \u0111\u1ec3 nh\u1eadn t\u01b0 v\u1ea5n \u01b0u \u0111\u00e3i t\u1ed1t nh\u1ea5t.<\/em><\/span><\/p>\n","protected":false},"featured_media":4496,"comment_status":"open","ping_status":"closed","template":"","meta":[],"product_brand":[],"product_cat":[17,253],"product_tag":[],"class_list":{"0":"post-4495","1":"product","2":"type-product","3":"status-publish","4":"has-post-thumbnail","6":"product_cat-noi-that-van-phong","7":"product_cat-ghe-giam-doc","9":"first","10":"instock","11":"taxable","12":"shipping-taxable","13":"purchasable","14":"product-type-simple"},"_links":{"self":[{"href":"https:\/\/noithathuuthinhvn214.mbws.vn\/zh-hans\/wp-json\/wp\/v2\/product\/4495","targetHints":{"allow":["GET"]}}],"collection":[{"href":"https:\/\/noithathuuthinhvn214.mbws.vn\/zh-hans\/wp-json\/wp\/v2\/product"}],"about":[{"href":"https:\/\/noithathuuthinhvn214.mbws.vn\/zh-hans\/wp-json\/wp\/v2\/types\/product"}],"replies":[{"embeddable":true,"href":"https:\/\/noithathuuthinhvn214.mbws.vn\/zh-hans\/wp-json\/wp\/v2\/comments?post=4495"}],"wp:featuredmedia":[{"embeddable":true,"href":"https:\/\/noithathuuthinhvn214.mbws.vn\/zh-hans\/wp-json\/wp\/v2\/media\/4496"}],"wp:attachment":[{"href":"https:\/\/noithathuuthinhvn214.mbws.vn\/zh-hans\/wp-json\/wp\/v2\/media?parent=4495"}],"wp:term":[{"taxonomy":"product_brand","embeddable":true,"href":"https:\/\/noithathuuthinhvn214.mbws.vn\/zh-hans\/wp-json\/wp\/v2\/product_brand?post=4495"},{"taxonomy":"product_cat","embeddable":true,"href":"https:\/\/noithathuuthinhvn214.mbws.vn\/zh-hans\/wp-json\/wp\/v2\/product_cat?post=4495"},{"taxonomy":"product_tag","embeddable":true,"href":"https:\/\/noithathuuthinhvn214.mbws.vn\/zh-hans\/wp-json\/wp\/v2\/product_tag?post=4495"}],"curies":[{"name":"wp","href":"https:\/\/api.w.org\/{rel}","templated":true}]}}