{"id":4483,"date":"2025-11-24T15:57:53","date_gmt":"2025-11-24T08:57:53","guid":{"rendered":"https:\/\/noithathuuthinh.vn\/?post_type=product&#038;p=4483"},"modified":"2025-11-24T15:57:53","modified_gmt":"2025-11-24T08:57:53","slug":"ghe-giam-doc-tq23","status":"publish","type":"product","link":"https:\/\/noithathuuthinhvn214.mbws.vn\/zh-hans\/san-pham\/ghe-giam-doc-tq23\/","title":{"rendered":"Gh\u1ebf Gi\u00e1m \u0111\u1ed1c TQ23"},"content":{"rendered":"<p data-start=\"702\" data-end=\"1154\">Gh\u1ebf Gi\u00e1m \u0111\u1ed1c TQ23 l\u00e0 l\u1ef1a ch\u1ecdn ho\u00e0n h\u1ea3o cho c\u00e1c l\u00e3nh \u0111\u1ea1o, qu\u1ea3n l\u00fd ho\u1eb7c ph\u00f2ng gi\u00e1m \u0111\u1ed1c, k\u1ebft h\u1ee3p gi\u1eefa <strong data-start=\"843\" data-end=\"908\">thi\u1ebft k\u1ebf sang tr\u1ecdng, ch\u1ea5t li\u1ec7u cao c\u1ea5p v\u00e0 s\u1ef1 tho\u1ea3i m\u00e1i t\u1ed1i \u0111a<\/strong>. Ph\u1ea7n <strong data-start=\"915\" data-end=\"938\">\u0111\u1ec7m t\u1ef1a b\u1ecdc da th\u1eadt<\/strong> \u1edf nh\u1eefng v\u1ecb tr\u00ed ti\u1ebfp x\u00fac tr\u1ef1c ti\u1ebfp v\u1edbi ng\u01b0\u1eddi s\u1eed d\u1ee5ng mang l\u1ea1i c\u1ea3m gi\u00e1c m\u1ec1m m\u1ea1i, \u00eam \u00e1i nh\u01b0ng v\u1eabn gi\u1eef \u0111\u01b0\u1ee3c s\u1ef1 ch\u1eafc ch\u1eafn c\u1ea7n thi\u1ebft. \u0110\u00e2y l\u00e0 \u0111i\u1ec3m nh\u1ea5n t\u1ea1o n\u00ean s\u1ef1 \u0111\u1eb3ng c\u1ea5p v\u00e0 chuy\u00ean nghi\u1ec7p cho kh\u00f4ng gian l\u00e0m vi\u1ec7c l\u00e3nh \u0111\u1ea1o.<\/p>\n<p data-start=\"1156\" data-end=\"1503\">Gh\u1ebf s\u1eed d\u1ee5ng <strong data-start=\"1168\" data-end=\"1181\">ch\u00e2n t\u0129nh<\/strong> c\u00f9ng <strong data-start=\"1187\" data-end=\"1212\">khung gh\u1ebf g\u1ed7 t\u1ef1 nhi\u00ean<\/strong>, gi\u00fap t\u0103ng \u0111\u1ed9 b\u1ec1n, v\u1eefng ch\u00e3i v\u00e0 \u1ed5n \u0111\u1ecbnh khi ng\u1ed3i. Khung g\u1ed7 \u0111\u01b0\u1ee3c ch\u1ecdn l\u1ef1a k\u1ef9 c\u00e0ng, x\u1eed l\u00fd ch\u1ed1ng cong v\u00eanh, m\u1ed1i m\u1ecdt, mang \u0111\u1ebfn tu\u1ed5i th\u1ecd l\u00e2u d\u00e0i cho s\u1ea3n ph\u1ea9m. S\u1ef1 k\u1ebft h\u1ee3p gi\u1eefa ch\u00e2n t\u0129nh v\u00e0 khung g\u1ed7 t\u1ef1 nhi\u00ean c\u0169ng t\u1ea1o c\u1ea3m gi\u00e1c sang tr\u1ecdng, \u0111\u1ed3ng b\u1ed9 v\u1edbi c\u00e1c n\u1ed9i th\u1ea5t cao c\u1ea5p kh\u00e1c trong ph\u00f2ng gi\u00e1m \u0111\u1ed1c.<\/p>\n<p data-start=\"1505\" data-end=\"1795\">V\u1edbi k\u00edch th\u01b0\u1edbc <strong data-start=\"1520\" data-end=\"1546\">W770 x D850 x H1290 mm<\/strong>, gh\u1ebf Gi\u00e1m \u0111\u1ed1c TQ23 cung c\u1ea5p kh\u00f4ng gian ng\u1ed3i r\u1ed9ng r\u00e3i, tho\u1ea3i m\u00e1i, ph\u00f9 h\u1ee3p v\u1edbi nhi\u1ec1u d\u00e1ng ng\u01b0\u1eddi, \u0111\u1ed3ng th\u1eddi \u0111\u1ea3m b\u1ea3o t\u01b0 th\u1ebf ng\u1ed3i chu\u1ea9n v\u00e0 gi\u1ea3m m\u1ec7t m\u1ecfi khi l\u00e0m vi\u1ec7c l\u00e2u. Gh\u1ebf c\u00f2n gi\u00fap n\u00e2ng t\u1ea7m kh\u00f4ng gian v\u0103n ph\u00f2ng, t\u1ea1o \u0111i\u1ec3m nh\u1ea5n tinh t\u1ebf v\u00e0 chuy\u00ean nghi\u1ec7p.<\/p>\n<p data-start=\"1797\" data-end=\"2152\">Gh\u1ebf TQ23 kh\u00f4ng ch\u1ec9 ch\u00fa tr\u1ecdng v\u1ec1 ch\u1ea5t l\u01b0\u1ee3ng v\u1eadt li\u1ec7u m\u00e0 c\u00f2n v\u1ec1 <strong data-start=\"1859\" data-end=\"1879\">thi\u1ebft k\u1ebf th\u1ea9m m\u1ef9<\/strong>. \u0110\u01b0\u1eddng n\u00e9t tinh t\u1ebf, c\u00e1c chi ti\u1ebft g\u1ed7 v\u00e0 da \u0111\u01b0\u1ee3c gia c\u00f4ng t\u1ec9 m\u1ec9, mang \u0111\u1ebfn v\u1ebb sang tr\u1ecdng, l\u1ecbch l\u00e3m, ph\u00f9 h\u1ee3p v\u1edbi c\u00e1c phong c\u00e1ch n\u1ed9i th\u1ea5t hi\u1ec7n \u0111\u1ea1i v\u00e0 c\u1ed5 \u0111i\u1ec3n. S\u1ea3n ph\u1ea9m d\u1ec5 d\u00e0ng ph\u1ed1i h\u1ee3p v\u1edbi b\u00e0n gi\u00e1m \u0111\u1ed1c, t\u1ee7 h\u1ed3 s\u01a1 cao c\u1ea5p v\u00e0 c\u00e1c \u0111\u1ed3 n\u1ed9i th\u1ea5t kh\u00e1c \u0111\u1ec3 t\u1ea1o t\u1ed5ng th\u1ec3 h\u00e0i h\u00f2a, \u0111\u1ed3ng b\u1ed9.<\/p>\n<p data-start=\"2154\" data-end=\"2444\">Gh\u1ebf Gi\u00e1m \u0111\u1ed1c TQ23 c\u00f2n \u0111\u1eb7c bi\u1ec7t ph\u00f9 h\u1ee3p v\u1edbi c\u00e1c doanh nghi\u1ec7p, c\u00f4ng ty, ho\u1eb7c c\u00e1 nh\u00e2n mu\u1ed1n th\u1ec3 hi\u1ec7n <strong data-start=\"2251\" data-end=\"2292\">\u0111\u1eb3ng c\u1ea5p l\u00e3nh \u0111\u1ea1o v\u00e0 s\u1ef1 chuy\u00ean nghi\u1ec7p<\/strong> ngay t\u1eeb kh\u00f4ng gian l\u00e0m vi\u1ec7c. S\u1ea3n ph\u1ea9m kh\u00f4ng ch\u1ec9 mang l\u1ea1i s\u1ef1 tho\u1ea3i m\u00e1i t\u1ed1i \u0111a cho ng\u01b0\u1eddi s\u1eed d\u1ee5ng m\u00e0 c\u00f2n n\u00e2ng cao gi\u00e1 tr\u1ecb th\u1ea9m m\u1ef9 v\u00e0 uy t\u00edn c\u1ee7a v\u0103n ph\u00f2ng.<\/p>\n<p data-start=\"2446\" data-end=\"2671\" data-is-last-node=\"\" data-is-only-node=\"\">N\u1ebfu b\u1ea1n \u0111ang t\u00ecm ki\u1ebfm m\u1ed9t m\u1eabu <strong data-start=\"2476\" data-end=\"2533\">gh\u1ebf gi\u00e1m \u0111\u1ed1c cao c\u1ea5p, b\u1ec1n b\u1ec9, sang tr\u1ecdng v\u00e0 tho\u1ea3i m\u00e1i<\/strong>, <strong data-start=\"2535\" data-end=\"2556\">Gh\u1ebf Gi\u00e1m \u0111\u1ed1c TQ23<\/strong> l\u00e0 l\u1ef1a ch\u1ecdn ho\u00e0n h\u1ea3o. Li\u00ean h\u1ec7 <strong data-start=\"2587\" data-end=\"2623\">C\u00d4NG TY TNHH SXTM TTNT H\u1eeeU TH\u1ecaNH<\/strong> \u0111\u1ec3 nh\u1eadn t\u01b0 v\u1ea5n chi ti\u1ebft v\u00e0 b\u00e1o gi\u00e1 \u01b0u \u0111\u00e3i nh\u1ea5t.<\/p>\n","protected":false},"excerpt":{"rendered":"<p data-start=\"25\" data-end=\"351\">Gh\u1ebf Gi\u00e1m \u0111\u1ed1c TQ23 l\u00e0 m\u1eabu gh\u1ebf cao c\u1ea5p v\u1edbi <strong data-start=\"97\" data-end=\"120\">\u0111\u1ec7m t\u1ef1a b\u1ecdc da th\u1eadt<\/strong> \u1edf ph\u1ea7n ti\u1ebfp x\u00fac tr\u1ef1c ti\u1ebfp v\u1edbi ng\u01b0\u1eddi s\u1eed d\u1ee5ng, mang \u0111\u1ebfn s\u1ef1 \u00eam \u00e1i v\u00e0 tho\u1ea3i m\u00e1i t\u1ed1i \u0111a. Gh\u1ebf s\u1eed d\u1ee5ng <strong data-start=\"217\" data-end=\"230\">ch\u00e2n t\u0129nh<\/strong> v\u00e0 <strong data-start=\"234\" data-end=\"259\">khung gh\u1ebf g\u1ed7 t\u1ef1 nhi\u00ean<\/strong>, t\u1ea1o c\u1ea3m gi\u00e1c ch\u1eafc ch\u1eafn, sang tr\u1ecdng v\u00e0 b\u1ec1n b\u1ec9, ph\u00f9 h\u1ee3p v\u1edbi kh\u00f4ng gian v\u0103n ph\u00f2ng l\u00e3nh \u0111\u1ea1o.<\/p>\n<p data-start=\"353\" data-end=\"695\">K\u00edch th\u01b0\u1edbc: W770 x D850 x H1290 mm<br \/>\nDa m\u00e0u \u0111en &#8211; <span style=\"color: #ed1c24; font-size: 120%;\"><strong>14.796.000 \u0111<\/strong><\/span><br \/>\nDa m\u00e0u n\u00e2u &#8211; <span style=\"color: #ed1c24; font-size: 120%;\"><strong>15.273.000 \u0111<\/strong><\/span><br \/>\nXu\u1ea5t x\u1ee9: S\u1ea3n ph\u1ea9m c\u1ee7a c\u00f4ng ty <strong data-start=\"420\" data-end=\"440\">N\u1ed8I TH\u1ea4T THE ONE<\/strong> \u2013 Ph\u00e2n ph\u1ed1i b\u1edfi <strong data-start=\"457\" data-end=\"493\">C\u00d4NG TY TNHH SXTM TTNT H\u1eeeU TH\u1ecaNH<\/strong><br data-start=\"493\" data-end=\"496\" \/>B\u1ea3o h\u00e0nh: 12 th\u00e1ng theo ti\u00eau chu\u1ea9n nh\u00e0 m\u00e1y<br data-start=\"538\" data-end=\"541\" \/><span style=\"color: #ed1c24;\"><em data-start=\"541\" data-end=\"693\">L\u01b0u \u00fd: Gi\u00e1 tr\u00ean ch\u01b0a bao g\u1ed3m VAT v\u00e0 ph\u00ed v\u1eadn chuy\u1ec3n. Gi\u00e1 s\u1ea3n ph\u1ea9m c\u00f3 th\u1ec3 thay \u0111\u1ed5i theo t\u1eebng th\u1eddi \u0111i\u1ec3m, vui l\u00f2ng li\u00ean h\u1ec7 \u0111\u1ec3 nh\u1eadn t\u01b0 v\u1ea5n \u01b0u \u0111\u00e3i t\u1ed1t nh\u1ea5t.<\/em><\/span><\/p>\n","protected":false},"featured_media":4484,"comment_status":"open","ping_status":"closed","template":"","meta":[],"product_brand":[],"product_cat":[17,253],"product_tag":[],"class_list":{"0":"post-4483","1":"product","2":"type-product","3":"status-publish","4":"has-post-thumbnail","6":"product_cat-noi-that-van-phong","7":"product_cat-ghe-giam-doc","9":"first","10":"instock","11":"taxable","12":"shipping-taxable","13":"purchasable","14":"product-type-simple"},"_links":{"self":[{"href":"https:\/\/noithathuuthinhvn214.mbws.vn\/zh-hans\/wp-json\/wp\/v2\/product\/4483","targetHints":{"allow":["GET"]}}],"collection":[{"href":"https:\/\/noithathuuthinhvn214.mbws.vn\/zh-hans\/wp-json\/wp\/v2\/product"}],"about":[{"href":"https:\/\/noithathuuthinhvn214.mbws.vn\/zh-hans\/wp-json\/wp\/v2\/types\/product"}],"replies":[{"embeddable":true,"href":"https:\/\/noithathuuthinhvn214.mbws.vn\/zh-hans\/wp-json\/wp\/v2\/comments?post=4483"}],"wp:featuredmedia":[{"embeddable":true,"href":"https:\/\/noithathuuthinhvn214.mbws.vn\/zh-hans\/wp-json\/wp\/v2\/media\/4484"}],"wp:attachment":[{"href":"https:\/\/noithathuuthinhvn214.mbws.vn\/zh-hans\/wp-json\/wp\/v2\/media?parent=4483"}],"wp:term":[{"taxonomy":"product_brand","embeddable":true,"href":"https:\/\/noithathuuthinhvn214.mbws.vn\/zh-hans\/wp-json\/wp\/v2\/product_brand?post=4483"},{"taxonomy":"product_cat","embeddable":true,"href":"https:\/\/noithathuuthinhvn214.mbws.vn\/zh-hans\/wp-json\/wp\/v2\/product_cat?post=4483"},{"taxonomy":"product_tag","embeddable":true,"href":"https:\/\/noithathuuthinhvn214.mbws.vn\/zh-hans\/wp-json\/wp\/v2\/product_tag?post=4483"}],"curies":[{"name":"wp","href":"https:\/\/api.w.org\/{rel}","templated":true}]}}