{"id":3905,"date":"2025-10-23T17:17:41","date_gmt":"2025-10-23T10:17:41","guid":{"rendered":"https:\/\/noithathuuthinh.vn\/?post_type=product&#038;p=3905"},"modified":"2025-10-23T17:17:41","modified_gmt":"2025-10-23T10:17:41","slug":"ban-nhan-vien-hp120shl3c","status":"publish","type":"product","link":"https:\/\/noithathuuthinhvn214.mbws.vn\/zh-hans\/san-pham\/ban-nhan-vien-hp120shl3c\/","title":{"rendered":"B\u00e0n nh\u00e2n vi\u00ean HP120SHL3C"},"content":{"rendered":"<p data-start=\"670\" data-end=\"1125\">B\u00e0n nh\u00e2n vi\u00ean HP120SHL3C l\u00e0 d\u00f2ng b\u00e0n l\u00e0m vi\u1ec7c \u0111\u01b0\u1ee3c thi\u1ebft k\u1ebf theo phong c\u00e1ch truy\u1ec1n th\u1ed1ng c\u1ee7a N\u1ed9i Th\u1ea5t The One, mang \u0111\u1ebfn s\u1ef1 ti\u1ec7n nghi, ch\u1eafc ch\u1eafn v\u00e0 ph\u00f9 h\u1ee3p v\u1edbi \u0111a d\u1ea1ng kh\u00f4ng gian l\u00e0m vi\u1ec7c. V\u1edbi thi\u1ebft k\u1ebf h\u1ed9c li\u1ec1n s\u00e1t \u0111\u1ea5t g\u1ed3m 1 ng\u0103n k\u00e9o v\u00e0 1 c\u00e1nh m\u1edf, s\u1ea3n ph\u1ea9m kh\u00f4ng ch\u1ec9 t\u1ea1o s\u1ef1 g\u1ecdn g\u00e0ng cho b\u00e0n l\u00e0m vi\u1ec7c m\u00e0 c\u00f2n gi\u00fap ng\u01b0\u1eddi d\u00f9ng c\u00f3 th\u00eam kh\u00f4ng gian l\u01b0u tr\u1eef \u0111\u1ed3 d\u00f9ng, h\u1ed3 s\u01a1, t\u00e0i li\u1ec7u c\u00e1 nh\u00e2n m\u1ed9t c\u00e1ch khoa h\u1ecdc v\u00e0 an to\u00e0n.<\/p>\n<p data-start=\"1127\" data-end=\"1558\">B\u1ec1 m\u1eb7t b\u00e0n \u0111\u01b0\u1ee3c s\u1ea3n xu\u1ea5t t\u1eeb g\u1ed7 c\u00f4ng nghi\u1ec7p ph\u1ee7 Melamine cao c\u1ea5p \u2013 lo\u1ea1i v\u1eadt li\u1ec7u n\u1ed5i ti\u1ebfng v\u1edbi kh\u1ea3 n\u0103ng ch\u1ed1ng tr\u1ea7y x\u01b0\u1edbc, ch\u1ed1ng th\u1ea5m v\u00e0 ch\u1ed1ng b\u00e1m b\u1ee5i hi\u1ec7u qu\u1ea3. L\u1edbp ph\u1ee7 Melamine kh\u00f4ng ch\u1ec9 gi\u00fap b\u00e0n HP120SHL3C lu\u00f4n s\u00e1ng b\u00f3ng v\u00e0 b\u1ec1n m\u00e0u theo th\u1eddi gian m\u00e0 c\u00f2n d\u1ec5 d\u00e0ng v\u1ec7 sinh, ph\u00f9 h\u1ee3p v\u1edbi \u0111i\u1ec1u ki\u1ec7n s\u1eed d\u1ee5ng trong m\u00f4i tr\u01b0\u1eddng v\u0103n ph\u00f2ng. C\u00e1c c\u1ea1nh b\u00e0n \u0111\u01b0\u1ee3c x\u1eed l\u00fd tinh t\u1ebf b\u1eb1ng n\u1eb9p PVC, v\u1eeba \u0111\u1ea3m b\u1ea3o th\u1ea9m m\u1ef9, v\u1eeba an to\u00e0n khi s\u1eed d\u1ee5ng h\u00e0ng ng\u00e0y.<\/p>\n<p data-start=\"1560\" data-end=\"2058\">\u0110i\u1ec3m \u0111\u1eb7c tr\u01b0ng c\u1ee7a b\u00e0n HP120SHL3C n\u1eb1m \u1edf thi\u1ebft k\u1ebf h\u1ed9c li\u1ec1n ch\u1ea1m \u0111\u1ea5t \u2013 mang l\u1ea1i c\u1ea3m gi\u00e1c v\u1eefng ch\u00e3i, t\u0103ng kh\u1ea3 n\u0103ng ch\u1ecbu l\u1ef1c v\u00e0 gi\u00fap to\u00e0n b\u1ed9 c\u1ea5u tr\u00fac b\u00e0n th\u00eam \u1ed5n \u0111\u1ecbnh. Ng\u0103n k\u00e9o ph\u00eda tr\u00ean \u0111\u01b0\u1ee3c b\u1ed1 tr\u00ed h\u1ee3p l\u00fd, th\u00edch h\u1ee3p \u0111\u1ec3 l\u01b0u gi\u1eef c\u00e1c v\u1eadt d\u1ee5ng nh\u1ecf nh\u01b0 b\u00fat, s\u1ed5 tay, h\u1ed3 s\u01a1 ng\u1eafn ng\u00e0y. Ph\u00eda d\u01b0\u1edbi l\u00e0 khoang c\u00e1nh m\u1edf r\u1ed9ng r\u00e3i c\u00f3 kh\u00f3a an to\u00e0n, gi\u00fap ng\u01b0\u1eddi d\u00f9ng b\u1ea3o qu\u1ea3n t\u00e0i li\u1ec7u, t\u00fai x\u00e1ch hay c\u00e1c \u0111\u1ed3 c\u00e1 nh\u00e2n m\u1ed9t c\u00e1ch k\u00edn \u0111\u00e1o. V\u1edbi thi\u1ebft k\u1ebf n\u00e0y, b\u00e0n kh\u00f4ng ch\u1ec9 l\u00e0 n\u01a1i l\u00e0m vi\u1ec7c m\u00e0 c\u00f2n l\u00e0 kh\u00f4ng gian l\u01b0u tr\u1eef hi\u1ec7u qu\u1ea3.<\/p>\n<p data-start=\"2060\" data-end=\"2406\">M\u1eb7t b\u00e0n HP120SHL3C c\u00f3 di\u1ec7n t\u00edch v\u1eeba ph\u1ea3i, \u0111\u01b0\u1ee3c t\u1ed1i \u01b0u h\u00f3a cho thao t\u00e1c v\u0103n ph\u00f2ng nh\u01b0 \u0111\u1eb7t m\u00e1y t\u00ednh, t\u00e0i li\u1ec7u, s\u1ed5 s\u00e1ch hay c\u00e1c v\u1eadt d\u1ee5ng h\u1ed7 tr\u1ee3 kh\u00e1c. Nh\u1edd k\u00edch th\u01b0\u1edbc g\u1ecdn g\u00e0ng (W1200 x D600mm ho\u1eb7c D700mm), s\u1ea3n ph\u1ea9m \u0111\u1eb7c bi\u1ec7t ph\u00f9 h\u1ee3p cho nh\u1eefng kh\u00f4ng gian l\u00e0m vi\u1ec7c h\u1ea1n ch\u1ebf di\u1ec7n t\u00edch nh\u01b0 v\u0103n ph\u00f2ng nh\u1ecf, ph\u00f2ng l\u00e0m vi\u1ec7c c\u00e1 nh\u00e2n ho\u1eb7c khu v\u1ef1c l\u00e0m vi\u1ec7c nh\u00f3m.<\/p>\n<p data-start=\"2408\" data-end=\"2809\">V\u1ec1 ki\u1ec3u d\u00e1ng, b\u00e0n HP120SHL3C mang n\u00e9t \u0111\u1eb9p t\u1ed1i gi\u1ea3n nh\u01b0ng tinh t\u1ebf \u2013 m\u1ed9t phong c\u00e1ch \u0111\u1eb7c tr\u01b0ng c\u1ee7a d\u00f2ng s\u1ea3n ph\u1ea9m HP. Thi\u1ebft k\u1ebf n\u00e0y gi\u00fap s\u1ea3n ph\u1ea9m d\u1ec5 d\u00e0ng ph\u1ed1i h\u1ee3p c\u00f9ng c\u00e1c lo\u1ea1i gh\u1ebf v\u0103n ph\u00f2ng kh\u00e1c nhau nh\u01b0 gh\u1ebf xoay l\u01b0ng trung, gh\u1ebf l\u01b0\u1edbi ho\u1eb7c gh\u1ebf ch\u00e2n qu\u1ef3. Khi k\u1ebft h\u1ee3p c\u00f9ng v\u00e1ch ng\u0103n n\u1ec9 ho\u1eb7c k\u00ednh, b\u00e0n c\u00f3 th\u1ec3 s\u1eafp x\u1ebfp th\u00e0nh c\u1ee5m l\u00e0m vi\u1ec7c, t\u1ed1i \u01b0u kh\u00f4ng gian v\u00e0 t\u0103ng t\u00ednh chuy\u00ean nghi\u1ec7p cho m\u00f4i tr\u01b0\u1eddng v\u0103n ph\u00f2ng.<\/p>\n<p data-start=\"2811\" data-end=\"3120\">M\u1ed9t \u0111i\u1ec3m \u0111\u00e1ng ch\u00fa \u00fd n\u1eefa l\u00e0 b\u00e0n nh\u00e2n vi\u00ean HP120SHL3C c\u00f3 k\u1ebft c\u1ea5u r\u1ea5t ch\u1eafc ch\u1eafn nh\u1edd h\u1ec7 khung gh\u00e9p n\u1ed1i b\u1eb1ng v\u00edt li\u00ean k\u1ebft ch\u1ea5t l\u01b0\u1ee3ng cao. C\u00e1c chi ti\u1ebft \u0111\u01b0\u1ee3c gia c\u00f4ng t\u1ec9 m\u1ec9, \u0111\u1ea3m b\u1ea3o \u0111\u1ed9 b\u1ec1n l\u00e2u d\u00e0i v\u00e0 kh\u1ea3 n\u0103ng ch\u1ecbu t\u1ea3i l\u1edbn. Nh\u1edd \u0111\u00f3, b\u00e0n c\u00f3 th\u1ec3 \u0111\u01b0\u1ee3c s\u1eed d\u1ee5ng \u1ed5n \u0111\u1ecbnh trong nhi\u1ec1u n\u0103m m\u00e0 kh\u00f4ng lo cong v\u00eanh hay l\u1ecfng l\u1ebbo.<\/p>\n<p data-start=\"3122\" data-end=\"3370\">V\u1edbi m\u00e0u s\u1eafc trang nh\u00e3, b\u00e0n HP120SHL3C ph\u00f9 h\u1ee3p v\u1edbi h\u1ea7u h\u1ebft phong c\u00e1ch n\u1ed9i th\u1ea5t hi\u1ec7n nay. D\u00f9 \u0111\u01b0\u1ee3c b\u1ed1 tr\u00ed trong ph\u00f2ng h\u00e0nh ch\u00ednh, khu v\u1ef1c k\u1ebf to\u00e1n, ph\u00f2ng gi\u00e1o vi\u00ean hay v\u0103n ph\u00f2ng l\u00e0m vi\u1ec7c chung, s\u1ea3n ph\u1ea9m \u0111\u1ec1u mang l\u1ea1i c\u1ea3m gi\u00e1c chuy\u00ean nghi\u1ec7p v\u00e0 h\u00e0i h\u00f2a.<\/p>\n<p data-start=\"3372\" data-end=\"3662\">B\u00ean c\u1ea1nh y\u1ebfu t\u1ed1 th\u1ea9m m\u1ef9, t\u00ednh \u1ee9ng d\u1ee5ng th\u1ef1c t\u1ebf c\u1ee7a HP120SHL3C c\u0169ng \u0111\u01b0\u1ee3c \u0111\u00e1nh gi\u00e1 r\u1ea5t cao. Thi\u1ebft k\u1ebf th\u00f4ng minh, c\u00f4ng n\u0103ng \u0111\u1ea7y \u0111\u1ee7, ch\u1ea5t li\u1ec7u b\u1ec1n b\u1ec9 c\u00f9ng gi\u00e1 th\u00e0nh h\u1ee3p l\u00fd khi\u1ebfn m\u1eabu b\u00e0n n\u00e0y tr\u1edf th\u00e0nh m\u1ed9t trong nh\u1eefng l\u1ef1a ch\u1ecdn ph\u1ed5 bi\u1ebfn nh\u1ea5t cho c\u00e1c doanh nghi\u1ec7p, tr\u01b0\u1eddng h\u1ecdc v\u00e0 c\u01a1 quan nh\u00e0 n\u01b0\u1edbc.<\/p>\n<p data-start=\"3664\" data-end=\"4029\">N\u1ebfu b\u1ea1n \u0111ang t\u00ecm ki\u1ebfm m\u1ed9t m\u1eabu b\u00e0n l\u00e0m vi\u1ec7c \u0111\u01a1n gi\u1ea3n, g\u1ecdn g\u00e0ng, c\u00f3 h\u1ed9c li\u1ec1n ti\u1ec7n d\u1ee5ng, ch\u1ea5t l\u01b0\u1ee3ng t\u1ed1t v\u00e0 gi\u00e1 c\u1ea3 ph\u1ea3i ch\u0103ng th\u00ec <strong data-start=\"3790\" data-end=\"3818\">b\u00e0n nh\u00e2n vi\u00ean HP120SHL3C<\/strong> ch\u1eafc ch\u1eafn l\u00e0 l\u1ef1a ch\u1ecdn \u0111\u00e1ng c\u00e2n nh\u1eafc. S\u1ea3n ph\u1ea9m kh\u00f4ng ch\u1ec9 \u0111\u00e1p \u1ee9ng c\u00e1c ti\u00eau ch\u00ed v\u1ec1 c\u00f4ng n\u0103ng v\u00e0 \u0111\u1ed9 b\u1ec1n, m\u00e0 c\u00f2n mang l\u1ea1i kh\u00f4ng gian l\u00e0m vi\u1ec7c khoa h\u1ecdc, chuy\u00ean nghi\u1ec7p, g\u00f3p ph\u1ea7n n\u00e2ng cao hi\u1ec7u qu\u1ea3 c\u00f4ng vi\u1ec7c m\u1ed7i ng\u00e0y.<\/p>\n","protected":false},"excerpt":{"rendered":"<p data-start=\"32\" data-end=\"263\">B\u00e0n nh\u00e2n vi\u00ean HP120SHL3C l\u00e0 m\u1eabu b\u00e0n l\u00e0m vi\u1ec7c g\u1ed7 c\u00f4ng nghi\u1ec7p c\u00f3 thi\u1ebft k\u1ebf h\u1ed9c li\u1ec1n s\u00e1t \u0111\u1ea5t ti\u1ec7n l\u1ee3i, g\u1ed3m 1 ng\u0103n k\u00e9o v\u00e0 1 c\u00e1nh m\u1edf, ph\u00f9 h\u1ee3p cho kh\u00f4ng gian v\u0103n ph\u00f2ng hi\u1ec7n \u0111\u1ea1i c\u1ea7n s\u1ef1 g\u1ecdn g\u00e0ng v\u00e0 ng\u0103n n\u1eafp.<\/p>\n<p data-start=\"265\" data-end=\"355\">K\u00edch th\u01b0\u1edbc:<br data-start=\"276\" data-end=\"279\" \/>W1200 x D700 x H750 (mm) &#8211; <strong><span style=\"color: #ed1c24; font-size: 120%;\">1.245.000 \u0111<\/span><\/strong><br data-start=\"314\" data-end=\"317\" \/>W1200 x D600 x H750 (mm) &#8211; <strong><span style=\"color: #ed1c24; font-size: 120%;\">1.373.000 \u0111<\/span><\/strong><\/p>\n<p data-start=\"357\" data-end=\"507\">Xu\u1ea5t x\u1ee9: S\u1ea3n ph\u1ea9m c\u1ee7a <strong data-start=\"379\" data-end=\"407\">C\u00f4ng ty N\u1ed8I TH\u1ea4T THE ONE<\/strong> \u2013 Ph\u00e2n ph\u1ed1i b\u1edfi <strong data-start=\"424\" data-end=\"460\">C\u00d4NG TY TNHH SXTM TTNT H\u1eeeU TH\u1ecaNH<\/strong><br data-start=\"460\" data-end=\"463\" \/>B\u1ea3o h\u00e0nh: 12 th\u00e1ng theo ti\u00eau chu\u1ea9n nh\u00e0 m\u00e1y<\/p>\n<p data-start=\"509\" data-end=\"663\"><span style=\"color: #ed1c24;\"><em data-start=\"509\" data-end=\"661\">L\u01b0u \u00fd: Gi\u00e1 tr\u00ean ch\u01b0a bao g\u1ed3m VAT v\u00e0 ph\u00ed v\u1eadn chuy\u1ec3n. Gi\u00e1 s\u1ea3n ph\u1ea9m c\u00f3 th\u1ec3 thay \u0111\u1ed5i theo t\u1eebng th\u1eddi \u0111i\u1ec3m, vui l\u00f2ng li\u00ean h\u1ec7 \u0111\u1ec3 nh\u1eadn t\u01b0 v\u1ea5n \u01b0u \u0111\u00e3i t\u1ed1t nh\u1ea5t.<\/em><\/span><\/p>\n","protected":false},"featured_media":3906,"comment_status":"open","ping_status":"closed","template":"","meta":[],"product_brand":[],"product_cat":[17,177],"product_tag":[],"class_list":{"0":"post-3905","1":"product","2":"type-product","3":"status-publish","4":"has-post-thumbnail","6":"product_cat-noi-that-van-phong","7":"product_cat-ban-nhan-vien","9":"first","10":"instock","11":"taxable","12":"shipping-taxable","13":"purchasable","14":"product-type-simple"},"_links":{"self":[{"href":"https:\/\/noithathuuthinhvn214.mbws.vn\/zh-hans\/wp-json\/wp\/v2\/product\/3905","targetHints":{"allow":["GET"]}}],"collection":[{"href":"https:\/\/noithathuuthinhvn214.mbws.vn\/zh-hans\/wp-json\/wp\/v2\/product"}],"about":[{"href":"https:\/\/noithathuuthinhvn214.mbws.vn\/zh-hans\/wp-json\/wp\/v2\/types\/product"}],"replies":[{"embeddable":true,"href":"https:\/\/noithathuuthinhvn214.mbws.vn\/zh-hans\/wp-json\/wp\/v2\/comments?post=3905"}],"wp:featuredmedia":[{"embeddable":true,"href":"https:\/\/noithathuuthinhvn214.mbws.vn\/zh-hans\/wp-json\/wp\/v2\/media\/3906"}],"wp:attachment":[{"href":"https:\/\/noithathuuthinhvn214.mbws.vn\/zh-hans\/wp-json\/wp\/v2\/media?parent=3905"}],"wp:term":[{"taxonomy":"product_brand","embeddable":true,"href":"https:\/\/noithathuuthinhvn214.mbws.vn\/zh-hans\/wp-json\/wp\/v2\/product_brand?post=3905"},{"taxonomy":"product_cat","embeddable":true,"href":"https:\/\/noithathuuthinhvn214.mbws.vn\/zh-hans\/wp-json\/wp\/v2\/product_cat?post=3905"},{"taxonomy":"product_tag","embeddable":true,"href":"https:\/\/noithathuuthinhvn214.mbws.vn\/zh-hans\/wp-json\/wp\/v2\/product_tag?post=3905"}],"curies":[{"name":"wp","href":"https:\/\/api.w.org\/{rel}","templated":true}]}}