{"id":3830,"date":"2025-10-23T10:27:31","date_gmt":"2025-10-23T03:27:31","guid":{"rendered":"https:\/\/noithathuuthinh.vn\/?post_type=product&#038;p=3830"},"modified":"2025-10-23T10:27:31","modified_gmt":"2025-10-23T03:27:31","slug":"cum-ban-lam-viec-ntvmd02-2c17","status":"publish","type":"product","link":"https:\/\/noithathuuthinhvn214.mbws.vn\/zh-hans\/san-pham\/cum-ban-lam-viec-ntvmd02-2c17\/","title":{"rendered":"C\u1ee5m b\u00e0n l\u00e0m vi\u1ec7c NTVMD02-2C17"},"content":{"rendered":"<p data-start=\"655\" data-end=\"976\"><strong data-start=\"655\" data-end=\"688\">C\u1ee5m b\u00e0n l\u00e0m vi\u1ec7c NTVMD02-2C17<\/strong> l\u00e0 l\u1ef1a ch\u1ecdn ho\u00e0n h\u1ea3o cho kh\u00f4ng gian v\u0103n ph\u00f2ng hi\u1ec7n \u0111\u1ea1i, \u0111\u1ec1 cao s\u1ef1 chuy\u00ean nghi\u1ec7p v\u00e0 t\u00ednh k\u1ebft n\u1ed1i trong m\u00f4i tr\u01b0\u1eddng l\u00e0m vi\u1ec7c nh\u00f3m. V\u1edbi thi\u1ebft k\u1ebf modul 2 ch\u1ed7 ng\u1ed3i, s\u1ea3n ph\u1ea9m mang \u0111\u1ebfn b\u1ed1 c\u1ee5c g\u1ecdn g\u00e0ng, khoa h\u1ecdc, gi\u00fap t\u1ed1i \u01b0u di\u1ec7n t\u00edch m\u00e0 v\u1eabn \u0111\u1ea3m b\u1ea3o s\u1ef1 ri\u00eang t\u01b0 v\u00e0 tho\u1ea3i m\u00e1i cho t\u1eebng nh\u00e2n vi\u00ean.<\/p>\n<p data-start=\"978\" data-end=\"1442\">\u0110i\u1ec3m nh\u1ea5n n\u1ed5i b\u1eadt c\u1ee7a <strong data-start=\"1000\" data-end=\"1016\">NTVMD02-2C17<\/strong> n\u1eb1m \u1edf h\u1ec7 khung ch\u00e2n C17 \u2013 d\u00f2ng ch\u00e2n th\u00e9p bi\u00ean d\u1ea1ng m\u1edbi \u0111\u01b0\u1ee3c thi\u1ebft k\u1ebf v\u1eefng ch\u1eafc, tinh t\u1ebf v\u00e0 mang \u0111\u1eadm phong c\u00e1ch c\u00f4ng nghi\u1ec7p hi\u1ec7n \u0111\u1ea1i. Ch\u00e2n b\u00e0n \u0111\u01b0\u1ee3c gia c\u00f4ng t\u1eeb th\u00e9p \u1ed1ng d\u00e0y, s\u01a1n t\u0129nh \u0111i\u1ec7n cao c\u1ea5p gi\u00fap ch\u1ed1ng g\u1ec9 s\u00e9t, t\u0103ng \u0111\u1ed9 b\u1ec1n v\u00e0 \u0111\u1ea3m b\u1ea3o t\u00ednh th\u1ea9m m\u1ef9 l\u00e2u d\u00e0i. Ph\u1ea7n y\u1ebfm b\u00e0n b\u1eb1ng t\u00f4n t\u1ea1o th\u00eam s\u1ef1 ch\u1eafc ch\u1eafn, \u0111\u1ed3ng th\u1eddi gi\u00fap che ch\u1eafn g\u1ecdn g\u00e0ng ph\u1ea7n ch\u00e2n ng\u01b0\u1eddi ng\u1ed3i, mang l\u1ea1i c\u1ea3m gi\u00e1c chuy\u00ean nghi\u1ec7p cho to\u00e0n b\u1ed9 kh\u00f4ng gian l\u00e0m vi\u1ec7c.<\/p>\n<p data-start=\"1444\" data-end=\"1807\">M\u1eb7t b\u00e0n \u0111\u01b0\u1ee3c ph\u1ee7 <strong data-start=\"1461\" data-end=\"1490\">Laminate k\u1ebft h\u1ee3p Melamine<\/strong>, m\u1ed9t s\u1ef1 k\u1ebft h\u1ee3p tinh t\u1ebf gi\u1eefa \u0111\u1ed9 b\u1ec1n v\u00e0 v\u1ebb \u0111\u1eb9p th\u1ea9m m\u1ef9. L\u1edbp Laminate ch\u1ed1ng tr\u1ea7y x\u01b0\u1edbc, ch\u1ecbu nhi\u1ec7t v\u00e0 ch\u1ed1ng \u1ea9m t\u1ed1t, th\u00edch h\u1ee3p cho m\u00f4i tr\u01b0\u1eddng v\u0103n ph\u00f2ng th\u01b0\u1eddng xuy\u00ean s\u1eed d\u1ee5ng m\u00e1y t\u00ednh, t\u00e0i li\u1ec7u v\u00e0 c\u00e1c thi\u1ebft b\u1ecb \u0111i\u1ec7n t\u1eed. Trong khi \u0111\u00f3, Melamine g\u00f3p ph\u1ea7n t\u1ea1o n\u00ean b\u1ec1 m\u1eb7t m\u1ecbn m\u00e0ng, d\u1ec5 lau ch\u00f9i, gi\u1eef b\u00e0n lu\u00f4n s\u1ea1ch s\u1ebd v\u00e0 m\u1edbi m\u1ebb.<\/p>\n<p data-start=\"1809\" data-end=\"2184\">C\u1ee5m b\u00e0n c\u00f2n \u0111\u01b0\u1ee3c thi\u1ebft k\u1ebf v\u1edbi <strong data-start=\"1839\" data-end=\"1883\">v\u00e1ch ng\u0103n g\u1ed7 k\u1ebft h\u1ee3p \u1ed1ng th\u00e9p kh\u1eafc laser<\/strong>, mang \u0111\u1ebfn s\u1ef1 ri\u00eang t\u01b0 v\u1eeba \u0111\u1ee7 gi\u1eefa hai v\u1ecb tr\u00ed l\u00e0m vi\u1ec7c, \u0111\u1ed3ng th\u1eddi t\u1ea1o hi\u1ec7u \u1ee9ng trang tr\u00ed n\u1ed5i b\u1eadt, g\u00f3p ph\u1ea7n t\u0103ng t\u00ednh th\u1ea9m m\u1ef9 cho t\u1ed5ng th\u1ec3 kh\u00f4ng gian. V\u00e1ch ng\u0103n n\u00e0y kh\u00f4ng ch\u1ec9 l\u00e0 \u0111i\u1ec3m nh\u1ea5n \u0111\u1ed9c \u0111\u00e1o m\u00e0 c\u00f2n gi\u00fap ph\u00e2n chia khu v\u1ef1c c\u00e1 nh\u00e2n m\u1ed9t c\u00e1ch tinh t\u1ebf, h\u1ed7 tr\u1ee3 ng\u01b0\u1eddi d\u00f9ng t\u1eadp trung h\u01a1n trong c\u00f4ng vi\u1ec7c.<\/p>\n<p data-start=\"2186\" data-end=\"2447\">Ph\u1ea7n <strong data-start=\"2191\" data-end=\"2229\">h\u1ed9c t\u1ee7 li\u1ec1n b\u00e0n c\u00f3 kh\u00f3a s\u1ed1 an to\u00e0n<\/strong>, \u0111\u1ea3m b\u1ea3o s\u1ef1 ti\u1ec7n l\u1ee3i trong vi\u1ec7c l\u01b0u tr\u1eef t\u00e0i li\u1ec7u, h\u1ed3 s\u01a1 hay v\u1eadt d\u1ee5ng c\u00e1 nh\u00e2n. \u0110\u00e2y l\u00e0 m\u1ed9t chi ti\u1ebft \u0111\u01b0\u1ee3c nhi\u1ec1u doanh nghi\u1ec7p \u0111\u00e1nh gi\u00e1 cao, v\u00ec v\u1eeba t\u0103ng t\u00ednh an to\u00e0n, v\u1eeba gi\u00fap b\u00e0n l\u00e0m vi\u1ec7c lu\u00f4n g\u1ecdn g\u00e0ng v\u00e0 chuy\u00ean nghi\u1ec7p.<\/p>\n<p data-start=\"2449\" data-end=\"2510\">D\u00f2ng <strong data-start=\"2454\" data-end=\"2466\">ch\u00e2n C17<\/strong> \u0111\u01b0\u1ee3c s\u1ea3n xu\u1ea5t v\u1edbi hai l\u1ef1a ch\u1ecdn ch\u1ea5t li\u1ec7u:<\/p>\n<ul data-start=\"2511\" data-end=\"2888\">\n<li data-start=\"2511\" data-end=\"2730\">\n<p data-start=\"2513\" data-end=\"2730\"><strong data-start=\"2513\" data-end=\"2534\">Phi\u00ean b\u1ea3n cao c\u1ea5p<\/strong> s\u1eed d\u1ee5ng Laminate k\u1ebft h\u1ee3p Melamine v\u1edbi c\u00e1c m\u00e3 m\u00e0u <strong data-start=\"2584\" data-end=\"2593\">L2M12<\/strong> v\u00e0 <strong data-start=\"2597\" data-end=\"2606\">L5M52<\/strong>, trong \u0111\u00f3 m\u1eb7t b\u00e0n \u0111\u01b0\u1ee3c bo m\u1ecf v\u1ecbt v\u00e0 c\u00e1c chi ti\u1ebft c\u1ea1nh h\u1ed9c, c\u00e1nh t\u1ee7 \u0111\u01b0\u1ee3c bo \u00bc \u0111\u01b0\u1eddng tr\u00f2n t\u1ea1o c\u1ea3m gi\u00e1c m\u1ec1m m\u1ea1i, sang tr\u1ecdng.<\/p>\n<\/li>\n<li data-start=\"2731\" data-end=\"2888\">\n<p data-start=\"2733\" data-end=\"2888\"><strong data-start=\"2733\" data-end=\"2756\">Phi\u00ean b\u1ea3n ph\u1ed5 th\u00f4ng<\/strong> d\u00f9ng Melamine to\u00e0n b\u1ed9 v\u1edbi m\u00e3 m\u00e0u <strong data-start=\"2790\" data-end=\"2800\">M32M26<\/strong>, c\u00e1c c\u1ea1nh vu\u00f4ng g\u00f3c kh\u1ecfe kho\u1eafn, ph\u00f9 h\u1ee3p v\u1edbi phong c\u00e1ch t\u1ed1i gi\u1ea3n v\u00e0 ti\u1ebft ki\u1ec7m chi ph\u00ed.<\/p>\n<\/li>\n<\/ul>\n<p data-start=\"2890\" data-end=\"3102\">Hi\u1ec7n t\u1ea1i, s\u1ea3n ph\u1ea9m \u0111\u01b0\u1ee3c <strong data-start=\"2914\" data-end=\"2948\">s\u1ea3n xu\u1ea5t t\u1ed3n kho v\u1edbi m\u00e0u L5M52<\/strong>, mang s\u1eafc th\u00e1i trung t\u00ednh, d\u1ec5 ph\u1ed1i h\u1ee3p c\u00f9ng c\u00e1c t\u00f4ng n\u1ed9i th\u1ea5t kh\u00e1c. C\u00e1c m\u00e3 m\u00e0u L2M12 v\u00e0 M32M26 v\u1eabn c\u00f3 th\u1ec3 \u0111\u1eb7t h\u00e0ng ri\u00eang theo nhu c\u1ea7u c\u1ee7a doanh nghi\u1ec7p.<\/p>\n<p data-start=\"3104\" data-end=\"3523\"><strong data-start=\"3104\" data-end=\"3137\">C\u1ee5m b\u00e0n l\u00e0m vi\u1ec7c NTVMD02-2C17<\/strong> kh\u00f4ng ch\u1ec9 ph\u00f9 h\u1ee3p cho c\u00e1c v\u0103n ph\u00f2ng c\u00f4ng ty, m\u00e0 c\u00f2n l\u00e0 l\u1ef1a ch\u1ecdn l\u00fd t\u01b0\u1edfng cho c\u00e1c trung t\u00e2m \u0111\u00e0o t\u1ea1o, kh\u00f4ng gian l\u00e0m vi\u1ec7c chung (coworking space) hay khu v\u1ef1c l\u00e0m vi\u1ec7c nh\u00f3m trong doanh nghi\u1ec7p. V\u1edbi thi\u1ebft k\u1ebf hi\u1ec7n \u0111\u1ea1i, v\u1eadt li\u1ec7u ch\u1ea5t l\u01b0\u1ee3ng cao v\u00e0 t\u00ednh \u1ee9ng d\u1ee5ng linh ho\u1ea1t, s\u1ea3n ph\u1ea9m mang \u0111\u1ebfn gi\u00e1 tr\u1ecb s\u1eed d\u1ee5ng b\u1ec1n v\u1eefng, g\u00f3p ph\u1ea7n x\u00e2y d\u1ef1ng h\u00ecnh \u1ea3nh v\u0103n ph\u00f2ng chuy\u00ean nghi\u1ec7p, n\u0103ng \u0111\u1ed9ng v\u00e0 hi\u1ec7u qu\u1ea3.<\/p>\n<p data-start=\"3525\" data-end=\"3750\" data-is-last-node=\"\" data-is-only-node=\"\">N\u1ebfu doanh nghi\u1ec7p b\u1ea1n \u0111ang t\u00ecm ki\u1ebfm gi\u1ea3i ph\u00e1p n\u1ed9i th\u1ea5t v\u1eeba \u0111\u1ea3m b\u1ea3o t\u00ednh th\u1ea9m m\u1ef9, v\u1eeba t\u0103ng n\u0103ng su\u1ea5t l\u00e0m vi\u1ec7c, <strong data-start=\"3634\" data-end=\"3650\">NTVMD02-2C17<\/strong> ch\u00ednh l\u00e0 l\u1ef1a ch\u1ecdn ho\u00e0n h\u1ea3o \u2013 bi\u1ec3u t\u01b0\u1ee3ng c\u1ee7a phong c\u00e1ch, s\u1ef1 b\u1ec1n b\u1ec9 v\u00e0 tinh t\u1ebf trong t\u1eebng chi ti\u1ebft.<\/p>\n","protected":false},"excerpt":{"rendered":"<p data-start=\"32\" data-end=\"251\">C\u1ee5m b\u00e0n l\u00e0m vi\u1ec7c NTVMD02-2C17 l\u00e0 modul 2 ch\u1ed7 c\u00f3 ch\u00e2n \u1ed1ng th\u00e9p bi\u00ean d\u1ea1ng m\u1edbi. B\u00e0n s\u1eed d\u1ee5ng g\u1ed7 ph\u1ee7 Laminate k\u1ebft h\u1ee3p melamine. M\u1eb7t b\u00e0n c\u00f3 v\u00e1ch g\u1ed7 k\u1ebft h\u1ee3p \u1ed1ng th\u00e9p kh\u1eafc lazer. Ng\u0103n k\u00e9o h\u1ed9c c\u00f3 s\u1eed d\u1ee5ng kh\u00f3a s\u1ed1.<\/p>\n<p data-start=\"253\" data-end=\"297\">K\u00edch th\u01b0\u1edbc: W1400 x D2400 x H750\u20131050 (mm)<\/p>\n<p data-start=\"253\" data-end=\"297\">Laminate k\u1ebft h\u1ee3p Melamine &#8211; <span style=\"color: #ed1c24; font-size: 120%;\"><strong>6.569.000 \u0111<\/strong><\/span><br \/>\nMelamine to\u00e0n b\u1ed9 &#8211; <span style=\"color: #ed1c24; font-size: 120%;\"><strong>5.250.000 \u0111<\/strong><\/span><\/p>\n<p data-start=\"299\" data-end=\"449\">Xu\u1ea5t x\u1ee9: S\u1ea3n ph\u1ea9m c\u1ee7a <strong data-start=\"321\" data-end=\"349\">C\u00d4NG TY N\u1ed8I TH\u1ea4T THE ONE<\/strong> \u2013 Ph\u00e2n ph\u1ed1i b\u1edfi <strong data-start=\"366\" data-end=\"402\">C\u00d4NG TY TNHH SXTM TTNT H\u1eeeU TH\u1ecaNH<\/strong><br data-start=\"402\" data-end=\"405\" \/>B\u1ea3o h\u00e0nh: 12 th\u00e1ng theo ti\u00eau chu\u1ea9n nh\u00e0 m\u00e1y<\/p>\n<p data-start=\"451\" data-end=\"605\"><span style=\"color: #ed1c24;\"><em data-start=\"451\" data-end=\"603\">L\u01b0u \u00fd: Gi\u00e1 tr\u00ean ch\u01b0a bao g\u1ed3m VAT v\u00e0 ph\u00ed v\u1eadn chuy\u1ec3n. Gi\u00e1 s\u1ea3n ph\u1ea9m c\u00f3 th\u1ec3 thay \u0111\u1ed5i theo t\u1eebng th\u1eddi \u0111i\u1ec3m, vui l\u00f2ng li\u00ean h\u1ec7 \u0111\u1ec3 nh\u1eadn t\u01b0 v\u1ea5n \u01b0u \u0111\u00e3i t\u1ed1t nh\u1ea5t.<\/em><\/span><\/p>\n","protected":false},"featured_media":3831,"comment_status":"open","ping_status":"closed","template":"","meta":[],"product_brand":[],"product_cat":[17,180],"product_tag":[],"class_list":{"0":"post-3830","1":"product","2":"type-product","3":"status-publish","4":"has-post-thumbnail","6":"product_cat-noi-that-van-phong","7":"product_cat-cum-ban-lam-viec","9":"first","10":"instock","11":"taxable","12":"shipping-taxable","13":"purchasable","14":"product-type-simple"},"_links":{"self":[{"href":"https:\/\/noithathuuthinhvn214.mbws.vn\/zh-hans\/wp-json\/wp\/v2\/product\/3830","targetHints":{"allow":["GET"]}}],"collection":[{"href":"https:\/\/noithathuuthinhvn214.mbws.vn\/zh-hans\/wp-json\/wp\/v2\/product"}],"about":[{"href":"https:\/\/noithathuuthinhvn214.mbws.vn\/zh-hans\/wp-json\/wp\/v2\/types\/product"}],"replies":[{"embeddable":true,"href":"https:\/\/noithathuuthinhvn214.mbws.vn\/zh-hans\/wp-json\/wp\/v2\/comments?post=3830"}],"wp:featuredmedia":[{"embeddable":true,"href":"https:\/\/noithathuuthinhvn214.mbws.vn\/zh-hans\/wp-json\/wp\/v2\/media\/3831"}],"wp:attachment":[{"href":"https:\/\/noithathuuthinhvn214.mbws.vn\/zh-hans\/wp-json\/wp\/v2\/media?parent=3830"}],"wp:term":[{"taxonomy":"product_brand","embeddable":true,"href":"https:\/\/noithathuuthinhvn214.mbws.vn\/zh-hans\/wp-json\/wp\/v2\/product_brand?post=3830"},{"taxonomy":"product_cat","embeddable":true,"href":"https:\/\/noithathuuthinhvn214.mbws.vn\/zh-hans\/wp-json\/wp\/v2\/product_cat?post=3830"},{"taxonomy":"product_tag","embeddable":true,"href":"https:\/\/noithathuuthinhvn214.mbws.vn\/zh-hans\/wp-json\/wp\/v2\/product_tag?post=3830"}],"curies":[{"name":"wp","href":"https:\/\/api.w.org\/{rel}","templated":true}]}}