{"id":3813,"date":"2025-10-23T08:46:41","date_gmt":"2025-10-23T01:46:41","guid":{"rendered":"https:\/\/noithathuuthinh.vn\/?post_type=product&#038;p=3813"},"modified":"2025-11-24T14:33:38","modified_gmt":"2025-11-24T07:33:38","slug":"ban-nhan-vien-ntv120sc17","status":"publish","type":"product","link":"https:\/\/noithathuuthinhvn214.mbws.vn\/zh-hans\/san-pham\/ban-nhan-vien-ntv120sc17\/","title":{"rendered":"B\u00e0n nh\u00e2n vi\u00ean NTV120SC17"},"content":{"rendered":"<p data-start=\"1150\" data-end=\"1544\"><strong data-start=\"1192\" data-end=\"1220\">B\u00e0n nh\u00e2n vi\u00ean NTV120SC17<\/strong> l\u00e0 l\u1ef1a ch\u1ecdn ho\u00e0n h\u1ea3o cho nh\u1eefng kh\u00f4ng gian l\u00e0m vi\u1ec7c hi\u1ec7n \u0111\u1ea1i, n\u01a1i \u0111\u1ec1 cao t\u00ednh th\u1ea9m m\u1ef9, s\u1ef1 b\u1ec1n b\u1ec9 v\u00e0 c\u00f4ng n\u0103ng s\u1eed d\u1ee5ng t\u1ed1i \u01b0u. Thi\u1ebft k\u1ebf c\u1ee7a b\u00e0n n\u1ed5i b\u1eadt v\u1edbi khung ch\u00e2n s\u1eaft C17 bi\u00ean d\u1ea1ng m\u1edbi, mang \u0111\u1ebfn s\u1ef1 v\u1eefng ch\u1eafc, kh\u1ecfe kho\u1eafn v\u00e0 phong c\u00e1ch c\u00f4ng nghi\u1ec7p hi\u1ec7n \u0111\u1ea1i \u2013 m\u1ed9t xu h\u01b0\u1edbng \u0111ang \u0111\u01b0\u1ee3c \u01b0a chu\u1ed9ng trong c\u00e1c v\u0103n ph\u00f2ng ng\u00e0y nay.<\/p>\n<p data-start=\"1546\" data-end=\"1892\">M\u1eb7t b\u00e0n \u0111\u01b0\u1ee3c ch\u1ebf t\u00e1c t\u1eeb g\u1ed7 c\u00f4ng nghi\u1ec7p cao c\u1ea5p ph\u1ee7 Laminate, k\u1ebft h\u1ee3p l\u1edbp Melamine ch\u1ed1ng tr\u1ea7y x\u01b0\u1edbc, ch\u1ed1ng th\u1ea5m v\u00e0 d\u1ec5 lau ch\u00f9i. S\u1ef1 k\u1ebft h\u1ee3p gi\u1eefa hai v\u1eadt li\u1ec7u n\u00e0y gi\u00fap b\u00e0n c\u00f3 \u0111\u1ed9 b\u1ec1n v\u01b0\u1ee3t tr\u1ed9i, m\u00e0u s\u1eafc t\u01b0\u01a1i s\u00e1ng, kh\u00f3 phai theo th\u1eddi gian. Ph\u1ea7n ch\u00e2n s\u1eaft \u0111\u01b0\u1ee3c s\u01a1n t\u0129nh \u0111i\u1ec7n c\u00f4ng ngh\u1ec7 cao, ch\u1ed1ng r\u1ec9 s\u00e9t, gi\u00fap b\u00e0n lu\u00f4n gi\u1eef \u0111\u01b0\u1ee3c v\u1ebb m\u1edbi d\u00f9 s\u1eed d\u1ee5ng l\u00e2u d\u00e0i.<\/p>\n<p data-start=\"1894\" data-end=\"2288\">M\u1ed9t \u0111i\u1ec3m nh\u1ea5n \u0111\u1eb7c bi\u1ec7t c\u1ee7a <strong data-start=\"1921\" data-end=\"1935\">NTV120SC17<\/strong> l\u00e0 y\u1ebfm t\u00f4n li\u1ec1n kh\u1ed1i \u0111\u01b0\u1ee3c thi\u1ebft k\u1ebf tinh t\u1ebf, v\u1eeba t\u0103ng \u0111\u1ed9 c\u1ee9ng cho khung b\u00e0n, v\u1eeba \u0111\u1ea3m b\u1ea3o t\u00ednh ri\u00eang t\u01b0 cho ng\u01b0\u1eddi d\u00f9ng. Y\u1ebfm \u0111\u01b0\u1ee3c gia c\u00f4ng t\u1ec9 m\u1ec9, b\u1ec1 m\u1eb7t s\u01a1n t\u0129nh \u0111i\u1ec7n \u0111\u1ed3ng b\u1ed9 v\u1edbi ch\u00e2n b\u00e0n, t\u1ea1o n\u00ean t\u1ed5ng th\u1ec3 th\u1ed1ng nh\u1ea5t, sang tr\u1ecdng. M\u1eb7t b\u00e0n bo m\u1ecf v\u1ecbt nh\u1eb9 nh\u00e0ng \u2013 chi ti\u1ebft t\u01b0\u1edfng ch\u1eebng nh\u1ecf nh\u01b0ng mang l\u1ea1i c\u1ea3m gi\u00e1c m\u1ec1m m\u1ea1i, tinh t\u1ebf v\u00e0 an to\u00e0n h\u01a1n khi s\u1eed d\u1ee5ng.<\/p>\n<p data-start=\"2290\" data-end=\"2737\">B\u00e0n \u0111\u01b0\u1ee3c s\u1ea3n xu\u1ea5t theo hai phi\u00ean b\u1ea3n ch\u1ea5t li\u1ec7u \u0111\u1ec3 \u0111\u00e1p \u1ee9ng nhu c\u1ea7u \u0111a d\u1ea1ng c\u1ee7a ng\u01b0\u1eddi d\u00f9ng. V\u1edbi d\u00f2ng <strong data-start=\"2389\" data-end=\"2422\">cao c\u1ea5p (Laminate + Melamine)<\/strong>, ng\u01b0\u1eddi d\u00f9ng s\u1ebd c\u1ea3m nh\u1eadn \u0111\u01b0\u1ee3c s\u1ef1 tinh t\u1ebf trong t\u1eebng \u0111\u01b0\u1eddng n\u00e9t, ph\u00f9 h\u1ee3p cho c\u00e1c v\u0103n ph\u00f2ng hi\u1ec7n \u0111\u1ea1i, kh\u00f4ng gian l\u00e3nh \u0111\u1ea1o c\u1ea5p trung ho\u1eb7c ph\u00f2ng nh\u00e2n s\u1ef1 cao c\u1ea5p. Trong khi \u0111\u00f3, d\u00f2ng <strong data-start=\"2598\" data-end=\"2630\">ph\u1ed5 th\u00f4ng (Melamine to\u00e0n b\u1ed9)<\/strong> l\u1ea1i l\u00e0 gi\u1ea3i ph\u00e1p t\u1ed1i \u01b0u v\u1ec1 chi ph\u00ed nh\u01b0ng v\u1eabn gi\u1eef \u0111\u01b0\u1ee3c s\u1ef1 ch\u1eafc ch\u1eafn, th\u1ea9m m\u1ef9 v\u00e0 t\u00ednh ti\u1ec7n d\u1ee5ng c\u1ea7n thi\u1ebft.<\/p>\n<p data-start=\"2739\" data-end=\"3026\">M\u00e0u s\u1eafc ch\u1ee7 \u0111\u1ea1o c\u1ee7a b\u00e0n l\u00e0 <strong data-start=\"2766\" data-end=\"2775\">L5M52<\/strong>, gam m\u00e0u trung t\u00ednh hi\u1ec7n \u0111\u1ea1i, d\u1ec5 ph\u1ed1i h\u1ee3p v\u1edbi c\u00e1c m\u1eabu gh\u1ebf nh\u00e2n vi\u00ean, t\u1ee7 t\u00e0i li\u1ec7u ho\u1eb7c v\u00e1ch ng\u0103n v\u0103n ph\u00f2ng. Ngo\u00e0i ra, kh\u00e1ch h\u00e0ng c\u00f3 th\u1ec3 \u0111\u1eb7t m\u00e0u ri\u00eang nh\u01b0 <strong data-start=\"2929\" data-end=\"2938\">L2M12<\/strong> hay <strong data-start=\"2943\" data-end=\"2953\">M32M26<\/strong> \u0111\u1ec3 \u0111\u1ed3ng b\u1ed9 v\u1edbi phong c\u00e1ch thi\u1ebft k\u1ebf n\u1ed9i th\u1ea5t t\u1ed5ng th\u1ec3 c\u1ee7a c\u00f4ng ty m\u00ecnh.<\/p>\n<p data-start=\"3028\" data-end=\"3446\"><strong data-start=\"3028\" data-end=\"3056\">B\u00e0n nh\u00e2n vi\u00ean NTV120SC17<\/strong> kh\u00f4ng ch\u1ec9 \u0111\u1eb9p v\u1ec1 h\u00ecnh th\u1ee9c m\u00e0 c\u00f2n mang \u0111\u1ebfn s\u1ef1 tho\u1ea3i m\u00e1i cho ng\u01b0\u1eddi s\u1eed d\u1ee5ng. K\u00edch th\u01b0\u1edbc ti\u00eau chu\u1ea9n gi\u00fap b\u1ed1 tr\u00ed m\u00e1y t\u00ednh, h\u1ed3 s\u01a1, v\u1eadt d\u1ee5ng c\u00e1 nh\u00e2n m\u1ed9t c\u00e1ch khoa h\u1ecdc. C\u1ea5u tr\u00fac b\u00e0n ch\u1eafc ch\u1eafn, kh\u00f4ng rung l\u1eafc khi g\u00f5 b\u00e0n ph\u00edm ho\u1eb7c l\u00e0m vi\u1ec7c c\u01b0\u1eddng \u0111\u1ed9 cao. C\u00e1c c\u1ea1nh b\u00e0n \u0111\u01b0\u1ee3c x\u1eed l\u00fd k\u1ef9 c\u00e0ng, bo tr\u00f2n an to\u00e0n, h\u1ea1n ch\u1ebf va ch\u1ea1m, ph\u00f9 h\u1ee3p c\u1ea3 v\u1edbi m\u00f4i tr\u01b0\u1eddng l\u00e0m vi\u1ec7c n\u0103ng \u0111\u1ed9ng ho\u1eb7c kh\u00f4ng gian chia s\u1ebb chung.<\/p>\n<p data-start=\"3448\" data-end=\"3736\">B\u00ean c\u1ea1nh y\u1ebfu t\u1ed1 th\u1ea9m m\u1ef9, d\u00f2ng ch\u00e2n s\u1eaft C17 c\u00f2n \u0111\u01b0\u1ee3c \u0111\u00e1nh gi\u00e1 cao b\u1edfi kh\u1ea3 n\u0103ng ch\u1ecbu t\u1ea3i t\u1ed1t, d\u1ec5 th\u00e1o l\u1eafp, thu\u1eadn ti\u1ec7n cho vi\u1ec7c di chuy\u1ec3n ho\u1eb7c thay \u0111\u1ed5i b\u1ed1 c\u1ee5c v\u0103n ph\u00f2ng. B\u1ec1 m\u1eb7t s\u01a1n t\u0129nh \u0111i\u1ec7n ch\u1ed1ng \u0103n m\u00f2n gi\u00fap b\u00e0n gi\u1eef \u0111\u01b0\u1ee3c m\u00e0u s\u1eafc b\u1ec1n \u0111\u1eb9p qua th\u1eddi gian, k\u1ec3 c\u1ea3 trong m\u00f4i tr\u01b0\u1eddng c\u00f3 \u0111\u1ed9 \u1ea9m cao.<\/p>\n<p data-start=\"3738\" data-end=\"4066\">N\u1ebfu b\u1ea1n \u0111ang t\u00ecm ki\u1ebfm m\u1ed9t m\u1eabu b\u00e0n nh\u00e2n vi\u00ean v\u1eeba c\u00f3 thi\u1ebft k\u1ebf tinh t\u1ebf, v\u1eeba \u0111\u1ea3m b\u1ea3o \u0111\u1ed9 b\u1ec1n v\u00e0 t\u00ednh linh ho\u1ea1t, <strong data-start=\"3845\" data-end=\"3859\">NTV120SC17<\/strong> ch\u00ednh l\u00e0 l\u1ef1a ch\u1ecdn l\u00fd t\u01b0\u1edfng. S\u1ea3n ph\u1ea9m \u0111\u01b0\u1ee3c s\u1ea3n xu\u1ea5t b\u1edfi <strong data-start=\"3915\" data-end=\"3935\">N\u1ed8I TH\u1ea4T THE ONE<\/strong> \u2013 th\u01b0\u01a1ng hi\u1ec7u h\u00e0ng \u0111\u1ea7u trong l\u0129nh v\u1ef1c n\u1ed9i th\u1ea5t v\u0103n ph\u00f2ng Vi\u1ec7t Nam, \u0111\u1ea3m b\u1ea3o ch\u1ea5t l\u01b0\u1ee3ng, th\u1ea9m m\u1ef9 v\u00e0 d\u1ecbch v\u1ee5 h\u1eadu m\u00e3i chuy\u00ean nghi\u1ec7p.<\/p>\n<p data-start=\"4068\" data-end=\"4310\" data-is-last-node=\"\" data-is-only-node=\"\">H\u00e3y li\u00ean h\u1ec7 ngay <strong data-start=\"4085\" data-end=\"4121\">C\u00d4NG TY TNHH SXTM TTNT H\u1eeeU TH\u1ecaNH<\/strong> \u0111\u1ec3 \u0111\u01b0\u1ee3c t\u01b0 v\u1ea5n chi ti\u1ebft, nh\u1eadn b\u00e1o gi\u00e1 \u01b0u \u0111\u00e3i v\u00e0 tr\u1ea3i nghi\u1ec7m th\u1ef1c t\u1ebf s\u1ea3n ph\u1ea9m <strong data-start=\"4199\" data-end=\"4227\">b\u00e0n nh\u00e2n vi\u00ean NTV120SC17<\/strong> \u2013 gi\u1ea3i ph\u00e1p ho\u00e0n h\u1ea3o cho kh\u00f4ng gian l\u00e0m vi\u1ec7c hi\u1ec7n \u0111\u1ea1i, n\u0103ng su\u1ea5t v\u00e0 chuy\u00ean nghi\u1ec7p.<\/p>\n","protected":false},"excerpt":{"rendered":"<p data-start=\"0\" data-end=\"330\">B\u00e0n nh\u00e2n vi\u00ean NTV120SC17 thu\u1ed9c d\u00f2ng b\u00e0n ch\u00e2n s\u1eaft C17 hi\u1ec7n \u0111\u1ea1i, thi\u1ebft k\u1ebf v\u1edbi ch\u00e2n \u1ed1ng th\u00e9p bi\u00ean d\u1ea1ng m\u1edbi k\u1ebft h\u1ee3p y\u1ebfm t\u00f4n v\u1eefng ch\u1eafc. M\u1eb7t b\u00e0n s\u1eed d\u1ee5ng g\u1ed7 ph\u1ee7 Laminate cao c\u1ea5p, mang l\u1ea1i v\u1ebb sang tr\u1ecdng v\u00e0 \u0111\u1ed9 b\u1ec1n cao, ph\u00f9 h\u1ee3p cho kh\u00f4ng gian l\u00e0m vi\u1ec7c v\u0103n ph\u00f2ng chuy\u00ean nghi\u1ec7p.<\/p>\n<p data-start=\"424\" data-end=\"731\">D\u00f2ng Ch\u00e2n C17 \u0111\u01b0\u1ee3c \u00e1p d\u1ee5ng v\u1edbi 2 ch\u1ea5t li\u1ec7u:<br data-start=\"467\" data-end=\"470\" \/>Ch\u1ea5t li\u1ec7u cao c\u1ea5p: Laminate k\u1ebft h\u1ee3p Melamine \u2013 M\u00e0u L2M12 v\u00e0 L5M52. M\u1eb7t b\u00e0n bo m\u1ecf v\u1ecbt, c\u00e1c chi ti\u1ebft ng\u0103n k\u00e9o v\u00e0 c\u1ea1nh t\u1ee7 \u0111\u01b0\u1ee3c bo 1\/4 \u0111\u01b0\u1eddng tr\u00f2n tinh t\u1ebf.<br data-start=\"620\" data-end=\"623\" \/>Ch\u1ea5t li\u1ec7u ph\u1ed5 th\u00f4ng: Melamine to\u00e0n b\u1ed9 \u2013 M\u00e0u M32M52. C\u00e1c c\u1ea1nh vu\u00f4ng, ki\u1ec3u d\u00e1ng g\u1ecdn g\u00e0ng, ti\u1ebft ki\u1ec7m chi ph\u00ed.<br \/>\nLaminate k\u1ebft h\u1ee3p Melamine :<br data-start=\"343\" data-end=\"346\" \/>W1200 x D600 x H750 (mm) &#8211; <span style=\"color: #ed1c24; font-size: 120%;\"><strong>2.094.000 \u0111<\/strong><\/span><br data-start=\"382\" data-end=\"385\" \/>W1200 x D700 x H750 (mm) &#8211; <span style=\"font-size: 120%; color: #ed1c24;\"><strong>2.233.000 \u0111<\/strong><\/span><br \/>\nW1400 x D600 x H750 (mm) &#8211; <span style=\"font-size: 120%; color: #ed1c24;\"><strong>2.307.000 \u0111<\/strong><\/span><br data-start=\"382\" data-end=\"385\" \/>W1400 x D700 x H750 (mm) &#8211; <span style=\"font-size: 120%; color: #ed1c24;\"><strong>2.444.000 \u0111<\/strong><\/span><br \/>\nW1600 x D700 x H750 (mm) &#8211; <span style=\"font-size: 120%; color: #ed1c24;\"><strong>2.614.000 \u0111<\/strong><\/span><\/p>\n<p data-start=\"424\" data-end=\"731\">Melamine to\u00e0n b\u1ed9 :<br \/>\nW1200 x D600 x H750 (mm) &#8211; <span style=\"font-size: 120%; color: #ed1c24;\"><strong>1.989.000 \u0111<\/strong><\/span><br data-start=\"382\" data-end=\"385\" \/>W1200 x D700 x H750 (mm) &#8211; <strong><span style=\"color: #ed1c24; font-size: 120%;\">2.117.000 \u0111<\/span><\/strong><br \/>\nW1400 x D600 x H750 (mm) &#8211; <span style=\"font-size: 120%; color: #ed1c24;\"><strong>2.221.000 \u0111<\/strong><\/span><br data-start=\"382\" data-end=\"385\" \/>W1400 x D700 x H750 (mm) &#8211; <span style=\"font-size: 120%; color: #ed1c24;\"><strong>2.296.000 \u0111<\/strong><\/span><br \/>\nW1600 x D700 x H750 (mm) &#8211; <span style=\"color: #ed1c24; font-size: 120%;\"><strong>2.444.000 \u0111<\/strong><\/span><\/p>\n<p data-start=\"837\" data-end=\"987\">Xu\u1ea5t x\u1ee9: S\u1ea3n ph\u1ea9m c\u1ee7a <strong data-start=\"859\" data-end=\"887\">C\u00f4ng ty N\u1ed8I TH\u1ea4T THE ONE<\/strong> \u2013 Ph\u00e2n ph\u1ed1i b\u1edfi <strong data-start=\"904\" data-end=\"940\">C\u00d4NG TY TNHH SXTM TTNT H\u1eeeU TH\u1ecaNH<\/strong><br data-start=\"940\" data-end=\"943\" \/>B\u1ea3o h\u00e0nh: 12 th\u00e1ng theo ti\u00eau chu\u1ea9n nh\u00e0 m\u00e1y<\/p>\n<p data-start=\"989\" data-end=\"1143\"><span style=\"color: #ed1c24;\"><em data-start=\"989\" data-end=\"1141\">L\u01b0u \u00fd: Gi\u00e1 tr\u00ean ch\u01b0a bao g\u1ed3m VAT v\u00e0 ph\u00ed v\u1eadn chuy\u1ec3n. Gi\u00e1 s\u1ea3n ph\u1ea9m c\u00f3 th\u1ec3 thay \u0111\u1ed5i theo t\u1eebng th\u1eddi \u0111i\u1ec3m, vui l\u00f2ng li\u00ean h\u1ec7 \u0111\u1ec3 nh\u1eadn t\u01b0 v\u1ea5n \u01b0u \u0111\u00e3i t\u1ed1t nh\u1ea5t.<\/em><\/span><\/p>\n","protected":false},"featured_media":3814,"comment_status":"open","ping_status":"closed","template":"","meta":[],"product_brand":[],"product_cat":[17,179],"product_tag":[],"class_list":{"0":"post-3813","1":"product","2":"type-product","3":"status-publish","4":"has-post-thumbnail","6":"product_cat-noi-that-van-phong","7":"product_cat-ban-lam-viec-chan-sat","9":"first","10":"instock","11":"taxable","12":"shipping-taxable","13":"purchasable","14":"product-type-simple"},"_links":{"self":[{"href":"https:\/\/noithathuuthinhvn214.mbws.vn\/zh-hans\/wp-json\/wp\/v2\/product\/3813","targetHints":{"allow":["GET"]}}],"collection":[{"href":"https:\/\/noithathuuthinhvn214.mbws.vn\/zh-hans\/wp-json\/wp\/v2\/product"}],"about":[{"href":"https:\/\/noithathuuthinhvn214.mbws.vn\/zh-hans\/wp-json\/wp\/v2\/types\/product"}],"replies":[{"embeddable":true,"href":"https:\/\/noithathuuthinhvn214.mbws.vn\/zh-hans\/wp-json\/wp\/v2\/comments?post=3813"}],"wp:featuredmedia":[{"embeddable":true,"href":"https:\/\/noithathuuthinhvn214.mbws.vn\/zh-hans\/wp-json\/wp\/v2\/media\/3814"}],"wp:attachment":[{"href":"https:\/\/noithathuuthinhvn214.mbws.vn\/zh-hans\/wp-json\/wp\/v2\/media?parent=3813"}],"wp:term":[{"taxonomy":"product_brand","embeddable":true,"href":"https:\/\/noithathuuthinhvn214.mbws.vn\/zh-hans\/wp-json\/wp\/v2\/product_brand?post=3813"},{"taxonomy":"product_cat","embeddable":true,"href":"https:\/\/noithathuuthinhvn214.mbws.vn\/zh-hans\/wp-json\/wp\/v2\/product_cat?post=3813"},{"taxonomy":"product_tag","embeddable":true,"href":"https:\/\/noithathuuthinhvn214.mbws.vn\/zh-hans\/wp-json\/wp\/v2\/product_tag?post=3813"}],"curies":[{"name":"wp","href":"https:\/\/api.w.org\/{rel}","templated":true}]}}