{"id":3780,"date":"2025-10-22T15:04:45","date_gmt":"2025-10-22T08:04:45","guid":{"rendered":"https:\/\/noithathuuthinh.vn\/?post_type=product&#038;p=3780"},"modified":"2025-10-22T15:09:52","modified_gmt":"2025-10-22T08:09:52","slug":"cum-ban-lam-viec-hrmd07h1","status":"publish","type":"product","link":"https:\/\/noithathuuthinhvn214.mbws.vn\/zh-hans\/san-pham\/cum-ban-lam-viec-hrmd07h1\/","title":{"rendered":"C\u1ee5m b\u00e0n l\u00e0m vi\u1ec7c HRMD07H1"},"content":{"rendered":"<p data-start=\"752\" data-end=\"1118\"><strong data-start=\"794\" data-end=\"823\">C\u1ee5m b\u00e0n l\u00e0m vi\u1ec7c HRMD07H1<\/strong> l\u00e0 l\u1ef1a ch\u1ecdn ho\u00e0n h\u1ea3o d\u00e0nh cho c\u00e1c kh\u00f4ng gian v\u0103n ph\u00f2ng hi\u1ec7n \u0111\u1ea1i c\u1ea7n s\u1ef1 chuy\u00ean nghi\u1ec7p, tho\u00e1ng \u0111\u00e3ng v\u00e0 ti\u1ec7n d\u1ee5ng. V\u1edbi thi\u1ebft k\u1ebf module 4 ch\u1ed7 ng\u1ed3i, s\u1ea3n ph\u1ea9m mang l\u1ea1i gi\u1ea3i ph\u00e1p t\u1ed1i \u01b0u cho l\u00e0m vi\u1ec7c nh\u00f3m, \u0111\u1ed3ng th\u1eddi gi\u00fap ti\u1ebft ki\u1ec7m di\u1ec7n t\u00edch v\u00e0 \u0111\u1ea3m b\u1ea3o s\u1ef1 \u0111\u1ed3ng b\u1ed9 v\u1ec1 th\u1ea9m m\u1ef9 trong kh\u00f4ng gian n\u1ed9i th\u1ea5t.<\/p>\n<p data-start=\"1120\" data-end=\"1527\">\u0110i\u1ec3m n\u1ed5i b\u1eadt c\u1ee7a <strong data-start=\"1137\" data-end=\"1149\">HRMD07H1<\/strong> ch\u00ednh l\u00e0 ph\u1ea7n khung th\u00e9p tam gi\u00e1c \u0111\u01b0\u1ee3c thi\u1ebft k\u1ebf tinh t\u1ebf, ch\u1eafc ch\u1eafn v\u00e0 mang l\u1ea1i c\u1ea3m gi\u00e1c hi\u1ec7n \u0111\u1ea1i. Ch\u1ea5t li\u1ec7u th\u00e9p s\u01a1n t\u0129nh \u0111i\u1ec7n cao c\u1ea5p gi\u00fap khung b\u00e0n c\u00f3 kh\u1ea3 n\u0103ng ch\u1ecbu l\u1ef1c t\u1ed1t, ch\u1ed1ng oxy h\u00f3a v\u00e0 h\u1ea1n ch\u1ebf tr\u1ea7y x\u01b0\u1edbc trong qu\u00e1 tr\u00ecnh s\u1eed d\u1ee5ng. Ki\u1ec3u d\u00e1ng ch\u00e2n b\u00e0n tam gi\u00e1c v\u1eeba \u0111\u1ea3m b\u1ea3o \u0111\u1ed9 b\u1ec1n, v\u1eeba t\u1ea1o s\u1ef1 kh\u00e1c bi\u1ec7t th\u1ea9m m\u1ef9, khi\u1ebfn s\u1ea3n ph\u1ea9m tr\u1edf th\u00e0nh \u0111i\u1ec3m nh\u1ea5n trong kh\u00f4ng gian l\u00e0m vi\u1ec7c.<\/p>\n<p data-start=\"1529\" data-end=\"1905\">M\u1eb7t b\u00e0n \u0111\u01b0\u1ee3c l\u00e0m t\u1eeb g\u1ed7 c\u00f4ng nghi\u1ec7p ph\u1ee7 Melamine \u2013 lo\u1ea1i v\u1eadt li\u1ec7u ph\u1ed5 bi\u1ebfn trong thi\u1ebft k\u1ebf n\u1ed9i th\u1ea5t cao c\u1ea5p hi\u1ec7n nay. Melamine c\u00f3 \u0111\u1eb7c t\u00ednh ch\u1ed1ng tr\u1ea7y x\u01b0\u1edbc, ch\u1ed1ng \u1ea9m v\u00e0 d\u1ec5 lau ch\u00f9i, gi\u00fap s\u1ea3n ph\u1ea9m lu\u00f4n b\u1ec1n \u0111\u1eb9p theo th\u1eddi gian. T\u00f4ng m\u00e0u g\u1ed7 trung t\u00ednh d\u1ec5 ph\u1ed1i h\u1ee3p v\u1edbi c\u00e1c n\u1ed9i th\u1ea5t kh\u00e1c nh\u01b0 gh\u1ebf xoay, t\u1ee7 h\u1ed3 s\u01a1, ho\u1eb7c v\u00e1ch ng\u0103n, t\u1ea1o n\u00ean t\u1ed5ng th\u1ec3 h\u00e0i h\u00f2a v\u00e0 chuy\u00ean nghi\u1ec7p cho v\u0103n ph\u00f2ng.<\/p>\n<p data-start=\"1907\" data-end=\"2288\">M\u1ed9t y\u1ebfu t\u1ed1 \u0111\u01b0\u1ee3c nhi\u1ec1u doanh nghi\u1ec7p \u01b0a chu\u1ed9ng \u1edf <strong data-start=\"1954\" data-end=\"1983\">C\u1ee5m b\u00e0n l\u00e0m vi\u1ec7c HRMD07H1<\/strong> l\u00e0 ph\u1ea7n v\u00e1ch ng\u0103n k\u00ednh. Thi\u1ebft k\u1ebf n\u00e0y gi\u00fap ph\u00e2n chia kh\u00f4ng gian l\u00e0m vi\u1ec7c c\u00e1 nh\u00e2n m\u1ed9t c\u00e1ch tinh t\u1ebf m\u00e0 kh\u00f4ng g\u00e2y b\u00ed b\u00e1ch. V\u00e1ch ng\u0103n trong su\u1ed1t cho ph\u00e9p \u00e1nh s\u00e1ng t\u1ef1 nhi\u00ean lan t\u1ecfa, mang l\u1ea1i c\u1ea3m gi\u00e1c c\u1edfi m\u1edf v\u00e0 th\u00e2n thi\u1ec7n gi\u1eefa c\u00e1c th\u00e0nh vi\u00ean trong nh\u00f3m, t\u1eeb \u0111\u00f3 th\u00fac \u0111\u1ea9y hi\u1ec7u su\u1ea5t l\u00e0m vi\u1ec7c v\u00e0 tinh th\u1ea7n k\u1ebft n\u1ed1i.<\/p>\n<p data-start=\"2290\" data-end=\"2589\">Ngo\u00e0i ra, c\u1ea5u tr\u00fac b\u00e0n \u0111\u01b0\u1ee3c thi\u1ebft k\u1ebf theo nguy\u00ean l\u00fd c\u00f4ng th\u00e1i h\u1ecdc (ergonomic), b\u1ea3o \u0111\u1ea3m chi\u1ec1u cao v\u00e0 kho\u1ea3ng c\u00e1ch h\u1ee3p l\u00fd, mang l\u1ea1i t\u01b0 th\u1ebf ng\u1ed3i tho\u1ea3i m\u00e1i cho ng\u01b0\u1eddi s\u1eed d\u1ee5ng. C\u00e1c chi ti\u1ebft k\u1ebft n\u1ed1i gi\u1eefa m\u1eb7t b\u00e0n v\u00e0 khung ch\u00e2n \u0111\u01b0\u1ee3c gia c\u00f4ng t\u1ec9 m\u1ec9, gi\u00fap s\u1ea3n ph\u1ea9m \u1ed5n \u0111\u1ecbnh v\u00e0 an to\u00e0n trong qu\u00e1 tr\u00ecnh l\u00e0m vi\u1ec7c.<\/p>\n<p data-start=\"2591\" data-end=\"2920\"><strong data-start=\"2591\" data-end=\"2620\">C\u1ee5m b\u00e0n l\u00e0m vi\u1ec7c HRMD07H1<\/strong> kh\u00f4ng ch\u1ec9 ph\u00f9 h\u1ee3p v\u1edbi c\u00e1c v\u0103n ph\u00f2ng l\u00e0m vi\u1ec7c nh\u00f3m m\u00e0 c\u00f2n c\u00f3 th\u1ec3 \u1ee9ng d\u1ee5ng linh ho\u1ea1t cho c\u00e1c khu v\u1ef1c coworking, trung t\u00e2m \u0111i\u1ec1u h\u00e0nh, ho\u1eb7c ph\u00f2ng ban ch\u1ee9c n\u0103ng c\u1ea7n l\u00e0m vi\u1ec7c t\u1eadp th\u1ec3. V\u1edbi ki\u1ec3u d\u00e1ng hi\u1ec7n \u0111\u1ea1i v\u00e0 ch\u1ea5t li\u1ec7u cao c\u1ea5p, s\u1ea3n ph\u1ea9m th\u1ec3 hi\u1ec7n \u0111\u01b0\u1ee3c h\u00ecnh \u1ea3nh chuy\u00ean nghi\u1ec7p, n\u0103ng \u0111\u1ed9ng c\u1ee7a doanh nghi\u1ec7p.<\/p>\n<p data-start=\"2922\" data-end=\"3183\">\u0110\u1eb7c bi\u1ec7t, <strong data-start=\"2932\" data-end=\"2944\">HRMD07H1<\/strong> c\u00f3 hai l\u1ef1a ch\u1ecdn k\u00edch th\u01b0\u1edbc kh\u00e1c nhau (H1 v\u00e0 H2) gi\u00fap kh\u00e1ch h\u00e0ng d\u1ec5 d\u00e0ng ch\u1ecdn l\u1ef1a ph\u00f9 h\u1ee3p v\u1edbi kh\u00f4ng gian v\u0103n ph\u00f2ng. C\u1ea5u tr\u00fac module d\u1ec5 d\u00e0ng l\u1eafp r\u00e1p, th\u00e1o r\u1eddi, thu\u1eadn ti\u1ec7n trong vi\u1ec7c di chuy\u1ec3n ho\u1eb7c thay \u0111\u1ed5i b\u1ed1 c\u1ee5c kh\u00f4ng gian khi c\u1ea7n thi\u1ebft.<\/p>\n<p data-start=\"3185\" data-end=\"3525\" data-is-last-node=\"\" data-is-only-node=\"\">N\u1ebfu b\u1ea1n \u0111ang t\u00ecm ki\u1ebfm m\u1ed9t m\u1eabu b\u00e0n l\u00e0m vi\u1ec7c nh\u00f3m sang tr\u1ecdng, ti\u1ec7n \u00edch v\u00e0 b\u1ec1n b\u1ec9, <strong data-start=\"3265\" data-end=\"3294\">C\u1ee5m b\u00e0n l\u00e0m vi\u1ec7c HRMD07H1<\/strong> ch\u1eafc ch\u1eafn s\u1ebd l\u00e0 gi\u1ea3i ph\u00e1p l\u00fd t\u01b0\u1edfng. S\u1ea3n ph\u1ea9m kh\u00f4ng ch\u1ec9 gi\u00fap t\u1ed1i \u01b0u kh\u00f4ng gian m\u00e0 c\u00f2n mang \u0111\u1ebfn phong c\u00e1ch hi\u1ec7n \u0111\u1ea1i, t\u1ea1o ngu\u1ed3n c\u1ea3m h\u1ee9ng l\u00e0m vi\u1ec7c t\u00edch c\u1ef1c cho nh\u00e2n vi\u00ean v\u00e0 n\u00e2ng t\u1ea7m h\u00ecnh \u1ea3nh doanh nghi\u1ec7p trong m\u1eaft \u0111\u1ed1i t\u00e1c, kh\u00e1ch h\u00e0ng.<\/p>\n","protected":false},"excerpt":{"rendered":"<p data-start=\"0\" data-end=\"305\"><strong data-start=\"31\" data-end=\"60\">C\u1ee5m b\u00e0n l\u00e0m vi\u1ec7c HRMD07H1<\/strong> l\u00e0 module l\u00e0m vi\u1ec7c 4 ch\u1ed7 hi\u1ec7n \u0111\u1ea1i, s\u1eed d\u1ee5ng khung th\u00e9p tam gi\u00e1c v\u1eefng ch\u1eafc k\u1ebft h\u1ee3p m\u1eb7t b\u00e0n g\u1ed7 Melamine cao c\u1ea5p. B\u00e0n c\u00f3 v\u00e1ch ng\u0103n k\u00ednh t\u1ea1o kh\u00f4ng gian ri\u00eang t\u01b0 nh\u01b0ng v\u1eabn \u0111\u1ea3m b\u1ea3o s\u1ef1 th\u00f4ng tho\u00e1ng, ph\u00f9 h\u1ee3p cho m\u00f4i tr\u01b0\u1eddng l\u00e0m vi\u1ec7c nh\u00f3m chuy\u00ean nghi\u1ec7p.<\/p>\n<p data-start=\"307\" data-end=\"394\">K\u00edch th\u01b0\u1edbc:<br data-start=\"318\" data-end=\"321\" \/>W2800 x D1400 x H1100 mm &#8211; <span style=\"color: #ed1c24; font-size: 120%;\"><strong>6.114.000 \u0111<\/strong><\/span><br data-start=\"355\" data-end=\"358\" \/>W2400 x D1400 x H1100 mm &#8211; <strong><span style=\"color: #ed1c24; font-size: 120%;\">5.546.000 \u0111<\/span><\/strong><\/p>\n<p data-start=\"396\" data-end=\"436\">(S\u1ea3n ph\u1ea9m kh\u00f4ng bao g\u1ed3m k\u1ec7 CPU \u0111i k\u00e8m)<\/p>\n<p data-start=\"438\" data-end=\"543\">Xu\u1ea5t x\u1ee9: S\u1ea3n ph\u1ea9m c\u1ee7a <strong data-start=\"460\" data-end=\"488\">C\u00f4ng ty N\u1ed8I TH\u1ea4T THE ONE<\/strong> \u2013 Ph\u00e2n ph\u1ed1i b\u1edfi <strong data-start=\"505\" data-end=\"541\">C\u00d4NG TY TNHH SXTM TTNT H\u1eeeU TH\u1ecaNH<\/strong><\/p>\n<p data-start=\"545\" data-end=\"589\">B\u1ea3o h\u00e0nh: 12 th\u00e1ng theo ti\u00eau chu\u1ea9n nh\u00e0 m\u00e1y<\/p>\n<p data-start=\"591\" data-end=\"745\"><span style=\"color: #ed1c24;\"><em data-start=\"591\" data-end=\"743\">L\u01b0u \u00fd: Gi\u00e1 tr\u00ean ch\u01b0a bao g\u1ed3m VAT v\u00e0 ph\u00ed v\u1eadn chuy\u1ec3n. Gi\u00e1 s\u1ea3n ph\u1ea9m c\u00f3 th\u1ec3 thay \u0111\u1ed5i theo t\u1eebng th\u1eddi \u0111i\u1ec3m, vui l\u00f2ng li\u00ean h\u1ec7 \u0111\u1ec3 nh\u1eadn t\u01b0 v\u1ea5n \u01b0u \u0111\u00e3i t\u1ed1t nh\u1ea5t.<\/em><\/span><\/p>\n","protected":false},"featured_media":3781,"comment_status":"open","ping_status":"closed","template":"","meta":[],"product_brand":[],"product_cat":[17,180],"product_tag":[],"class_list":{"0":"post-3780","1":"product","2":"type-product","3":"status-publish","4":"has-post-thumbnail","6":"product_cat-noi-that-van-phong","7":"product_cat-cum-ban-lam-viec","9":"first","10":"instock","11":"taxable","12":"shipping-taxable","13":"purchasable","14":"product-type-simple"},"_links":{"self":[{"href":"https:\/\/noithathuuthinhvn214.mbws.vn\/zh-hans\/wp-json\/wp\/v2\/product\/3780","targetHints":{"allow":["GET"]}}],"collection":[{"href":"https:\/\/noithathuuthinhvn214.mbws.vn\/zh-hans\/wp-json\/wp\/v2\/product"}],"about":[{"href":"https:\/\/noithathuuthinhvn214.mbws.vn\/zh-hans\/wp-json\/wp\/v2\/types\/product"}],"replies":[{"embeddable":true,"href":"https:\/\/noithathuuthinhvn214.mbws.vn\/zh-hans\/wp-json\/wp\/v2\/comments?post=3780"}],"wp:featuredmedia":[{"embeddable":true,"href":"https:\/\/noithathuuthinhvn214.mbws.vn\/zh-hans\/wp-json\/wp\/v2\/media\/3781"}],"wp:attachment":[{"href":"https:\/\/noithathuuthinhvn214.mbws.vn\/zh-hans\/wp-json\/wp\/v2\/media?parent=3780"}],"wp:term":[{"taxonomy":"product_brand","embeddable":true,"href":"https:\/\/noithathuuthinhvn214.mbws.vn\/zh-hans\/wp-json\/wp\/v2\/product_brand?post=3780"},{"taxonomy":"product_cat","embeddable":true,"href":"https:\/\/noithathuuthinhvn214.mbws.vn\/zh-hans\/wp-json\/wp\/v2\/product_cat?post=3780"},{"taxonomy":"product_tag","embeddable":true,"href":"https:\/\/noithathuuthinhvn214.mbws.vn\/zh-hans\/wp-json\/wp\/v2\/product_tag?post=3780"}],"curies":[{"name":"wp","href":"https:\/\/api.w.org\/{rel}","templated":true}]}}