{"id":3752,"date":"2025-10-22T13:31:45","date_gmt":"2025-10-22T06:31:45","guid":{"rendered":"https:\/\/noithathuuthinh.vn\/?post_type=product&#038;p=3752"},"modified":"2025-10-22T13:31:46","modified_gmt":"2025-10-22T06:31:46","slug":"cum-ban-lam-viec-hrmd01c14","status":"publish","type":"product","link":"https:\/\/noithathuuthinhvn214.mbws.vn\/zh-hans\/san-pham\/cum-ban-lam-viec-hrmd01c14\/","title":{"rendered":"C\u1ee5m b\u00e0n l\u00e0m vi\u1ec7c HRMD01C14"},"content":{"rendered":"<p data-start=\"744\" data-end=\"1138\"><strong data-start=\"786\" data-end=\"816\">C\u1ee5m b\u00e0n l\u00e0m vi\u1ec7c HRMD01C14<\/strong> l\u00e0 gi\u1ea3i ph\u00e1p ho\u00e0n h\u1ea3o d\u00e0nh cho kh\u00f4ng gian v\u0103n ph\u00f2ng hi\u1ec7n \u0111\u1ea1i, \u0111\u1eb7c bi\u1ec7t ph\u00f9 h\u1ee3p v\u1edbi m\u00f4 h\u00ecnh l\u00e0m vi\u1ec7c nh\u00f3m ho\u1eb7c c\u00e1c khu v\u1ef1c l\u00e0m vi\u1ec7c chung. V\u1edbi thi\u1ebft k\u1ebf th\u00f4ng minh, tinh g\u1ecdn v\u00e0 mang t\u00ednh \u1ee9ng d\u1ee5ng cao, s\u1ea3n ph\u1ea9m gi\u00fap t\u1ed1i \u01b0u di\u1ec7n t\u00edch s\u1eed d\u1ee5ng, \u0111\u1ed3ng th\u1eddi mang \u0111\u1ebfn s\u1ef1 chuy\u00ean nghi\u1ec7p, \u0111\u1ed3ng b\u1ed9 v\u00e0 th\u1ea9m m\u1ef9 cho kh\u00f4ng gian l\u00e0m vi\u1ec7c.<\/p>\n<p data-start=\"1140\" data-end=\"1601\">B\u00e0n \u0111\u01b0\u1ee3c ch\u1ebf t\u1ea1o t\u1eeb <strong data-start=\"1160\" data-end=\"1184\">khung th\u00e9p \u1ed1ng 10&#215;50<\/strong> s\u01a1n t\u0129nh \u0111i\u1ec7n, c\u00f3 kh\u1ea3 n\u0103ng ch\u1ecbu l\u1ef1c t\u1ed1t, \u0111\u1ea3m b\u1ea3o \u0111\u1ed9 b\u1ec1n v\u1eefng v\u00e0 \u1ed5n \u0111\u1ecbnh trong su\u1ed1t qu\u00e1 tr\u00ecnh s\u1eed d\u1ee5ng. Ch\u00e2n b\u00e0n \u0111\u01b0\u1ee3c t\u00edch h\u1ee3p <strong data-start=\"1310\" data-end=\"1329\">h\u1ed9p \u0111i\u1ec7n \u0111i d\u00e2y<\/strong> c\u00f9ng <strong data-start=\"1335\" data-end=\"1357\">h\u1ec7 gi\u1eb1ng t\u0103ng c\u1ee9ng<\/strong>, gi\u00fap vi\u1ec7c b\u1ed1 tr\u00ed d\u00e2y d\u1eabn tr\u1edf n\u00ean g\u1ecdn g\u00e0ng, an to\u00e0n v\u00e0 t\u1ea1o c\u1ea3m gi\u00e1c chuy\u00ean nghi\u1ec7p cho to\u00e0n b\u1ed9 kh\u00f4ng gian. Ph\u1ea7n khung th\u00e9p kh\u00f4ng ch\u1ec9 mang l\u1ea1i v\u1ebb ch\u1eafc ch\u1eafn m\u00e0 c\u00f2n t\u1ea1o \u0111i\u1ec3m nh\u1ea5n hi\u1ec7n \u0111\u1ea1i, thanh tho\u00e1t, ph\u00f9 h\u1ee3p v\u1edbi phong c\u00e1ch v\u0103n ph\u00f2ng \u0111\u01b0\u01a1ng \u0111\u1ea1i.<\/p>\n<p data-start=\"1603\" data-end=\"1880\">M\u1eb7t b\u00e0n s\u1eed d\u1ee5ng <strong data-start=\"1619\" data-end=\"1664\">ch\u1ea5t li\u1ec7u g\u1ed7 c\u00f4ng nghi\u1ec7p Melamine cao c\u1ea5p<\/strong>, c\u00f3 kh\u1ea3 n\u0103ng ch\u1ed1ng tr\u1ea7y x\u01b0\u1edbc, ch\u1ed1ng th\u1ea5m n\u01b0\u1edbc nh\u1eb9 v\u00e0 d\u1ec5 d\u00e0ng lau ch\u00f9i. B\u1ec1 m\u1eb7t g\u1ed7 \u0111\u01b0\u1ee3c x\u1eed l\u00fd t\u1ec9 m\u1ec9, cho c\u1ea3m gi\u00e1c m\u1ecbn, \u0111\u1eb9p m\u1eaft v\u00e0 d\u1ec5 k\u1ebft h\u1ee3p v\u1edbi nhi\u1ec1u d\u00f2ng n\u1ed9i th\u1ea5t kh\u00e1c nh\u01b0 t\u1ee7 h\u1ed3 s\u01a1, h\u1ed9c di \u0111\u1ed9ng ho\u1eb7c gh\u1ebf nh\u00e2n vi\u00ean.<\/p>\n<p data-start=\"1882\" data-end=\"2337\">M\u1ed9t \u0111i\u1ec3m n\u1ed5i b\u1eadt c\u1ee7a <strong data-start=\"1903\" data-end=\"1924\">C\u1ee5m b\u00e0n HRMD01C14<\/strong> l\u00e0 <strong data-start=\"1928\" data-end=\"1955\">v\u00e1ch ng\u0103n g\u1ed7 b\u1ecdc v\u1ea3i n\u1ec9<\/strong> \u0111i k\u00e8m theo b\u00e0n. V\u00e1ch ng\u0103n kh\u00f4ng ch\u1ec9 gi\u00fap ph\u00e2n t\u00e1ch kh\u00f4ng gian l\u00e0m vi\u1ec7c c\u1ee7a t\u1eebng c\u00e1 nh\u00e2n, t\u1ea1o s\u1ef1 ri\u00eang t\u01b0, t\u1eadp trung m\u00e0 c\u00f2n c\u00f3 t\u00e1c d\u1ee5ng c\u00e1ch \u00e2m nh\u1eb9, gi\u1ea3m ti\u1ebfng \u1ed3n, mang l\u1ea1i m\u00f4i tr\u01b0\u1eddng l\u00e0m vi\u1ec7c y\u00ean t\u0129nh v\u00e0 hi\u1ec7u qu\u1ea3 h\u01a1n. Ch\u1ea5t li\u1ec7u n\u1ec9 \u0111\u01b0\u1ee3c l\u1ef1a ch\u1ecdn t\u1eeb b\u1ea3ng m\u00e0u ti\u00eau chu\u1ea9n, kh\u00e1ch h\u00e0ng c\u00f3 th\u1ec3 t\u00f9y ch\u1ecdn m\u00e0u s\u1eafc ph\u00f9 h\u1ee3p v\u1edbi phong c\u00e1ch n\u1ed9i th\u1ea5t v\u00e0 nh\u1eadn di\u1ec7n th\u01b0\u01a1ng hi\u1ec7u c\u1ee7a doanh nghi\u1ec7p.<\/p>\n<p data-start=\"2339\" data-end=\"2614\">Thi\u1ebft k\u1ebf d\u1ea1ng <strong data-start=\"2353\" data-end=\"2374\">module 2 ch\u1ed7 ng\u1ed3i<\/strong> gi\u00fap c\u00e1c nh\u00e2n vi\u00ean c\u00f3 th\u1ec3 d\u1ec5 d\u00e0ng trao \u0111\u1ed5i c\u00f4ng vi\u1ec7c khi c\u1ea7n, \u0111\u1ed3ng th\u1eddi v\u1eabn \u0111\u1ea3m b\u1ea3o t\u00ednh c\u00e1 nh\u00e2n h\u00f3a. \u0110\u00e2y l\u00e0 m\u00f4 h\u00ecnh l\u00fd t\u01b0\u1edfng cho c\u00e1c doanh nghi\u1ec7p \u00e1p d\u1ee5ng phong c\u00e1ch l\u00e0m vi\u1ec7c linh ho\u1ea1t, \u0111\u1ec1 cao s\u1ef1 h\u1ee3p t\u00e1c v\u00e0 t\u01b0\u01a1ng t\u00e1c gi\u1eefa c\u00e1c th\u00e0nh vi\u00ean.<\/p>\n<p data-start=\"2616\" data-end=\"2938\">V\u1edbi <strong data-start=\"2620\" data-end=\"2661\">ki\u1ec3u d\u00e1ng tinh t\u1ebf, c\u1ea5u tr\u00fac ch\u1eafc ch\u1eafn<\/strong> v\u00e0 <strong data-start=\"2665\" data-end=\"2691\">t\u00ednh n\u0103ng ti\u1ec7n \u00edch cao<\/strong>, b\u00e0n HRMD01C14 kh\u00f4ng ch\u1ec9 \u0111\u00e1p \u1ee9ng y\u00eau c\u1ea7u v\u1ec1 c\u00f4ng n\u0103ng m\u00e0 c\u00f2n n\u00e2ng t\u1ea7m h\u00ecnh \u1ea3nh chuy\u00ean nghi\u1ec7p cho doanh nghi\u1ec7p. S\u1ea3n ph\u1ea9m ph\u00f9 h\u1ee3p cho nhi\u1ec1u kh\u00f4ng gian kh\u00e1c nhau nh\u01b0 v\u0103n ph\u00f2ng c\u00f4ng ty, ph\u00f2ng l\u00e0m vi\u1ec7c nh\u00f3m, khu v\u1ef1c coworking ho\u1eb7c trung t\u00e2m d\u1ecbch v\u1ee5.<\/p>\n<p data-start=\"2940\" data-end=\"3346\">N\u1ebfu b\u1ea1n \u0111ang t\u00ecm ki\u1ebfm m\u1ed9t gi\u1ea3i ph\u00e1p n\u1ed9i th\u1ea5t v\u1eeba hi\u1ec7n \u0111\u1ea1i, v\u1eeba b\u1ec1n \u0111\u1eb9p, <strong data-start=\"3012\" data-end=\"3042\">C\u1ee5m b\u00e0n l\u00e0m vi\u1ec7c HRMD01C14<\/strong> ch\u00ednh l\u00e0 l\u1ef1a ch\u1ecdn ho\u00e0n h\u1ea3o. S\u1ea3n ph\u1ea9m \u0111\u01b0\u1ee3c s\u1ea3n xu\u1ea5t theo ti\u00eau chu\u1ea9n ch\u1ea5t l\u01b0\u1ee3ng cao c\u1ee7a <strong data-start=\"3129\" data-end=\"3149\">N\u1ed9i Th\u1ea5t The One<\/strong>, mang \u0111\u1ebfn s\u1ef1 an t\u00e2m tuy\u1ec7t \u0111\u1ed1i v\u1ec1 \u0111\u1ed9 b\u1ec1n, t\u00ednh th\u1ea9m m\u1ef9 v\u00e0 c\u00f4ng n\u0103ng s\u1eed d\u1ee5ng. Li\u00ean h\u1ec7 ngay v\u1edbi <strong data-start=\"3243\" data-end=\"3279\">C\u00f4ng ty TNHH SXTM TTNT H\u1eefu Th\u1ecbnh<\/strong> \u0111\u1ec3 nh\u1eadn t\u01b0 v\u1ea5n chi ti\u1ebft v\u00e0 b\u00e1o gi\u00e1 \u01b0u \u0111\u00e3i nh\u1ea5t cho s\u1ea3n ph\u1ea9m n\u00e0y.<\/p>\n","protected":false},"excerpt":{"rendered":"<p data-start=\"0\" data-end=\"389\">C\u1ee5m b\u00e0n l\u00e0m vi\u1ec7c HRMD01C14\u00a0l\u00e0 Module l\u00e0m vi\u1ec7c 2 ch\u1ed7 ng\u1ed3i, s\u1eed d\u1ee5ng khung th\u00e9p \u1ed1ng 10&#215;50. B\u00e0n \u0111\u01b0\u1ee3c trang b\u1ecb m\u00e1ng \u0111i d\u00e2y \u0111i\u1ec7n k\u1ebft h\u1ee3p gi\u1eb1ng b\u00e0n, ch\u00e2n b\u00e0n c\u00f3 h\u1ed9p \u0111i\u1ec7n \u0111i d\u00e2y v\u00e0 t\u0103ng c\u1ee9ng khung ch\u00e2n, mang \u0111\u1ebfn s\u1ef1 ch\u1eafc ch\u1eafn v\u00e0 ti\u1ec7n d\u1ee5ng trong qu\u00e1 tr\u00ecnh l\u00e0m vi\u1ec7c. V\u00e1ch ng\u0103n g\u1ed7 b\u1ecdc v\u1ea3i n\u1ec9, \u0111i k\u00e8m theo b\u00e0n, gi\u00fap t\u1ea1o kh\u00f4ng gian l\u00e0m vi\u1ec7c ri\u00eang t\u01b0 v\u00e0 chuy\u00ean nghi\u1ec7p.<\/p>\n<p data-start=\"391\" data-end=\"428\">K\u00edch th\u01b0\u1edbc: W1200 x D1200 x H750 mm<\/p>\n<p data-start=\"430\" data-end=\"535\">Xu\u1ea5t x\u1ee9: S\u1ea3n ph\u1ea9m c\u1ee7a c\u00f4ng ty <strong data-start=\"460\" data-end=\"480\">N\u1ed8I TH\u1ea4T THE ONE<\/strong> \u2013 Ph\u00e2n ph\u1ed1i b\u1edfi <strong data-start=\"497\" data-end=\"533\">C\u00d4NG TY TNHH SXTM TTNT H\u1eeeU TH\u1ecaNH<\/strong><\/p>\n<p data-start=\"537\" data-end=\"581\">B\u1ea3o h\u00e0nh: 12 th\u00e1ng theo ti\u00eau chu\u1ea9n nh\u00e0 m\u00e1y<\/p>\n<p data-start=\"583\" data-end=\"737\"><span style=\"color: #ed1c24;\"><em data-start=\"583\" data-end=\"735\">L\u01b0u \u00fd: Gi\u00e1 tr\u00ean ch\u01b0a bao g\u1ed3m VAT v\u00e0 ph\u00ed v\u1eadn chuy\u1ec3n. Gi\u00e1 s\u1ea3n ph\u1ea9m c\u00f3 th\u1ec3 thay \u0111\u1ed5i theo t\u1eebng th\u1eddi \u0111i\u1ec3m, vui l\u00f2ng li\u00ean h\u1ec7 \u0111\u1ec3 nh\u1eadn t\u01b0 v\u1ea5n \u01b0u \u0111\u00e3i t\u1ed1t nh\u1ea5t.<\/em><\/span><\/p>\n","protected":false},"featured_media":3753,"comment_status":"open","ping_status":"closed","template":"","meta":[],"product_brand":[],"product_cat":[17,180],"product_tag":[],"class_list":{"0":"post-3752","1":"product","2":"type-product","3":"status-publish","4":"has-post-thumbnail","6":"product_cat-noi-that-van-phong","7":"product_cat-cum-ban-lam-viec","9":"first","10":"instock","11":"taxable","12":"shipping-taxable","13":"purchasable","14":"product-type-simple"},"_links":{"self":[{"href":"https:\/\/noithathuuthinhvn214.mbws.vn\/zh-hans\/wp-json\/wp\/v2\/product\/3752","targetHints":{"allow":["GET"]}}],"collection":[{"href":"https:\/\/noithathuuthinhvn214.mbws.vn\/zh-hans\/wp-json\/wp\/v2\/product"}],"about":[{"href":"https:\/\/noithathuuthinhvn214.mbws.vn\/zh-hans\/wp-json\/wp\/v2\/types\/product"}],"replies":[{"embeddable":true,"href":"https:\/\/noithathuuthinhvn214.mbws.vn\/zh-hans\/wp-json\/wp\/v2\/comments?post=3752"}],"wp:featuredmedia":[{"embeddable":true,"href":"https:\/\/noithathuuthinhvn214.mbws.vn\/zh-hans\/wp-json\/wp\/v2\/media\/3753"}],"wp:attachment":[{"href":"https:\/\/noithathuuthinhvn214.mbws.vn\/zh-hans\/wp-json\/wp\/v2\/media?parent=3752"}],"wp:term":[{"taxonomy":"product_brand","embeddable":true,"href":"https:\/\/noithathuuthinhvn214.mbws.vn\/zh-hans\/wp-json\/wp\/v2\/product_brand?post=3752"},{"taxonomy":"product_cat","embeddable":true,"href":"https:\/\/noithathuuthinhvn214.mbws.vn\/zh-hans\/wp-json\/wp\/v2\/product_cat?post=3752"},{"taxonomy":"product_tag","embeddable":true,"href":"https:\/\/noithathuuthinhvn214.mbws.vn\/zh-hans\/wp-json\/wp\/v2\/product_tag?post=3752"}],"curies":[{"name":"wp","href":"https:\/\/api.w.org\/{rel}","templated":true}]}}