{"id":3678,"date":"2025-10-21T15:03:07","date_gmt":"2025-10-21T08:03:07","guid":{"rendered":"https:\/\/noithathuuthinh.vn\/?post_type=product&#038;p=3678"},"modified":"2025-10-21T15:03:07","modified_gmt":"2025-10-21T08:03:07","slug":"cum-ban-lam-viec-unmd03cs3","status":"publish","type":"product","link":"https:\/\/noithathuuthinhvn214.mbws.vn\/zh-hans\/san-pham\/cum-ban-lam-viec-unmd03cs3\/","title":{"rendered":"C\u1ee5m b\u00e0n l\u00e0m vi\u1ec7c UNMD03CS3"},"content":{"rendered":"<p data-start=\"835\" data-end=\"1253\"><strong data-start=\"835\" data-end=\"865\">C\u1ee5m b\u00e0n l\u00e0m vi\u1ec7c UNMD03CS3<\/strong> l\u00e0 m\u1ed9t trong nh\u1eefng thi\u1ebft k\u1ebf module v\u0103n ph\u00f2ng hi\u1ec7n \u0111\u1ea1i c\u1ee7a <strong data-start=\"924\" data-end=\"944\">N\u1ed8I TH\u1ea4T THE ONE<\/strong>, \u0111\u01b0\u1ee3c nghi\u00ean c\u1ee9u nh\u1eb1m \u0111\u00e1p \u1ee9ng t\u1ed1i \u0111a nhu c\u1ea7u s\u1eed d\u1ee5ng cho c\u00e1c doanh nghi\u1ec7p theo m\u00f4 h\u00ecnh l\u00e0m vi\u1ec7c nh\u00f3m, \u0111\u1ed3ng th\u1eddi \u0111\u1ea3m b\u1ea3o y\u1ebfu t\u1ed1 th\u1ea9m m\u1ef9 v\u00e0 ti\u1ec7n nghi cao. V\u1edbi b\u1ed1 c\u1ee5c module d\u00e0nh cho <strong data-start=\"1125\" data-end=\"1136\">4 ng\u01b0\u1eddi<\/strong>, s\u1ea3n ph\u1ea9m kh\u00f4ng ch\u1ec9 gi\u00fap ti\u1ebft ki\u1ec7m kh\u00f4ng gian m\u00e0 c\u00f2n mang \u0111\u1ebfn s\u1ef1 \u0111\u1ed3ng b\u1ed9 v\u00e0 chuy\u00ean nghi\u1ec7p cho m\u00f4i tr\u01b0\u1eddng l\u00e0m vi\u1ec7c.<\/p>\n<p data-start=\"1255\" data-end=\"1619\">M\u1eb7t b\u00e0n \u0111\u01b0\u1ee3c l\u00e0m t\u1eeb <strong data-start=\"1275\" data-end=\"1314\">g\u1ed7 c\u00f4ng nghi\u1ec7p ph\u1ee7 Melamine cao c\u1ea5p<\/strong>, c\u00f3 kh\u1ea3 n\u0103ng <strong data-start=\"1328\" data-end=\"1376\">ch\u1ed1ng tr\u1ea7y x\u01b0\u1edbc, ch\u1ed1ng th\u1ea5m n\u01b0\u1edbc, d\u1ec5 v\u1ec7 sinh<\/strong> v\u00e0 duy tr\u00ec m\u00e0u s\u1eafc b\u1ec1n \u0111\u1eb9p theo th\u1eddi gian. \u0110\u1eb7c bi\u1ec7t, chi ti\u1ebft <strong data-start=\"1439\" data-end=\"1461\">tay n\u1eafm \u00e2m m\u00e0u cam<\/strong> \u0111\u01b0\u1ee3c thi\u1ebft k\u1ebf tinh t\u1ebf, t\u1ea1o \u0111i\u1ec3m nh\u1ea5n tr\u1ebb trung, hi\u1ec7n \u0111\u1ea1i, ph\u00f9 h\u1ee3p v\u1edbi kh\u00f4ng gian v\u0103n ph\u00f2ng n\u0103ng \u0111\u1ed9ng ho\u1eb7c nh\u1eefng doanh nghi\u1ec7p h\u01b0\u1edbng \u0111\u1ebfn phong c\u00e1ch s\u00e1ng t\u1ea1o.<\/p>\n<p data-start=\"1621\" data-end=\"1945\">Ph\u1ea7n <strong data-start=\"1626\" data-end=\"1639\">v\u00e1ch ng\u0103n<\/strong> \u0111\u01b0\u1ee3c l\u00e0m t\u1eeb <strong data-start=\"1652\" data-end=\"1689\">t\u00f4n s\u01a1n t\u0129nh \u0111i\u1ec7n k\u1ebft h\u1ee3p h\u1ed9c s\u1eaft<\/strong>, kh\u00f4ng ch\u1ec9 mang l\u1ea1i \u0111\u1ed9 b\u1ec1n cao m\u00e0 c\u00f2n gi\u00fap chia t\u00e1ch kh\u00f4ng gian l\u00e0m vi\u1ec7c hi\u1ec7u qu\u1ea3, \u0111\u1ea3m b\u1ea3o t\u00ednh ri\u00eang t\u01b0 cho t\u1eebng nh\u00e2n vi\u00ean. Thi\u1ebft k\u1ebf n\u00e0y gi\u00fap ng\u01b0\u1eddi d\u00f9ng t\u1eadp trung h\u01a1n trong c\u00f4ng vi\u1ec7c m\u00e0 v\u1eabn gi\u1eef \u0111\u01b0\u1ee3c s\u1ef1 li\u00ean k\u1ebft c\u1ea7n thi\u1ebft gi\u1eefa c\u00e1c th\u00e0nh vi\u00ean trong nh\u00f3m.<\/p>\n<p data-start=\"1947\" data-end=\"2285\">H\u1ed9c s\u1eaft li\u1ec1n b\u00e0n \u0111\u01b0\u1ee3c b\u1ed1 tr\u00ed h\u1ee3p l\u00fd, gi\u00fap <strong data-start=\"1989\" data-end=\"2052\">t\u0103ng kh\u00f4ng gian l\u01b0u tr\u1eef h\u1ed3 s\u01a1, t\u00e0i li\u1ec7u v\u00e0 v\u1eadt d\u1ee5ng c\u00e1 nh\u00e2n<\/strong>. Ch\u1ea5t li\u1ec7u s\u1eaft s\u01a1n t\u0129nh \u0111i\u1ec7n cao c\u1ea5p gi\u00fap s\u1ea3n ph\u1ea9m c\u00f3 kh\u1ea3 n\u0103ng ch\u1ed1ng oxy h\u00f3a, ch\u1ecbu l\u1ef1c t\u1ed1t v\u00e0 d\u1ec5 d\u00e0ng v\u1ec7 sinh. C\u1ea5u tr\u00fac li\u00ean k\u1ebft ch\u1eafc ch\u1eafn gi\u1eefa ph\u1ea7n ch\u00e2n v\u00e0 m\u1eb7t b\u00e0n gi\u00fap b\u00e0n lu\u00f4n v\u1eefng v\u00e0ng, \u1ed5n \u0111\u1ecbnh trong qu\u00e1 tr\u00ecnh s\u1eed d\u1ee5ng l\u00e2u d\u00e0i.<\/p>\n<p data-start=\"2287\" data-end=\"2598\">V\u1edbi <strong data-start=\"2291\" data-end=\"2329\">k\u00edch th\u01b0\u1edbc W2400 x D2800 x H750 mm<\/strong>, c\u1ee5m b\u00e0n l\u00e0m vi\u1ec7c UNMD03CS3 \u0111\u1ea3m b\u1ea3o \u0111\u1ee7 kh\u00f4ng gian cho m\u1ed7i v\u1ecb tr\u00ed ng\u1ed3i m\u00e0 v\u1eabn t\u1ea1o c\u1ea3m gi\u00e1c tho\u00e1ng \u0111\u00e3ng. Chi\u1ec1u cao b\u00e0n \u0111\u01b0\u1ee3c thi\u1ebft k\u1ebf theo ti\u00eau chu\u1ea9n c\u00f4ng th\u00e1i h\u1ecdc, gi\u00fap ng\u01b0\u1eddi d\u00f9ng duy tr\u00ec t\u01b0 th\u1ebf ng\u1ed3i \u0111\u00fang, h\u1ea1n ch\u1ebf m\u1ecfi c\u1ed5, vai v\u00e0 l\u01b0ng khi l\u00e0m vi\u1ec7c trong nhi\u1ec1u gi\u1edd li\u1ec1n.<\/p>\n<p data-start=\"2600\" data-end=\"3025\">\u0110i\u1ec3m n\u1ed5i b\u1eadt c\u1ee7a <strong data-start=\"2617\" data-end=\"2638\">C\u1ee5m b\u00e0n UNMD03CS3<\/strong> l\u00e0 kh\u1ea3 n\u0103ng <strong data-start=\"2651\" data-end=\"2682\">t\u1ed5 ch\u1ee9c kh\u00f4ng gian khoa h\u1ecdc<\/strong>. Vi\u1ec7c b\u1ed1 tr\u00ed module 4 ch\u1ed7 gi\u00fap v\u0103n ph\u00f2ng tr\u1edf n\u00ean g\u1ecdn g\u00e0ng, ti\u1ebft ki\u1ec7m di\u1ec7n t\u00edch, \u0111\u1ed3ng th\u1eddi th\u00fac \u0111\u1ea9y s\u1ef1 t\u01b0\u01a1ng t\u00e1c gi\u1eefa c\u00e1c nh\u00e2n vi\u00ean. Phong c\u00e1ch thi\u1ebft k\u1ebf vu\u00f4ng v\u1eafn, hi\u1ec7n \u0111\u1ea1i v\u00e0 m\u00e0u s\u1eafc trung t\u00ednh c\u1ee7a b\u00e0n c\u0169ng d\u1ec5 d\u00e0ng k\u1ebft h\u1ee3p v\u1edbi nhi\u1ec1u lo\u1ea1i gh\u1ebf v\u0103n ph\u00f2ng, t\u1ee7 t\u00e0i li\u1ec7u ho\u1eb7c decor trang tr\u00ed kh\u00e1c nhau, t\u1ea1o n\u00ean m\u1ed9t t\u1ed5ng th\u1ec3 th\u1ed1ng nh\u1ea5t v\u00e0 h\u00e0i h\u00f2a.<\/p>\n<p data-start=\"3027\" data-end=\"3308\">S\u1ea3n ph\u1ea9m <strong data-start=\"3036\" data-end=\"3109\">\u0111\u01b0\u1ee3c s\u1ea3n xu\u1ea5t tr\u00ean d\u00e2y chuy\u1ec1n c\u00f4ng ngh\u1ec7 hi\u1ec7n \u0111\u1ea1i c\u1ee7a N\u1ed8I TH\u1ea4T THE ONE<\/strong>, b\u1ea3o \u0111\u1ea3m \u0111\u1ed9 ch\u00ednh x\u00e1c, t\u00ednh th\u1ea9m m\u1ef9 v\u00e0 \u0111\u1ed9 b\u1ec1n v\u01b0\u1ee3t tr\u1ed9i. C\u00e1c chi ti\u1ebft \u0111\u01b0\u1ee3c gia c\u00f4ng t\u1ec9 m\u1ec9, b\u1ec1 m\u1eb7t nh\u1eb5n m\u1ecbn, g\u00f3c c\u1ea1nh tinh t\u1ebf, mang \u0111\u1ebfn c\u1ea3m gi\u00e1c sang tr\u1ecdng v\u00e0 chuy\u00ean nghi\u1ec7p cho kh\u00f4ng gian l\u00e0m vi\u1ec7c.<\/p>\n<p data-start=\"3310\" data-end=\"3652\"><strong data-start=\"3310\" data-end=\"3340\">C\u1ee5m b\u00e0n l\u00e0m vi\u1ec7c UNMD03CS3<\/strong> l\u00e0 l\u1ef1a ch\u1ecdn ho\u00e0n h\u1ea3o cho nh\u1eefng doanh nghi\u1ec7p mong mu\u1ed1n x\u00e2y d\u1ef1ng m\u00f4i tr\u01b0\u1eddng l\u00e0m vi\u1ec7c n\u0103ng \u0111\u1ed9ng, khoa h\u1ecdc v\u00e0 hi\u1ec7u qu\u1ea3. S\u1ea3n ph\u1ea9m kh\u00f4ng ch\u1ec9 gi\u00fap t\u1ed1i \u01b0u di\u1ec7n t\u00edch s\u1eed d\u1ee5ng, t\u0103ng t\u00ednh k\u1ebft n\u1ed1i trong \u0111\u1ed9i nh\u00f3m m\u00e0 c\u00f2n g\u00f3p ph\u1ea7n n\u00e2ng t\u1ea7m h\u00ecnh \u1ea3nh th\u01b0\u01a1ng hi\u1ec7u, th\u1ec3 hi\u1ec7n phong c\u00e1ch hi\u1ec7n \u0111\u1ea1i v\u00e0 chuy\u00ean nghi\u1ec7p c\u1ee7a doanh nghi\u1ec7p.<\/p>\n<p data-start=\"3654\" data-end=\"3833\">N\u1ebfu b\u1ea1n \u0111ang t\u00ecm ki\u1ebfm m\u1ed9t gi\u1ea3i ph\u00e1p <strong data-start=\"3690\" data-end=\"3755\">b\u00e0n l\u00e0m vi\u1ec7c 4 ng\u01b0\u1eddi hi\u1ec7n \u0111\u1ea1i, b\u1ec1n b\u1ec9 v\u00e0 c\u00f3 t\u00ednh \u1ee9ng d\u1ee5ng cao<\/strong>, <strong data-start=\"3757\" data-end=\"3770\">UNMD03CS3<\/strong> ch\u00ednh l\u00e0 l\u1ef1a ch\u1ecdn l\u00fd t\u01b0\u1edfng cho kh\u00f4ng gian v\u0103n ph\u00f2ng c\u1ee7a b\u1ea1n.<\/p>\n","protected":false},"excerpt":{"rendered":"<p data-start=\"186\" data-end=\"400\">C\u1ee5m b\u00e0n l\u00e0m vi\u1ec7c UNMD03CS3 l\u00e0 Module l\u00e0m vi\u1ec7c ch\u1eef nh\u1eadt cho 4 ng\u01b0\u1eddi, m\u1eb7t b\u00e0n b\u1eb1ng g\u1ed7 Melamine c\u00f3 tay n\u1eafm \u00e2m m\u00e0u cam. B\u00e0n c\u00f3 v\u00e1ch ng\u0103n b\u1eb1ng t\u00f4n v\u00e0 h\u1ed9c s\u1eaft, gi\u00fap ph\u00e2n chia kh\u00f4ng gian l\u00e0m vi\u1ec7c ti\u1ec7n l\u1ee3i v\u00e0 th\u1ea9m m\u1ef9.<\/p>\n<p data-start=\"402\" data-end=\"441\">K\u00edch th\u01b0\u1edbc: W2400 x D2800 x H750 mm<\/p>\n<p data-start=\"443\" data-end=\"748\">Xu\u1ea5t x\u1ee9: S\u1ea3n ph\u1ea9m c\u1ee7a <strong data-start=\"465\" data-end=\"493\">C\u00f4ng ty N\u1ed8I TH\u1ea4T THE ONE<\/strong> \u2013 Ph\u00e2n ph\u1ed1i b\u1edfi <strong data-start=\"510\" data-end=\"546\">C\u00d4NG TY TNHH SXTM TTNT H\u1eeeU TH\u1ecaNH<\/strong><br data-start=\"546\" data-end=\"549\" \/>B\u1ea3o h\u00e0nh: 12 th\u00e1ng theo ti\u00eau chu\u1ea9n nh\u00e0 m\u00e1y<br data-start=\"591\" data-end=\"594\" \/><span style=\"color: #ed1c24;\"><em data-start=\"594\" data-end=\"746\">L\u01b0u \u00fd: Gi\u00e1 tr\u00ean ch\u01b0a bao g\u1ed3m VAT v\u00e0 ph\u00ed v\u1eadn chuy\u1ec3n. Gi\u00e1 s\u1ea3n ph\u1ea9m c\u00f3 th\u1ec3 thay \u0111\u1ed5i theo t\u1eebng th\u1eddi \u0111i\u1ec3m, vui l\u00f2ng li\u00ean h\u1ec7 \u0111\u1ec3 nh\u1eadn t\u01b0 v\u1ea5n \u01b0u \u0111\u00e3i t\u1ed1t nh\u1ea5t.<\/em><\/span><\/p>\n","protected":false},"featured_media":3679,"comment_status":"open","ping_status":"closed","template":"","meta":[],"product_brand":[],"product_cat":[17,180],"product_tag":[],"class_list":{"0":"post-3678","1":"product","2":"type-product","3":"status-publish","4":"has-post-thumbnail","6":"product_cat-noi-that-van-phong","7":"product_cat-cum-ban-lam-viec","9":"first","10":"instock","11":"taxable","12":"shipping-taxable","13":"purchasable","14":"product-type-simple"},"_links":{"self":[{"href":"https:\/\/noithathuuthinhvn214.mbws.vn\/zh-hans\/wp-json\/wp\/v2\/product\/3678","targetHints":{"allow":["GET"]}}],"collection":[{"href":"https:\/\/noithathuuthinhvn214.mbws.vn\/zh-hans\/wp-json\/wp\/v2\/product"}],"about":[{"href":"https:\/\/noithathuuthinhvn214.mbws.vn\/zh-hans\/wp-json\/wp\/v2\/types\/product"}],"replies":[{"embeddable":true,"href":"https:\/\/noithathuuthinhvn214.mbws.vn\/zh-hans\/wp-json\/wp\/v2\/comments?post=3678"}],"wp:featuredmedia":[{"embeddable":true,"href":"https:\/\/noithathuuthinhvn214.mbws.vn\/zh-hans\/wp-json\/wp\/v2\/media\/3679"}],"wp:attachment":[{"href":"https:\/\/noithathuuthinhvn214.mbws.vn\/zh-hans\/wp-json\/wp\/v2\/media?parent=3678"}],"wp:term":[{"taxonomy":"product_brand","embeddable":true,"href":"https:\/\/noithathuuthinhvn214.mbws.vn\/zh-hans\/wp-json\/wp\/v2\/product_brand?post=3678"},{"taxonomy":"product_cat","embeddable":true,"href":"https:\/\/noithathuuthinhvn214.mbws.vn\/zh-hans\/wp-json\/wp\/v2\/product_cat?post=3678"},{"taxonomy":"product_tag","embeddable":true,"href":"https:\/\/noithathuuthinhvn214.mbws.vn\/zh-hans\/wp-json\/wp\/v2\/product_tag?post=3678"}],"curies":[{"name":"wp","href":"https:\/\/api.w.org\/{rel}","templated":true}]}}