{"id":3595,"date":"2025-10-01T16:18:19","date_gmt":"2025-10-01T09:18:19","guid":{"rendered":"https:\/\/noithathuuthinh.vn\/?post_type=product&#038;p=3595"},"modified":"2025-10-01T16:18:19","modified_gmt":"2025-10-01T09:18:19","slug":"ghe-giam-doc-tq12","status":"publish","type":"product","link":"https:\/\/noithathuuthinhvn214.mbws.vn\/zh-hans\/san-pham\/ghe-giam-doc-tq12\/","title":{"rendered":"Gh\u1ebf Gi\u00e1m \u0111\u1ed1c TQ12"},"content":{"rendered":"<p data-start=\"766\" data-end=\"1078\"><strong data-start=\"766\" data-end=\"787\">Gh\u1ebf Gi\u00e1m \u0111\u1ed1c TQ12<\/strong> l\u00e0 m\u1ed9t trong nh\u1eefng m\u1eabu gh\u1ebf l\u00e3nh \u0111\u1ea1o cao c\u1ea5p \u0111\u01b0\u1ee3c nhi\u1ec1u doanh nghi\u1ec7p tin d\u00f9ng nh\u1edd thi\u1ebft k\u1ebf sang tr\u1ecdng, ch\u1ea5t li\u1ec7u b\u1ec1n b\u1ec9 v\u00e0 c\u00f4ng n\u0103ng v\u01b0\u1ee3t tr\u1ed9i. \u0110\u00e2y kh\u00f4ng ch\u1ec9 l\u00e0 chi\u1ebfc gh\u1ebf l\u00e0m vi\u1ec7c \u0111\u01a1n thu\u1ea7n m\u00e0 c\u00f2n l\u00e0 bi\u1ec3u t\u01b0\u1ee3ng th\u1ec3 hi\u1ec7n uy quy\u1ec1n, s\u1ef1 chuy\u00ean nghi\u1ec7p v\u00e0 phong th\u00e1i \u0111\u1eb3ng c\u1ea5p c\u1ee7a ng\u01b0\u1eddi l\u00e3nh \u0111\u1ea1o.<\/p>\n<p data-start=\"1080\" data-end=\"1529\">\u0110i\u1ec3m n\u1ed5i b\u1eadt c\u1ee7a <strong data-start=\"1097\" data-end=\"1118\">gh\u1ebf Gi\u00e1m \u0111\u1ed1c TQ12<\/strong> l\u00e0 s\u1ef1 \u0111a d\u1ea1ng trong l\u1ef1a ch\u1ecdn ch\u1ea5t li\u1ec7u. V\u1edbi phi\u00ean b\u1ea3n b\u1ecdc da th\u1eadt \u1edf ph\u1ea7n ti\u1ebfp x\u00fac tr\u1ef1c ti\u1ebfp, s\u1ea3n ph\u1ea9m mang \u0111\u1ebfn c\u1ea3m gi\u00e1c m\u1ec1m m\u1ea1i, tho\u00e1ng kh\u00ed v\u00e0 \u0111\u1ed9 b\u1ec1n v\u01b0\u1ee3t th\u1eddi gian. Trong khi \u0111\u00f3, l\u1ef1a ch\u1ecdn da c\u00f4ng nghi\u1ec7p ho\u1eb7c PVC to\u00e0n b\u1ed9 gi\u00fap t\u1ed1i \u01b0u chi ph\u00ed nh\u01b0ng v\u1eabn gi\u1eef \u0111\u01b0\u1ee3c v\u1ebb sang tr\u1ecdng v\u00e0 t\u00ednh th\u1ea9m m\u1ef9 cho kh\u00f4ng gian v\u0103n ph\u00f2ng. Ch\u00ednh s\u1ef1 linh ho\u1ea1t n\u00e0y gi\u00fap s\u1ea3n ph\u1ea9m d\u1ec5 d\u00e0ng \u0111\u00e1p \u1ee9ng nhu c\u1ea7u c\u1ee7a nhi\u1ec1u \u0111\u1ed1i t\u01b0\u1ee3ng kh\u00e1ch h\u00e0ng.<\/p>\n<p data-start=\"1531\" data-end=\"1863\">Thi\u1ebft k\u1ebf t\u1ed5ng th\u1ec3 c\u1ee7a <strong data-start=\"1553\" data-end=\"1574\">gh\u1ebf Gi\u00e1m \u0111\u1ed1c TQ12<\/strong> \u0111\u01b0\u1ee3c ch\u00fa tr\u1ecdng \u0111\u1ebfn t\u1eebng chi ti\u1ebft. Ph\u1ea7n l\u01b0ng gh\u1ebf cao, d\u00e1ng \u00f4m s\u00e1t c\u01a1 th\u1ec3, h\u1ed7 tr\u1ee3 c\u1ed9t s\u1ed1ng v\u00e0 vai g\u00e1y, gi\u00fap gi\u1ea3m thi\u1ec3u c\u1ea3m gi\u00e1c \u0111au m\u1ecfi khi ng\u1ed3i l\u00e2u. \u0110\u1ec7m ng\u1ed3i d\u00e0y d\u1eb7n v\u1edbi \u0111\u1ed9 \u0111\u00e0n h\u1ed3i t\u1ed1t, mang l\u1ea1i c\u1ea3m gi\u00e1c tho\u1ea3i m\u00e1i, gi\u00fap ng\u01b0\u1eddi s\u1eed d\u1ee5ng duy tr\u00ec n\u0103ng l\u01b0\u1ee3ng l\u00e0m vi\u1ec7c trong nhi\u1ec1u gi\u1edd li\u00ean t\u1ee5c.<\/p>\n<p data-start=\"1865\" data-end=\"2228\">Ph\u1ea7n tay v\u1ecbn v\u00e0 ch\u00e2n gh\u1ebf c\u1ee7a <strong data-start=\"1894\" data-end=\"1915\">gh\u1ebf Gi\u00e1m \u0111\u1ed1c TQ12<\/strong> \u0111\u01b0\u1ee3c l\u00e0m t\u1eeb g\u1ed7 s\u01a1n cao c\u1ea5p, kh\u00f4ng ch\u1ec9 ch\u1eafc ch\u1eafn m\u00e0 c\u00f2n t\u1ea1o v\u1ebb ngo\u00e0i sang tr\u1ecdng, n\u1ed5i b\u1eadt. Tay v\u1ecbn \u0111\u01b0\u1ee3c bo cong m\u1ec1m m\u1ea1i, gi\u00fap n\u00e2ng \u0111\u1ee1 c\u00e1nh tay t\u1ef1 nhi\u00ean, t\u1ea1o c\u1ea3m gi\u00e1c th\u01b0 gi\u00e3n. Ch\u00e2n gh\u1ebf v\u1eefng ch\u00e3i, t\u00edch h\u1ee3p b\u00e1nh xe xoay linh ho\u1ea1t, gi\u00fap di chuy\u1ec3n d\u1ec5 d\u00e0ng trong kh\u00f4ng gian l\u00e0m vi\u1ec7c m\u00e0 v\u1eabn \u0111\u1ea3m b\u1ea3o s\u1ef1 \u00eam \u00e1i, ti\u1ec7n l\u1ee3i.<\/p>\n<p data-start=\"2230\" data-end=\"2584\">M\u1ed9t \u01b0u \u0111i\u1ec3m n\u1ed5i b\u1eadt kh\u00e1c c\u1ee7a <strong data-start=\"2259\" data-end=\"2280\">gh\u1ebf Gi\u00e1m \u0111\u1ed1c TQ12<\/strong> ch\u00ednh l\u00e0 kh\u1ea3 n\u0103ng \u0111i\u1ec1u ch\u1ec9nh \u0111\u1ed9 cao t\u1eeb 1175 mm \u0111\u1ebfn 1230 mm, ph\u00f9 h\u1ee3p v\u1edbi nhi\u1ec1u v\u00f3c d\u00e1ng ng\u01b0\u1eddi d\u00f9ng v\u00e0 chi\u1ec1u cao b\u00e0n l\u00e0m vi\u1ec7c kh\u00e1c nhau. T\u00ednh n\u0103ng ng\u1ea3 l\u01b0ng th\u00f4ng minh cho ph\u00e9p ng\u01b0\u1eddi s\u1eed d\u1ee5ng th\u01b0 gi\u00e3n tho\u1ea3i m\u00e1i ngay t\u1ea1i ch\u1ed7, g\u00f3p ph\u1ea7n c\u00e2n b\u1eb1ng gi\u1eefa c\u00f4ng vi\u1ec7c v\u00e0 ngh\u1ec9 ng\u01a1i, t\u1eeb \u0111\u00f3 n\u00e2ng cao hi\u1ec7u qu\u1ea3 l\u00e0m vi\u1ec7c.<\/p>\n<p data-start=\"2586\" data-end=\"2842\">Kh\u00f4ng ch\u1ec9 d\u1eebng l\u1ea1i \u1edf s\u1ef1 ti\u1ec7n nghi, <strong data-start=\"2621\" data-end=\"2642\">gh\u1ebf Gi\u00e1m \u0111\u1ed1c TQ12<\/strong> c\u00f2n mang \u0111\u1ebfn gi\u00e1 tr\u1ecb th\u1ea9m m\u1ef9 v\u01b0\u1ee3t tr\u1ed9i. V\u1edbi thi\u1ebft k\u1ebf hi\u1ec7n \u0111\u1ea1i v\u00e0 sang tr\u1ecdng, s\u1ea3n ph\u1ea9m g\u00f3p ph\u1ea7n n\u00e2ng t\u1ea7m h\u00ecnh \u1ea3nh v\u0103n ph\u00f2ng l\u00e3nh \u0111\u1ea1o, t\u1ea1o \u1ea5n t\u01b0\u1ee3ng m\u1ea1nh m\u1ebd v\u1edbi \u0111\u1ed1i t\u00e1c v\u00e0 kh\u00e1ch h\u00e0ng khi \u0111\u1ebfn l\u00e0m vi\u1ec7c.<\/p>\n<p data-start=\"2844\" data-end=\"3168\">S\u1ea3n ph\u1ea9m \u0111\u01b0\u1ee3c b\u1ea3o h\u00e0nh 12 th\u00e1ng theo ti\u00eau chu\u1ea9n nh\u00e0 m\u00e1y, \u0111\u1ea3m b\u1ea3o ch\u1ea5t l\u01b0\u1ee3ng v\u00e0 \u0111\u1ed9 b\u1ec1n l\u00e2u d\u00e0i. <strong data-start=\"2939\" data-end=\"2960\">Gh\u1ebf Gi\u00e1m \u0111\u1ed1c TQ12<\/strong> hi\u1ec7n \u0111ang \u0111\u01b0\u1ee3c ph\u00e2n ph\u1ed1i ch\u00ednh h\u00e3ng b\u1edfi <strong data-start=\"3001\" data-end=\"3037\">C\u00d4NG TY TNHH SXTM TTNT H\u1eeeU TH\u1ecaNH<\/strong>, \u0111\u01a1n v\u1ecb uy t\u00edn trong l\u0129nh v\u1ef1c n\u1ed9i th\u1ea5t v\u0103n ph\u00f2ng, cam k\u1ebft mang \u0111\u1ebfn m\u1ee9c gi\u00e1 c\u1ea1nh tranh c\u00f9ng d\u1ecbch v\u1ee5 ch\u0103m s\u00f3c kh\u00e1ch h\u00e0ng t\u1eadn t\u00ecnh.<\/p>\n<p data-start=\"3170\" data-end=\"3472\" data-is-last-node=\"\" data-is-only-node=\"\">N\u1ebfu b\u1ea1n \u0111ang t\u00ecm ki\u1ebfm m\u1ed9t chi\u1ebfc gh\u1ebf v\u1eeba mang \u0111\u1ebfn s\u1ef1 tho\u1ea3i m\u00e1i t\u1ed1i \u0111a, v\u1eeba kh\u1eb3ng \u0111\u1ecbnh v\u1ecb th\u1ebf v\u00e0 phong c\u00e1ch l\u00e3nh \u0111\u1ea1o, th\u00ec <strong data-start=\"3290\" data-end=\"3311\">gh\u1ebf Gi\u00e1m \u0111\u1ed1c TQ12<\/strong> ch\u1eafc ch\u1eafn s\u1ebd l\u00e0 s\u1ef1 l\u1ef1a ch\u1ecdn ho\u00e0n h\u1ea3o. \u0110\u00e2y kh\u00f4ng ch\u1ec9 l\u00e0 m\u1ed9t chi\u1ebfc gh\u1ebf v\u0103n ph\u00f2ng, m\u00e0 c\u00f2n l\u00e0 ng\u01b0\u1eddi b\u1ea1n \u0111\u1ed3ng h\u00e0nh c\u00f9ng s\u1ef1 th\u00e0nh c\u00f4ng c\u1ee7a c\u00e1c nh\u00e0 qu\u1ea3n l\u00fd hi\u1ec7n \u0111\u1ea1i.<\/p>\n","protected":false},"excerpt":{"rendered":"<p data-start=\"32\" data-end=\"171\">Gh\u1ebf Gi\u00e1m \u0111\u1ed1c TQ12 l\u00e0 d\u00f2ng gh\u1ebf l\u00e3nh \u0111\u1ea1o cao c\u1ea5p, thi\u1ebft k\u1ebf tinh t\u1ebf, sang tr\u1ecdng v\u1edbi 03 l\u1ef1a ch\u1ecdn ch\u1ea5t li\u1ec7u linh ho\u1ea1t:<\/p>\n<p data-start=\"175\" data-end=\"264\">\u0110\u1ec7m t\u1ef1a b\u1ecdc da th\u1eadt t\u1ea1i ph\u1ea7n ti\u1ebfp x\u00fac tr\u1ef1c ti\u1ebfp v\u1edbi ng\u01b0\u1eddi s\u1eed d\u1ee5ng, ph\u1ea7n c\u00f2n l\u1ea1i b\u1ecdc PVC &#8211; <span style=\"color: #ed1c24; font-size: 120%;\"><strong>6.569.000 \u0111<\/strong><\/span><\/p>\n<p data-start=\"267\" data-end=\"303\">\u0110\u1ec7m t\u1ef1a b\u1ecdc da c\u00f4ng nghi\u1ec7p to\u00e0n b\u1ed9 &#8211; <span style=\"color: #ed1c24; font-size: 120%;\"><strong>5.182.000 \u0111<\/strong><\/span><\/p>\n<p data-start=\"306\" data-end=\"331\">\u0110\u1ec7m t\u1ef1a b\u1ecdc PVC to\u00e0n b\u1ed9 &#8211; <span style=\"font-size: 120%;\"><strong><span style=\"color: #ed1c24;\">5.023.000 \u0111<\/span><\/strong><\/span><\/p>\n<p data-start=\"333\" data-end=\"691\">Ch\u00e2n tay g\u1ed7 s\u01a1n.<\/p>\n<p data-start=\"333\" data-end=\"691\">K\u00edch th\u01b0\u1edbc: W690 x D800 x H1175-1230 mm<\/p>\n<p data-start=\"333\" data-end=\"691\">Xu\u1ea5t x\u1ee9: S\u1ea3n ph\u1ea9m c\u1ee7a c\u00f4ng ty N\u1ed8I TH\u1ea4T THE ONE \u2013 Ph\u00e2n ph\u1ed1i b\u1edfi C\u00d4NG TY TNHH SXTM TTNT H\u1eeeU TH\u1ecaNH<br data-start=\"489\" data-end=\"492\" \/>B\u1ea3o h\u00e0nh: 12 th\u00e1ng theo ti\u00eau chu\u1ea9n nh\u00e0 m\u00e1y<br data-start=\"534\" data-end=\"537\" \/><span style=\"color: #ed1c24; font-size: 120%;\"><em data-start=\"537\" data-end=\"689\">L\u01b0u \u00fd: Gi\u00e1 tr\u00ean ch\u01b0a bao g\u1ed3m VAT v\u00e0 ph\u00ed v\u1eadn chuy\u1ec3n. Gi\u00e1 s\u1ea3n ph\u1ea9m c\u00f3 th\u1ec3 thay \u0111\u1ed5i theo t\u1eebng th\u1eddi \u0111i\u1ec3m, vui l\u00f2ng li\u00ean h\u1ec7 \u0111\u1ec3 nh\u1eadn t\u01b0 v\u1ea5n \u01b0u \u0111\u00e3i t\u1ed1t nh\u1ea5t.<\/em><\/span><\/p>\n","protected":false},"featured_media":3596,"comment_status":"open","ping_status":"closed","template":"","meta":[],"product_brand":[],"product_cat":[17,253],"product_tag":[],"class_list":{"0":"post-3595","1":"product","2":"type-product","3":"status-publish","4":"has-post-thumbnail","6":"product_cat-noi-that-van-phong","7":"product_cat-ghe-giam-doc","9":"first","10":"instock","11":"taxable","12":"shipping-taxable","13":"purchasable","14":"product-type-simple"},"_links":{"self":[{"href":"https:\/\/noithathuuthinhvn214.mbws.vn\/zh-hans\/wp-json\/wp\/v2\/product\/3595","targetHints":{"allow":["GET"]}}],"collection":[{"href":"https:\/\/noithathuuthinhvn214.mbws.vn\/zh-hans\/wp-json\/wp\/v2\/product"}],"about":[{"href":"https:\/\/noithathuuthinhvn214.mbws.vn\/zh-hans\/wp-json\/wp\/v2\/types\/product"}],"replies":[{"embeddable":true,"href":"https:\/\/noithathuuthinhvn214.mbws.vn\/zh-hans\/wp-json\/wp\/v2\/comments?post=3595"}],"wp:featuredmedia":[{"embeddable":true,"href":"https:\/\/noithathuuthinhvn214.mbws.vn\/zh-hans\/wp-json\/wp\/v2\/media\/3596"}],"wp:attachment":[{"href":"https:\/\/noithathuuthinhvn214.mbws.vn\/zh-hans\/wp-json\/wp\/v2\/media?parent=3595"}],"wp:term":[{"taxonomy":"product_brand","embeddable":true,"href":"https:\/\/noithathuuthinhvn214.mbws.vn\/zh-hans\/wp-json\/wp\/v2\/product_brand?post=3595"},{"taxonomy":"product_cat","embeddable":true,"href":"https:\/\/noithathuuthinhvn214.mbws.vn\/zh-hans\/wp-json\/wp\/v2\/product_cat?post=3595"},{"taxonomy":"product_tag","embeddable":true,"href":"https:\/\/noithathuuthinhvn214.mbws.vn\/zh-hans\/wp-json\/wp\/v2\/product_tag?post=3595"}],"curies":[{"name":"wp","href":"https:\/\/api.w.org\/{rel}","templated":true}]}}