{"id":3581,"date":"2025-10-01T15:38:39","date_gmt":"2025-10-01T08:38:39","guid":{"rendered":"https:\/\/noithathuuthinh.vn\/?post_type=product&#038;p=3581"},"modified":"2025-10-01T15:40:43","modified_gmt":"2025-10-01T08:40:43","slug":"ghe-giam-doc-tq10","status":"publish","type":"product","link":"https:\/\/noithathuuthinhvn214.mbws.vn\/zh-hans\/san-pham\/ghe-giam-doc-tq10\/","title":{"rendered":"Gh\u1ebf Gi\u00e1m \u0111\u1ed1c TQ10"},"content":{"rendered":"<p data-start=\"773\" data-end=\"1116\"><strong data-start=\"773\" data-end=\"794\">Gh\u1ebf Gi\u00e1m \u0111\u1ed1c TQ10<\/strong> l\u00e0 s\u1ef1 l\u1ef1a ch\u1ecdn ho\u00e0n h\u1ea3o d\u00e0nh cho c\u00e1c nh\u00e0 l\u00e3nh \u0111\u1ea1o mong mu\u1ed1n s\u1edf h\u1eefu m\u1ed9t chi\u1ebfc gh\u1ebf v\u1eeba ti\u1ec7n nghi, sang tr\u1ecdng v\u1eeba th\u1ec3 hi\u1ec7n uy quy\u1ec1n v\u00e0 phong th\u00e1i chuy\u00ean nghi\u1ec7p. V\u1edbi thi\u1ebft k\u1ebf tinh t\u1ebf, ch\u1ea5t li\u1ec7u cao c\u1ea5p v\u00e0 t\u00ednh n\u0103ng \u0111a d\u1ea1ng, s\u1ea3n ph\u1ea9m n\u00e0y ch\u1eafc ch\u1eafn s\u1ebd g\u00f3p ph\u1ea7n t\u1ea1o n\u00ean kh\u00f4ng gian l\u00e0m vi\u1ec7c \u0111\u1eb3ng c\u1ea5p cho c\u00e1c v\u0103n ph\u00f2ng hi\u1ec7n \u0111\u1ea1i.<\/p>\n<p data-start=\"1118\" data-end=\"1526\">\u0110i\u1ec3m \u0111\u1eb7c bi\u1ec7t c\u1ee7a <strong data-start=\"1136\" data-end=\"1157\">gh\u1ebf Gi\u00e1m \u0111\u1ed1c TQ10<\/strong> ch\u00ednh l\u00e0 s\u1ef1 \u0111a d\u1ea1ng v\u1ec1 ch\u1ea5t li\u1ec7u. Ng\u01b0\u1eddi d\u00f9ng c\u00f3 th\u1ec3 l\u1ef1a ch\u1ecdn b\u1ecdc da th\u1eadt \u1edf ph\u1ea7n ti\u1ebfp x\u00fac tr\u1ef1c ti\u1ebfp, mang \u0111\u1ebfn s\u1ef1 m\u1ec1m m\u1ea1i, tho\u00e1ng kh\u00ed v\u00e0 \u0111\u1ed9 b\u1ec1n v\u01b0\u1ee3t tr\u1ed9i; ho\u1eb7c l\u1ef1a ch\u1ecdn da c\u00f4ng nghi\u1ec7p hay PVC to\u00e0n b\u1ed9 \u0111\u1ec3 t\u1ed1i \u01b0u chi ph\u00ed nh\u01b0ng v\u1eabn gi\u1eef \u0111\u01b0\u1ee3c s\u1ef1 sang tr\u1ecdng. Ch\u00ednh s\u1ef1 linh ho\u1ea1t n\u00e0y gi\u00fap s\u1ea3n ph\u1ea9m ph\u00f9 h\u1ee3p v\u1edbi nhi\u1ec1u \u0111\u1ed1i t\u01b0\u1ee3ng kh\u00e1ch h\u00e0ng v\u00e0 nhi\u1ec1u phong c\u00e1ch v\u0103n ph\u00f2ng kh\u00e1c nhau.<\/p>\n<p data-start=\"1528\" data-end=\"1911\">Thi\u1ebft k\u1ebf t\u1ed5ng th\u1ec3 c\u1ee7a <strong data-start=\"1550\" data-end=\"1571\">gh\u1ebf Gi\u00e1m \u0111\u1ed1c TQ10<\/strong> n\u1ed5i b\u1eadt v\u1edbi ph\u1ea7n l\u01b0ng cao, d\u00e1ng \u00f4m s\u00e1t c\u01a1 th\u1ec3, h\u1ed7 tr\u1ee3 c\u1ed9t s\u1ed1ng v\u00e0 v\u00f9ng vai g\u00e1y t\u1ed1i \u01b0u. \u0110\u1ec7m ng\u1ed3i r\u1ed9ng r\u00e3i, d\u00e0y d\u1eb7n v\u00e0 c\u00f3 \u0111\u1ed9 \u0111\u00e0n h\u1ed3i t\u1ed1t, gi\u00fap ng\u01b0\u1eddi s\u1eed d\u1ee5ng c\u1ea3m th\u1ea5y tho\u1ea3i m\u00e1i, h\u1ea1n ch\u1ebf m\u1ec7t m\u1ecfi khi l\u00e0m vi\u1ec7c trong th\u1eddi gian d\u00e0i. \u0110\u00e2y l\u00e0 m\u1ed9t \u0111i\u1ec3m c\u1ed9ng l\u1edbn cho nh\u1eefng l\u00e3nh \u0111\u1ea1o th\u01b0\u1eddng xuy\u00ean ph\u1ea3i x\u1eed l\u00fd c\u00f4ng vi\u1ec7c ho\u1eb7c tham d\u1ef1 c\u00e1c cu\u1ed9c h\u1ecdp k\u00e9o d\u00e0i.<\/p>\n<p data-start=\"1913\" data-end=\"2298\">Ph\u1ea7n tay v\u1ecbn v\u00e0 ch\u00e2n gh\u1ebf \u0111\u01b0\u1ee3c l\u00e0m t\u1eeb g\u1ed7 s\u01a1n cao c\u1ea5p, kh\u00f4ng ch\u1ec9 ch\u1eafc ch\u1eafn m\u00e0 c\u00f2n t\u1ea1o n\u00ean v\u1ebb ngo\u00e0i sang tr\u1ecdng, tinh t\u1ebf. Tay v\u1ecbn \u0111\u01b0\u1ee3c thi\u1ebft k\u1ebf theo d\u00e1ng cong m\u1ec1m m\u1ea1i, h\u1ed7 tr\u1ee3 t\u01b0 th\u1ebf tay t\u1ef1 nhi\u00ean, mang l\u1ea1i s\u1ef1 tho\u1ea3i m\u00e1i trong qu\u00e1 tr\u00ecnh l\u00e0m vi\u1ec7c. Ch\u00e2n gh\u1ebf ch\u1eafc ch\u1eafn, k\u1ebft h\u1ee3p c\u00f9ng b\u00e1nh xe xoay linh ho\u1ea1t, gi\u00fap ng\u01b0\u1eddi d\u00f9ng d\u1ec5 d\u00e0ng di chuy\u1ec3n trong v\u0103n ph\u00f2ng m\u00e0 v\u1eabn \u0111\u1ea3m b\u1ea3o s\u1ef1 \u00eam \u00e1i v\u00e0 ti\u1ec7n l\u1ee3i.<\/p>\n<p data-start=\"2300\" data-end=\"2642\"><strong data-start=\"2300\" data-end=\"2321\">Gh\u1ebf Gi\u00e1m \u0111\u1ed1c TQ10<\/strong> \u0111\u01b0\u1ee3c trang b\u1ecb c\u01a1 ch\u1ebf \u0111i\u1ec1u ch\u1ec9nh chi\u1ec1u cao t\u1eeb 1140 mm \u0111\u1ebfn 1220 mm, cho ph\u00e9p ng\u01b0\u1eddi s\u1eed d\u1ee5ng t\u00f9y ch\u1ec9nh ph\u00f9 h\u1ee3p v\u1edbi chi\u1ec1u cao b\u00e0n l\u00e0m vi\u1ec7c v\u00e0 v\u00f3c d\u00e1ng c\u01a1 th\u1ec3. Ngo\u00e0i ra, t\u00ednh n\u0103ng ng\u1ea3 l\u01b0ng linh ho\u1ea1t gi\u00fap c\u00e1c nh\u00e0 l\u00e3nh \u0111\u1ea1o c\u00f3 th\u1ec3 th\u01b0 gi\u00e3n, ngh\u1ec9 ng\u01a1i ngay t\u1ea1i ch\u1ed7, t\u1eeb \u0111\u00f3 c\u1ea3i thi\u1ec7n s\u1ee9c kh\u1ecfe v\u00e0 duy tr\u00ec s\u1ef1 t\u1ec9nh t\u00e1o cho c\u00f4ng vi\u1ec7c.<\/p>\n<p data-start=\"2644\" data-end=\"2920\">Kh\u00f4ng ch\u1ec9 d\u1eebng l\u1ea1i \u1edf c\u00f4ng n\u0103ng, <strong data-start=\"2676\" data-end=\"2697\">gh\u1ebf Gi\u00e1m \u0111\u1ed1c TQ10<\/strong> c\u00f2n l\u00e0 \u0111i\u1ec3m nh\u1ea5n quan tr\u1ecdng trong kh\u00f4ng gian v\u0103n ph\u00f2ng. M\u1ed9t chi\u1ebfc gh\u1ebf gi\u00e1m \u0111\u1ed1c sang tr\u1ecdng v\u00e0 hi\u1ec7n \u0111\u1ea1i s\u1ebd gi\u00fap kh\u1eb3ng \u0111\u1ecbnh phong c\u00e1ch l\u00e3nh \u0111\u1ea1o, \u0111\u1ed3ng th\u1eddi t\u1ea1o \u1ea5n t\u01b0\u1ee3ng m\u1ea1nh m\u1ebd \u0111\u1ed1i v\u1edbi \u0111\u1ed1i t\u00e1c v\u00e0 kh\u00e1ch h\u00e0ng khi \u0111\u1ebfn l\u00e0m vi\u1ec7c.<\/p>\n<p data-start=\"2922\" data-end=\"3215\">V\u1edbi ch\u1ebf \u0111\u1ed9 b\u1ea3o h\u00e0nh 12 th\u00e1ng theo ti\u00eau chu\u1ea9n nh\u00e0 m\u00e1y, kh\u00e1ch h\u00e0ng ho\u00e0n to\u00e0n c\u00f3 th\u1ec3 y\u00ean t\u00e2m v\u1ec1 ch\u1ea5t l\u01b0\u1ee3ng v\u00e0 \u0111\u1ed9 b\u1ec1n c\u1ee7a s\u1ea3n ph\u1ea9m. <strong data-start=\"3050\" data-end=\"3071\">Gh\u1ebf Gi\u00e1m \u0111\u1ed1c TQ10<\/strong> hi\u1ec7n \u0111ang \u0111\u01b0\u1ee3c ph\u00e2n ph\u1ed1i ch\u00ednh h\u00e3ng b\u1edfi <strong data-start=\"3112\" data-end=\"3148\">C\u00d4NG TY TNHH SXTM TTNT H\u1eeeU TH\u1ecaNH<\/strong>, cam k\u1ebft mang \u0111\u1ebfn m\u1ee9c gi\u00e1 c\u1ea1nh tranh v\u00e0 d\u1ecbch v\u1ee5 h\u1eadu m\u00e3i t\u1eadn t\u00e2m.<\/p>\n<p data-start=\"3217\" data-end=\"3557\" data-is-last-node=\"\" data-is-only-node=\"\">N\u1ebfu b\u1ea1n \u0111ang t\u00ecm ki\u1ebfm m\u1ed9t chi\u1ebfc gh\u1ebf v\u1eeba \u0111\u00e1p \u1ee9ng s\u1ef1 tho\u1ea3i m\u00e1i t\u1ed1i \u0111a, v\u1eeba th\u1ec3 hi\u1ec7n s\u1ef1 \u0111\u1eb3ng c\u1ea5p v\u00e0 quy\u1ec1n l\u1ef1c trong kh\u00f4ng gian l\u00e0m vi\u1ec7c, th\u00ec <strong data-start=\"3355\" data-end=\"3376\">gh\u1ebf Gi\u00e1m \u0111\u1ed1c TQ10<\/strong> ch\u00ednh l\u00e0 s\u1ef1 l\u1ef1a ch\u1ecdn l\u00fd t\u01b0\u1edfng. \u0110\u00e2y kh\u00f4ng ch\u1ec9 l\u00e0 m\u1ed9t chi\u1ebfc gh\u1ebf l\u00e0m vi\u1ec7c th\u00f4ng th\u01b0\u1eddng, m\u00e0 c\u00f2n l\u00e0 ng\u01b0\u1eddi b\u1ea1n \u0111\u1ed3ng h\u00e0nh gi\u00fap n\u00e2ng t\u1ea7m h\u00ecnh \u1ea3nh v\u00e0 kh\u1eb3ng \u0111\u1ecbnh v\u1ecb th\u1ebf c\u1ee7a ng\u01b0\u1eddi l\u00e3nh \u0111\u1ea1o.<\/p>\n","protected":false},"excerpt":{"rendered":"<p data-start=\"32\" data-end=\"178\">Gh\u1ebf Gi\u00e1m \u0111\u1ed1c TQ10 l\u00e0 d\u00f2ng gh\u1ebf l\u00e3nh \u0111\u1ea1o cao c\u1ea5p, thi\u1ebft k\u1ebf hi\u1ec7n \u0111\u1ea1i, c\u00f3 03 l\u1ef1a ch\u1ecdn ch\u1ea5t li\u1ec7u ph\u00f9 h\u1ee3p v\u1edbi nhu c\u1ea7u s\u1eed d\u1ee5ng:<\/p>\n<p data-start=\"182\" data-end=\"271\">\u0110\u1ec7m t\u1ef1a b\u1ecdc da th\u1eadt t\u1ea1i ph\u1ea7n ti\u1ebfp x\u00fac tr\u1ef1c ti\u1ebfp v\u1edbi ng\u01b0\u1eddi s\u1eed d\u1ee5ng, ph\u1ea7n c\u00f2n l\u1ea1i b\u1ecdc PVC &#8211; <span style=\"color: #ed1c24; font-size: 120%;\"><strong>4.830.000 \u0111<\/strong><\/span><\/p>\n<p data-start=\"274\" data-end=\"310\">\u0110\u1ec7m t\u1ef1a b\u1ecdc da c\u00f4ng nghi\u1ec7p to\u00e0n b\u1ed9 &#8211; <span style=\"color: #ed1c24; font-size: 120%;\"><strong>3.682.000 \u0111<\/strong><\/span><\/p>\n<p data-start=\"313\" data-end=\"338\">\u0110\u1ec7m t\u1ef1a b\u1ecdc PVC to\u00e0n b\u1ed9 &#8211; <span style=\"color: #ed1c24; font-size: 120%;\"><strong>3.569.000 \u0111<\/strong><\/span><\/p>\n<p data-start=\"340\" data-end=\"698\">Ch\u00e2n tay g\u1ed7 s\u01a1n.<\/p>\n<p data-start=\"340\" data-end=\"698\">K\u00edch th\u01b0\u1edbc: W660 x D700 x H1140-1220 mm<\/p>\n<p data-start=\"340\" data-end=\"698\">Xu\u1ea5t x\u1ee9: S\u1ea3n ph\u1ea9m c\u1ee7a c\u00f4ng ty N\u1ed8I TH\u1ea4T THE ONE \u2013 Ph\u00e2n ph\u1ed1i b\u1edfi C\u00d4NG TY TNHH SXTM TTNT H\u1eeeU TH\u1ecaNH<br data-start=\"496\" data-end=\"499\" \/>B\u1ea3o h\u00e0nh: 12 th\u00e1ng theo ti\u00eau chu\u1ea9n nh\u00e0 m\u00e1y<br data-start=\"541\" data-end=\"544\" \/><span style=\"color: #ed1c24;\"><em data-start=\"544\" data-end=\"696\">L\u01b0u \u00fd: Gi\u00e1 tr\u00ean ch\u01b0a bao g\u1ed3m VAT v\u00e0 ph\u00ed v\u1eadn chuy\u1ec3n. Gi\u00e1 s\u1ea3n ph\u1ea9m c\u00f3 th\u1ec3 thay \u0111\u1ed5i theo t\u1eebng th\u1eddi \u0111i\u1ec3m, vui l\u00f2ng li\u00ean h\u1ec7 \u0111\u1ec3 nh\u1eadn t\u01b0 v\u1ea5n \u01b0u \u0111\u00e3i t\u1ed1t nh\u1ea5t.<\/em><\/span><\/p>\n","protected":false},"featured_media":3582,"comment_status":"open","ping_status":"closed","template":"","meta":[],"product_brand":[],"product_cat":[17,253],"product_tag":[],"class_list":{"0":"post-3581","1":"product","2":"type-product","3":"status-publish","4":"has-post-thumbnail","6":"product_cat-noi-that-van-phong","7":"product_cat-ghe-giam-doc","9":"first","10":"instock","11":"taxable","12":"shipping-taxable","13":"purchasable","14":"product-type-simple"},"_links":{"self":[{"href":"https:\/\/noithathuuthinhvn214.mbws.vn\/zh-hans\/wp-json\/wp\/v2\/product\/3581","targetHints":{"allow":["GET"]}}],"collection":[{"href":"https:\/\/noithathuuthinhvn214.mbws.vn\/zh-hans\/wp-json\/wp\/v2\/product"}],"about":[{"href":"https:\/\/noithathuuthinhvn214.mbws.vn\/zh-hans\/wp-json\/wp\/v2\/types\/product"}],"replies":[{"embeddable":true,"href":"https:\/\/noithathuuthinhvn214.mbws.vn\/zh-hans\/wp-json\/wp\/v2\/comments?post=3581"}],"wp:featuredmedia":[{"embeddable":true,"href":"https:\/\/noithathuuthinhvn214.mbws.vn\/zh-hans\/wp-json\/wp\/v2\/media\/3582"}],"wp:attachment":[{"href":"https:\/\/noithathuuthinhvn214.mbws.vn\/zh-hans\/wp-json\/wp\/v2\/media?parent=3581"}],"wp:term":[{"taxonomy":"product_brand","embeddable":true,"href":"https:\/\/noithathuuthinhvn214.mbws.vn\/zh-hans\/wp-json\/wp\/v2\/product_brand?post=3581"},{"taxonomy":"product_cat","embeddable":true,"href":"https:\/\/noithathuuthinhvn214.mbws.vn\/zh-hans\/wp-json\/wp\/v2\/product_cat?post=3581"},{"taxonomy":"product_tag","embeddable":true,"href":"https:\/\/noithathuuthinhvn214.mbws.vn\/zh-hans\/wp-json\/wp\/v2\/product_tag?post=3581"}],"curies":[{"name":"wp","href":"https:\/\/api.w.org\/{rel}","templated":true}]}}