{"id":1058,"date":"2025-05-23T15:52:39","date_gmt":"2025-05-23T08:52:39","guid":{"rendered":"https:\/\/noithathuuthinh.vn\/san-pham\/ban-giam-doc-the-one-dt1890h36\/"},"modified":"2025-09-27T13:21:50","modified_gmt":"2025-09-27T06:21:50","slug":"ban-giam-doc-dt1890h36","status":"publish","type":"product","link":"https:\/\/noithathuuthinhvn214.mbws.vn\/zh-hans\/san-pham\/ban-giam-doc-dt1890h36\/","title":{"rendered":"B\u00e0n Gi\u00e1m \u0110\u1ed1c DT1890H36"},"content":{"rendered":"<div class=\"col-top-content des-content\">\n<p data-start=\"534\" data-end=\"617\"><strong data-start=\"534\" data-end=\"615\">B\u00e0n Gi\u00e1m \u0111\u1ed1c DT1890H36 \u2013 S\u1ef1 l\u1ef1a ch\u1ecdn tinh t\u1ebf cho kh\u00f4ng gian l\u00e3nh \u0111\u1ea1o hi\u1ec7n \u0111\u1ea1i<\/strong><\/p>\n<p data-start=\"619\" data-end=\"1019\">Trong v\u0103n ph\u00f2ng l\u00e3nh \u0111\u1ea1o, chi\u1ebfc b\u00e0n gi\u00e1m \u0111\u1ed1c kh\u00f4ng ch\u1ec9 l\u00e0 n\u01a1i l\u00e0m vi\u1ec7c m\u00e0 c\u00f2n l\u00e0 bi\u1ec3u t\u01b0\u1ee3ng c\u1ee7a s\u1ef1 uy nghi\u00eam, \u0111\u1eb3ng c\u1ea5p v\u00e0 phong th\u00e1i chuy\u00ean nghi\u1ec7p. <strong data-start=\"767\" data-end=\"793\">B\u00e0n Gi\u00e1m \u0111\u1ed1c DT1890H36<\/strong> l\u00e0 m\u1ed9t trong nh\u1eefng m\u1eabu b\u00e0n cao c\u1ea5p c\u1ee7a <strong data-start=\"833\" data-end=\"853\">N\u1ed8I TH\u1ea4T THE ONE<\/strong>, \u0111\u01b0\u1ee3c thi\u1ebft k\u1ebf v\u1edbi \u0111\u01b0\u1eddng n\u00e9t l\u01b0\u1ee3n cong tinh t\u1ebf, k\u1ebft h\u1ee3p chi ti\u1ebft trang tr\u00ed PVC v\u00e0 y\u1ebfm \u1ed1p n\u1ed5i, mang l\u1ea1i v\u1ebb sang tr\u1ecdng v\u00e0 hi\u1ec7n \u0111\u1ea1i, kh\u1eb3ng \u0111\u1ecbnh v\u1ecb th\u1ebf ng\u01b0\u1eddi \u0111\u1ee9ng \u0111\u1ea7u.<\/p>\n<h4 data-start=\"1021\" data-end=\"1063\">Ki\u1ec3u d\u00e1ng m\u1eb7t b\u00e0n l\u01b0\u1ee3n cong m\u1ec1m m\u1ea1i<\/h4>\n<p data-start=\"1064\" data-end=\"1450\">Kh\u00e1c v\u1edbi nh\u1eefng m\u1eabu b\u00e0n m\u1eb7t th\u1eb3ng truy\u1ec1n th\u1ed1ng, <strong data-start=\"1111\" data-end=\"1124\">DT1890H36<\/strong> n\u1ed5i b\u1eadt v\u1edbi <strong data-start=\"1137\" data-end=\"1163\">thi\u1ebft k\u1ebf m\u1eb7t l\u01b0\u1ee3n cong<\/strong> uy\u1ec3n chuy\u1ec3n. Ki\u1ec3u d\u00e1ng n\u00e0y kh\u00f4ng ch\u1ec9 mang l\u1ea1i s\u1ef1 m\u1edbi l\u1ea1 v\u1ec1 th\u1ea9m m\u1ef9 m\u00e0 c\u00f2n gi\u00fap t\u1ed5ng th\u1ec3 tr\u1edf n\u00ean h\u00e0i h\u00f2a, tinh t\u1ebf v\u00e0 g\u1ea7n g\u0169i h\u01a1n. B\u00e0n ph\u00f9 h\u1ee3p v\u1edbi nhi\u1ec1u phong c\u00e1ch v\u0103n ph\u00f2ng, t\u1eeb c\u1ed5 \u0111i\u1ec3n \u0111\u1ebfn hi\u1ec7n \u0111\u1ea1i, \u0111\u1ed3ng th\u1eddi gi\u00fap t\u1ea1o c\u1ea3m gi\u00e1c tho\u1ea3i m\u00e1i cho ng\u01b0\u1eddi s\u1eed d\u1ee5ng trong su\u1ed1t qu\u00e1 tr\u00ecnh l\u00e0m vi\u1ec7c.<\/p>\n<h4 data-start=\"1452\" data-end=\"1497\">T\u1ea5m PVC trang tr\u00ed \u2013 \u0111i\u1ec3m nh\u1ea5n \u1ea5n t\u01b0\u1ee3ng<\/h4>\n<p data-start=\"1498\" data-end=\"1839\">Tr\u00ean m\u1eb7t b\u00e0n \u0111\u01b0\u1ee3c trang tr\u00ed b\u1edfi <strong data-start=\"1530\" data-end=\"1549\">t\u1ea5m PVC cao c\u1ea5p<\/strong>, v\u1eeba t\u1ea1o n\u00ean \u0111i\u1ec3m nh\u1ea5n tinh t\u1ebf, v\u1eeba t\u0103ng t\u00ednh hi\u1ec7n \u0111\u1ea1i. V\u1edbi kh\u1ea3 n\u0103ng ch\u1ed1ng tr\u1ea7y x\u01b0\u1edbc, ch\u1ed1ng b\u00e1m b\u1ee5i v\u00e0 d\u1ec5 d\u00e0ng v\u1ec7 sinh, chi ti\u1ebft PVC kh\u00f4ng ch\u1ec9 c\u00f3 t\u00ednh th\u1ea9m m\u1ef9 m\u00e0 c\u00f2n \u0111\u1ea3m b\u1ea3o \u0111\u1ed9 b\u1ec1n l\u00e2u d\u00e0i. \u0110\u00e2y ch\u00ednh l\u00e0 y\u1ebfu t\u1ed1 gi\u00fap b\u00e0n lu\u00f4n gi\u1eef \u0111\u01b0\u1ee3c v\u1ebb \u0111\u1eb9p sang tr\u1ecdng v\u00e0 cu\u1ed1n h\u00fat trong nhi\u1ec1u n\u0103m s\u1eed d\u1ee5ng.<\/p>\n<h4 data-start=\"1841\" data-end=\"1887\">Y\u1ebfm b\u00e0n gh\u00e9p \u1ed1p n\u1ed5i \u2013 b\u1ec1 th\u1ebf v\u00e0 m\u1ea1nh m\u1ebd<\/h4>\n<p data-start=\"1888\" data-end=\"2196\">Ph\u1ea7n y\u1ebfm b\u00e0n \u0111\u01b0\u1ee3c thi\u1ebft k\u1ebf <strong data-start=\"1915\" data-end=\"1930\">gh\u00e9p \u1ed1p n\u1ed5i<\/strong>, t\u1ea1o c\u1ea3m gi\u00e1c ch\u1eafc ch\u1eafn v\u00e0 b\u1ec1 th\u1ebf cho t\u1ed5ng th\u1ec3 s\u1ea3n ph\u1ea9m. Thi\u1ebft k\u1ebf n\u00e0y v\u1eeba mang t\u00ednh th\u1ea9m m\u1ef9 cao, v\u1eeba gi\u00fap t\u0103ng s\u1ef1 uy nghi\u00eam v\u00e0 trang tr\u1ecdng cho kh\u00f4ng gian l\u00e0m vi\u1ec7c c\u1ee7a l\u00e3nh \u0111\u1ea1o. \u0110\u1ed3ng th\u1eddi, y\u1ebfm b\u00e0n c\u0169ng mang \u0111\u1ebfn s\u1ef1 ri\u00eang t\u01b0 v\u00e0 tho\u1ea3i m\u00e1i h\u01a1n cho ng\u01b0\u1eddi ng\u1ed3i ph\u00eda sau.<\/p>\n<h4 data-start=\"2198\" data-end=\"2234\">K\u00edch th\u01b0\u1edbc t\u1ed1i \u01b0u, d\u1ec5 s\u1eafp x\u1ebfp<\/h4>\n<p data-start=\"2235\" data-end=\"2529\">V\u1edbi k\u00edch th\u01b0\u1edbc <strong data-start=\"2250\" data-end=\"2276\">W1800 x D900 x H760 mm<\/strong>, b\u00e0n \u0111\u1ea3m b\u1ea3o s\u1ef1 r\u1ed9ng r\u00e3i c\u1ea7n thi\u1ebft \u0111\u1ec3 b\u1ed1 tr\u00ed h\u1ed3 s\u01a1, laptop, \u0111i\u1ec7n tho\u1ea1i v\u00e0 c\u00e1c ph\u1ee5 ki\u1ec7n v\u0103n ph\u00f2ng kh\u00e1c. Thi\u1ebft k\u1ebf n\u00e0y gi\u00fap t\u1ed1i \u01b0u h\u00f3a kh\u00f4ng gian l\u00e0m vi\u1ec7c, mang l\u1ea1i s\u1ef1 thu\u1eadn ti\u1ec7n trong qu\u00e1 tr\u00ecnh x\u1eed l\u00fd c\u00f4ng vi\u1ec7c h\u00e0ng ng\u00e0y m\u00e0 kh\u00f4ng g\u00e2y c\u1ea3m gi\u00e1c ch\u1eadt ch\u1ed9i.<\/p>\n<h4 data-start=\"2531\" data-end=\"2580\">Ch\u1ea5t li\u1ec7u cao c\u1ea5p \u2013 b\u1ec1n \u0111\u1eb9p theo th\u1eddi gian<\/h4>\n<p data-start=\"2581\" data-end=\"2896\">B\u00e0n \u0111\u01b0\u1ee3c ph\u1ee7 l\u1edbp <strong data-start=\"2598\" data-end=\"2616\">s\u01a1n PU cao c\u1ea5p<\/strong>, t\u1ea1o \u0111\u1ed9 b\u00f3ng m\u1ecbn, sang tr\u1ecdng, \u0111\u1ed3ng th\u1eddi b\u1ea3o v\u1ec7 b\u1ec1 m\u1eb7t g\u1ed7 kh\u1ecfi t\u00e1c \u0111\u1ed9ng c\u1ee7a m\u00f4i tr\u01b0\u1eddng nh\u01b0 tr\u1ea7y x\u01b0\u1edbc, \u1ea9m m\u1ed1c hay m\u1ed1i m\u1ecdt. C\u00f4ng ngh\u1ec7 s\u01a1n hi\u1ec7n \u0111\u1ea1i gi\u00fap s\u1ea3n ph\u1ea9m duy tr\u00ec \u0111\u01b0\u1ee3c m\u00e0u s\u1eafc b\u1ec1n \u0111\u1eb9p trong su\u1ed1t qu\u00e1 tr\u00ecnh s\u1eed d\u1ee5ng, g\u00f3p ph\u1ea7n gi\u1eef cho v\u0103n ph\u00f2ng lu\u00f4n sang tr\u1ecdng v\u00e0 chuy\u00ean nghi\u1ec7p.<\/p>\n<h4 data-start=\"2898\" data-end=\"2933\">T\u00f4n vinh phong th\u00e1i l\u00e3nh \u0111\u1ea1o<\/h4>\n<p data-start=\"2934\" data-end=\"3273\">S\u1ef1 k\u1ebft h\u1ee3p gi\u1eefa <strong data-start=\"2950\" data-end=\"2975\">m\u1eb7t l\u01b0\u1ee3n cong m\u1ec1m m\u1ea1i<\/strong>, <strong data-start=\"2977\" data-end=\"2997\">t\u1ea5m PVC hi\u1ec7n \u0111\u1ea1i<\/strong> v\u00e0 <strong data-start=\"3001\" data-end=\"3031\">y\u1ebfm b\u00e0n gh\u00e9p \u1ed1p n\u1ed5i b\u1ec1 th\u1ebf<\/strong> t\u1ea1o n\u00ean m\u1ed9t t\u1ed5ng th\u1ec3 ho\u00e0n h\u1ea3o cho <strong data-start=\"3066\" data-end=\"3079\">DT1890H36<\/strong>. \u0110\u00e2y kh\u00f4ng ch\u1ec9 l\u00e0 m\u1ed9t chi\u1ebfc b\u00e0n l\u00e0m vi\u1ec7c m\u00e0 c\u00f2n l\u00e0 m\u00f3n n\u1ed9i th\u1ea5t kh\u1eb3ng \u0111\u1ecbnh v\u1ecb th\u1ebf v\u00e0 phong th\u00e1i c\u1ee7a ng\u01b0\u1eddi l\u00e3nh \u0111\u1ea1o, mang l\u1ea1i s\u1ef1 t\u1ef1 tin v\u00e0 chuy\u00ean nghi\u1ec7p trong m\u1ecdi cu\u1ed9c h\u1ecdp hay bu\u1ed5i ti\u1ebfp kh\u00e1ch.<\/p>\n<h4 data-start=\"3275\" data-end=\"3324\">L\u1ef1a ch\u1ecdn l\u00fd t\u01b0\u1edfng cho kh\u00f4ng gian v\u0103n ph\u00f2ng<\/h4>\n<p data-start=\"3325\" data-end=\"3679\">V\u1edbi thi\u1ebft k\u1ebf hi\u1ec7n \u0111\u1ea1i, ch\u1ea5t li\u1ec7u cao c\u1ea5p v\u00e0 t\u00ednh ti\u1ec7n d\u1ee5ng, <strong data-start=\"3385\" data-end=\"3398\">DT1890H36<\/strong> l\u00e0 l\u1ef1a ch\u1ecdn ph\u00f9 h\u1ee3p cho c\u00e1c gi\u00e1m \u0111\u1ed1c, tr\u01b0\u1edfng ph\u00f2ng hay nh\u00e0 qu\u1ea3n l\u00fd mong mu\u1ed1n m\u1ed9t kh\u00f4ng gian l\u00e0m vi\u1ec7c v\u1eeba sang tr\u1ecdng v\u1eeba hi\u1ec7u qu\u1ea3. B\u00e0n c\u00f3 th\u1ec3 k\u1ebft h\u1ee3p th\u00eam <strong data-start=\"3553\" data-end=\"3568\">h\u1ed9c di \u0111\u1ed9ng<\/strong> ho\u1eb7c <strong data-start=\"3574\" data-end=\"3592\">t\u1ee7 ph\u1ee5 \u0111\u1ed3ng b\u1ed9<\/strong> \u0111\u1ec3 gia t\u0103ng ti\u1ec7n \u00edch, mang l\u1ea1i s\u1ef1 g\u1ecdn g\u00e0ng, chuy\u00ean nghi\u1ec7p v\u00e0 khoa h\u1ecdc cho v\u0103n ph\u00f2ng.<\/p>\n<h4 data-start=\"3681\" data-end=\"3696\">K\u1ebft lu\u1eadn<\/h4>\n<p data-start=\"3697\" data-end=\"4117\"><strong data-start=\"3697\" data-end=\"3723\">B\u00e0n Gi\u00e1m \u0111\u1ed1c DT1890H36<\/strong> l\u00e0 s\u1ef1 h\u00f2a quy\u1ec7n ho\u00e0n h\u1ea3o gi\u1eefa thi\u1ebft k\u1ebf th\u1ea9m m\u1ef9 v\u00e0 c\u00f4ng n\u0103ng s\u1eed d\u1ee5ng. V\u1edbi nh\u1eefng \u0111\u01b0\u1eddng n\u00e9t l\u01b0\u1ee3n cong m\u1ec1m m\u1ea1i, y\u1ebfm \u1ed1p n\u1ed5i m\u1ea1nh m\u1ebd c\u00f9ng t\u1ea5m PVC trang tr\u00ed tinh t\u1ebf, s\u1ea3n ph\u1ea9m ch\u1eafc ch\u1eafn s\u1ebd mang \u0111\u1ebfn cho v\u0103n ph\u00f2ng l\u00e3nh \u0111\u1ea1o m\u1ed9t di\u1ec7n m\u1ea1o m\u1edbi \u2013 sang tr\u1ecdng, hi\u1ec7n \u0111\u1ea1i v\u00e0 \u0111\u1eb3ng c\u1ea5p. \u0110\u00e2y l\u00e0 s\u1ef1 l\u1ef1a ch\u1ecdn x\u1ee9ng \u0111\u00e1ng d\u00e0nh cho nh\u1eefng ai mong mu\u1ed1n kh\u1eb3ng \u0111\u1ecbnh v\u1ecb th\u1ebf trong c\u00f4ng vi\u1ec7c v\u00e0 n\u00e2ng t\u1ea7m h\u00ecnh \u1ea3nh doanh nghi\u1ec7p.<\/p>\n<\/div>\n","protected":false},"excerpt":{"rendered":"<p data-start=\"31\" data-end=\"147\"><strong data-start=\"31\" data-end=\"145\">B\u00e0n Gi\u00e1m \u0111\u1ed1c DT1890H36 \u2013 B\u00e0n l\u00e3nh \u0111\u1ea1o s\u01a1n PU cao c\u1ea5p, m\u1eb7t l\u01b0\u1ee3n cong, c\u00f3 t\u1ea5m PVC trang tr\u00ed, y\u1ebfm b\u00e0n gh\u00e9p \u1ed1p n\u1ed5i<\/strong><\/p>\n<p data-start=\"149\" data-end=\"485\"><strong>K\u00edch th\u01b0\u1edbc :<\/strong><br \/>\nW1600 x D800 x H760 (mm)\u00a0 \u00a0&#8211; <strong><span style=\"color: #ed1c24; font-size: 120%;\">4.308.000 \u0111<\/span><\/strong><br \/>\nW1800 x D900 x H760 (mm)\u00a0 \u00a0&#8211; <span style=\"color: #ed1c24; font-size: 120%;\"><strong>4.773.000 \u0111<\/strong><\/span><br data-start=\"185\" data-end=\"188\" \/>Xu\u1ea5t x\u1ee9: S\u1ea3n ph\u1ea9m c\u1ee7a c\u00f4ng ty N\u1ed8I TH\u1ea4T THE ONE \u2013 Ph\u00e2n ph\u1ed1i b\u1edfi C\u00d4NG TY TNHH SXTM TTNT H\u1eeeU TH\u1ecaNH<br data-start=\"283\" data-end=\"286\" \/>B\u1ea3o h\u00e0nh: 12 th\u00e1ng theo ti\u00eau chu\u1ea9n nh\u00e0 m\u00e1y<br data-start=\"328\" data-end=\"331\" \/><span style=\"color: #ed1c24;\"><em data-start=\"331\" data-end=\"483\">L\u01b0u \u00fd: Gi\u00e1 tr\u00ean ch\u01b0a bao g\u1ed3m VAT v\u00e0 ph\u00ed v\u1eadn chuy\u1ec3n. Gi\u00e1 s\u1ea3n ph\u1ea9m c\u00f3 th\u1ec3 thay \u0111\u1ed5i theo t\u1eebng th\u1eddi \u0111i\u1ec3m, vui l\u00f2ng li\u00ean h\u1ec7 \u0111\u1ec3 nh\u1eadn t\u01b0 v\u1ea5n \u01b0u \u0111\u00e3i t\u1ed1t nh\u1ea5t.<\/em><\/span><\/p>\n","protected":false},"featured_media":3345,"comment_status":"closed","ping_status":"closed","template":"","meta":[],"product_brand":[],"product_cat":[17,756],"product_tag":[],"class_list":{"0":"post-1058","1":"product","2":"type-product","3":"status-publish","4":"has-post-thumbnail","6":"product_cat-noi-that-van-phong","7":"product_cat-ban-giam-doc","9":"first","10":"instock","11":"shipping-taxable","12":"purchasable","13":"product-type-simple"},"_links":{"self":[{"href":"https:\/\/noithathuuthinhvn214.mbws.vn\/zh-hans\/wp-json\/wp\/v2\/product\/1058","targetHints":{"allow":["GET"]}}],"collection":[{"href":"https:\/\/noithathuuthinhvn214.mbws.vn\/zh-hans\/wp-json\/wp\/v2\/product"}],"about":[{"href":"https:\/\/noithathuuthinhvn214.mbws.vn\/zh-hans\/wp-json\/wp\/v2\/types\/product"}],"replies":[{"embeddable":true,"href":"https:\/\/noithathuuthinhvn214.mbws.vn\/zh-hans\/wp-json\/wp\/v2\/comments?post=1058"}],"wp:featuredmedia":[{"embeddable":true,"href":"https:\/\/noithathuuthinhvn214.mbws.vn\/zh-hans\/wp-json\/wp\/v2\/media\/3345"}],"wp:attachment":[{"href":"https:\/\/noithathuuthinhvn214.mbws.vn\/zh-hans\/wp-json\/wp\/v2\/media?parent=1058"}],"wp:term":[{"taxonomy":"product_brand","embeddable":true,"href":"https:\/\/noithathuuthinhvn214.mbws.vn\/zh-hans\/wp-json\/wp\/v2\/product_brand?post=1058"},{"taxonomy":"product_cat","embeddable":true,"href":"https:\/\/noithathuuthinhvn214.mbws.vn\/zh-hans\/wp-json\/wp\/v2\/product_cat?post=1058"},{"taxonomy":"product_tag","embeddable":true,"href":"https:\/\/noithathuuthinhvn214.mbws.vn\/zh-hans\/wp-json\/wp\/v2\/product_tag?post=1058"}],"curies":[{"name":"wp","href":"https:\/\/api.w.org\/{rel}","templated":true}]}}